{"id":6861,"date":"2026-02-25T13:29:10","date_gmt":"2026-02-25T12:29:10","guid":{"rendered":"https:\/\/alkotaskft.hu\/?page_id=6861"},"modified":"2026-02-25T13:36:46","modified_gmt":"2026-02-25T12:36:46","slug":"hsz-10-10-szallito-szalag-es-300-6000-szallito-csocsiga-vaja","status":"publish","type":"page","link":"https:\/\/alkotaskft.hu\/en\/hsz-10-10-szallito-szalag-es-300-6000-szallito-csocsiga-vaja\/","title":{"rendered":"HSZ-10.10 sz\u00e1ll\u00edt\u00f3 szalag \u00e9s CSCS-300\/6000 sz\u00e1ll\u00edt\u00f3 cs\u0151csiga &#8211; Vaja"},"content":{"rendered":"<header class=\"entry-header\">\n<h5 class=\"entry-title mb uppercase\" style=\"text-align: center;\">D\u00e1tum: 2026.02.25<\/h5>\n<\/header>\n<h5 style=\"text-align: center;\">Be\u00e9p\u00edt\u00e9s helye: Vaja<br \/>Feladat: bodza sz\u00e1r elsz\u00e1ll\u00edt\u00e1s, felhord\u00e1s<br \/>Sz\u00e1ll\u00edt\u00f3 szalag:<br \/>-500 mm-es PVC hevederrel<br \/>&#8211; 1,5 kW-os hajt\u00f3m\u0171ves motorral<br \/>Sz\u00e1ll\u00edt\u00f3 cs\u0151csiga:<br \/>&#8211; k\u00f6z\u00e9pen \u00e9s a k\u00e9t v\u00e9g\u00e9n csap\u00e1gyazott<br \/>&#8211; 3 db tiszt\u00edt\u00f3 ablakkal<br \/>&#8211; billent\u0151 h\u00e1ts\u00f3 l\u00e1bbal, felf\u00fcggeszthet\u0151 bilinccsel<\/h5>\n<div id='gallery-1' class='gallery galleryid-6861 gallery-columns-4 gallery-size-full'><figure class='gallery-item'>\n\t\t\t<div class='gallery-icon landscape'>\n\t\t\t\t<a href='https:\/\/alkotaskft.hu\/wp-content\/uploads\/2026\/02\/20260225_091921.jpg'><img loading=\"lazy\" decoding=\"async\" width=\"900\" height=\"576\" src=\"https:\/\/alkotaskft.hu\/wp-content\/uploads\/2026\/02\/20260225_091921.jpg\" class=\"attachment-full size-full\" alt=\"\" aria-describedby=\"gallery-1-6867\" srcset=\"https:\/\/alkotaskft.hu\/wp-content\/uploads\/2026\/02\/20260225_091921.jpg 900w, https:\/\/alkotaskft.hu\/wp-content\/uploads\/2026\/02\/20260225_091921-625x400.jpg 625w, https:\/\/alkotaskft.hu\/wp-content\/uploads\/2026\/02\/20260225_091921-768x492.jpg 768w\" sizes=\"auto, (max-width: 900px) 100vw, 900px\" \/><\/a>\n\t\t\t<\/div>\n\t\t\t\t<figcaption class='wp-caption-text gallery-caption' id='gallery-1-6867'>\n\t\t\t\tVaja &#8211; HSZ-10.1; CSCS- 300\/6000\n\t\t\t\t<\/figcaption><\/figure><figure class='gallery-item'>\n\t\t\t<div class='gallery-icon landscape'>\n\t\t\t\t<a href='https:\/\/alkotaskft.hu\/wp-content\/uploads\/2026\/02\/20260225_091944.jpg'><img loading=\"lazy\" decoding=\"async\" width=\"900\" height=\"336\" src=\"https:\/\/alkotaskft.hu\/wp-content\/uploads\/2026\/02\/20260225_091944.jpg\" class=\"attachment-full size-full\" alt=\"\" aria-describedby=\"gallery-1-6868\" srcset=\"https:\/\/alkotaskft.hu\/wp-content\/uploads\/2026\/02\/20260225_091944.jpg 900w, https:\/\/alkotaskft.hu\/wp-content\/uploads\/2026\/02\/20260225_091944-800x299.jpg 800w, https:\/\/alkotaskft.hu\/wp-content\/uploads\/2026\/02\/20260225_091944-768x287.jpg 768w\" sizes=\"auto, (max-width: 900px) 100vw, 900px\" \/><\/a>\n\t\t\t<\/div>\n\t\t\t\t<figcaption class='wp-caption-text gallery-caption' id='gallery-1-6868'>\n\t\t\t\tVaja &#8211; HSZ-10.1; CSCS- 300\/6000\n\t\t\t\t<\/figcaption><\/figure><figure class='gallery-item'>\n\t\t\t<div class='gallery-icon portrait'>\n\t\t\t\t<a href='https:\/\/alkotaskft.hu\/wp-content\/uploads\/2026\/02\/20260225_092023.jpg'><img loading=\"lazy\" decoding=\"async\" width=\"503\" height=\"900\" src=\"https:\/\/alkotaskft.hu\/wp-content\/uploads\/2026\/02\/20260225_092023.jpg\" class=\"attachment-full size-full\" alt=\"\" aria-describedby=\"gallery-1-6871\" srcset=\"https:\/\/alkotaskft.hu\/wp-content\/uploads\/2026\/02\/20260225_092023.jpg 503w, https:\/\/alkotaskft.hu\/wp-content\/uploads\/2026\/02\/20260225_092023-224x400.jpg 224w, https:\/\/alkotaskft.hu\/wp-content\/uploads\/2026\/02\/20260225_092023-447x800.jpg 447w\" sizes=\"auto, (max-width: 503px) 100vw, 503px\" \/><\/a>\n\t\t\t<\/div>\n\t\t\t\t<figcaption class='wp-caption-text gallery-caption' id='gallery-1-6871'>\n\t\t\t\tVaja &#8211; HSZ-10.1; CSCS- 300\/6000\n\t\t\t\t<\/figcaption><\/figure><figure class='gallery-item'>\n\t\t\t<div class='gallery-icon landscape'>\n\t\t\t\t<a href='https:\/\/alkotaskft.hu\/wp-content\/uploads\/2026\/02\/20260225_091952.jpg'><img loading=\"lazy\" decoding=\"async\" width=\"900\" height=\"820\" src=\"https:\/\/alkotaskft.hu\/wp-content\/uploads\/2026\/02\/20260225_091952.jpg\" class=\"attachment-full size-full\" alt=\"\" aria-describedby=\"gallery-1-6869\" srcset=\"https:\/\/alkotaskft.hu\/wp-content\/uploads\/2026\/02\/20260225_091952.jpg 900w, https:\/\/alkotaskft.hu\/wp-content\/uploads\/2026\/02\/20260225_091952-439x400.jpg 439w, https:\/\/alkotaskft.hu\/wp-content\/uploads\/2026\/02\/20260225_091952-878x800.jpg 878w, https:\/\/alkotaskft.hu\/wp-content\/uploads\/2026\/02\/20260225_091952-768x700.jpg 768w\" sizes=\"auto, (max-width: 900px) 100vw, 900px\" \/><\/a>\n\t\t\t<\/div>\n\t\t\t\t<figcaption class='wp-caption-text gallery-caption' id='gallery-1-6869'>\n\t\t\t\tVaja &#8211; HSZ-10.1; CSCS- 300\/6000\n\t\t\t\t<\/figcaption><\/figure><figure class='gallery-item'>\n\t\t\t<div class='gallery-icon landscape'>\n\t\t\t\t<a href='https:\/\/alkotaskft.hu\/wp-content\/uploads\/2026\/02\/20260225_092004.jpg'><img loading=\"lazy\" decoding=\"async\" width=\"900\" height=\"586\" src=\"https:\/\/alkotaskft.hu\/wp-content\/uploads\/2026\/02\/20260225_092004.jpg\" class=\"attachment-full size-full\" alt=\"\" aria-describedby=\"gallery-1-6870\" srcset=\"https:\/\/alkotaskft.hu\/wp-content\/uploads\/2026\/02\/20260225_092004.jpg 900w, https:\/\/alkotaskft.hu\/wp-content\/uploads\/2026\/02\/20260225_092004-614x400.jpg 614w, https:\/\/alkotaskft.hu\/wp-content\/uploads\/2026\/02\/20260225_092004-768x500.jpg 768w\" sizes=\"auto, (max-width: 900px) 100vw, 900px\" \/><\/a>\n\t\t\t<\/div>\n\t\t\t\t<figcaption class='wp-caption-text gallery-caption' id='gallery-1-6870'>\n\t\t\t\tVaja &#8211; HSZ-10.1; CSCS- 300\/6000\n\t\t\t\t<\/figcaption><\/figure><figure class='gallery-item'>\n\t\t\t<div class='gallery-icon landscape'>\n\t\t\t\t<a href='https:\/\/alkotaskft.hu\/wp-content\/uploads\/2026\/02\/20260225_091836.jpg'><img loading=\"lazy\" decoding=\"async\" width=\"900\" height=\"727\" src=\"https:\/\/alkotaskft.hu\/wp-content\/uploads\/2026\/02\/20260225_091836.jpg\" class=\"attachment-full size-full\" alt=\"\" aria-describedby=\"gallery-1-6863\" srcset=\"https:\/\/alkotaskft.hu\/wp-content\/uploads\/2026\/02\/20260225_091836.jpg 900w, https:\/\/alkotaskft.hu\/wp-content\/uploads\/2026\/02\/20260225_091836-495x400.jpg 495w, https:\/\/alkotaskft.hu\/wp-content\/uploads\/2026\/02\/20260225_091836-768x620.jpg 768w\" sizes=\"auto, (max-width: 900px) 100vw, 900px\" \/><\/a>\n\t\t\t<\/div>\n\t\t\t\t<figcaption class='wp-caption-text gallery-caption' id='gallery-1-6863'>\n\t\t\t\tVaja &#8211; HSZ-10.1; CSCS- 300\/6000\n\t\t\t\t<\/figcaption><\/figure><figure class='gallery-item'>\n\t\t\t<div class='gallery-icon landscape'>\n\t\t\t\t<a href='https:\/\/alkotaskft.hu\/wp-content\/uploads\/2026\/02\/20260225_091845.jpg'><img loading=\"lazy\" decoding=\"async\" width=\"900\" height=\"471\" src=\"https:\/\/alkotaskft.hu\/wp-content\/uploads\/2026\/02\/20260225_091845.jpg\" class=\"attachment-full size-full\" alt=\"\" aria-describedby=\"gallery-1-6864\" srcset=\"https:\/\/alkotaskft.hu\/wp-content\/uploads\/2026\/02\/20260225_091845.jpg 900w, https:\/\/alkotaskft.hu\/wp-content\/uploads\/2026\/02\/20260225_091845-764x400.jpg 764w, https:\/\/alkotaskft.hu\/wp-content\/uploads\/2026\/02\/20260225_091845-768x402.jpg 768w\" sizes=\"auto, (max-width: 900px) 100vw, 900px\" \/><\/a>\n\t\t\t<\/div>\n\t\t\t\t<figcaption class='wp-caption-text gallery-caption' id='gallery-1-6864'>\n\t\t\t\tVaja &#8211; HSZ-10.1; CSCS- 300\/6000\n\t\t\t\t<\/figcaption><\/figure><figure class='gallery-item'>\n\t\t\t<div class='gallery-icon landscape'>\n\t\t\t\t<a href='https:\/\/alkotaskft.hu\/wp-content\/uploads\/2026\/02\/20260225_091857.jpg'><img loading=\"lazy\" decoding=\"async\" width=\"900\" height=\"416\" src=\"https:\/\/alkotaskft.hu\/wp-content\/uploads\/2026\/02\/20260225_091857.jpg\" class=\"attachment-full size-full\" alt=\"\" aria-describedby=\"gallery-1-6865\" srcset=\"https:\/\/alkotaskft.hu\/wp-content\/uploads\/2026\/02\/20260225_091857.jpg 900w, https:\/\/alkotaskft.hu\/wp-content\/uploads\/2026\/02\/20260225_091857-800x370.jpg 800w, https:\/\/alkotaskft.hu\/wp-content\/uploads\/2026\/02\/20260225_091857-768x355.jpg 768w\" sizes=\"auto, (max-width: 900px) 100vw, 900px\" \/><\/a>\n\t\t\t<\/div>\n\t\t\t\t<figcaption class='wp-caption-text gallery-caption' id='gallery-1-6865'>\n\t\t\t\tVaja &#8211; HSZ-10.1; CSCS- 300\/6000\n\t\t\t\t<\/figcaption><\/figure><figure class='gallery-item'>\n\t\t\t<div class='gallery-icon landscape'>\n\t\t\t\t<a href='https:\/\/alkotaskft.hu\/wp-content\/uploads\/2026\/02\/20260225_091905.jpg'><img loading=\"lazy\" decoding=\"async\" width=\"900\" height=\"309\" src=\"https:\/\/alkotaskft.hu\/wp-content\/uploads\/2026\/02\/20260225_091905.jpg\" class=\"attachment-full size-full\" alt=\"\" aria-describedby=\"gallery-1-6866\" srcset=\"https:\/\/alkotaskft.hu\/wp-content\/uploads\/2026\/02\/20260225_091905.jpg 900w, https:\/\/alkotaskft.hu\/wp-content\/uploads\/2026\/02\/20260225_091905-800x275.jpg 800w, https:\/\/alkotaskft.hu\/wp-content\/uploads\/2026\/02\/20260225_091905-768x264.jpg 768w\" sizes=\"auto, (max-width: 900px) 100vw, 900px\" \/><\/a>\n\t\t\t<\/div>\n\t\t\t\t<figcaption class='wp-caption-text gallery-caption' id='gallery-1-6866'>\n\t\t\t\tVaja &#8211; HSZ-10.1; CSCS- 300\/6000\n\t\t\t\t<\/figcaption><\/figure>\n\t\t<\/div>\n\n","protected":false},"excerpt":{"rendered":"<p>D\u00e1tum: 2026.02.25 Be\u00e9p\u00edt\u00e9s helye: VajaFeladat: bodza sz\u00e1r elsz\u00e1ll\u00edt\u00e1s, felhord\u00e1sSz\u00e1ll\u00edt\u00f3 szalag:-500 mm-es PVC hevederrel&#8211; 1,5 kW-os hajt\u00f3m\u0171ves motorralSz\u00e1ll\u00edt\u00f3 cs\u0151csiga:&#8211; k\u00f6z\u00e9pen \u00e9s a k\u00e9t v\u00e9g\u00e9n csap\u00e1gyazott&#8211; 3 db tiszt\u00edt\u00f3 ablakkal&#8211; billent\u0151 h\u00e1ts\u00f3 l\u00e1bbal, felf\u00fcggeszthet\u0151 bilinccsel<\/p>\n<div class='heateor_sss_sharing_container heateor_sss_vertical_sharing heateor_sss_bottom_sharing' style='width:29px;right: 0px;top: 220px;-webkit-box-shadow:none;box-shadow:none;' data-heateor-sss-href='https:\/\/alkotaskft.hu\/en\/wp-json\/wp\/v2\/pages\/6861'><div class=\"heateor_sss_sharing_ul\"><a aria-label=\"Facebook\" class=\"heateor_sss_facebook\" href=\"https:\/\/www.facebook.com\/sharer\/sharer.php?u=https%3A%2F%2Falkotaskft.hu%2Fen%2Fwp-json%2Fwp%2Fv2%2Fpages%2F6861\" title=\"Facebook\" rel=\"nofollow noopener\" target=\"_blank\" style=\"font-size:32px!important;box-shadow:none;display:inline-block;vertical-align:middle\"><span class=\"heateor_sss_svg\" style=\"background-color:#0765FE;width:25px;height:25px;margin:0;display:inline-block;opacity:1;float:left;font-size:32px;box-shadow:none;display:inline-block;font-size:16px;padding:0 4px;vertical-align:middle;background-repeat:repeat;overflow:hidden;padding:0;cursor:pointer;box-sizing:content-box\"><svg style=\"display:block;\" focusable=\"false\" aria-hidden=\"true\" xmlns=\"http:\/\/www.w3.org\/2000\/svg\" width=\"100%\" height=\"100%\" viewBox=\"0 0 32 32\"><path fill=\"#fff\" d=\"M28 16c0-6.627-5.373-12-12-12S4 9.373 4 16c0 5.628 3.875 10.35 9.101 11.647v-7.98h-2.474V16H13.1v-1.58c0-4.085 1.849-5.978 5.859-5.978.76 0 2.072.15 2.608.298v3.325c-.283-.03-.775-.045-1.386-.045-1.967 0-2.728.745-2.728 2.683V16h3.92l-.673 3.667h-3.247v8.245C23.395 27.195 28 22.135 28 16Z\"><\/path><\/svg><\/span><\/a><a aria-label=\"Twitter\" class=\"heateor_sss_button_twitter\" href=\"https:\/\/twitter.com\/intent\/tweet?text=Alkot%C3%A1s%20Kft.%20-%20&url=https%3A%2F%2Falkotaskft.hu%2Fen%2Fwp-json%2Fwp%2Fv2%2Fpages%2F6861\" title=\"Twitter\" rel=\"nofollow noopener\" target=\"_blank\" style=\"font-size:32px!important;box-shadow:none;display:inline-block;vertical-align:middle\"><span class=\"heateor_sss_svg heateor_sss_s__default heateor_sss_s_twitter\" style=\"background-color:#55acee;width:25px;height:25px;margin:0;display:inline-block;opacity:1;float:left;font-size:32px;box-shadow:none;display:inline-block;font-size:16px;padding:0 4px;vertical-align:middle;background-repeat:repeat;overflow:hidden;padding:0;cursor:pointer;box-sizing:content-box\"><svg style=\"display:block;\" focusable=\"false\" aria-hidden=\"true\" xmlns=\"http:\/\/www.w3.org\/2000\/svg\" width=\"100%\" height=\"100%\" viewBox=\"-4 -4 39 39\"><path d=\"M28 8.557a9.913 9.913 0 0 1-2.828.775 4.93 4.93 0 0 0 2.166-2.725 9.738 9.738 0 0 1-3.13 1.194 4.92 4.92 0 0 0-3.593-1.55 4.924 4.924 0 0 0-4.794 6.049c-4.09-.21-7.72-2.17-10.15-5.15a4.942 4.942 0 0 0-.665 2.477c0 1.71.87 3.214 2.19 4.1a4.968 4.968 0 0 1-2.23-.616v.06c0 2.39 1.7 4.38 3.952 4.83-.414.115-.85.174-1.297.174-.318 0-.626-.03-.928-.086a4.935 4.935 0 0 0 4.6 3.42 9.893 9.893 0 0 1-6.114 2.107c-.398 0-.79-.023-1.175-.068a13.953 13.953 0 0 0 7.55 2.213c9.056 0 14.01-7.507 14.01-14.013 0-.213-.005-.426-.015-.637.96-.695 1.795-1.56 2.455-2.55z\" fill=\"#fff\"><\/path><\/svg><\/span><\/a><a class=\"heateor_sss_more\" aria-label=\"More\" title=\"More\" rel=\"nofollow noopener\" style=\"font-size: 32px!important;border:0;box-shadow:none;display:inline-block!important;font-size:16px;padding:0 4px;vertical-align: middle;display:inline;\" href=\"https:\/\/alkotaskft.hu\/en\/wp-json\/wp\/v2\/pages\/6861\" onclick=\"event.preventDefault()\"><span class=\"heateor_sss_svg\" style=\"background-color:#ee8e2d;width:25px;height:25px;margin:0;display:inline-block!important;opacity:1;float:left;font-size:32px!important;box-shadow:none;display:inline-block;font-size:16px;padding:0 4px;vertical-align:middle;display:inline;background-repeat:repeat;overflow:hidden;padding:0;cursor:pointer;box-sizing:content-box;\" onclick=\"heateorSssMoreSharingPopup(this, 'https:\/\/alkotaskft.hu\/en\/wp-json\/wp\/v2\/pages\/6861', 'Alkot%C3%A1s%20Kft.%20-%20', '' )\"><svg xmlns=\"http:\/\/www.w3.org\/2000\/svg\" xmlns:xlink=\"http:\/\/www.w3.org\/1999\/xlink\" viewBox=\"-.3 0 32 32\" version=\"1.1\" width=\"100%\" height=\"100%\" style=\"display:block;\" xml:space=\"preserve\"><g><path fill=\"#fff\" d=\"M18 14V8h-4v6H8v4h6v6h4v-6h6v-4h-6z\" fill-rule=\"evenodd\"><\/path><\/g><\/svg><\/span><\/a><\/div><div class=\"heateorSssClear\"><\/div><\/div>","protected":false},"author":3,"featured_media":0,"parent":0,"menu_order":0,"comment_status":"closed","ping_status":"closed","template":"","meta":{"_acf_changed":false,"footnotes":""},"categories":[],"tags":[],"class_list":["post-6861","page","type-page","status-publish","hentry"],"yoast_head":"<!-- This site is optimized with the Yoast SEO plugin v27.4 - https:\/\/yoast.com\/product\/yoast-seo-wordpress\/ -->\n<title>HSZ-10.10 sz\u00e1ll\u00edt\u00f3 szalag \u00e9s CSCS-300\/6000 sz\u00e1ll\u00edt\u00f3 cs\u0151csiga - Vaja - Alkot\u00e1s Kft.<\/title>\n<meta name=\"robots\" content=\"index, follow, max-snippet:-1, max-image-preview:large, max-video-preview:-1\" \/>\n<link rel=\"canonical\" href=\"https:\/\/alkotaskft.hu\/hsz-10-10-szallito-szalag-es-300-6000-szallito-csocsiga-vaja\/\" \/>\n<meta property=\"og:locale\" content=\"en_US\" \/>\n<meta property=\"og:type\" content=\"article\" \/>\n<meta property=\"og:title\" content=\"HSZ-10.10 sz\u00e1ll\u00edt\u00f3 szalag \u00e9s CSCS-300\/6000 sz\u00e1ll\u00edt\u00f3 cs\u0151csiga - Vaja - Alkot\u00e1s Kft.\" \/>\n<meta property=\"og:description\" content=\"D\u00e1tum: 2026.02.25 Be\u00e9p\u00edt\u00e9s helye: VajaFeladat: bodza sz\u00e1r elsz\u00e1ll\u00edt\u00e1s, felhord\u00e1sSz\u00e1ll\u00edt\u00f3 szalag:-500 mm-es PVC hevederrel&#8211; 1,5 kW-os hajt\u00f3m\u0171ves motorralSz\u00e1ll\u00edt\u00f3 cs\u0151csiga:&#8211; k\u00f6z\u00e9pen \u00e9s a k\u00e9t v\u00e9g\u00e9n csap\u00e1gyazott&#8211; 3 db tiszt\u00edt\u00f3 ablakkal&#8211; billent\u0151 h\u00e1ts\u00f3 l\u00e1bbal, felf\u00fcggeszthet\u0151 bilinccsel\" \/>\n<meta property=\"og:url\" content=\"https:\/\/alkotaskft.hu\/hsz-10-10-szallito-szalag-es-300-6000-szallito-csocsiga-vaja\/\" \/>\n<meta property=\"og:site_name\" content=\"Alkot\u00e1s Kft.\" \/>\n<meta property=\"article:modified_time\" content=\"2026-02-25T12:36:46+00:00\" \/>\n<meta property=\"og:image\" content=\"https:\/\/alkotaskft.hu\/wp-content\/uploads\/2026\/02\/20260225_091921.jpg\" \/>\n<meta name=\"twitter:card\" content=\"summary_large_image\" \/>\n<meta name=\"twitter:label1\" content=\"Est. reading time\" \/>\n\t<meta name=\"twitter:data1\" content=\"1 minute\" \/>\n<script type=\"application\/ld+json\" class=\"yoast-schema-graph\">{\"@context\":\"https:\\\/\\\/schema.org\",\"@graph\":[{\"@type\":\"WebPage\",\"@id\":\"https:\\\/\\\/alkotaskft.hu\\\/hsz-10-10-szallito-szalag-es-300-6000-szallito-csocsiga-vaja\\\/\",\"url\":\"https:\\\/\\\/alkotaskft.hu\\\/hsz-10-10-szallito-szalag-es-300-6000-szallito-csocsiga-vaja\\\/\",\"name\":\"HSZ-10.10 sz\u00e1ll\u00edt\u00f3 szalag \u00e9s CSCS-300\\\/6000 sz\u00e1ll\u00edt\u00f3 cs\u0151csiga - Vaja - Alkot\u00e1s Kft.\",\"isPartOf\":{\"@id\":\"https:\\\/\\\/alkotaskft.hu\\\/#website\"},\"datePublished\":\"2026-02-25T12:29:10+00:00\",\"dateModified\":\"2026-02-25T12:36:46+00:00\",\"breadcrumb\":{\"@id\":\"https:\\\/\\\/alkotaskft.hu\\\/hsz-10-10-szallito-szalag-es-300-6000-szallito-csocsiga-vaja\\\/#breadcrumb\"},\"inLanguage\":\"en-US\",\"potentialAction\":[{\"@type\":\"ReadAction\",\"target\":[\"https:\\\/\\\/alkotaskft.hu\\\/hsz-10-10-szallito-szalag-es-300-6000-szallito-csocsiga-vaja\\\/\"]}]},{\"@type\":\"BreadcrumbList\",\"@id\":\"https:\\\/\\\/alkotaskft.hu\\\/hsz-10-10-szallito-szalag-es-300-6000-szallito-csocsiga-vaja\\\/#breadcrumb\",\"itemListElement\":[{\"@type\":\"ListItem\",\"position\":1,\"name\":\"Home\",\"item\":\"https:\\\/\\\/alkotaskft.hu\\\/\"},{\"@type\":\"ListItem\",\"position\":2,\"name\":\"HSZ-10.10 sz\u00e1ll\u00edt\u00f3 szalag \u00e9s CSCS-300\\\/6000 sz\u00e1ll\u00edt\u00f3 cs\u0151csiga &#8211; Vaja\"}]},{\"@type\":\"WebSite\",\"@id\":\"https:\\\/\\\/alkotaskft.hu\\\/#website\",\"url\":\"https:\\\/\\\/alkotaskft.hu\\\/\",\"name\":\"Alkot\u00e1s Kft.\",\"description\":\"\",\"potentialAction\":[{\"@type\":\"SearchAction\",\"target\":{\"@type\":\"EntryPoint\",\"urlTemplate\":\"https:\\\/\\\/alkotaskft.hu\\\/?s={search_term_string}\"},\"query-input\":{\"@type\":\"PropertyValueSpecification\",\"valueRequired\":true,\"valueName\":\"search_term_string\"}}],\"inLanguage\":\"en-US\"}]}<\/script>\n<!-- \/ Yoast SEO plugin. -->","yoast_head_json":{"title":"HSZ-10.10 sz\u00e1ll\u00edt\u00f3 szalag \u00e9s CSCS-300\/6000 sz\u00e1ll\u00edt\u00f3 cs\u0151csiga - Vaja - Alkot\u00e1s Kft.","robots":{"index":"index","follow":"follow","max-snippet":"max-snippet:-1","max-image-preview":"max-image-preview:large","max-video-preview":"max-video-preview:-1"},"canonical":"https:\/\/alkotaskft.hu\/hsz-10-10-szallito-szalag-es-300-6000-szallito-csocsiga-vaja\/","og_locale":"en_US","og_type":"article","og_title":"HSZ-10.10 sz\u00e1ll\u00edt\u00f3 szalag \u00e9s CSCS-300\/6000 sz\u00e1ll\u00edt\u00f3 cs\u0151csiga - Vaja - Alkot\u00e1s Kft.","og_description":"D\u00e1tum: 2026.02.25 Be\u00e9p\u00edt\u00e9s helye: VajaFeladat: bodza sz\u00e1r elsz\u00e1ll\u00edt\u00e1s, felhord\u00e1sSz\u00e1ll\u00edt\u00f3 szalag:-500 mm-es PVC hevederrel&#8211; 1,5 kW-os hajt\u00f3m\u0171ves motorralSz\u00e1ll\u00edt\u00f3 cs\u0151csiga:&#8211; k\u00f6z\u00e9pen \u00e9s a k\u00e9t v\u00e9g\u00e9n csap\u00e1gyazott&#8211; 3 db tiszt\u00edt\u00f3 ablakkal&#8211; billent\u0151 h\u00e1ts\u00f3 l\u00e1bbal, felf\u00fcggeszthet\u0151 bilinccsel","og_url":"https:\/\/alkotaskft.hu\/hsz-10-10-szallito-szalag-es-300-6000-szallito-csocsiga-vaja\/","og_site_name":"Alkot\u00e1s Kft.","article_modified_time":"2026-02-25T12:36:46+00:00","og_image":[{"url":"https:\/\/alkotaskft.hu\/wp-content\/uploads\/2026\/02\/20260225_091921.jpg","type":"","width":"","height":""}],"twitter_card":"summary_large_image","twitter_misc":{"Est. reading time":"1 minute"},"schema":{"@context":"https:\/\/schema.org","@graph":[{"@type":"WebPage","@id":"https:\/\/alkotaskft.hu\/hsz-10-10-szallito-szalag-es-300-6000-szallito-csocsiga-vaja\/","url":"https:\/\/alkotaskft.hu\/hsz-10-10-szallito-szalag-es-300-6000-szallito-csocsiga-vaja\/","name":"HSZ-10.10 sz\u00e1ll\u00edt\u00f3 szalag \u00e9s CSCS-300\/6000 sz\u00e1ll\u00edt\u00f3 cs\u0151csiga - Vaja - Alkot\u00e1s Kft.","isPartOf":{"@id":"https:\/\/alkotaskft.hu\/#website"},"datePublished":"2026-02-25T12:29:10+00:00","dateModified":"2026-02-25T12:36:46+00:00","breadcrumb":{"@id":"https:\/\/alkotaskft.hu\/hsz-10-10-szallito-szalag-es-300-6000-szallito-csocsiga-vaja\/#breadcrumb"},"inLanguage":"en-US","potentialAction":[{"@type":"ReadAction","target":["https:\/\/alkotaskft.hu\/hsz-10-10-szallito-szalag-es-300-6000-szallito-csocsiga-vaja\/"]}]},{"@type":"BreadcrumbList","@id":"https:\/\/alkotaskft.hu\/hsz-10-10-szallito-szalag-es-300-6000-szallito-csocsiga-vaja\/#breadcrumb","itemListElement":[{"@type":"ListItem","position":1,"name":"Home","item":"https:\/\/alkotaskft.hu\/"},{"@type":"ListItem","position":2,"name":"HSZ-10.10 sz\u00e1ll\u00edt\u00f3 szalag \u00e9s CSCS-300\/6000 sz\u00e1ll\u00edt\u00f3 cs\u0151csiga &#8211; Vaja"}]},{"@type":"WebSite","@id":"https:\/\/alkotaskft.hu\/#website","url":"https:\/\/alkotaskft.hu\/","name":"Alkot\u00e1s Kft.","description":"","potentialAction":[{"@type":"SearchAction","target":{"@type":"EntryPoint","urlTemplate":"https:\/\/alkotaskft.hu\/?s={search_term_string}"},"query-input":{"@type":"PropertyValueSpecification","valueRequired":true,"valueName":"search_term_string"}}],"inLanguage":"en-US"}]}},"acf":[],"_links":{"self":[{"href":"https:\/\/alkotaskft.hu\/en\/wp-json\/wp\/v2\/pages\/6861","targetHints":{"allow":["GET"]}}],"collection":[{"href":"https:\/\/alkotaskft.hu\/en\/wp-json\/wp\/v2\/pages"}],"about":[{"href":"https:\/\/alkotaskft.hu\/en\/wp-json\/wp\/v2\/types\/page"}],"author":[{"embeddable":true,"href":"https:\/\/alkotaskft.hu\/en\/wp-json\/wp\/v2\/users\/3"}],"replies":[{"embeddable":true,"href":"https:\/\/alkotaskft.hu\/en\/wp-json\/wp\/v2\/comments?post=6861"}],"version-history":[{"count":3,"href":"https:\/\/alkotaskft.hu\/en\/wp-json\/wp\/v2\/pages\/6861\/revisions"}],"predecessor-version":[{"id":6873,"href":"https:\/\/alkotaskft.hu\/en\/wp-json\/wp\/v2\/pages\/6861\/revisions\/6873"}],"wp:attachment":[{"href":"https:\/\/alkotaskft.hu\/en\/wp-json\/wp\/v2\/media?parent=6861"}],"wp:term":[{"taxonomy":"category","embeddable":true,"href":"https:\/\/alkotaskft.hu\/en\/wp-json\/wp\/v2\/categories?post=6861"},{"taxonomy":"post_tag","embeddable":true,"href":"https:\/\/alkotaskft.hu\/en\/wp-json\/wp\/v2\/tags?post=6861"}],"curies":[{"name":"wp","href":"https:\/\/api.w.org\/{rel}","templated":true}]}}