{"id":6152,"date":"2024-11-12T12:16:16","date_gmt":"2024-11-12T11:16:16","guid":{"rendered":"https:\/\/alkotaskft.hu\/?page_id=6152"},"modified":"2024-11-12T12:16:27","modified_gmt":"2024-11-12T11:16:27","slug":"villany-szsz-12-00","status":"publish","type":"page","link":"https:\/\/alkotaskft.hu\/en\/villany-szsz-12-00\/","title":{"rendered":"Vill\u00e1ny &#8211; SZSZ-12.00"},"content":{"rendered":"<h3 style=\"text-align: center;\">D\u00e1tum: 2024.10. 28.<\/h3>\n<p style=\"text-align: center;\">Sz\u00e1ll\u00edtand\u00f3 anyag: sz\u0151l\u0151 t\u00f6rk\u00f6ly \u00e9s sz\u0151l\u0151 sz\u00e1r dar\u00e1l\u00e9k<br \/>Hossz: 12000 mm (tengelyk\u00f6z\u00e9pn\u00e9l)<br \/>Kivitel: PVC heveder, 400 mm-k\u00e9nt osztott keresztbord\u00e1val, \u00e1ll\u00edthat\u00f3 kiadagol\u00f3 cs\u00faszd\u00e1val<br \/>Teljes\u00edtm\u00e9ny: 2,2 kW<br \/>Szalagsebess\u00e9g: 0,58 m\/s<br \/>+ mobil kerekeken gurul\u00f3 kivitel<\/p>\n<p style=\"text-align: center;\">Be\u00e9p\u00edt\u00e9s helye: Vill\u00e1ny &#8211; Bock Pinc\u00e9szet Kft.<\/p>\n<div id='gallery-1' class='gallery galleryid-6152 gallery-columns-4 gallery-size-full'><figure class='gallery-item'>\n\t\t\t<div class='gallery-icon landscape'>\n\t\t\t\t<a href='https:\/\/alkotaskft.hu\/wp-content\/uploads\/2024\/11\/20241106_155243.jpg'><img loading=\"lazy\" decoding=\"async\" width=\"900\" height=\"776\" src=\"https:\/\/alkotaskft.hu\/wp-content\/uploads\/2024\/11\/20241106_155243.jpg\" class=\"attachment-full size-full\" alt=\"\" aria-describedby=\"gallery-1-6165\" srcset=\"https:\/\/alkotaskft.hu\/wp-content\/uploads\/2024\/11\/20241106_155243.jpg 900w, https:\/\/alkotaskft.hu\/wp-content\/uploads\/2024\/11\/20241106_155243-464x400.jpg 464w, https:\/\/alkotaskft.hu\/wp-content\/uploads\/2024\/11\/20241106_155243-768x662.jpg 768w\" sizes=\"auto, (max-width: 900px) 100vw, 900px\" \/><\/a>\n\t\t\t<\/div>\n\t\t\t\t<figcaption class='wp-caption-text gallery-caption' id='gallery-1-6165'>\n\t\t\t\tVill\u00e1ny &#8211; SZSZ-12.00\n\t\t\t\t<\/figcaption><\/figure><figure class='gallery-item'>\n\t\t\t<div class='gallery-icon landscape'>\n\t\t\t\t<a href='https:\/\/alkotaskft.hu\/wp-content\/uploads\/2024\/11\/20241106_155337.jpg'><img loading=\"lazy\" decoding=\"async\" width=\"900\" height=\"488\" src=\"https:\/\/alkotaskft.hu\/wp-content\/uploads\/2024\/11\/20241106_155337.jpg\" class=\"attachment-full size-full\" alt=\"\" srcset=\"https:\/\/alkotaskft.hu\/wp-content\/uploads\/2024\/11\/20241106_155337.jpg 900w, https:\/\/alkotaskft.hu\/wp-content\/uploads\/2024\/11\/20241106_155337-738x400.jpg 738w, https:\/\/alkotaskft.hu\/wp-content\/uploads\/2024\/11\/20241106_155337-768x416.jpg 768w\" sizes=\"auto, (max-width: 900px) 100vw, 900px\" \/><\/a>\n\t\t\t<\/div><\/figure><figure class='gallery-item'>\n\t\t\t<div class='gallery-icon landscape'>\n\t\t\t\t<a href='https:\/\/alkotaskft.hu\/wp-content\/uploads\/2024\/11\/20241106_155323.jpg'><img loading=\"lazy\" decoding=\"async\" width=\"900\" height=\"424\" src=\"https:\/\/alkotaskft.hu\/wp-content\/uploads\/2024\/11\/20241106_155323.jpg\" class=\"attachment-full size-full\" alt=\"\" aria-describedby=\"gallery-1-6166\" srcset=\"https:\/\/alkotaskft.hu\/wp-content\/uploads\/2024\/11\/20241106_155323.jpg 900w, https:\/\/alkotaskft.hu\/wp-content\/uploads\/2024\/11\/20241106_155323-800x377.jpg 800w, https:\/\/alkotaskft.hu\/wp-content\/uploads\/2024\/11\/20241106_155323-768x362.jpg 768w\" sizes=\"auto, (max-width: 900px) 100vw, 900px\" \/><\/a>\n\t\t\t<\/div>\n\t\t\t\t<figcaption class='wp-caption-text gallery-caption' id='gallery-1-6166'>\n\t\t\t\tVill\u00e1ny &#8211; SZSZ-12.00\n\t\t\t\t<\/figcaption><\/figure><figure class='gallery-item'>\n\t\t\t<div class='gallery-icon landscape'>\n\t\t\t\t<a href='https:\/\/alkotaskft.hu\/wp-content\/uploads\/2024\/11\/20241028_100827.jpg'><img loading=\"lazy\" decoding=\"async\" width=\"900\" height=\"753\" src=\"https:\/\/alkotaskft.hu\/wp-content\/uploads\/2024\/11\/20241028_100827.jpg\" class=\"attachment-full size-full\" alt=\"\" aria-describedby=\"gallery-1-6158\" srcset=\"https:\/\/alkotaskft.hu\/wp-content\/uploads\/2024\/11\/20241028_100827.jpg 900w, https:\/\/alkotaskft.hu\/wp-content\/uploads\/2024\/11\/20241028_100827-478x400.jpg 478w, https:\/\/alkotaskft.hu\/wp-content\/uploads\/2024\/11\/20241028_100827-768x643.jpg 768w\" sizes=\"auto, (max-width: 900px) 100vw, 900px\" \/><\/a>\n\t\t\t<\/div>\n\t\t\t\t<figcaption class='wp-caption-text gallery-caption' id='gallery-1-6158'>\n\t\t\t\tVill\u00e1ny &#8211; SZSZ-12.00\n\t\t\t\t<\/figcaption><\/figure><figure class='gallery-item'>\n\t\t\t<div class='gallery-icon landscape'>\n\t\t\t\t<a href='https:\/\/alkotaskft.hu\/wp-content\/uploads\/2024\/11\/20241028_100851.jpg'><img loading=\"lazy\" decoding=\"async\" width=\"900\" height=\"492\" src=\"https:\/\/alkotaskft.hu\/wp-content\/uploads\/2024\/11\/20241028_100851.jpg\" class=\"attachment-full size-full\" alt=\"\" aria-describedby=\"gallery-1-6160\" srcset=\"https:\/\/alkotaskft.hu\/wp-content\/uploads\/2024\/11\/20241028_100851.jpg 900w, https:\/\/alkotaskft.hu\/wp-content\/uploads\/2024\/11\/20241028_100851-732x400.jpg 732w, https:\/\/alkotaskft.hu\/wp-content\/uploads\/2024\/11\/20241028_100851-768x420.jpg 768w\" sizes=\"auto, (max-width: 900px) 100vw, 900px\" \/><\/a>\n\t\t\t<\/div>\n\t\t\t\t<figcaption class='wp-caption-text gallery-caption' id='gallery-1-6160'>\n\t\t\t\tVill\u00e1ny &#8211; SZSZ-12.00\n\t\t\t\t<\/figcaption><\/figure><figure class='gallery-item'>\n\t\t\t<div class='gallery-icon portrait'>\n\t\t\t\t<a href='https:\/\/alkotaskft.hu\/wp-content\/uploads\/2024\/11\/20241028_100754.jpg'><img loading=\"lazy\" decoding=\"async\" width=\"415\" height=\"900\" src=\"https:\/\/alkotaskft.hu\/wp-content\/uploads\/2024\/11\/20241028_100754.jpg\" class=\"attachment-full size-full\" alt=\"\" aria-describedby=\"gallery-1-6156\" srcset=\"https:\/\/alkotaskft.hu\/wp-content\/uploads\/2024\/11\/20241028_100754.jpg 415w, https:\/\/alkotaskft.hu\/wp-content\/uploads\/2024\/11\/20241028_100754-184x400.jpg 184w, https:\/\/alkotaskft.hu\/wp-content\/uploads\/2024\/11\/20241028_100754-369x800.jpg 369w\" sizes=\"auto, (max-width: 415px) 100vw, 415px\" \/><\/a>\n\t\t\t<\/div>\n\t\t\t\t<figcaption class='wp-caption-text gallery-caption' id='gallery-1-6156'>\n\t\t\t\tVill\u00e1ny &#8211; SZSZ-12.00\n\t\t\t\t<\/figcaption><\/figure><figure class='gallery-item'>\n\t\t\t<div class='gallery-icon landscape'>\n\t\t\t\t<a href='https:\/\/alkotaskft.hu\/wp-content\/uploads\/2024\/11\/20241028_100840.jpg'><img loading=\"lazy\" decoding=\"async\" width=\"900\" height=\"558\" src=\"https:\/\/alkotaskft.hu\/wp-content\/uploads\/2024\/11\/20241028_100840.jpg\" class=\"attachment-full size-full\" alt=\"\" aria-describedby=\"gallery-1-6159\" srcset=\"https:\/\/alkotaskft.hu\/wp-content\/uploads\/2024\/11\/20241028_100840.jpg 900w, https:\/\/alkotaskft.hu\/wp-content\/uploads\/2024\/11\/20241028_100840-645x400.jpg 645w, https:\/\/alkotaskft.hu\/wp-content\/uploads\/2024\/11\/20241028_100840-768x476.jpg 768w\" sizes=\"auto, (max-width: 900px) 100vw, 900px\" \/><\/a>\n\t\t\t<\/div>\n\t\t\t\t<figcaption class='wp-caption-text gallery-caption' id='gallery-1-6159'>\n\t\t\t\tVill\u00e1ny &#8211; SZSZ-12.00\n\t\t\t\t<\/figcaption><\/figure><figure class='gallery-item'>\n\t\t\t<div class='gallery-icon portrait'>\n\t\t\t\t<a href='https:\/\/alkotaskft.hu\/wp-content\/uploads\/2024\/11\/20241028_100809.jpg'><img loading=\"lazy\" decoding=\"async\" width=\"542\" height=\"900\" src=\"https:\/\/alkotaskft.hu\/wp-content\/uploads\/2024\/11\/20241028_100809.jpg\" class=\"attachment-full size-full\" alt=\"\" aria-describedby=\"gallery-1-6157\" srcset=\"https:\/\/alkotaskft.hu\/wp-content\/uploads\/2024\/11\/20241028_100809.jpg 542w, https:\/\/alkotaskft.hu\/wp-content\/uploads\/2024\/11\/20241028_100809-241x400.jpg 241w, https:\/\/alkotaskft.hu\/wp-content\/uploads\/2024\/11\/20241028_100809-482x800.jpg 482w\" sizes=\"auto, (max-width: 542px) 100vw, 542px\" \/><\/a>\n\t\t\t<\/div>\n\t\t\t\t<figcaption class='wp-caption-text gallery-caption' id='gallery-1-6157'>\n\t\t\t\tVill\u00e1ny &#8211; SZSZ-12.00\n\t\t\t\t<\/figcaption><\/figure><figure class='gallery-item'>\n\t\t\t<div class='gallery-icon portrait'>\n\t\t\t\t<a href='https:\/\/alkotaskft.hu\/wp-content\/uploads\/2024\/11\/20241028_100720.jpg'><img loading=\"lazy\" decoding=\"async\" width=\"892\" height=\"900\" src=\"https:\/\/alkotaskft.hu\/wp-content\/uploads\/2024\/11\/20241028_100720.jpg\" class=\"attachment-full size-full\" alt=\"\" aria-describedby=\"gallery-1-6154\" srcset=\"https:\/\/alkotaskft.hu\/wp-content\/uploads\/2024\/11\/20241028_100720.jpg 892w, https:\/\/alkotaskft.hu\/wp-content\/uploads\/2024\/11\/20241028_100720-396x400.jpg 396w, https:\/\/alkotaskft.hu\/wp-content\/uploads\/2024\/11\/20241028_100720-793x800.jpg 793w, https:\/\/alkotaskft.hu\/wp-content\/uploads\/2024\/11\/20241028_100720-768x775.jpg 768w\" sizes=\"auto, (max-width: 892px) 100vw, 892px\" \/><\/a>\n\t\t\t<\/div>\n\t\t\t\t<figcaption class='wp-caption-text gallery-caption' id='gallery-1-6154'>\n\t\t\t\tVill\u00e1ny &#8211; SZSZ-12.00\n\t\t\t\t<\/figcaption><\/figure><figure class='gallery-item'>\n\t\t\t<div class='gallery-icon portrait'>\n\t\t\t\t<a href='https:\/\/alkotaskft.hu\/wp-content\/uploads\/2024\/11\/20241028_100741.jpg'><img loading=\"lazy\" decoding=\"async\" width=\"530\" height=\"900\" src=\"https:\/\/alkotaskft.hu\/wp-content\/uploads\/2024\/11\/20241028_100741.jpg\" class=\"attachment-full size-full\" alt=\"\" aria-describedby=\"gallery-1-6155\" srcset=\"https:\/\/alkotaskft.hu\/wp-content\/uploads\/2024\/11\/20241028_100741.jpg 530w, https:\/\/alkotaskft.hu\/wp-content\/uploads\/2024\/11\/20241028_100741-236x400.jpg 236w, https:\/\/alkotaskft.hu\/wp-content\/uploads\/2024\/11\/20241028_100741-471x800.jpg 471w\" sizes=\"auto, (max-width: 530px) 100vw, 530px\" \/><\/a>\n\t\t\t<\/div>\n\t\t\t\t<figcaption class='wp-caption-text gallery-caption' id='gallery-1-6155'>\n\t\t\t\tVill\u00e1ny &#8211; SZSZ-12.00\n\t\t\t\t<\/figcaption><\/figure><figure class='gallery-item'>\n\t\t\t<div class='gallery-icon portrait'>\n\t\t\t\t<a href='https:\/\/alkotaskft.hu\/wp-content\/uploads\/2024\/11\/20241028_100902.jpg'><img loading=\"lazy\" decoding=\"async\" width=\"510\" height=\"900\" src=\"https:\/\/alkotaskft.hu\/wp-content\/uploads\/2024\/11\/20241028_100902.jpg\" class=\"attachment-full size-full\" alt=\"\" aria-describedby=\"gallery-1-6161\" srcset=\"https:\/\/alkotaskft.hu\/wp-content\/uploads\/2024\/11\/20241028_100902.jpg 510w, https:\/\/alkotaskft.hu\/wp-content\/uploads\/2024\/11\/20241028_100902-227x400.jpg 227w, https:\/\/alkotaskft.hu\/wp-content\/uploads\/2024\/11\/20241028_100902-453x800.jpg 453w\" sizes=\"auto, (max-width: 510px) 100vw, 510px\" \/><\/a>\n\t\t\t<\/div>\n\t\t\t\t<figcaption class='wp-caption-text gallery-caption' id='gallery-1-6161'>\n\t\t\t\tVill\u00e1ny &#8211; SZSZ-12.00\n\t\t\t\t<\/figcaption><\/figure><figure class='gallery-item'>\n\t\t\t<div class='gallery-icon landscape'>\n\t\t\t\t<a href='https:\/\/alkotaskft.hu\/wp-content\/uploads\/2024\/11\/20241028_100914.jpg'><img loading=\"lazy\" decoding=\"async\" width=\"900\" height=\"605\" src=\"https:\/\/alkotaskft.hu\/wp-content\/uploads\/2024\/11\/20241028_100914.jpg\" class=\"attachment-full size-full\" alt=\"\" aria-describedby=\"gallery-1-6162\" srcset=\"https:\/\/alkotaskft.hu\/wp-content\/uploads\/2024\/11\/20241028_100914.jpg 900w, https:\/\/alkotaskft.hu\/wp-content\/uploads\/2024\/11\/20241028_100914-595x400.jpg 595w, https:\/\/alkotaskft.hu\/wp-content\/uploads\/2024\/11\/20241028_100914-768x516.jpg 768w\" sizes=\"auto, (max-width: 900px) 100vw, 900px\" \/><\/a>\n\t\t\t<\/div>\n\t\t\t\t<figcaption class='wp-caption-text gallery-caption' id='gallery-1-6162'>\n\t\t\t\tVill\u00e1ny &#8211; SZSZ-12.00\n\t\t\t\t<\/figcaption><\/figure><figure class='gallery-item'>\n\t\t\t<div class='gallery-icon landscape'>\n\t\t\t\t<a href='https:\/\/alkotaskft.hu\/wp-content\/uploads\/2024\/11\/20241028_100920.jpg'><img loading=\"lazy\" decoding=\"async\" width=\"900\" height=\"580\" src=\"https:\/\/alkotaskft.hu\/wp-content\/uploads\/2024\/11\/20241028_100920.jpg\" class=\"attachment-full size-full\" alt=\"\" aria-describedby=\"gallery-1-6163\" srcset=\"https:\/\/alkotaskft.hu\/wp-content\/uploads\/2024\/11\/20241028_100920.jpg 900w, https:\/\/alkotaskft.hu\/wp-content\/uploads\/2024\/11\/20241028_100920-621x400.jpg 621w, https:\/\/alkotaskft.hu\/wp-content\/uploads\/2024\/11\/20241028_100920-768x495.jpg 768w\" sizes=\"auto, (max-width: 900px) 100vw, 900px\" \/><\/a>\n\t\t\t<\/div>\n\t\t\t\t<figcaption class='wp-caption-text gallery-caption' id='gallery-1-6163'>\n\t\t\t\tVill\u00e1ny &#8211; SZSZ-12.00\n\t\t\t\t<\/figcaption><\/figure><figure class='gallery-item'>\n\t\t\t<div class='gallery-icon portrait'>\n\t\t\t\t<a href='https:\/\/alkotaskft.hu\/wp-content\/uploads\/2024\/11\/20241028_100945.jpg'><img loading=\"lazy\" decoding=\"async\" width=\"786\" height=\"900\" src=\"https:\/\/alkotaskft.hu\/wp-content\/uploads\/2024\/11\/20241028_100945.jpg\" class=\"attachment-full size-full\" alt=\"\" aria-describedby=\"gallery-1-6164\" srcset=\"https:\/\/alkotaskft.hu\/wp-content\/uploads\/2024\/11\/20241028_100945.jpg 786w, https:\/\/alkotaskft.hu\/wp-content\/uploads\/2024\/11\/20241028_100945-349x400.jpg 349w, https:\/\/alkotaskft.hu\/wp-content\/uploads\/2024\/11\/20241028_100945-699x800.jpg 699w, https:\/\/alkotaskft.hu\/wp-content\/uploads\/2024\/11\/20241028_100945-768x879.jpg 768w\" sizes=\"auto, (max-width: 786px) 100vw, 786px\" \/><\/a>\n\t\t\t<\/div>\n\t\t\t\t<figcaption class='wp-caption-text gallery-caption' id='gallery-1-6164'>\n\t\t\t\tVill\u00e1ny &#8211; SZSZ-12.00\n\t\t\t\t<\/figcaption><\/figure>\n\t\t<\/div>\n\n","protected":false},"excerpt":{"rendered":"<p>D\u00e1tum: 2024.10. 28. Sz\u00e1ll\u00edtand\u00f3 anyag: sz\u0151l\u0151 t\u00f6rk\u00f6ly \u00e9s sz\u0151l\u0151 sz\u00e1r dar\u00e1l\u00e9kHossz: 12000 mm (tengelyk\u00f6z\u00e9pn\u00e9l)Kivitel: PVC heveder, 400 mm-k\u00e9nt osztott keresztbord\u00e1val, \u00e1ll\u00edthat\u00f3 kiadagol\u00f3 cs\u00faszd\u00e1valTeljes\u00edtm\u00e9ny: 2,2 kWSzalagsebess\u00e9g: 0,58 m\/s+ mobil kerekeken gurul\u00f3 kivitel Be\u00e9p\u00edt\u00e9s helye: Vill\u00e1ny &#8211; Bock Pinc\u00e9szet Kft.<\/p>\n<div class='heateor_sss_sharing_container heateor_sss_vertical_sharing heateor_sss_bottom_sharing' style='width:29px;right: 0px;top: 220px;-webkit-box-shadow:none;box-shadow:none;' data-heateor-sss-href='https:\/\/alkotaskft.hu\/en\/wp-json\/wp\/v2\/pages\/6152'><div class=\"heateor_sss_sharing_ul\"><a aria-label=\"Facebook\" class=\"heateor_sss_facebook\" href=\"https:\/\/www.facebook.com\/sharer\/sharer.php?u=https%3A%2F%2Falkotaskft.hu%2Fen%2Fwp-json%2Fwp%2Fv2%2Fpages%2F6152\" title=\"Facebook\" rel=\"nofollow noopener\" target=\"_blank\" style=\"font-size:32px!important;box-shadow:none;display:inline-block;vertical-align:middle\"><span class=\"heateor_sss_svg\" style=\"background-color:#0765FE;width:25px;height:25px;margin:0;display:inline-block;opacity:1;float:left;font-size:32px;box-shadow:none;display:inline-block;font-size:16px;padding:0 4px;vertical-align:middle;background-repeat:repeat;overflow:hidden;padding:0;cursor:pointer;box-sizing:content-box\"><svg style=\"display:block;\" focusable=\"false\" aria-hidden=\"true\" xmlns=\"http:\/\/www.w3.org\/2000\/svg\" width=\"100%\" height=\"100%\" viewBox=\"0 0 32 32\"><path fill=\"#fff\" d=\"M28 16c0-6.627-5.373-12-12-12S4 9.373 4 16c0 5.628 3.875 10.35 9.101 11.647v-7.98h-2.474V16H13.1v-1.58c0-4.085 1.849-5.978 5.859-5.978.76 0 2.072.15 2.608.298v3.325c-.283-.03-.775-.045-1.386-.045-1.967 0-2.728.745-2.728 2.683V16h3.92l-.673 3.667h-3.247v8.245C23.395 27.195 28 22.135 28 16Z\"><\/path><\/svg><\/span><\/a><a aria-label=\"Twitter\" class=\"heateor_sss_button_twitter\" href=\"https:\/\/twitter.com\/intent\/tweet?text=Alkot%C3%A1s%20Kft.%20-%20&url=https%3A%2F%2Falkotaskft.hu%2Fen%2Fwp-json%2Fwp%2Fv2%2Fpages%2F6152\" title=\"Twitter\" rel=\"nofollow noopener\" target=\"_blank\" style=\"font-size:32px!important;box-shadow:none;display:inline-block;vertical-align:middle\"><span class=\"heateor_sss_svg heateor_sss_s__default heateor_sss_s_twitter\" style=\"background-color:#55acee;width:25px;height:25px;margin:0;display:inline-block;opacity:1;float:left;font-size:32px;box-shadow:none;display:inline-block;font-size:16px;padding:0 4px;vertical-align:middle;background-repeat:repeat;overflow:hidden;padding:0;cursor:pointer;box-sizing:content-box\"><svg style=\"display:block;\" focusable=\"false\" aria-hidden=\"true\" xmlns=\"http:\/\/www.w3.org\/2000\/svg\" width=\"100%\" height=\"100%\" viewBox=\"-4 -4 39 39\"><path d=\"M28 8.557a9.913 9.913 0 0 1-2.828.775 4.93 4.93 0 0 0 2.166-2.725 9.738 9.738 0 0 1-3.13 1.194 4.92 4.92 0 0 0-3.593-1.55 4.924 4.924 0 0 0-4.794 6.049c-4.09-.21-7.72-2.17-10.15-5.15a4.942 4.942 0 0 0-.665 2.477c0 1.71.87 3.214 2.19 4.1a4.968 4.968 0 0 1-2.23-.616v.06c0 2.39 1.7 4.38 3.952 4.83-.414.115-.85.174-1.297.174-.318 0-.626-.03-.928-.086a4.935 4.935 0 0 0 4.6 3.42 9.893 9.893 0 0 1-6.114 2.107c-.398 0-.79-.023-1.175-.068a13.953 13.953 0 0 0 7.55 2.213c9.056 0 14.01-7.507 14.01-14.013 0-.213-.005-.426-.015-.637.96-.695 1.795-1.56 2.455-2.55z\" fill=\"#fff\"><\/path><\/svg><\/span><\/a><a class=\"heateor_sss_more\" aria-label=\"More\" title=\"More\" rel=\"nofollow noopener\" style=\"font-size: 32px!important;border:0;box-shadow:none;display:inline-block!important;font-size:16px;padding:0 4px;vertical-align: middle;display:inline;\" href=\"https:\/\/alkotaskft.hu\/en\/wp-json\/wp\/v2\/pages\/6152\" onclick=\"event.preventDefault()\"><span class=\"heateor_sss_svg\" style=\"background-color:#ee8e2d;width:25px;height:25px;margin:0;display:inline-block!important;opacity:1;float:left;font-size:32px!important;box-shadow:none;display:inline-block;font-size:16px;padding:0 4px;vertical-align:middle;display:inline;background-repeat:repeat;overflow:hidden;padding:0;cursor:pointer;box-sizing:content-box;\" onclick=\"heateorSssMoreSharingPopup(this, 'https:\/\/alkotaskft.hu\/en\/wp-json\/wp\/v2\/pages\/6152', 'Alkot%C3%A1s%20Kft.%20-%20', '' )\"><svg xmlns=\"http:\/\/www.w3.org\/2000\/svg\" xmlns:xlink=\"http:\/\/www.w3.org\/1999\/xlink\" viewBox=\"-.3 0 32 32\" version=\"1.1\" width=\"100%\" height=\"100%\" style=\"display:block;\" xml:space=\"preserve\"><g><path fill=\"#fff\" d=\"M18 14V8h-4v6H8v4h6v6h4v-6h6v-4h-6z\" fill-rule=\"evenodd\"><\/path><\/g><\/svg><\/span><\/a><\/div><div class=\"heateorSssClear\"><\/div><\/div>","protected":false},"author":3,"featured_media":0,"parent":0,"menu_order":0,"comment_status":"closed","ping_status":"closed","template":"","meta":{"_acf_changed":false,"footnotes":""},"categories":[],"tags":[],"class_list":["post-6152","page","type-page","status-publish","hentry"],"yoast_head":"<!-- This site is optimized with the Yoast SEO plugin v27.4 - https:\/\/yoast.com\/product\/yoast-seo-wordpress\/ -->\n<title>Vill\u00e1ny - SZSZ-12.00 - Alkot\u00e1s Kft.<\/title>\n<meta name=\"robots\" content=\"index, follow, max-snippet:-1, max-image-preview:large, max-video-preview:-1\" \/>\n<link rel=\"canonical\" href=\"https:\/\/alkotaskft.hu\/villany-szsz-12-00\/\" \/>\n<meta property=\"og:locale\" content=\"en_US\" \/>\n<meta property=\"og:type\" content=\"article\" \/>\n<meta property=\"og:title\" content=\"Vill\u00e1ny - SZSZ-12.00 - Alkot\u00e1s Kft.\" \/>\n<meta property=\"og:description\" content=\"D\u00e1tum: 2024.10. 28. Sz\u00e1ll\u00edtand\u00f3 anyag: sz\u0151l\u0151 t\u00f6rk\u00f6ly \u00e9s sz\u0151l\u0151 sz\u00e1r dar\u00e1l\u00e9kHossz: 12000 mm (tengelyk\u00f6z\u00e9pn\u00e9l)Kivitel: PVC heveder, 400 mm-k\u00e9nt osztott keresztbord\u00e1val, \u00e1ll\u00edthat\u00f3 kiadagol\u00f3 cs\u00faszd\u00e1valTeljes\u00edtm\u00e9ny: 2,2 kWSzalagsebess\u00e9g: 0,58 m\/s+ mobil kerekeken gurul\u00f3 kivitel Be\u00e9p\u00edt\u00e9s helye: Vill\u00e1ny &#8211; Bock Pinc\u00e9szet Kft.\" \/>\n<meta property=\"og:url\" content=\"https:\/\/alkotaskft.hu\/villany-szsz-12-00\/\" \/>\n<meta property=\"og:site_name\" content=\"Alkot\u00e1s Kft.\" \/>\n<meta property=\"article:modified_time\" content=\"2024-11-12T11:16:27+00:00\" \/>\n<meta property=\"og:image\" content=\"https:\/\/alkotaskft.hu\/wp-content\/uploads\/2024\/11\/20241106_155243.jpg\" \/>\n<meta name=\"twitter:card\" content=\"summary_large_image\" \/>\n<script type=\"application\/ld+json\" class=\"yoast-schema-graph\">{\"@context\":\"https:\\\/\\\/schema.org\",\"@graph\":[{\"@type\":\"WebPage\",\"@id\":\"https:\\\/\\\/alkotaskft.hu\\\/villany-szsz-12-00\\\/\",\"url\":\"https:\\\/\\\/alkotaskft.hu\\\/villany-szsz-12-00\\\/\",\"name\":\"Vill\u00e1ny - SZSZ-12.00 - Alkot\u00e1s Kft.\",\"isPartOf\":{\"@id\":\"https:\\\/\\\/alkotaskft.hu\\\/#website\"},\"datePublished\":\"2024-11-12T11:16:16+00:00\",\"dateModified\":\"2024-11-12T11:16:27+00:00\",\"breadcrumb\":{\"@id\":\"https:\\\/\\\/alkotaskft.hu\\\/villany-szsz-12-00\\\/#breadcrumb\"},\"inLanguage\":\"en-US\",\"potentialAction\":[{\"@type\":\"ReadAction\",\"target\":[\"https:\\\/\\\/alkotaskft.hu\\\/villany-szsz-12-00\\\/\"]}]},{\"@type\":\"BreadcrumbList\",\"@id\":\"https:\\\/\\\/alkotaskft.hu\\\/villany-szsz-12-00\\\/#breadcrumb\",\"itemListElement\":[{\"@type\":\"ListItem\",\"position\":1,\"name\":\"Home\",\"item\":\"https:\\\/\\\/alkotaskft.hu\\\/\"},{\"@type\":\"ListItem\",\"position\":2,\"name\":\"Vill\u00e1ny &#8211; SZSZ-12.00\"}]},{\"@type\":\"WebSite\",\"@id\":\"https:\\\/\\\/alkotaskft.hu\\\/#website\",\"url\":\"https:\\\/\\\/alkotaskft.hu\\\/\",\"name\":\"Alkot\u00e1s Kft.\",\"description\":\"\",\"potentialAction\":[{\"@type\":\"SearchAction\",\"target\":{\"@type\":\"EntryPoint\",\"urlTemplate\":\"https:\\\/\\\/alkotaskft.hu\\\/?s={search_term_string}\"},\"query-input\":{\"@type\":\"PropertyValueSpecification\",\"valueRequired\":true,\"valueName\":\"search_term_string\"}}],\"inLanguage\":\"en-US\"}]}<\/script>\n<!-- \/ Yoast SEO plugin. -->","yoast_head_json":{"title":"Vill\u00e1ny - SZSZ-12.00 - Alkot\u00e1s Kft.","robots":{"index":"index","follow":"follow","max-snippet":"max-snippet:-1","max-image-preview":"max-image-preview:large","max-video-preview":"max-video-preview:-1"},"canonical":"https:\/\/alkotaskft.hu\/villany-szsz-12-00\/","og_locale":"en_US","og_type":"article","og_title":"Vill\u00e1ny - SZSZ-12.00 - Alkot\u00e1s Kft.","og_description":"D\u00e1tum: 2024.10. 28. Sz\u00e1ll\u00edtand\u00f3 anyag: sz\u0151l\u0151 t\u00f6rk\u00f6ly \u00e9s sz\u0151l\u0151 sz\u00e1r dar\u00e1l\u00e9kHossz: 12000 mm (tengelyk\u00f6z\u00e9pn\u00e9l)Kivitel: PVC heveder, 400 mm-k\u00e9nt osztott keresztbord\u00e1val, \u00e1ll\u00edthat\u00f3 kiadagol\u00f3 cs\u00faszd\u00e1valTeljes\u00edtm\u00e9ny: 2,2 kWSzalagsebess\u00e9g: 0,58 m\/s+ mobil kerekeken gurul\u00f3 kivitel Be\u00e9p\u00edt\u00e9s helye: Vill\u00e1ny &#8211; Bock Pinc\u00e9szet Kft.","og_url":"https:\/\/alkotaskft.hu\/villany-szsz-12-00\/","og_site_name":"Alkot\u00e1s Kft.","article_modified_time":"2024-11-12T11:16:27+00:00","og_image":[{"url":"https:\/\/alkotaskft.hu\/wp-content\/uploads\/2024\/11\/20241106_155243.jpg","type":"","width":"","height":""}],"twitter_card":"summary_large_image","schema":{"@context":"https:\/\/schema.org","@graph":[{"@type":"WebPage","@id":"https:\/\/alkotaskft.hu\/villany-szsz-12-00\/","url":"https:\/\/alkotaskft.hu\/villany-szsz-12-00\/","name":"Vill\u00e1ny - SZSZ-12.00 - Alkot\u00e1s Kft.","isPartOf":{"@id":"https:\/\/alkotaskft.hu\/#website"},"datePublished":"2024-11-12T11:16:16+00:00","dateModified":"2024-11-12T11:16:27+00:00","breadcrumb":{"@id":"https:\/\/alkotaskft.hu\/villany-szsz-12-00\/#breadcrumb"},"inLanguage":"en-US","potentialAction":[{"@type":"ReadAction","target":["https:\/\/alkotaskft.hu\/villany-szsz-12-00\/"]}]},{"@type":"BreadcrumbList","@id":"https:\/\/alkotaskft.hu\/villany-szsz-12-00\/#breadcrumb","itemListElement":[{"@type":"ListItem","position":1,"name":"Home","item":"https:\/\/alkotaskft.hu\/"},{"@type":"ListItem","position":2,"name":"Vill\u00e1ny &#8211; SZSZ-12.00"}]},{"@type":"WebSite","@id":"https:\/\/alkotaskft.hu\/#website","url":"https:\/\/alkotaskft.hu\/","name":"Alkot\u00e1s Kft.","description":"","potentialAction":[{"@type":"SearchAction","target":{"@type":"EntryPoint","urlTemplate":"https:\/\/alkotaskft.hu\/?s={search_term_string}"},"query-input":{"@type":"PropertyValueSpecification","valueRequired":true,"valueName":"search_term_string"}}],"inLanguage":"en-US"}]}},"acf":[],"_links":{"self":[{"href":"https:\/\/alkotaskft.hu\/en\/wp-json\/wp\/v2\/pages\/6152","targetHints":{"allow":["GET"]}}],"collection":[{"href":"https:\/\/alkotaskft.hu\/en\/wp-json\/wp\/v2\/pages"}],"about":[{"href":"https:\/\/alkotaskft.hu\/en\/wp-json\/wp\/v2\/types\/page"}],"author":[{"embeddable":true,"href":"https:\/\/alkotaskft.hu\/en\/wp-json\/wp\/v2\/users\/3"}],"replies":[{"embeddable":true,"href":"https:\/\/alkotaskft.hu\/en\/wp-json\/wp\/v2\/comments?post=6152"}],"version-history":[{"count":2,"href":"https:\/\/alkotaskft.hu\/en\/wp-json\/wp\/v2\/pages\/6152\/revisions"}],"predecessor-version":[{"id":6168,"href":"https:\/\/alkotaskft.hu\/en\/wp-json\/wp\/v2\/pages\/6152\/revisions\/6168"}],"wp:attachment":[{"href":"https:\/\/alkotaskft.hu\/en\/wp-json\/wp\/v2\/media?parent=6152"}],"wp:term":[{"taxonomy":"category","embeddable":true,"href":"https:\/\/alkotaskft.hu\/en\/wp-json\/wp\/v2\/categories?post=6152"},{"taxonomy":"post_tag","embeddable":true,"href":"https:\/\/alkotaskft.hu\/en\/wp-json\/wp\/v2\/tags?post=6152"}],"curies":[{"name":"wp","href":"https:\/\/api.w.org\/{rel}","templated":true}]}}