{"id":5963,"date":"2024-08-07T12:43:44","date_gmt":"2024-08-07T11:43:44","guid":{"rendered":"https:\/\/alkotaskft.hu\/?page_id=5963"},"modified":"2024-08-07T12:48:14","modified_gmt":"2024-08-07T11:48:14","slug":"munkaink-budapest","status":"publish","type":"page","link":"https:\/\/alkotaskft.hu\/en\/munkaink-budapest\/","title":{"rendered":"Munk\u00e1ink &#8211; Budapest"},"content":{"rendered":"<h4 style=\"text-align: center;\">\u00c9p\u00edt\u00e9s ideje: 2024.08.1.<br \/>Be\u00e9p\u00edtett term\u00e9kek:<br \/>ALKOT\u00c1S SZB-60 20 fm-es er\u0151s\u00edtett, 1000 mm hevederrel szerelt\u00a0 tranzit szalag<br \/>Be\u00e9p\u00edt\u00e9s helye: Budapest &#8211; Multiszint Kft.<\/h4>\n<div id='gallery-1' class='gallery galleryid-5963 gallery-columns-3 gallery-size-full'><figure class='gallery-item'>\n\t\t\t<div class='gallery-icon landscape'>\n\t\t\t\t<a href='https:\/\/alkotaskft.hu\/wp-content\/uploads\/2024\/08\/20240801_120113.jpg'><img loading=\"lazy\" decoding=\"async\" width=\"900\" height=\"416\" src=\"https:\/\/alkotaskft.hu\/wp-content\/uploads\/2024\/08\/20240801_120113.jpg\" class=\"attachment-full size-full\" alt=\"\" aria-describedby=\"gallery-1-5973\" srcset=\"https:\/\/alkotaskft.hu\/wp-content\/uploads\/2024\/08\/20240801_120113.jpg 900w, https:\/\/alkotaskft.hu\/wp-content\/uploads\/2024\/08\/20240801_120113-800x370.jpg 800w, https:\/\/alkotaskft.hu\/wp-content\/uploads\/2024\/08\/20240801_120113-768x355.jpg 768w\" sizes=\"auto, (max-width: 900px) 100vw, 900px\" \/><\/a>\n\t\t\t<\/div>\n\t\t\t\t<figcaption class='wp-caption-text gallery-caption' id='gallery-1-5973'>\n\t\t\t\tBudapest &#8211; Multiszint Kft. &#8211; ALKOT\u00c1S SZB-60 tranzit szalag\n\t\t\t\t<\/figcaption><\/figure><figure class='gallery-item'>\n\t\t\t<div class='gallery-icon landscape'>\n\t\t\t\t<a href='https:\/\/alkotaskft.hu\/wp-content\/uploads\/2024\/08\/20240801_120136.jpg'><img loading=\"lazy\" decoding=\"async\" width=\"900\" height=\"541\" src=\"https:\/\/alkotaskft.hu\/wp-content\/uploads\/2024\/08\/20240801_120136.jpg\" class=\"attachment-full size-full\" alt=\"\" aria-describedby=\"gallery-1-5975\" srcset=\"https:\/\/alkotaskft.hu\/wp-content\/uploads\/2024\/08\/20240801_120136.jpg 900w, https:\/\/alkotaskft.hu\/wp-content\/uploads\/2024\/08\/20240801_120136-665x400.jpg 665w, https:\/\/alkotaskft.hu\/wp-content\/uploads\/2024\/08\/20240801_120136-768x462.jpg 768w\" sizes=\"auto, (max-width: 900px) 100vw, 900px\" \/><\/a>\n\t\t\t<\/div>\n\t\t\t\t<figcaption class='wp-caption-text gallery-caption' id='gallery-1-5975'>\n\t\t\t\tBudapest &#8211; Multiszint Kft. &#8211; ALKOT\u00c1S SZB-60 tranzit szalag\n\t\t\t\t<\/figcaption><\/figure><figure class='gallery-item'>\n\t\t\t<div class='gallery-icon landscape'>\n\t\t\t\t<a href='https:\/\/alkotaskft.hu\/wp-content\/uploads\/2024\/08\/20240801_120126.jpg'><img loading=\"lazy\" decoding=\"async\" width=\"900\" height=\"495\" src=\"https:\/\/alkotaskft.hu\/wp-content\/uploads\/2024\/08\/20240801_120126.jpg\" class=\"attachment-full size-full\" alt=\"\" aria-describedby=\"gallery-1-5974\" srcset=\"https:\/\/alkotaskft.hu\/wp-content\/uploads\/2024\/08\/20240801_120126.jpg 900w, https:\/\/alkotaskft.hu\/wp-content\/uploads\/2024\/08\/20240801_120126-727x400.jpg 727w, https:\/\/alkotaskft.hu\/wp-content\/uploads\/2024\/08\/20240801_120126-768x422.jpg 768w\" sizes=\"auto, (max-width: 900px) 100vw, 900px\" \/><\/a>\n\t\t\t<\/div>\n\t\t\t\t<figcaption class='wp-caption-text gallery-caption' id='gallery-1-5974'>\n\t\t\t\tBudapest &#8211; Multiszint Kft. &#8211; ALKOT\u00c1S SZB-60 tranzit szalag\n\t\t\t\t<\/figcaption><\/figure><figure class='gallery-item'>\n\t\t\t<div class='gallery-icon landscape'>\n\t\t\t\t<a href='https:\/\/alkotaskft.hu\/wp-content\/uploads\/2024\/08\/20240801_115304.jpg'><img loading=\"lazy\" decoding=\"async\" width=\"900\" height=\"492\" src=\"https:\/\/alkotaskft.hu\/wp-content\/uploads\/2024\/08\/20240801_115304.jpg\" class=\"attachment-full size-full\" alt=\"\" aria-describedby=\"gallery-1-5967\" srcset=\"https:\/\/alkotaskft.hu\/wp-content\/uploads\/2024\/08\/20240801_115304.jpg 900w, https:\/\/alkotaskft.hu\/wp-content\/uploads\/2024\/08\/20240801_115304-732x400.jpg 732w, https:\/\/alkotaskft.hu\/wp-content\/uploads\/2024\/08\/20240801_115304-768x420.jpg 768w\" sizes=\"auto, (max-width: 900px) 100vw, 900px\" \/><\/a>\n\t\t\t<\/div>\n\t\t\t\t<figcaption class='wp-caption-text gallery-caption' id='gallery-1-5967'>\n\t\t\t\tBudapest &#8211; Multiszint Kft. &#8211; ALKOT\u00c1S SZB-60 tranzit szalag\n\t\t\t\t<\/figcaption><\/figure><figure class='gallery-item'>\n\t\t\t<div class='gallery-icon landscape'>\n\t\t\t\t<a href='https:\/\/alkotaskft.hu\/wp-content\/uploads\/2024\/08\/20240801_115314.jpg'><img loading=\"lazy\" decoding=\"async\" width=\"900\" height=\"472\" src=\"https:\/\/alkotaskft.hu\/wp-content\/uploads\/2024\/08\/20240801_115314.jpg\" class=\"attachment-full size-full\" alt=\"\" aria-describedby=\"gallery-1-5968\" srcset=\"https:\/\/alkotaskft.hu\/wp-content\/uploads\/2024\/08\/20240801_115314.jpg 900w, https:\/\/alkotaskft.hu\/wp-content\/uploads\/2024\/08\/20240801_115314-763x400.jpg 763w, https:\/\/alkotaskft.hu\/wp-content\/uploads\/2024\/08\/20240801_115314-768x403.jpg 768w\" sizes=\"auto, (max-width: 900px) 100vw, 900px\" \/><\/a>\n\t\t\t<\/div>\n\t\t\t\t<figcaption class='wp-caption-text gallery-caption' id='gallery-1-5968'>\n\t\t\t\tBudapest &#8211; Multiszint Kft. &#8211; ALKOT\u00c1S SZB-60 tranzit szalag\n\t\t\t\t<\/figcaption><\/figure><figure class='gallery-item'>\n\t\t\t<div class='gallery-icon portrait'>\n\t\t\t\t<a href='https:\/\/alkotaskft.hu\/wp-content\/uploads\/2024\/08\/20240801_120225.jpg'><img loading=\"lazy\" decoding=\"async\" width=\"696\" height=\"900\" src=\"https:\/\/alkotaskft.hu\/wp-content\/uploads\/2024\/08\/20240801_120225.jpg\" class=\"attachment-full size-full\" alt=\"\" aria-describedby=\"gallery-1-5976\" srcset=\"https:\/\/alkotaskft.hu\/wp-content\/uploads\/2024\/08\/20240801_120225.jpg 696w, https:\/\/alkotaskft.hu\/wp-content\/uploads\/2024\/08\/20240801_120225-309x400.jpg 309w, https:\/\/alkotaskft.hu\/wp-content\/uploads\/2024\/08\/20240801_120225-619x800.jpg 619w\" sizes=\"auto, (max-width: 696px) 100vw, 696px\" \/><\/a>\n\t\t\t<\/div>\n\t\t\t\t<figcaption class='wp-caption-text gallery-caption' id='gallery-1-5976'>\n\t\t\t\tBudapest &#8211; Multiszint Kft. &#8211; ALKOT\u00c1S SZB-60 tranzit szalag\n\t\t\t\t<\/figcaption><\/figure><figure class='gallery-item'>\n\t\t\t<div class='gallery-icon portrait'>\n\t\t\t\t<a href='https:\/\/alkotaskft.hu\/wp-content\/uploads\/2024\/08\/20240801_091651.jpg'><img loading=\"lazy\" decoding=\"async\" width=\"673\" height=\"900\" src=\"https:\/\/alkotaskft.hu\/wp-content\/uploads\/2024\/08\/20240801_091651.jpg\" class=\"attachment-full size-full\" alt=\"\" aria-describedby=\"gallery-1-5965\" srcset=\"https:\/\/alkotaskft.hu\/wp-content\/uploads\/2024\/08\/20240801_091651.jpg 673w, https:\/\/alkotaskft.hu\/wp-content\/uploads\/2024\/08\/20240801_091651-299x400.jpg 299w, https:\/\/alkotaskft.hu\/wp-content\/uploads\/2024\/08\/20240801_091651-598x800.jpg 598w\" sizes=\"auto, (max-width: 673px) 100vw, 673px\" \/><\/a>\n\t\t\t<\/div>\n\t\t\t\t<figcaption class='wp-caption-text gallery-caption' id='gallery-1-5965'>\n\t\t\t\tBudapest &#8211; Multiszint Kft. &#8211; ALKOT\u00c1S SZB-60 tranzit szalag\n\t\t\t\t<\/figcaption><\/figure><figure class='gallery-item'>\n\t\t\t<div class='gallery-icon portrait'>\n\t\t\t\t<a href='https:\/\/alkotaskft.hu\/wp-content\/uploads\/2024\/08\/20240801_115248.jpg'><img loading=\"lazy\" decoding=\"async\" width=\"705\" height=\"900\" src=\"https:\/\/alkotaskft.hu\/wp-content\/uploads\/2024\/08\/20240801_115248.jpg\" class=\"attachment-full size-full\" alt=\"\" aria-describedby=\"gallery-1-5966\" srcset=\"https:\/\/alkotaskft.hu\/wp-content\/uploads\/2024\/08\/20240801_115248.jpg 705w, https:\/\/alkotaskft.hu\/wp-content\/uploads\/2024\/08\/20240801_115248-313x400.jpg 313w, https:\/\/alkotaskft.hu\/wp-content\/uploads\/2024\/08\/20240801_115248-627x800.jpg 627w\" sizes=\"auto, (max-width: 705px) 100vw, 705px\" \/><\/a>\n\t\t\t<\/div>\n\t\t\t\t<figcaption class='wp-caption-text gallery-caption' id='gallery-1-5966'>\n\t\t\t\tBudapest &#8211; Multiszint Kft. &#8211; ALKOT\u00c1S SZB-60 tranzit szalag\n\t\t\t\t<\/figcaption><\/figure><figure class='gallery-item'>\n\t\t\t<div class='gallery-icon portrait'>\n\t\t\t\t<a href='https:\/\/alkotaskft.hu\/wp-content\/uploads\/2024\/08\/20240801_115347.jpg'><img loading=\"lazy\" decoding=\"async\" width=\"859\" height=\"900\" src=\"https:\/\/alkotaskft.hu\/wp-content\/uploads\/2024\/08\/20240801_115347.jpg\" class=\"attachment-full size-full\" alt=\"\" aria-describedby=\"gallery-1-5969\" srcset=\"https:\/\/alkotaskft.hu\/wp-content\/uploads\/2024\/08\/20240801_115347.jpg 859w, https:\/\/alkotaskft.hu\/wp-content\/uploads\/2024\/08\/20240801_115347-382x400.jpg 382w, https:\/\/alkotaskft.hu\/wp-content\/uploads\/2024\/08\/20240801_115347-764x800.jpg 764w, https:\/\/alkotaskft.hu\/wp-content\/uploads\/2024\/08\/20240801_115347-768x805.jpg 768w\" sizes=\"auto, (max-width: 859px) 100vw, 859px\" \/><\/a>\n\t\t\t<\/div>\n\t\t\t\t<figcaption class='wp-caption-text gallery-caption' id='gallery-1-5969'>\n\t\t\t\tBudapest &#8211; Multiszint Kft. &#8211; ALKOT\u00c1S SZB-60 tranzit szalag\n\t\t\t\t<\/figcaption><\/figure><figure class='gallery-item'>\n\t\t\t<div class='gallery-icon portrait'>\n\t\t\t\t<a href='https:\/\/alkotaskft.hu\/wp-content\/uploads\/2024\/08\/20240801_115824.jpg'><img loading=\"lazy\" decoding=\"async\" width=\"675\" height=\"900\" src=\"https:\/\/alkotaskft.hu\/wp-content\/uploads\/2024\/08\/20240801_115824.jpg\" class=\"attachment-full size-full\" alt=\"\" aria-describedby=\"gallery-1-5970\" srcset=\"https:\/\/alkotaskft.hu\/wp-content\/uploads\/2024\/08\/20240801_115824.jpg 675w, https:\/\/alkotaskft.hu\/wp-content\/uploads\/2024\/08\/20240801_115824-300x400.jpg 300w, https:\/\/alkotaskft.hu\/wp-content\/uploads\/2024\/08\/20240801_115824-600x800.jpg 600w\" sizes=\"auto, (max-width: 675px) 100vw, 675px\" \/><\/a>\n\t\t\t<\/div>\n\t\t\t\t<figcaption class='wp-caption-text gallery-caption' id='gallery-1-5970'>\n\t\t\t\tBudapest &#8211; Multiszint Kft. &#8211; ALKOT\u00c1S SZB-60 tranzit szalag\n\t\t\t\t<\/figcaption><\/figure><figure class='gallery-item'>\n\t\t\t<div class='gallery-icon portrait'>\n\t\t\t\t<a href='https:\/\/alkotaskft.hu\/wp-content\/uploads\/2024\/08\/20240801_115903.jpg'><img loading=\"lazy\" decoding=\"async\" width=\"675\" height=\"900\" src=\"https:\/\/alkotaskft.hu\/wp-content\/uploads\/2024\/08\/20240801_115903.jpg\" class=\"attachment-full size-full\" alt=\"\" aria-describedby=\"gallery-1-5971\" srcset=\"https:\/\/alkotaskft.hu\/wp-content\/uploads\/2024\/08\/20240801_115903.jpg 675w, https:\/\/alkotaskft.hu\/wp-content\/uploads\/2024\/08\/20240801_115903-300x400.jpg 300w, https:\/\/alkotaskft.hu\/wp-content\/uploads\/2024\/08\/20240801_115903-600x800.jpg 600w\" sizes=\"auto, (max-width: 675px) 100vw, 675px\" \/><\/a>\n\t\t\t<\/div>\n\t\t\t\t<figcaption class='wp-caption-text gallery-caption' id='gallery-1-5971'>\n\t\t\t\tBudapest &#8211; Multiszint Kft. &#8211; ALKOT\u00c1S SZB-60 tranzit szalag\n\t\t\t\t<\/figcaption><\/figure><figure class='gallery-item'>\n\t\t\t<div class='gallery-icon landscape'>\n\t\t\t\t<a href='https:\/\/alkotaskft.hu\/wp-content\/uploads\/2024\/08\/20240801_120032.jpg'><img loading=\"lazy\" decoding=\"async\" width=\"900\" height=\"845\" src=\"https:\/\/alkotaskft.hu\/wp-content\/uploads\/2024\/08\/20240801_120032.jpg\" class=\"attachment-full size-full\" alt=\"\" aria-describedby=\"gallery-1-5972\" srcset=\"https:\/\/alkotaskft.hu\/wp-content\/uploads\/2024\/08\/20240801_120032.jpg 900w, https:\/\/alkotaskft.hu\/wp-content\/uploads\/2024\/08\/20240801_120032-426x400.jpg 426w, https:\/\/alkotaskft.hu\/wp-content\/uploads\/2024\/08\/20240801_120032-852x800.jpg 852w, https:\/\/alkotaskft.hu\/wp-content\/uploads\/2024\/08\/20240801_120032-768x721.jpg 768w\" sizes=\"auto, (max-width: 900px) 100vw, 900px\" \/><\/a>\n\t\t\t<\/div>\n\t\t\t\t<figcaption class='wp-caption-text gallery-caption' id='gallery-1-5972'>\n\t\t\t\tBudapest &#8211; Multiszint Kft. &#8211; ALKOT\u00c1S SZB-60 tranzit szalag\n\t\t\t\t<\/figcaption><\/figure>\n\t\t<\/div>\n\n","protected":false},"excerpt":{"rendered":"<p>\u00c9p\u00edt\u00e9s ideje: 2024.08.1.Be\u00e9p\u00edtett term\u00e9kek:ALKOT\u00c1S SZB-60 20 fm-es er\u0151s\u00edtett, 1000 mm hevederrel szerelt\u00a0 tranzit szalagBe\u00e9p\u00edt\u00e9s helye: Budapest &#8211; Multiszint Kft.<\/p>\n<div class='heateor_sss_sharing_container heateor_sss_vertical_sharing heateor_sss_bottom_sharing' style='width:29px;right: 0px;top: 220px;-webkit-box-shadow:none;box-shadow:none;' data-heateor-sss-href='https:\/\/alkotaskft.hu\/en\/wp-json\/wp\/v2\/pages\/5963'><div class=\"heateor_sss_sharing_ul\"><a aria-label=\"Facebook\" class=\"heateor_sss_facebook\" href=\"https:\/\/www.facebook.com\/sharer\/sharer.php?u=https%3A%2F%2Falkotaskft.hu%2Fen%2Fwp-json%2Fwp%2Fv2%2Fpages%2F5963\" title=\"Facebook\" rel=\"nofollow noopener\" target=\"_blank\" style=\"font-size:32px!important;box-shadow:none;display:inline-block;vertical-align:middle\"><span class=\"heateor_sss_svg\" style=\"background-color:#0765FE;width:25px;height:25px;margin:0;display:inline-block;opacity:1;float:left;font-size:32px;box-shadow:none;display:inline-block;font-size:16px;padding:0 4px;vertical-align:middle;background-repeat:repeat;overflow:hidden;padding:0;cursor:pointer;box-sizing:content-box\"><svg style=\"display:block;\" focusable=\"false\" aria-hidden=\"true\" xmlns=\"http:\/\/www.w3.org\/2000\/svg\" width=\"100%\" height=\"100%\" viewBox=\"0 0 32 32\"><path fill=\"#fff\" d=\"M28 16c0-6.627-5.373-12-12-12S4 9.373 4 16c0 5.628 3.875 10.35 9.101 11.647v-7.98h-2.474V16H13.1v-1.58c0-4.085 1.849-5.978 5.859-5.978.76 0 2.072.15 2.608.298v3.325c-.283-.03-.775-.045-1.386-.045-1.967 0-2.728.745-2.728 2.683V16h3.92l-.673 3.667h-3.247v8.245C23.395 27.195 28 22.135 28 16Z\"><\/path><\/svg><\/span><\/a><a aria-label=\"Twitter\" class=\"heateor_sss_button_twitter\" href=\"https:\/\/twitter.com\/intent\/tweet?text=Alkot%C3%A1s%20Kft.%20-%20&url=https%3A%2F%2Falkotaskft.hu%2Fen%2Fwp-json%2Fwp%2Fv2%2Fpages%2F5963\" title=\"Twitter\" rel=\"nofollow noopener\" target=\"_blank\" style=\"font-size:32px!important;box-shadow:none;display:inline-block;vertical-align:middle\"><span class=\"heateor_sss_svg heateor_sss_s__default heateor_sss_s_twitter\" style=\"background-color:#55acee;width:25px;height:25px;margin:0;display:inline-block;opacity:1;float:left;font-size:32px;box-shadow:none;display:inline-block;font-size:16px;padding:0 4px;vertical-align:middle;background-repeat:repeat;overflow:hidden;padding:0;cursor:pointer;box-sizing:content-box\"><svg style=\"display:block;\" focusable=\"false\" aria-hidden=\"true\" xmlns=\"http:\/\/www.w3.org\/2000\/svg\" width=\"100%\" height=\"100%\" viewBox=\"-4 -4 39 39\"><path d=\"M28 8.557a9.913 9.913 0 0 1-2.828.775 4.93 4.93 0 0 0 2.166-2.725 9.738 9.738 0 0 1-3.13 1.194 4.92 4.92 0 0 0-3.593-1.55 4.924 4.924 0 0 0-4.794 6.049c-4.09-.21-7.72-2.17-10.15-5.15a4.942 4.942 0 0 0-.665 2.477c0 1.71.87 3.214 2.19 4.1a4.968 4.968 0 0 1-2.23-.616v.06c0 2.39 1.7 4.38 3.952 4.83-.414.115-.85.174-1.297.174-.318 0-.626-.03-.928-.086a4.935 4.935 0 0 0 4.6 3.42 9.893 9.893 0 0 1-6.114 2.107c-.398 0-.79-.023-1.175-.068a13.953 13.953 0 0 0 7.55 2.213c9.056 0 14.01-7.507 14.01-14.013 0-.213-.005-.426-.015-.637.96-.695 1.795-1.56 2.455-2.55z\" fill=\"#fff\"><\/path><\/svg><\/span><\/a><a class=\"heateor_sss_more\" aria-label=\"More\" title=\"More\" rel=\"nofollow noopener\" style=\"font-size: 32px!important;border:0;box-shadow:none;display:inline-block!important;font-size:16px;padding:0 4px;vertical-align: middle;display:inline;\" href=\"https:\/\/alkotaskft.hu\/en\/wp-json\/wp\/v2\/pages\/5963\" onclick=\"event.preventDefault()\"><span class=\"heateor_sss_svg\" style=\"background-color:#ee8e2d;width:25px;height:25px;margin:0;display:inline-block!important;opacity:1;float:left;font-size:32px!important;box-shadow:none;display:inline-block;font-size:16px;padding:0 4px;vertical-align:middle;display:inline;background-repeat:repeat;overflow:hidden;padding:0;cursor:pointer;box-sizing:content-box;\" onclick=\"heateorSssMoreSharingPopup(this, 'https:\/\/alkotaskft.hu\/en\/wp-json\/wp\/v2\/pages\/5963', 'Alkot%C3%A1s%20Kft.%20-%20', '' )\"><svg xmlns=\"http:\/\/www.w3.org\/2000\/svg\" xmlns:xlink=\"http:\/\/www.w3.org\/1999\/xlink\" viewBox=\"-.3 0 32 32\" version=\"1.1\" width=\"100%\" height=\"100%\" style=\"display:block;\" xml:space=\"preserve\"><g><path fill=\"#fff\" d=\"M18 14V8h-4v6H8v4h6v6h4v-6h6v-4h-6z\" fill-rule=\"evenodd\"><\/path><\/g><\/svg><\/span><\/a><\/div><div class=\"heateorSssClear\"><\/div><\/div>","protected":false},"author":3,"featured_media":0,"parent":0,"menu_order":0,"comment_status":"closed","ping_status":"closed","template":"","meta":{"_acf_changed":false,"footnotes":""},"categories":[],"tags":[],"class_list":["post-5963","page","type-page","status-publish","hentry"],"yoast_head":"<!-- This site is optimized with the Yoast SEO plugin v27.5 - https:\/\/yoast.com\/product\/yoast-seo-wordpress\/ -->\n<title>Munk\u00e1ink - Budapest - Alkot\u00e1s Kft.<\/title>\n<meta name=\"robots\" content=\"index, follow, max-snippet:-1, max-image-preview:large, max-video-preview:-1\" \/>\n<link rel=\"canonical\" href=\"https:\/\/alkotaskft.hu\/munkaink-budapest\/\" \/>\n<meta property=\"og:locale\" content=\"en_US\" \/>\n<meta property=\"og:type\" content=\"article\" \/>\n<meta property=\"og:title\" content=\"Munk\u00e1ink - Budapest - Alkot\u00e1s Kft.\" \/>\n<meta property=\"og:description\" content=\"\u00c9p\u00edt\u00e9s ideje: 2024.08.1.Be\u00e9p\u00edtett term\u00e9kek:ALKOT\u00c1S SZB-60 20 fm-es er\u0151s\u00edtett, 1000 mm hevederrel szerelt\u00a0 tranzit szalagBe\u00e9p\u00edt\u00e9s helye: Budapest &#8211; Multiszint Kft.\" \/>\n<meta property=\"og:url\" content=\"https:\/\/alkotaskft.hu\/munkaink-budapest\/\" \/>\n<meta property=\"og:site_name\" content=\"Alkot\u00e1s Kft.\" \/>\n<meta property=\"article:modified_time\" content=\"2024-08-07T11:48:14+00:00\" \/>\n<meta property=\"og:image\" content=\"https:\/\/alkotaskft.hu\/wp-content\/uploads\/2024\/08\/20240801_120113.jpg\" \/>\n<meta name=\"twitter:card\" content=\"summary_large_image\" \/>\n<script type=\"application\/ld+json\" class=\"yoast-schema-graph\">{\"@context\":\"https:\\\/\\\/schema.org\",\"@graph\":[{\"@type\":\"WebPage\",\"@id\":\"https:\\\/\\\/alkotaskft.hu\\\/munkaink-budapest\\\/\",\"url\":\"https:\\\/\\\/alkotaskft.hu\\\/munkaink-budapest\\\/\",\"name\":\"Munk\u00e1ink - Budapest - Alkot\u00e1s Kft.\",\"isPartOf\":{\"@id\":\"https:\\\/\\\/alkotaskft.hu\\\/#website\"},\"datePublished\":\"2024-08-07T11:43:44+00:00\",\"dateModified\":\"2024-08-07T11:48:14+00:00\",\"breadcrumb\":{\"@id\":\"https:\\\/\\\/alkotaskft.hu\\\/munkaink-budapest\\\/#breadcrumb\"},\"inLanguage\":\"en-US\",\"potentialAction\":[{\"@type\":\"ReadAction\",\"target\":[\"https:\\\/\\\/alkotaskft.hu\\\/munkaink-budapest\\\/\"]}]},{\"@type\":\"BreadcrumbList\",\"@id\":\"https:\\\/\\\/alkotaskft.hu\\\/munkaink-budapest\\\/#breadcrumb\",\"itemListElement\":[{\"@type\":\"ListItem\",\"position\":1,\"name\":\"Home\",\"item\":\"https:\\\/\\\/alkotaskft.hu\\\/\"},{\"@type\":\"ListItem\",\"position\":2,\"name\":\"Munk\u00e1ink &#8211; Budapest\"}]},{\"@type\":\"WebSite\",\"@id\":\"https:\\\/\\\/alkotaskft.hu\\\/#website\",\"url\":\"https:\\\/\\\/alkotaskft.hu\\\/\",\"name\":\"Alkot\u00e1s Kft.\",\"description\":\"\",\"potentialAction\":[{\"@type\":\"SearchAction\",\"target\":{\"@type\":\"EntryPoint\",\"urlTemplate\":\"https:\\\/\\\/alkotaskft.hu\\\/?s={search_term_string}\"},\"query-input\":{\"@type\":\"PropertyValueSpecification\",\"valueRequired\":true,\"valueName\":\"search_term_string\"}}],\"inLanguage\":\"en-US\"}]}<\/script>\n<!-- \/ Yoast SEO plugin. -->","yoast_head_json":{"title":"Munk\u00e1ink - Budapest - Alkot\u00e1s Kft.","robots":{"index":"index","follow":"follow","max-snippet":"max-snippet:-1","max-image-preview":"max-image-preview:large","max-video-preview":"max-video-preview:-1"},"canonical":"https:\/\/alkotaskft.hu\/munkaink-budapest\/","og_locale":"en_US","og_type":"article","og_title":"Munk\u00e1ink - Budapest - Alkot\u00e1s Kft.","og_description":"\u00c9p\u00edt\u00e9s ideje: 2024.08.1.Be\u00e9p\u00edtett term\u00e9kek:ALKOT\u00c1S SZB-60 20 fm-es er\u0151s\u00edtett, 1000 mm hevederrel szerelt\u00a0 tranzit szalagBe\u00e9p\u00edt\u00e9s helye: Budapest &#8211; Multiszint Kft.","og_url":"https:\/\/alkotaskft.hu\/munkaink-budapest\/","og_site_name":"Alkot\u00e1s Kft.","article_modified_time":"2024-08-07T11:48:14+00:00","og_image":[{"url":"https:\/\/alkotaskft.hu\/wp-content\/uploads\/2024\/08\/20240801_120113.jpg","type":"","width":"","height":""}],"twitter_card":"summary_large_image","schema":{"@context":"https:\/\/schema.org","@graph":[{"@type":"WebPage","@id":"https:\/\/alkotaskft.hu\/munkaink-budapest\/","url":"https:\/\/alkotaskft.hu\/munkaink-budapest\/","name":"Munk\u00e1ink - Budapest - Alkot\u00e1s Kft.","isPartOf":{"@id":"https:\/\/alkotaskft.hu\/#website"},"datePublished":"2024-08-07T11:43:44+00:00","dateModified":"2024-08-07T11:48:14+00:00","breadcrumb":{"@id":"https:\/\/alkotaskft.hu\/munkaink-budapest\/#breadcrumb"},"inLanguage":"en-US","potentialAction":[{"@type":"ReadAction","target":["https:\/\/alkotaskft.hu\/munkaink-budapest\/"]}]},{"@type":"BreadcrumbList","@id":"https:\/\/alkotaskft.hu\/munkaink-budapest\/#breadcrumb","itemListElement":[{"@type":"ListItem","position":1,"name":"Home","item":"https:\/\/alkotaskft.hu\/"},{"@type":"ListItem","position":2,"name":"Munk\u00e1ink &#8211; Budapest"}]},{"@type":"WebSite","@id":"https:\/\/alkotaskft.hu\/#website","url":"https:\/\/alkotaskft.hu\/","name":"Alkot\u00e1s Kft.","description":"","potentialAction":[{"@type":"SearchAction","target":{"@type":"EntryPoint","urlTemplate":"https:\/\/alkotaskft.hu\/?s={search_term_string}"},"query-input":{"@type":"PropertyValueSpecification","valueRequired":true,"valueName":"search_term_string"}}],"inLanguage":"en-US"}]}},"acf":[],"_links":{"self":[{"href":"https:\/\/alkotaskft.hu\/en\/wp-json\/wp\/v2\/pages\/5963","targetHints":{"allow":["GET"]}}],"collection":[{"href":"https:\/\/alkotaskft.hu\/en\/wp-json\/wp\/v2\/pages"}],"about":[{"href":"https:\/\/alkotaskft.hu\/en\/wp-json\/wp\/v2\/types\/page"}],"author":[{"embeddable":true,"href":"https:\/\/alkotaskft.hu\/en\/wp-json\/wp\/v2\/users\/3"}],"replies":[{"embeddable":true,"href":"https:\/\/alkotaskft.hu\/en\/wp-json\/wp\/v2\/comments?post=5963"}],"version-history":[{"count":2,"href":"https:\/\/alkotaskft.hu\/en\/wp-json\/wp\/v2\/pages\/5963\/revisions"}],"predecessor-version":[{"id":5977,"href":"https:\/\/alkotaskft.hu\/en\/wp-json\/wp\/v2\/pages\/5963\/revisions\/5977"}],"wp:attachment":[{"href":"https:\/\/alkotaskft.hu\/en\/wp-json\/wp\/v2\/media?parent=5963"}],"wp:term":[{"taxonomy":"category","embeddable":true,"href":"https:\/\/alkotaskft.hu\/en\/wp-json\/wp\/v2\/categories?post=5963"},{"taxonomy":"post_tag","embeddable":true,"href":"https:\/\/alkotaskft.hu\/en\/wp-json\/wp\/v2\/tags?post=5963"}],"curies":[{"name":"wp","href":"https:\/\/api.w.org\/{rel}","templated":true}]}}