{"id":5803,"date":"2024-04-05T09:13:01","date_gmt":"2024-04-05T08:13:01","guid":{"rendered":"https:\/\/alkotaskft.hu\/?page_id=5803"},"modified":"2024-04-05T09:23:23","modified_gmt":"2024-04-05T08:23:23","slug":"nagykallo-stock-jozsef-gabor","status":"publish","type":"page","link":"https:\/\/alkotaskft.hu\/en\/nagykallo-stock-jozsef-gabor\/","title":{"rendered":"Nagyk\u00e1ll\u00f3 &#8211; Stock J\u00f3zsef G\u00e1bor"},"content":{"rendered":"<h4 style=\"text-align: center;\">Gy\u00e1rt\u00e1s ideje: 2024.03.22.- 04.03.<br \/>Gy\u00e1rtott term\u00e9kek:<br \/>ALKOT\u00c1S LSZ-40 hajl\u00edtott v\u00e1zas l\u00e1ncos, garatos sz\u00e1ll\u00edt\u00f3 (garat r\u00e9dler) 10 fm-es<br \/>ALKOT\u00c1S ASF-40 serleges felvon\u00f3 10,2 fm-es<br \/>Be\u00e9p\u00edt\u00e9s helye: Nagyk\u00e1ll\u00f3 &#8211; Stock J\u00f3zsef G\u00e1bor<\/h4>\n<div id='gallery-1' class='gallery galleryid-5803 gallery-columns-4 gallery-size-full'><figure class='gallery-item'>\n\t\t\t<div class='gallery-icon landscape'>\n\t\t\t\t<a href='https:\/\/alkotaskft.hu\/wp-content\/uploads\/2024\/04\/20240403_152253.jpg'><img loading=\"lazy\" decoding=\"async\" width=\"900\" height=\"544\" src=\"https:\/\/alkotaskft.hu\/wp-content\/uploads\/2024\/04\/20240403_152253.jpg\" class=\"attachment-full size-full\" alt=\"\" aria-describedby=\"gallery-1-5806\" srcset=\"https:\/\/alkotaskft.hu\/wp-content\/uploads\/2024\/04\/20240403_152253.jpg 900w, https:\/\/alkotaskft.hu\/wp-content\/uploads\/2024\/04\/20240403_152253-662x400.jpg 662w, https:\/\/alkotaskft.hu\/wp-content\/uploads\/2024\/04\/20240403_152253-768x464.jpg 768w\" sizes=\"auto, (max-width: 900px) 100vw, 900px\" \/><\/a>\n\t\t\t<\/div>\n\t\t\t\t<figcaption class='wp-caption-text gallery-caption' id='gallery-1-5806'>\n\t\t\t\tNagyk\u00e1ll\u00f3 &#8211; Stock J\u00f3zsef G\u00e1bor\n\t\t\t\t<\/figcaption><\/figure><figure class='gallery-item'>\n\t\t\t<div class='gallery-icon landscape'>\n\t\t\t\t<a href='https:\/\/alkotaskft.hu\/wp-content\/uploads\/2024\/04\/20240403_152302.jpg'><img loading=\"lazy\" decoding=\"async\" width=\"900\" height=\"274\" src=\"https:\/\/alkotaskft.hu\/wp-content\/uploads\/2024\/04\/20240403_152302.jpg\" class=\"attachment-full size-full\" alt=\"\" aria-describedby=\"gallery-1-5807\" srcset=\"https:\/\/alkotaskft.hu\/wp-content\/uploads\/2024\/04\/20240403_152302.jpg 900w, https:\/\/alkotaskft.hu\/wp-content\/uploads\/2024\/04\/20240403_152302-800x244.jpg 800w, https:\/\/alkotaskft.hu\/wp-content\/uploads\/2024\/04\/20240403_152302-768x234.jpg 768w\" sizes=\"auto, (max-width: 900px) 100vw, 900px\" \/><\/a>\n\t\t\t<\/div>\n\t\t\t\t<figcaption class='wp-caption-text gallery-caption' id='gallery-1-5807'>\n\t\t\t\tNagyk\u00e1ll\u00f3 &#8211; Stock J\u00f3zsef G\u00e1bor\n\t\t\t\t<\/figcaption><\/figure><figure class='gallery-item'>\n\t\t\t<div class='gallery-icon landscape'>\n\t\t\t\t<a href='https:\/\/alkotaskft.hu\/wp-content\/uploads\/2024\/04\/20240403_152319.jpg'><img loading=\"lazy\" decoding=\"async\" width=\"900\" height=\"777\" src=\"https:\/\/alkotaskft.hu\/wp-content\/uploads\/2024\/04\/20240403_152319.jpg\" class=\"attachment-full size-full\" alt=\"\" aria-describedby=\"gallery-1-5808\" srcset=\"https:\/\/alkotaskft.hu\/wp-content\/uploads\/2024\/04\/20240403_152319.jpg 900w, https:\/\/alkotaskft.hu\/wp-content\/uploads\/2024\/04\/20240403_152319-463x400.jpg 463w, https:\/\/alkotaskft.hu\/wp-content\/uploads\/2024\/04\/20240403_152319-768x663.jpg 768w\" sizes=\"auto, (max-width: 900px) 100vw, 900px\" \/><\/a>\n\t\t\t<\/div>\n\t\t\t\t<figcaption class='wp-caption-text gallery-caption' id='gallery-1-5808'>\n\t\t\t\tNagyk\u00e1ll\u00f3 &#8211; Stock J\u00f3zsef G\u00e1bor\n\t\t\t\t<\/figcaption><\/figure><figure class='gallery-item'>\n\t\t\t<div class='gallery-icon landscape'>\n\t\t\t\t<a href='https:\/\/alkotaskft.hu\/wp-content\/uploads\/2024\/04\/20240403_152326.jpg'><img loading=\"lazy\" decoding=\"async\" width=\"900\" height=\"357\" src=\"https:\/\/alkotaskft.hu\/wp-content\/uploads\/2024\/04\/20240403_152326.jpg\" class=\"attachment-full size-full\" alt=\"\" aria-describedby=\"gallery-1-5809\" srcset=\"https:\/\/alkotaskft.hu\/wp-content\/uploads\/2024\/04\/20240403_152326.jpg 900w, https:\/\/alkotaskft.hu\/wp-content\/uploads\/2024\/04\/20240403_152326-800x317.jpg 800w, https:\/\/alkotaskft.hu\/wp-content\/uploads\/2024\/04\/20240403_152326-768x305.jpg 768w\" sizes=\"auto, (max-width: 900px) 100vw, 900px\" \/><\/a>\n\t\t\t<\/div>\n\t\t\t\t<figcaption class='wp-caption-text gallery-caption' id='gallery-1-5809'>\n\t\t\t\tNagyk\u00e1ll\u00f3 &#8211; Stock J\u00f3zsef G\u00e1bor\n\t\t\t\t<\/figcaption><\/figure><figure class='gallery-item'>\n\t\t\t<div class='gallery-icon landscape'>\n\t\t\t\t<a href='https:\/\/alkotaskft.hu\/wp-content\/uploads\/2024\/04\/20240403_152343.jpg'><img loading=\"lazy\" decoding=\"async\" width=\"900\" height=\"216\" src=\"https:\/\/alkotaskft.hu\/wp-content\/uploads\/2024\/04\/20240403_152343.jpg\" class=\"attachment-full size-full\" alt=\"\" aria-describedby=\"gallery-1-5810\" srcset=\"https:\/\/alkotaskft.hu\/wp-content\/uploads\/2024\/04\/20240403_152343.jpg 900w, https:\/\/alkotaskft.hu\/wp-content\/uploads\/2024\/04\/20240403_152343-800x192.jpg 800w, https:\/\/alkotaskft.hu\/wp-content\/uploads\/2024\/04\/20240403_152343-768x184.jpg 768w\" sizes=\"auto, (max-width: 900px) 100vw, 900px\" \/><\/a>\n\t\t\t<\/div>\n\t\t\t\t<figcaption class='wp-caption-text gallery-caption' id='gallery-1-5810'>\n\t\t\t\tNagyk\u00e1ll\u00f3 &#8211; Stock J\u00f3zsef G\u00e1bor\n\t\t\t\t<\/figcaption><\/figure><figure class='gallery-item'>\n\t\t\t<div class='gallery-icon portrait'>\n\t\t\t\t<a href='https:\/\/alkotaskft.hu\/wp-content\/uploads\/2024\/04\/20240403_152400.jpg'><img loading=\"lazy\" decoding=\"async\" width=\"562\" height=\"900\" src=\"https:\/\/alkotaskft.hu\/wp-content\/uploads\/2024\/04\/20240403_152400.jpg\" class=\"attachment-full size-full\" alt=\"\" aria-describedby=\"gallery-1-5811\" srcset=\"https:\/\/alkotaskft.hu\/wp-content\/uploads\/2024\/04\/20240403_152400.jpg 562w, https:\/\/alkotaskft.hu\/wp-content\/uploads\/2024\/04\/20240403_152400-250x400.jpg 250w, https:\/\/alkotaskft.hu\/wp-content\/uploads\/2024\/04\/20240403_152400-500x800.jpg 500w\" sizes=\"auto, (max-width: 562px) 100vw, 562px\" \/><\/a>\n\t\t\t<\/div>\n\t\t\t\t<figcaption class='wp-caption-text gallery-caption' id='gallery-1-5811'>\n\t\t\t\tNagyk\u00e1ll\u00f3 &#8211; Stock J\u00f3zsef G\u00e1bor\n\t\t\t\t<\/figcaption><\/figure>\n\t\t<\/div>\n\n","protected":false},"excerpt":{"rendered":"<p>Gy\u00e1rt\u00e1s ideje: 2024.03.22.- 04.03.Gy\u00e1rtott term\u00e9kek:ALKOT\u00c1S LSZ-40 hajl\u00edtott v\u00e1zas l\u00e1ncos, garatos sz\u00e1ll\u00edt\u00f3 (garat r\u00e9dler) 10 fm-esALKOT\u00c1S ASF-40 serleges felvon\u00f3 10,2 fm-esBe\u00e9p\u00edt\u00e9s helye: Nagyk\u00e1ll\u00f3 &#8211; Stock J\u00f3zsef G\u00e1bor<\/p>\n<div class='heateor_sss_sharing_container heateor_sss_vertical_sharing heateor_sss_bottom_sharing' style='width:29px;right: 0px;top: 220px;-webkit-box-shadow:none;box-shadow:none;' data-heateor-sss-href='https:\/\/alkotaskft.hu\/en\/wp-json\/wp\/v2\/pages\/5803'><div class=\"heateor_sss_sharing_ul\"><a aria-label=\"Facebook\" class=\"heateor_sss_facebook\" href=\"https:\/\/www.facebook.com\/sharer\/sharer.php?u=https%3A%2F%2Falkotaskft.hu%2Fen%2Fwp-json%2Fwp%2Fv2%2Fpages%2F5803\" title=\"Facebook\" rel=\"nofollow noopener\" target=\"_blank\" style=\"font-size:32px!important;box-shadow:none;display:inline-block;vertical-align:middle\"><span class=\"heateor_sss_svg\" style=\"background-color:#0765FE;width:25px;height:25px;margin:0;display:inline-block;opacity:1;float:left;font-size:32px;box-shadow:none;display:inline-block;font-size:16px;padding:0 4px;vertical-align:middle;background-repeat:repeat;overflow:hidden;padding:0;cursor:pointer;box-sizing:content-box\"><svg style=\"display:block;\" focusable=\"false\" aria-hidden=\"true\" xmlns=\"http:\/\/www.w3.org\/2000\/svg\" width=\"100%\" height=\"100%\" viewBox=\"0 0 32 32\"><path fill=\"#fff\" d=\"M28 16c0-6.627-5.373-12-12-12S4 9.373 4 16c0 5.628 3.875 10.35 9.101 11.647v-7.98h-2.474V16H13.1v-1.58c0-4.085 1.849-5.978 5.859-5.978.76 0 2.072.15 2.608.298v3.325c-.283-.03-.775-.045-1.386-.045-1.967 0-2.728.745-2.728 2.683V16h3.92l-.673 3.667h-3.247v8.245C23.395 27.195 28 22.135 28 16Z\"><\/path><\/svg><\/span><\/a><a aria-label=\"Twitter\" class=\"heateor_sss_button_twitter\" href=\"https:\/\/twitter.com\/intent\/tweet?text=Alkot%C3%A1s%20Kft.%20-%20&url=https%3A%2F%2Falkotaskft.hu%2Fen%2Fwp-json%2Fwp%2Fv2%2Fpages%2F5803\" title=\"Twitter\" rel=\"nofollow noopener\" target=\"_blank\" style=\"font-size:32px!important;box-shadow:none;display:inline-block;vertical-align:middle\"><span class=\"heateor_sss_svg heateor_sss_s__default heateor_sss_s_twitter\" style=\"background-color:#55acee;width:25px;height:25px;margin:0;display:inline-block;opacity:1;float:left;font-size:32px;box-shadow:none;display:inline-block;font-size:16px;padding:0 4px;vertical-align:middle;background-repeat:repeat;overflow:hidden;padding:0;cursor:pointer;box-sizing:content-box\"><svg style=\"display:block;\" focusable=\"false\" aria-hidden=\"true\" xmlns=\"http:\/\/www.w3.org\/2000\/svg\" width=\"100%\" height=\"100%\" viewBox=\"-4 -4 39 39\"><path d=\"M28 8.557a9.913 9.913 0 0 1-2.828.775 4.93 4.93 0 0 0 2.166-2.725 9.738 9.738 0 0 1-3.13 1.194 4.92 4.92 0 0 0-3.593-1.55 4.924 4.924 0 0 0-4.794 6.049c-4.09-.21-7.72-2.17-10.15-5.15a4.942 4.942 0 0 0-.665 2.477c0 1.71.87 3.214 2.19 4.1a4.968 4.968 0 0 1-2.23-.616v.06c0 2.39 1.7 4.38 3.952 4.83-.414.115-.85.174-1.297.174-.318 0-.626-.03-.928-.086a4.935 4.935 0 0 0 4.6 3.42 9.893 9.893 0 0 1-6.114 2.107c-.398 0-.79-.023-1.175-.068a13.953 13.953 0 0 0 7.55 2.213c9.056 0 14.01-7.507 14.01-14.013 0-.213-.005-.426-.015-.637.96-.695 1.795-1.56 2.455-2.55z\" fill=\"#fff\"><\/path><\/svg><\/span><\/a><a class=\"heateor_sss_more\" aria-label=\"More\" title=\"More\" rel=\"nofollow noopener\" style=\"font-size: 32px!important;border:0;box-shadow:none;display:inline-block!important;font-size:16px;padding:0 4px;vertical-align: middle;display:inline;\" href=\"https:\/\/alkotaskft.hu\/en\/wp-json\/wp\/v2\/pages\/5803\" onclick=\"event.preventDefault()\"><span class=\"heateor_sss_svg\" style=\"background-color:#ee8e2d;width:25px;height:25px;margin:0;display:inline-block!important;opacity:1;float:left;font-size:32px!important;box-shadow:none;display:inline-block;font-size:16px;padding:0 4px;vertical-align:middle;display:inline;background-repeat:repeat;overflow:hidden;padding:0;cursor:pointer;box-sizing:content-box;\" onclick=\"heateorSssMoreSharingPopup(this, 'https:\/\/alkotaskft.hu\/en\/wp-json\/wp\/v2\/pages\/5803', 'Alkot%C3%A1s%20Kft.%20-%20', '' )\"><svg xmlns=\"http:\/\/www.w3.org\/2000\/svg\" xmlns:xlink=\"http:\/\/www.w3.org\/1999\/xlink\" viewBox=\"-.3 0 32 32\" version=\"1.1\" width=\"100%\" height=\"100%\" style=\"display:block;\" xml:space=\"preserve\"><g><path fill=\"#fff\" d=\"M18 14V8h-4v6H8v4h6v6h4v-6h6v-4h-6z\" fill-rule=\"evenodd\"><\/path><\/g><\/svg><\/span><\/a><\/div><div class=\"heateorSssClear\"><\/div><\/div>","protected":false},"author":3,"featured_media":0,"parent":0,"menu_order":0,"comment_status":"closed","ping_status":"closed","template":"","meta":{"_acf_changed":false,"footnotes":""},"categories":[],"tags":[],"class_list":["post-5803","page","type-page","status-publish","hentry"],"yoast_head":"<!-- This site is optimized with the Yoast SEO plugin v27.4 - https:\/\/yoast.com\/product\/yoast-seo-wordpress\/ -->\n<title>Nagyk\u00e1ll\u00f3 - Stock J\u00f3zsef G\u00e1bor - Alkot\u00e1s Kft.<\/title>\n<meta name=\"robots\" content=\"index, follow, max-snippet:-1, max-image-preview:large, max-video-preview:-1\" \/>\n<link rel=\"canonical\" href=\"https:\/\/alkotaskft.hu\/nagykallo-stock-jozsef-gabor\/\" \/>\n<meta property=\"og:locale\" content=\"en_US\" \/>\n<meta property=\"og:type\" content=\"article\" \/>\n<meta property=\"og:title\" content=\"Nagyk\u00e1ll\u00f3 - Stock J\u00f3zsef G\u00e1bor - Alkot\u00e1s Kft.\" \/>\n<meta property=\"og:description\" content=\"Gy\u00e1rt\u00e1s ideje: 2024.03.22.- 04.03.Gy\u00e1rtott term\u00e9kek:ALKOT\u00c1S LSZ-40 hajl\u00edtott v\u00e1zas l\u00e1ncos, garatos sz\u00e1ll\u00edt\u00f3 (garat r\u00e9dler) 10 fm-esALKOT\u00c1S ASF-40 serleges felvon\u00f3 10,2 fm-esBe\u00e9p\u00edt\u00e9s helye: Nagyk\u00e1ll\u00f3 &#8211; Stock J\u00f3zsef G\u00e1bor\" \/>\n<meta property=\"og:url\" content=\"https:\/\/alkotaskft.hu\/nagykallo-stock-jozsef-gabor\/\" \/>\n<meta property=\"og:site_name\" content=\"Alkot\u00e1s Kft.\" \/>\n<meta property=\"article:modified_time\" content=\"2024-04-05T08:23:23+00:00\" \/>\n<meta property=\"og:image\" content=\"https:\/\/alkotaskft.hu\/wp-content\/uploads\/2024\/04\/20240403_152253.jpg\" \/>\n<meta name=\"twitter:card\" content=\"summary_large_image\" \/>\n<script type=\"application\/ld+json\" class=\"yoast-schema-graph\">{\"@context\":\"https:\\\/\\\/schema.org\",\"@graph\":[{\"@type\":\"WebPage\",\"@id\":\"https:\\\/\\\/alkotaskft.hu\\\/nagykallo-stock-jozsef-gabor\\\/\",\"url\":\"https:\\\/\\\/alkotaskft.hu\\\/nagykallo-stock-jozsef-gabor\\\/\",\"name\":\"Nagyk\u00e1ll\u00f3 - Stock J\u00f3zsef G\u00e1bor - Alkot\u00e1s Kft.\",\"isPartOf\":{\"@id\":\"https:\\\/\\\/alkotaskft.hu\\\/#website\"},\"datePublished\":\"2024-04-05T08:13:01+00:00\",\"dateModified\":\"2024-04-05T08:23:23+00:00\",\"breadcrumb\":{\"@id\":\"https:\\\/\\\/alkotaskft.hu\\\/nagykallo-stock-jozsef-gabor\\\/#breadcrumb\"},\"inLanguage\":\"en-US\",\"potentialAction\":[{\"@type\":\"ReadAction\",\"target\":[\"https:\\\/\\\/alkotaskft.hu\\\/nagykallo-stock-jozsef-gabor\\\/\"]}]},{\"@type\":\"BreadcrumbList\",\"@id\":\"https:\\\/\\\/alkotaskft.hu\\\/nagykallo-stock-jozsef-gabor\\\/#breadcrumb\",\"itemListElement\":[{\"@type\":\"ListItem\",\"position\":1,\"name\":\"Home\",\"item\":\"https:\\\/\\\/alkotaskft.hu\\\/\"},{\"@type\":\"ListItem\",\"position\":2,\"name\":\"Nagyk\u00e1ll\u00f3 &#8211; Stock J\u00f3zsef G\u00e1bor\"}]},{\"@type\":\"WebSite\",\"@id\":\"https:\\\/\\\/alkotaskft.hu\\\/#website\",\"url\":\"https:\\\/\\\/alkotaskft.hu\\\/\",\"name\":\"Alkot\u00e1s Kft.\",\"description\":\"\",\"potentialAction\":[{\"@type\":\"SearchAction\",\"target\":{\"@type\":\"EntryPoint\",\"urlTemplate\":\"https:\\\/\\\/alkotaskft.hu\\\/?s={search_term_string}\"},\"query-input\":{\"@type\":\"PropertyValueSpecification\",\"valueRequired\":true,\"valueName\":\"search_term_string\"}}],\"inLanguage\":\"en-US\"}]}<\/script>\n<!-- \/ Yoast SEO plugin. -->","yoast_head_json":{"title":"Nagyk\u00e1ll\u00f3 - Stock J\u00f3zsef G\u00e1bor - Alkot\u00e1s Kft.","robots":{"index":"index","follow":"follow","max-snippet":"max-snippet:-1","max-image-preview":"max-image-preview:large","max-video-preview":"max-video-preview:-1"},"canonical":"https:\/\/alkotaskft.hu\/nagykallo-stock-jozsef-gabor\/","og_locale":"en_US","og_type":"article","og_title":"Nagyk\u00e1ll\u00f3 - Stock J\u00f3zsef G\u00e1bor - Alkot\u00e1s Kft.","og_description":"Gy\u00e1rt\u00e1s ideje: 2024.03.22.- 04.03.Gy\u00e1rtott term\u00e9kek:ALKOT\u00c1S LSZ-40 hajl\u00edtott v\u00e1zas l\u00e1ncos, garatos sz\u00e1ll\u00edt\u00f3 (garat r\u00e9dler) 10 fm-esALKOT\u00c1S ASF-40 serleges felvon\u00f3 10,2 fm-esBe\u00e9p\u00edt\u00e9s helye: Nagyk\u00e1ll\u00f3 &#8211; Stock J\u00f3zsef G\u00e1bor","og_url":"https:\/\/alkotaskft.hu\/nagykallo-stock-jozsef-gabor\/","og_site_name":"Alkot\u00e1s Kft.","article_modified_time":"2024-04-05T08:23:23+00:00","og_image":[{"url":"https:\/\/alkotaskft.hu\/wp-content\/uploads\/2024\/04\/20240403_152253.jpg","type":"","width":"","height":""}],"twitter_card":"summary_large_image","schema":{"@context":"https:\/\/schema.org","@graph":[{"@type":"WebPage","@id":"https:\/\/alkotaskft.hu\/nagykallo-stock-jozsef-gabor\/","url":"https:\/\/alkotaskft.hu\/nagykallo-stock-jozsef-gabor\/","name":"Nagyk\u00e1ll\u00f3 - Stock J\u00f3zsef G\u00e1bor - Alkot\u00e1s Kft.","isPartOf":{"@id":"https:\/\/alkotaskft.hu\/#website"},"datePublished":"2024-04-05T08:13:01+00:00","dateModified":"2024-04-05T08:23:23+00:00","breadcrumb":{"@id":"https:\/\/alkotaskft.hu\/nagykallo-stock-jozsef-gabor\/#breadcrumb"},"inLanguage":"en-US","potentialAction":[{"@type":"ReadAction","target":["https:\/\/alkotaskft.hu\/nagykallo-stock-jozsef-gabor\/"]}]},{"@type":"BreadcrumbList","@id":"https:\/\/alkotaskft.hu\/nagykallo-stock-jozsef-gabor\/#breadcrumb","itemListElement":[{"@type":"ListItem","position":1,"name":"Home","item":"https:\/\/alkotaskft.hu\/"},{"@type":"ListItem","position":2,"name":"Nagyk\u00e1ll\u00f3 &#8211; Stock J\u00f3zsef G\u00e1bor"}]},{"@type":"WebSite","@id":"https:\/\/alkotaskft.hu\/#website","url":"https:\/\/alkotaskft.hu\/","name":"Alkot\u00e1s Kft.","description":"","potentialAction":[{"@type":"SearchAction","target":{"@type":"EntryPoint","urlTemplate":"https:\/\/alkotaskft.hu\/?s={search_term_string}"},"query-input":{"@type":"PropertyValueSpecification","valueRequired":true,"valueName":"search_term_string"}}],"inLanguage":"en-US"}]}},"acf":[],"_links":{"self":[{"href":"https:\/\/alkotaskft.hu\/en\/wp-json\/wp\/v2\/pages\/5803","targetHints":{"allow":["GET"]}}],"collection":[{"href":"https:\/\/alkotaskft.hu\/en\/wp-json\/wp\/v2\/pages"}],"about":[{"href":"https:\/\/alkotaskft.hu\/en\/wp-json\/wp\/v2\/types\/page"}],"author":[{"embeddable":true,"href":"https:\/\/alkotaskft.hu\/en\/wp-json\/wp\/v2\/users\/3"}],"replies":[{"embeddable":true,"href":"https:\/\/alkotaskft.hu\/en\/wp-json\/wp\/v2\/comments?post=5803"}],"version-history":[{"count":3,"href":"https:\/\/alkotaskft.hu\/en\/wp-json\/wp\/v2\/pages\/5803\/revisions"}],"predecessor-version":[{"id":5812,"href":"https:\/\/alkotaskft.hu\/en\/wp-json\/wp\/v2\/pages\/5803\/revisions\/5812"}],"wp:attachment":[{"href":"https:\/\/alkotaskft.hu\/en\/wp-json\/wp\/v2\/media?parent=5803"}],"wp:term":[{"taxonomy":"category","embeddable":true,"href":"https:\/\/alkotaskft.hu\/en\/wp-json\/wp\/v2\/categories?post=5803"},{"taxonomy":"post_tag","embeddable":true,"href":"https:\/\/alkotaskft.hu\/en\/wp-json\/wp\/v2\/tags?post=5803"}],"curies":[{"name":"wp","href":"https:\/\/api.w.org\/{rel}","templated":true}]}}