{"id":4919,"date":"2023-06-16T13:19:18","date_gmt":"2023-06-16T12:19:18","guid":{"rendered":"https:\/\/alkotaskft.hu\/?page_id=4919"},"modified":"2023-06-16T13:23:15","modified_gmt":"2023-06-16T12:23:15","slug":"munkaink-murony-2023","status":"publish","type":"page","link":"https:\/\/alkotaskft.hu\/en\/munkaink-murony-2023\/","title":{"rendered":"Munk\u00e1ink &#8211; Murony 2023"},"content":{"rendered":"<p style=\"text-align: center;\">D\u00e1tum: 2023.06.15.<br \/>Be\u00e9p\u00edtett term\u00e9kek:<br \/>ALKOT\u00c1S SP-45 porlev\u00e1laszt\u00f3 ciklon + diff\u00fazor<br \/>ALKOT\u00c1S CA-01 cell\u00e1s adagol\u00f3<br \/>Be\u00e9p\u00edt\u00e9s helye: Hidash\u00e1ti Zrt. &#8211; Murony<\/p>\n<div id='gallery-1' class='gallery galleryid-4919 gallery-columns-4 gallery-size-full'><figure class='gallery-item'>\n\t\t\t<div class='gallery-icon portrait'>\n\t\t\t\t<a href='https:\/\/alkotaskft.hu\/wp-content\/uploads\/2023\/06\/image001-3.jpg'><img loading=\"lazy\" decoding=\"async\" width=\"365\" height=\"800\" src=\"https:\/\/alkotaskft.hu\/wp-content\/uploads\/2023\/06\/image001-3.jpg\" class=\"attachment-full size-full\" alt=\"\" aria-describedby=\"gallery-1-4921\" srcset=\"https:\/\/alkotaskft.hu\/wp-content\/uploads\/2023\/06\/image001-3.jpg 365w, https:\/\/alkotaskft.hu\/wp-content\/uploads\/2023\/06\/image001-3-183x400.jpg 183w\" sizes=\"auto, (max-width: 365px) 100vw, 365px\" \/><\/a>\n\t\t\t<\/div>\n\t\t\t\t<figcaption class='wp-caption-text gallery-caption' id='gallery-1-4921'>\n\t\t\t\tporlev\u00e1laszt\u00f3 rendszer &#8211; Murony\n\t\t\t\t<\/figcaption><\/figure><figure class='gallery-item'>\n\t\t\t<div class='gallery-icon portrait'>\n\t\t\t\t<a href='https:\/\/alkotaskft.hu\/wp-content\/uploads\/2023\/06\/image002-3.jpg'><img loading=\"lazy\" decoding=\"async\" width=\"378\" height=\"800\" src=\"https:\/\/alkotaskft.hu\/wp-content\/uploads\/2023\/06\/image002-3.jpg\" class=\"attachment-full size-full\" alt=\"\" aria-describedby=\"gallery-1-4922\" srcset=\"https:\/\/alkotaskft.hu\/wp-content\/uploads\/2023\/06\/image002-3.jpg 378w, https:\/\/alkotaskft.hu\/wp-content\/uploads\/2023\/06\/image002-3-189x400.jpg 189w\" sizes=\"auto, (max-width: 378px) 100vw, 378px\" \/><\/a>\n\t\t\t<\/div>\n\t\t\t\t<figcaption class='wp-caption-text gallery-caption' id='gallery-1-4922'>\n\t\t\t\tporlev\u00e1laszt\u00f3 rendszer &#8211; Murony\n\t\t\t\t<\/figcaption><\/figure><figure class='gallery-item'>\n\t\t\t<div class='gallery-icon portrait'>\n\t\t\t\t<a href='https:\/\/alkotaskft.hu\/wp-content\/uploads\/2023\/06\/image003-3.jpg'><img loading=\"lazy\" decoding=\"async\" width=\"653\" height=\"800\" src=\"https:\/\/alkotaskft.hu\/wp-content\/uploads\/2023\/06\/image003-3.jpg\" class=\"attachment-full size-full\" alt=\"\" aria-describedby=\"gallery-1-4923\" srcset=\"https:\/\/alkotaskft.hu\/wp-content\/uploads\/2023\/06\/image003-3.jpg 653w, https:\/\/alkotaskft.hu\/wp-content\/uploads\/2023\/06\/image003-3-327x400.jpg 327w\" sizes=\"auto, (max-width: 653px) 100vw, 653px\" \/><\/a>\n\t\t\t<\/div>\n\t\t\t\t<figcaption class='wp-caption-text gallery-caption' id='gallery-1-4923'>\n\t\t\t\tporlev\u00e1laszt\u00f3 rendszer &#8211; Murony\n\t\t\t\t<\/figcaption><\/figure><figure class='gallery-item'>\n\t\t\t<div class='gallery-icon portrait'>\n\t\t\t\t<a href='https:\/\/alkotaskft.hu\/wp-content\/uploads\/2023\/06\/image004-3.jpg'><img loading=\"lazy\" decoding=\"async\" width=\"292\" height=\"800\" src=\"https:\/\/alkotaskft.hu\/wp-content\/uploads\/2023\/06\/image004-3.jpg\" class=\"attachment-full size-full\" alt=\"\" aria-describedby=\"gallery-1-4924\" srcset=\"https:\/\/alkotaskft.hu\/wp-content\/uploads\/2023\/06\/image004-3.jpg 292w, https:\/\/alkotaskft.hu\/wp-content\/uploads\/2023\/06\/image004-3-146x400.jpg 146w\" sizes=\"auto, (max-width: 292px) 100vw, 292px\" \/><\/a>\n\t\t\t<\/div>\n\t\t\t\t<figcaption class='wp-caption-text gallery-caption' id='gallery-1-4924'>\n\t\t\t\tporlev\u00e1laszt\u00f3 rendszer &#8211; Murony\n\t\t\t\t<\/figcaption><\/figure><figure class='gallery-item'>\n\t\t\t<div class='gallery-icon portrait'>\n\t\t\t\t<a href='https:\/\/alkotaskft.hu\/wp-content\/uploads\/2023\/06\/image005-2.jpg'><img loading=\"lazy\" decoding=\"async\" width=\"464\" height=\"800\" src=\"https:\/\/alkotaskft.hu\/wp-content\/uploads\/2023\/06\/image005-2.jpg\" class=\"attachment-full size-full\" alt=\"\" aria-describedby=\"gallery-1-4925\" srcset=\"https:\/\/alkotaskft.hu\/wp-content\/uploads\/2023\/06\/image005-2.jpg 464w, https:\/\/alkotaskft.hu\/wp-content\/uploads\/2023\/06\/image005-2-232x400.jpg 232w\" sizes=\"auto, (max-width: 464px) 100vw, 464px\" \/><\/a>\n\t\t\t<\/div>\n\t\t\t\t<figcaption class='wp-caption-text gallery-caption' id='gallery-1-4925'>\n\t\t\t\tporlev\u00e1laszt\u00f3 rendszer &#8211; Murony\n\t\t\t\t<\/figcaption><\/figure><figure class='gallery-item'>\n\t\t\t<div class='gallery-icon portrait'>\n\t\t\t\t<a href='https:\/\/alkotaskft.hu\/wp-content\/uploads\/2023\/06\/image006-2.jpg'><img loading=\"lazy\" decoding=\"async\" width=\"407\" height=\"800\" src=\"https:\/\/alkotaskft.hu\/wp-content\/uploads\/2023\/06\/image006-2.jpg\" class=\"attachment-full size-full\" alt=\"\" aria-describedby=\"gallery-1-4926\" srcset=\"https:\/\/alkotaskft.hu\/wp-content\/uploads\/2023\/06\/image006-2.jpg 407w, https:\/\/alkotaskft.hu\/wp-content\/uploads\/2023\/06\/image006-2-204x400.jpg 204w\" sizes=\"auto, (max-width: 407px) 100vw, 407px\" \/><\/a>\n\t\t\t<\/div>\n\t\t\t\t<figcaption class='wp-caption-text gallery-caption' id='gallery-1-4926'>\n\t\t\t\tporlev\u00e1laszt\u00f3 rendszer &#8211; Murony\n\t\t\t\t<\/figcaption><\/figure><figure class='gallery-item'>\n\t\t\t<div class='gallery-icon portrait'>\n\t\t\t\t<a href='https:\/\/alkotaskft.hu\/wp-content\/uploads\/2023\/06\/image007-2.jpg'><img loading=\"lazy\" decoding=\"async\" width=\"595\" height=\"800\" src=\"https:\/\/alkotaskft.hu\/wp-content\/uploads\/2023\/06\/image007-2.jpg\" class=\"attachment-full size-full\" alt=\"\" aria-describedby=\"gallery-1-4927\" srcset=\"https:\/\/alkotaskft.hu\/wp-content\/uploads\/2023\/06\/image007-2.jpg 595w, https:\/\/alkotaskft.hu\/wp-content\/uploads\/2023\/06\/image007-2-298x400.jpg 298w\" sizes=\"auto, (max-width: 595px) 100vw, 595px\" \/><\/a>\n\t\t\t<\/div>\n\t\t\t\t<figcaption class='wp-caption-text gallery-caption' id='gallery-1-4927'>\n\t\t\t\tporlev\u00e1laszt\u00f3 rendszer &#8211; Murony\n\t\t\t\t<\/figcaption><\/figure><figure class='gallery-item'>\n\t\t\t<div class='gallery-icon portrait'>\n\t\t\t\t<a href='https:\/\/alkotaskft.hu\/wp-content\/uploads\/2023\/06\/image008-2.jpg'><img loading=\"lazy\" decoding=\"async\" width=\"530\" height=\"800\" src=\"https:\/\/alkotaskft.hu\/wp-content\/uploads\/2023\/06\/image008-2.jpg\" class=\"attachment-full size-full\" alt=\"\" aria-describedby=\"gallery-1-4928\" srcset=\"https:\/\/alkotaskft.hu\/wp-content\/uploads\/2023\/06\/image008-2.jpg 530w, https:\/\/alkotaskft.hu\/wp-content\/uploads\/2023\/06\/image008-2-265x400.jpg 265w\" sizes=\"auto, (max-width: 530px) 100vw, 530px\" \/><\/a>\n\t\t\t<\/div>\n\t\t\t\t<figcaption class='wp-caption-text gallery-caption' id='gallery-1-4928'>\n\t\t\t\tporlev\u00e1laszt\u00f3 rendszer &#8211; Murony\n\t\t\t\t<\/figcaption><\/figure><figure class='gallery-item'>\n\t\t\t<div class='gallery-icon portrait'>\n\t\t\t\t<a href='https:\/\/alkotaskft.hu\/wp-content\/uploads\/2023\/06\/image009-2.jpg'><img loading=\"lazy\" decoding=\"async\" width=\"444\" height=\"800\" src=\"https:\/\/alkotaskft.hu\/wp-content\/uploads\/2023\/06\/image009-2.jpg\" class=\"attachment-full size-full\" alt=\"\" aria-describedby=\"gallery-1-4929\" srcset=\"https:\/\/alkotaskft.hu\/wp-content\/uploads\/2023\/06\/image009-2.jpg 444w, https:\/\/alkotaskft.hu\/wp-content\/uploads\/2023\/06\/image009-2-222x400.jpg 222w\" sizes=\"auto, (max-width: 444px) 100vw, 444px\" \/><\/a>\n\t\t\t<\/div>\n\t\t\t\t<figcaption class='wp-caption-text gallery-caption' id='gallery-1-4929'>\n\t\t\t\tporlev\u00e1laszt\u00f3 rendszer &#8211; Murony\n\t\t\t\t<\/figcaption><\/figure><figure class='gallery-item'>\n\t\t\t<div class='gallery-icon portrait'>\n\t\t\t\t<a href='https:\/\/alkotaskft.hu\/wp-content\/uploads\/2023\/06\/image010-2.jpg'><img loading=\"lazy\" decoding=\"async\" width=\"537\" height=\"800\" src=\"https:\/\/alkotaskft.hu\/wp-content\/uploads\/2023\/06\/image010-2.jpg\" class=\"attachment-full size-full\" alt=\"\" aria-describedby=\"gallery-1-4930\" srcset=\"https:\/\/alkotaskft.hu\/wp-content\/uploads\/2023\/06\/image010-2.jpg 537w, https:\/\/alkotaskft.hu\/wp-content\/uploads\/2023\/06\/image010-2-269x400.jpg 269w\" sizes=\"auto, (max-width: 537px) 100vw, 537px\" \/><\/a>\n\t\t\t<\/div>\n\t\t\t\t<figcaption class='wp-caption-text gallery-caption' id='gallery-1-4930'>\n\t\t\t\tporlev\u00e1laszt\u00f3 rendszer &#8211; Murony\n\t\t\t\t<\/figcaption><\/figure>\n\t\t<\/div>\n\n","protected":false},"excerpt":{"rendered":"<p>D\u00e1tum: 2023.06.15.Be\u00e9p\u00edtett term\u00e9kek:ALKOT\u00c1S SP-45 porlev\u00e1laszt\u00f3 ciklon + diff\u00fazorALKOT\u00c1S CA-01 cell\u00e1s adagol\u00f3Be\u00e9p\u00edt\u00e9s helye: Hidash\u00e1ti Zrt. &#8211; Murony<\/p>\n<div class='heateor_sss_sharing_container heateor_sss_vertical_sharing heateor_sss_bottom_sharing' style='width:29px;right: 0px;top: 220px;-webkit-box-shadow:none;box-shadow:none;' data-heateor-sss-href='https:\/\/alkotaskft.hu\/en\/wp-json\/wp\/v2\/pages\/4919'><div class=\"heateor_sss_sharing_ul\"><a aria-label=\"Facebook\" class=\"heateor_sss_facebook\" href=\"https:\/\/www.facebook.com\/sharer\/sharer.php?u=https%3A%2F%2Falkotaskft.hu%2Fen%2Fwp-json%2Fwp%2Fv2%2Fpages%2F4919\" title=\"Facebook\" rel=\"nofollow noopener\" target=\"_blank\" style=\"font-size:32px!important;box-shadow:none;display:inline-block;vertical-align:middle\"><span class=\"heateor_sss_svg\" style=\"background-color:#0765FE;width:25px;height:25px;margin:0;display:inline-block;opacity:1;float:left;font-size:32px;box-shadow:none;display:inline-block;font-size:16px;padding:0 4px;vertical-align:middle;background-repeat:repeat;overflow:hidden;padding:0;cursor:pointer;box-sizing:content-box\"><svg style=\"display:block;\" focusable=\"false\" aria-hidden=\"true\" xmlns=\"http:\/\/www.w3.org\/2000\/svg\" width=\"100%\" height=\"100%\" viewBox=\"0 0 32 32\"><path fill=\"#fff\" d=\"M28 16c0-6.627-5.373-12-12-12S4 9.373 4 16c0 5.628 3.875 10.35 9.101 11.647v-7.98h-2.474V16H13.1v-1.58c0-4.085 1.849-5.978 5.859-5.978.76 0 2.072.15 2.608.298v3.325c-.283-.03-.775-.045-1.386-.045-1.967 0-2.728.745-2.728 2.683V16h3.92l-.673 3.667h-3.247v8.245C23.395 27.195 28 22.135 28 16Z\"><\/path><\/svg><\/span><\/a><a aria-label=\"Twitter\" class=\"heateor_sss_button_twitter\" href=\"https:\/\/twitter.com\/intent\/tweet?text=Alkot%C3%A1s%20Kft.%20-%20&url=https%3A%2F%2Falkotaskft.hu%2Fen%2Fwp-json%2Fwp%2Fv2%2Fpages%2F4919\" title=\"Twitter\" rel=\"nofollow noopener\" target=\"_blank\" style=\"font-size:32px!important;box-shadow:none;display:inline-block;vertical-align:middle\"><span class=\"heateor_sss_svg heateor_sss_s__default heateor_sss_s_twitter\" style=\"background-color:#55acee;width:25px;height:25px;margin:0;display:inline-block;opacity:1;float:left;font-size:32px;box-shadow:none;display:inline-block;font-size:16px;padding:0 4px;vertical-align:middle;background-repeat:repeat;overflow:hidden;padding:0;cursor:pointer;box-sizing:content-box\"><svg style=\"display:block;\" focusable=\"false\" aria-hidden=\"true\" xmlns=\"http:\/\/www.w3.org\/2000\/svg\" width=\"100%\" height=\"100%\" viewBox=\"-4 -4 39 39\"><path d=\"M28 8.557a9.913 9.913 0 0 1-2.828.775 4.93 4.93 0 0 0 2.166-2.725 9.738 9.738 0 0 1-3.13 1.194 4.92 4.92 0 0 0-3.593-1.55 4.924 4.924 0 0 0-4.794 6.049c-4.09-.21-7.72-2.17-10.15-5.15a4.942 4.942 0 0 0-.665 2.477c0 1.71.87 3.214 2.19 4.1a4.968 4.968 0 0 1-2.23-.616v.06c0 2.39 1.7 4.38 3.952 4.83-.414.115-.85.174-1.297.174-.318 0-.626-.03-.928-.086a4.935 4.935 0 0 0 4.6 3.42 9.893 9.893 0 0 1-6.114 2.107c-.398 0-.79-.023-1.175-.068a13.953 13.953 0 0 0 7.55 2.213c9.056 0 14.01-7.507 14.01-14.013 0-.213-.005-.426-.015-.637.96-.695 1.795-1.56 2.455-2.55z\" fill=\"#fff\"><\/path><\/svg><\/span><\/a><a class=\"heateor_sss_more\" aria-label=\"More\" title=\"More\" rel=\"nofollow noopener\" style=\"font-size: 32px!important;border:0;box-shadow:none;display:inline-block!important;font-size:16px;padding:0 4px;vertical-align: middle;display:inline;\" href=\"https:\/\/alkotaskft.hu\/en\/wp-json\/wp\/v2\/pages\/4919\" onclick=\"event.preventDefault()\"><span class=\"heateor_sss_svg\" style=\"background-color:#ee8e2d;width:25px;height:25px;margin:0;display:inline-block!important;opacity:1;float:left;font-size:32px!important;box-shadow:none;display:inline-block;font-size:16px;padding:0 4px;vertical-align:middle;display:inline;background-repeat:repeat;overflow:hidden;padding:0;cursor:pointer;box-sizing:content-box;\" onclick=\"heateorSssMoreSharingPopup(this, 'https:\/\/alkotaskft.hu\/en\/wp-json\/wp\/v2\/pages\/4919', 'Alkot%C3%A1s%20Kft.%20-%20', '' )\"><svg xmlns=\"http:\/\/www.w3.org\/2000\/svg\" xmlns:xlink=\"http:\/\/www.w3.org\/1999\/xlink\" viewBox=\"-.3 0 32 32\" version=\"1.1\" width=\"100%\" height=\"100%\" style=\"display:block;\" xml:space=\"preserve\"><g><path fill=\"#fff\" d=\"M18 14V8h-4v6H8v4h6v6h4v-6h6v-4h-6z\" fill-rule=\"evenodd\"><\/path><\/g><\/svg><\/span><\/a><\/div><div class=\"heateorSssClear\"><\/div><\/div>","protected":false},"author":3,"featured_media":0,"parent":0,"menu_order":0,"comment_status":"closed","ping_status":"closed","template":"","meta":{"_acf_changed":false,"footnotes":""},"categories":[],"tags":[],"class_list":["post-4919","page","type-page","status-publish","hentry"],"yoast_head":"<!-- This site is optimized with the Yoast SEO plugin v27.4 - https:\/\/yoast.com\/product\/yoast-seo-wordpress\/ -->\n<title>Munk\u00e1ink - Murony 2023 - Alkot\u00e1s Kft.<\/title>\n<meta name=\"robots\" content=\"index, follow, max-snippet:-1, max-image-preview:large, max-video-preview:-1\" \/>\n<link rel=\"canonical\" href=\"https:\/\/alkotaskft.hu\/munkaink-murony-2023\/\" \/>\n<meta property=\"og:locale\" content=\"en_US\" \/>\n<meta property=\"og:type\" content=\"article\" \/>\n<meta property=\"og:title\" content=\"Munk\u00e1ink - Murony 2023 - Alkot\u00e1s Kft.\" \/>\n<meta property=\"og:description\" content=\"D\u00e1tum: 2023.06.15.Be\u00e9p\u00edtett term\u00e9kek:ALKOT\u00c1S SP-45 porlev\u00e1laszt\u00f3 ciklon + diff\u00fazorALKOT\u00c1S CA-01 cell\u00e1s adagol\u00f3Be\u00e9p\u00edt\u00e9s helye: Hidash\u00e1ti Zrt. &#8211; Murony\" \/>\n<meta property=\"og:url\" content=\"https:\/\/alkotaskft.hu\/munkaink-murony-2023\/\" \/>\n<meta property=\"og:site_name\" content=\"Alkot\u00e1s Kft.\" \/>\n<meta property=\"article:modified_time\" content=\"2023-06-16T12:23:15+00:00\" \/>\n<meta property=\"og:image\" content=\"https:\/\/alkotaskft.hu\/wp-content\/uploads\/2023\/06\/image001-3.jpg\" \/>\n<meta name=\"twitter:card\" content=\"summary_large_image\" \/>\n<script type=\"application\/ld+json\" class=\"yoast-schema-graph\">{\"@context\":\"https:\\\/\\\/schema.org\",\"@graph\":[{\"@type\":\"WebPage\",\"@id\":\"https:\\\/\\\/alkotaskft.hu\\\/munkaink-murony-2023\\\/\",\"url\":\"https:\\\/\\\/alkotaskft.hu\\\/munkaink-murony-2023\\\/\",\"name\":\"Munk\u00e1ink - Murony 2023 - Alkot\u00e1s Kft.\",\"isPartOf\":{\"@id\":\"https:\\\/\\\/alkotaskft.hu\\\/#website\"},\"datePublished\":\"2023-06-16T12:19:18+00:00\",\"dateModified\":\"2023-06-16T12:23:15+00:00\",\"breadcrumb\":{\"@id\":\"https:\\\/\\\/alkotaskft.hu\\\/munkaink-murony-2023\\\/#breadcrumb\"},\"inLanguage\":\"en-US\",\"potentialAction\":[{\"@type\":\"ReadAction\",\"target\":[\"https:\\\/\\\/alkotaskft.hu\\\/munkaink-murony-2023\\\/\"]}]},{\"@type\":\"BreadcrumbList\",\"@id\":\"https:\\\/\\\/alkotaskft.hu\\\/munkaink-murony-2023\\\/#breadcrumb\",\"itemListElement\":[{\"@type\":\"ListItem\",\"position\":1,\"name\":\"Home\",\"item\":\"https:\\\/\\\/alkotaskft.hu\\\/\"},{\"@type\":\"ListItem\",\"position\":2,\"name\":\"Munk\u00e1ink &#8211; Murony 2023\"}]},{\"@type\":\"WebSite\",\"@id\":\"https:\\\/\\\/alkotaskft.hu\\\/#website\",\"url\":\"https:\\\/\\\/alkotaskft.hu\\\/\",\"name\":\"Alkot\u00e1s Kft.\",\"description\":\"\",\"potentialAction\":[{\"@type\":\"SearchAction\",\"target\":{\"@type\":\"EntryPoint\",\"urlTemplate\":\"https:\\\/\\\/alkotaskft.hu\\\/?s={search_term_string}\"},\"query-input\":{\"@type\":\"PropertyValueSpecification\",\"valueRequired\":true,\"valueName\":\"search_term_string\"}}],\"inLanguage\":\"en-US\"}]}<\/script>\n<!-- \/ Yoast SEO plugin. -->","yoast_head_json":{"title":"Munk\u00e1ink - Murony 2023 - Alkot\u00e1s Kft.","robots":{"index":"index","follow":"follow","max-snippet":"max-snippet:-1","max-image-preview":"max-image-preview:large","max-video-preview":"max-video-preview:-1"},"canonical":"https:\/\/alkotaskft.hu\/munkaink-murony-2023\/","og_locale":"en_US","og_type":"article","og_title":"Munk\u00e1ink - Murony 2023 - Alkot\u00e1s Kft.","og_description":"D\u00e1tum: 2023.06.15.Be\u00e9p\u00edtett term\u00e9kek:ALKOT\u00c1S SP-45 porlev\u00e1laszt\u00f3 ciklon + diff\u00fazorALKOT\u00c1S CA-01 cell\u00e1s adagol\u00f3Be\u00e9p\u00edt\u00e9s helye: Hidash\u00e1ti Zrt. &#8211; Murony","og_url":"https:\/\/alkotaskft.hu\/munkaink-murony-2023\/","og_site_name":"Alkot\u00e1s Kft.","article_modified_time":"2023-06-16T12:23:15+00:00","og_image":[{"url":"https:\/\/alkotaskft.hu\/wp-content\/uploads\/2023\/06\/image001-3.jpg","type":"","width":"","height":""}],"twitter_card":"summary_large_image","schema":{"@context":"https:\/\/schema.org","@graph":[{"@type":"WebPage","@id":"https:\/\/alkotaskft.hu\/munkaink-murony-2023\/","url":"https:\/\/alkotaskft.hu\/munkaink-murony-2023\/","name":"Munk\u00e1ink - Murony 2023 - Alkot\u00e1s Kft.","isPartOf":{"@id":"https:\/\/alkotaskft.hu\/#website"},"datePublished":"2023-06-16T12:19:18+00:00","dateModified":"2023-06-16T12:23:15+00:00","breadcrumb":{"@id":"https:\/\/alkotaskft.hu\/munkaink-murony-2023\/#breadcrumb"},"inLanguage":"en-US","potentialAction":[{"@type":"ReadAction","target":["https:\/\/alkotaskft.hu\/munkaink-murony-2023\/"]}]},{"@type":"BreadcrumbList","@id":"https:\/\/alkotaskft.hu\/munkaink-murony-2023\/#breadcrumb","itemListElement":[{"@type":"ListItem","position":1,"name":"Home","item":"https:\/\/alkotaskft.hu\/"},{"@type":"ListItem","position":2,"name":"Munk\u00e1ink &#8211; Murony 2023"}]},{"@type":"WebSite","@id":"https:\/\/alkotaskft.hu\/#website","url":"https:\/\/alkotaskft.hu\/","name":"Alkot\u00e1s Kft.","description":"","potentialAction":[{"@type":"SearchAction","target":{"@type":"EntryPoint","urlTemplate":"https:\/\/alkotaskft.hu\/?s={search_term_string}"},"query-input":{"@type":"PropertyValueSpecification","valueRequired":true,"valueName":"search_term_string"}}],"inLanguage":"en-US"}]}},"acf":[],"_links":{"self":[{"href":"https:\/\/alkotaskft.hu\/en\/wp-json\/wp\/v2\/pages\/4919","targetHints":{"allow":["GET"]}}],"collection":[{"href":"https:\/\/alkotaskft.hu\/en\/wp-json\/wp\/v2\/pages"}],"about":[{"href":"https:\/\/alkotaskft.hu\/en\/wp-json\/wp\/v2\/types\/page"}],"author":[{"embeddable":true,"href":"https:\/\/alkotaskft.hu\/en\/wp-json\/wp\/v2\/users\/3"}],"replies":[{"embeddable":true,"href":"https:\/\/alkotaskft.hu\/en\/wp-json\/wp\/v2\/comments?post=4919"}],"version-history":[{"count":3,"href":"https:\/\/alkotaskft.hu\/en\/wp-json\/wp\/v2\/pages\/4919\/revisions"}],"predecessor-version":[{"id":4932,"href":"https:\/\/alkotaskft.hu\/en\/wp-json\/wp\/v2\/pages\/4919\/revisions\/4932"}],"wp:attachment":[{"href":"https:\/\/alkotaskft.hu\/en\/wp-json\/wp\/v2\/media?parent=4919"}],"wp:term":[{"taxonomy":"category","embeddable":true,"href":"https:\/\/alkotaskft.hu\/en\/wp-json\/wp\/v2\/categories?post=4919"},{"taxonomy":"post_tag","embeddable":true,"href":"https:\/\/alkotaskft.hu\/en\/wp-json\/wp\/v2\/tags?post=4919"}],"curies":[{"name":"wp","href":"https:\/\/api.w.org\/{rel}","templated":true}]}}