{"id":4705,"date":"2023-05-31T10:12:42","date_gmt":"2023-05-31T09:12:42","guid":{"rendered":"https:\/\/alkotaskft.hu\/?page_id=4705"},"modified":"2023-05-31T10:28:11","modified_gmt":"2023-05-31T09:28:11","slug":"alkotas-redlerek-lancos-szallitok-vac","status":"publish","type":"page","link":"https:\/\/alkotaskft.hu\/en\/alkotas-redlerek-lancos-szallitok-vac\/","title":{"rendered":"ALKOT\u00c1S R\u00c9DLEREK (L\u00c1NCOS SZ\u00c1LL\u00cdT\u00d3K) &#8211; V\u00e1c"},"content":{"rendered":"<h3 style=\"text-align: center;\">D\u00e1tum: 2023.05.31.<br \/>Term\u00e9k:<br \/>ALKOT\u00c1S LSZ-40 l\u00e1ncos sz\u00e1ll\u00edt\u00f3 (r\u00e9dler) 18 fm-es<br \/>Be\u00e9p\u00edt\u00e9s helye: V\u00e1ci Malom Kft. &#8211; V\u00e1c<\/h3>\n<div id='gallery-1' class='gallery galleryid-4705 gallery-columns-4 gallery-size-full'><figure class='gallery-item'>\n\t\t\t<div class='gallery-icon landscape'>\n\t\t\t\t<a href='https:\/\/alkotaskft.hu\/wp-content\/uploads\/2023\/05\/image003-5.jpg'><img loading=\"lazy\" decoding=\"async\" width=\"800\" height=\"435\" src=\"https:\/\/alkotaskft.hu\/wp-content\/uploads\/2023\/05\/image003-5.jpg\" class=\"attachment-full size-full\" alt=\"\" aria-describedby=\"gallery-1-4712\" srcset=\"https:\/\/alkotaskft.hu\/wp-content\/uploads\/2023\/05\/image003-5.jpg 800w, https:\/\/alkotaskft.hu\/wp-content\/uploads\/2023\/05\/image003-5-736x400.jpg 736w, https:\/\/alkotaskft.hu\/wp-content\/uploads\/2023\/05\/image003-5-768x418.jpg 768w\" sizes=\"auto, (max-width: 800px) 100vw, 800px\" \/><\/a>\n\t\t\t<\/div>\n\t\t\t\t<figcaption class='wp-caption-text gallery-caption' id='gallery-1-4712'>\n\t\t\t\tALKOT\u00c1S LSZ-40 r\u00e9dler 18 fm-es -V\u00e1c\n\t\t\t\t<\/figcaption><\/figure><figure class='gallery-item'>\n\t\t\t<div class='gallery-icon portrait'>\n\t\t\t\t<a href='https:\/\/alkotaskft.hu\/wp-content\/uploads\/2023\/05\/image004-5.jpg'><img loading=\"lazy\" decoding=\"async\" width=\"484\" height=\"800\" src=\"https:\/\/alkotaskft.hu\/wp-content\/uploads\/2023\/05\/image004-5.jpg\" class=\"attachment-full size-full\" alt=\"\" aria-describedby=\"gallery-1-4713\" srcset=\"https:\/\/alkotaskft.hu\/wp-content\/uploads\/2023\/05\/image004-5.jpg 484w, https:\/\/alkotaskft.hu\/wp-content\/uploads\/2023\/05\/image004-5-242x400.jpg 242w\" sizes=\"auto, (max-width: 484px) 100vw, 484px\" \/><\/a>\n\t\t\t<\/div>\n\t\t\t\t<figcaption class='wp-caption-text gallery-caption' id='gallery-1-4713'>\n\t\t\t\tALKOT\u00c1S LSZ-40 r\u00e9dler 18 fm-es -V\u00e1c\n\t\t\t\t<\/figcaption><\/figure><figure class='gallery-item'>\n\t\t\t<div class='gallery-icon portrait'>\n\t\t\t\t<a href='https:\/\/alkotaskft.hu\/wp-content\/uploads\/2023\/05\/image005-5.jpg'><img loading=\"lazy\" decoding=\"async\" width=\"709\" height=\"800\" src=\"https:\/\/alkotaskft.hu\/wp-content\/uploads\/2023\/05\/image005-5.jpg\" class=\"attachment-full size-full\" alt=\"\" aria-describedby=\"gallery-1-4714\" srcset=\"https:\/\/alkotaskft.hu\/wp-content\/uploads\/2023\/05\/image005-5.jpg 709w, https:\/\/alkotaskft.hu\/wp-content\/uploads\/2023\/05\/image005-5-355x400.jpg 355w\" sizes=\"auto, (max-width: 709px) 100vw, 709px\" \/><\/a>\n\t\t\t<\/div>\n\t\t\t\t<figcaption class='wp-caption-text gallery-caption' id='gallery-1-4714'>\n\t\t\t\tALKOT\u00c1S LSZ-40 r\u00e9dler 18 fm-es -V\u00e1c\n\t\t\t\t<\/figcaption><\/figure><figure class='gallery-item'>\n\t\t\t<div class='gallery-icon landscape'>\n\t\t\t\t<a href='https:\/\/alkotaskft.hu\/wp-content\/uploads\/2023\/05\/image006-5.jpg'><img loading=\"lazy\" decoding=\"async\" width=\"800\" height=\"448\" src=\"https:\/\/alkotaskft.hu\/wp-content\/uploads\/2023\/05\/image006-5.jpg\" class=\"attachment-full size-full\" alt=\"\" aria-describedby=\"gallery-1-4715\" srcset=\"https:\/\/alkotaskft.hu\/wp-content\/uploads\/2023\/05\/image006-5.jpg 800w, https:\/\/alkotaskft.hu\/wp-content\/uploads\/2023\/05\/image006-5-714x400.jpg 714w, https:\/\/alkotaskft.hu\/wp-content\/uploads\/2023\/05\/image006-5-768x430.jpg 768w\" sizes=\"auto, (max-width: 800px) 100vw, 800px\" \/><\/a>\n\t\t\t<\/div>\n\t\t\t\t<figcaption class='wp-caption-text gallery-caption' id='gallery-1-4715'>\n\t\t\t\tALKOT\u00c1S LSZ-40 r\u00e9dler 18 fm-es -V\u00e1c\n\t\t\t\t<\/figcaption><\/figure><figure class='gallery-item'>\n\t\t\t<div class='gallery-icon portrait'>\n\t\t\t\t<a href='https:\/\/alkotaskft.hu\/wp-content\/uploads\/2023\/05\/image010-4.jpg'><img loading=\"lazy\" decoding=\"async\" width=\"329\" height=\"800\" src=\"https:\/\/alkotaskft.hu\/wp-content\/uploads\/2023\/05\/image010-4.jpg\" class=\"attachment-full size-full\" alt=\"\" aria-describedby=\"gallery-1-4719\" srcset=\"https:\/\/alkotaskft.hu\/wp-content\/uploads\/2023\/05\/image010-4.jpg 329w, https:\/\/alkotaskft.hu\/wp-content\/uploads\/2023\/05\/image010-4-165x400.jpg 165w\" sizes=\"auto, (max-width: 329px) 100vw, 329px\" \/><\/a>\n\t\t\t<\/div>\n\t\t\t\t<figcaption class='wp-caption-text gallery-caption' id='gallery-1-4719'>\n\t\t\t\tALKOT\u00c1S LSZ-40 r\u00e9dler 18 fm-es -V\u00e1c\n\t\t\t\t<\/figcaption><\/figure><figure class='gallery-item'>\n\t\t\t<div class='gallery-icon landscape'>\n\t\t\t\t<a href='https:\/\/alkotaskft.hu\/wp-content\/uploads\/2023\/05\/image011-3.jpg'><img loading=\"lazy\" decoding=\"async\" width=\"800\" height=\"475\" src=\"https:\/\/alkotaskft.hu\/wp-content\/uploads\/2023\/05\/image011-3.jpg\" class=\"attachment-full size-full\" alt=\"\" aria-describedby=\"gallery-1-4720\" srcset=\"https:\/\/alkotaskft.hu\/wp-content\/uploads\/2023\/05\/image011-3.jpg 800w, https:\/\/alkotaskft.hu\/wp-content\/uploads\/2023\/05\/image011-3-674x400.jpg 674w, https:\/\/alkotaskft.hu\/wp-content\/uploads\/2023\/05\/image011-3-768x456.jpg 768w\" sizes=\"auto, (max-width: 800px) 100vw, 800px\" \/><\/a>\n\t\t\t<\/div>\n\t\t\t\t<figcaption class='wp-caption-text gallery-caption' id='gallery-1-4720'>\n\t\t\t\tALKOT\u00c1S LSZ-40 r\u00e9dler 18 fm-es -V\u00e1c\n\t\t\t\t<\/figcaption><\/figure><figure class='gallery-item'>\n\t\t\t<div class='gallery-icon portrait'>\n\t\t\t\t<a href='https:\/\/alkotaskft.hu\/wp-content\/uploads\/2023\/05\/image012-3.jpg'><img loading=\"lazy\" decoding=\"async\" width=\"424\" height=\"800\" src=\"https:\/\/alkotaskft.hu\/wp-content\/uploads\/2023\/05\/image012-3.jpg\" class=\"attachment-full size-full\" alt=\"\" aria-describedby=\"gallery-1-4721\" srcset=\"https:\/\/alkotaskft.hu\/wp-content\/uploads\/2023\/05\/image012-3.jpg 424w, https:\/\/alkotaskft.hu\/wp-content\/uploads\/2023\/05\/image012-3-212x400.jpg 212w\" sizes=\"auto, (max-width: 424px) 100vw, 424px\" \/><\/a>\n\t\t\t<\/div>\n\t\t\t\t<figcaption class='wp-caption-text gallery-caption' id='gallery-1-4721'>\n\t\t\t\tALKOT\u00c1S LSZ-40 r\u00e9dler 18 fm-es -V\u00e1c\n\t\t\t\t<\/figcaption><\/figure><figure class='gallery-item'>\n\t\t\t<div class='gallery-icon landscape'>\n\t\t\t\t<a href='https:\/\/alkotaskft.hu\/wp-content\/uploads\/2023\/05\/image013-3.jpg'><img loading=\"lazy\" decoding=\"async\" width=\"800\" height=\"504\" src=\"https:\/\/alkotaskft.hu\/wp-content\/uploads\/2023\/05\/image013-3.jpg\" class=\"attachment-full size-full\" alt=\"\" aria-describedby=\"gallery-1-4722\" srcset=\"https:\/\/alkotaskft.hu\/wp-content\/uploads\/2023\/05\/image013-3.jpg 800w, https:\/\/alkotaskft.hu\/wp-content\/uploads\/2023\/05\/image013-3-635x400.jpg 635w, https:\/\/alkotaskft.hu\/wp-content\/uploads\/2023\/05\/image013-3-768x484.jpg 768w\" sizes=\"auto, (max-width: 800px) 100vw, 800px\" \/><\/a>\n\t\t\t<\/div>\n\t\t\t\t<figcaption class='wp-caption-text gallery-caption' id='gallery-1-4722'>\n\t\t\t\tALKOT\u00c1S LSZ-40 r\u00e9dler 18 fm-es -V\u00e1c\n\t\t\t\t<\/figcaption><\/figure><figure class='gallery-item'>\n\t\t\t<div class='gallery-icon landscape'>\n\t\t\t\t<a href='https:\/\/alkotaskft.hu\/wp-content\/uploads\/2023\/05\/image007-5.jpg'><img loading=\"lazy\" decoding=\"async\" width=\"800\" height=\"172\" src=\"https:\/\/alkotaskft.hu\/wp-content\/uploads\/2023\/05\/image007-5.jpg\" class=\"attachment-full size-full\" alt=\"\" aria-describedby=\"gallery-1-4716\" srcset=\"https:\/\/alkotaskft.hu\/wp-content\/uploads\/2023\/05\/image007-5.jpg 800w, https:\/\/alkotaskft.hu\/wp-content\/uploads\/2023\/05\/image007-5-768x165.jpg 768w\" sizes=\"auto, (max-width: 800px) 100vw, 800px\" \/><\/a>\n\t\t\t<\/div>\n\t\t\t\t<figcaption class='wp-caption-text gallery-caption' id='gallery-1-4716'>\n\t\t\t\tALKOT\u00c1S LSZ-40 r\u00e9dler 18 fm-es -V\u00e1c\n\t\t\t\t<\/figcaption><\/figure><figure class='gallery-item'>\n\t\t\t<div class='gallery-icon landscape'>\n\t\t\t\t<a href='https:\/\/alkotaskft.hu\/wp-content\/uploads\/2023\/05\/image008-4.jpg'><img loading=\"lazy\" decoding=\"async\" width=\"800\" height=\"379\" src=\"https:\/\/alkotaskft.hu\/wp-content\/uploads\/2023\/05\/image008-4.jpg\" class=\"attachment-full size-full\" alt=\"\" aria-describedby=\"gallery-1-4717\" srcset=\"https:\/\/alkotaskft.hu\/wp-content\/uploads\/2023\/05\/image008-4.jpg 800w, https:\/\/alkotaskft.hu\/wp-content\/uploads\/2023\/05\/image008-4-768x364.jpg 768w\" sizes=\"auto, (max-width: 800px) 100vw, 800px\" \/><\/a>\n\t\t\t<\/div>\n\t\t\t\t<figcaption class='wp-caption-text gallery-caption' id='gallery-1-4717'>\n\t\t\t\tALKOT\u00c1S LSZ-40 r\u00e9dler 18 fm-es -V\u00e1c\n\t\t\t\t<\/figcaption><\/figure><figure class='gallery-item'>\n\t\t\t<div class='gallery-icon landscape'>\n\t\t\t\t<a href='https:\/\/alkotaskft.hu\/wp-content\/uploads\/2023\/05\/image009-4.jpg'><img loading=\"lazy\" decoding=\"async\" width=\"800\" height=\"334\" src=\"https:\/\/alkotaskft.hu\/wp-content\/uploads\/2023\/05\/image009-4.jpg\" class=\"attachment-full size-full\" alt=\"\" aria-describedby=\"gallery-1-4718\" srcset=\"https:\/\/alkotaskft.hu\/wp-content\/uploads\/2023\/05\/image009-4.jpg 800w, https:\/\/alkotaskft.hu\/wp-content\/uploads\/2023\/05\/image009-4-768x321.jpg 768w\" sizes=\"auto, (max-width: 800px) 100vw, 800px\" \/><\/a>\n\t\t\t<\/div>\n\t\t\t\t<figcaption class='wp-caption-text gallery-caption' id='gallery-1-4718'>\n\t\t\t\tALKOT\u00c1S LSZ-40 r\u00e9dler 18 fm-es -V\u00e1c\n\t\t\t\t<\/figcaption><\/figure><figure class='gallery-item'>\n\t\t\t<div class='gallery-icon landscape'>\n\t\t\t\t<a href='https:\/\/alkotaskft.hu\/wp-content\/uploads\/2023\/05\/image001-5.jpg'><img loading=\"lazy\" decoding=\"async\" width=\"800\" height=\"122\" src=\"https:\/\/alkotaskft.hu\/wp-content\/uploads\/2023\/05\/image001-5.jpg\" class=\"attachment-full size-full\" alt=\"\" aria-describedby=\"gallery-1-4710\" srcset=\"https:\/\/alkotaskft.hu\/wp-content\/uploads\/2023\/05\/image001-5.jpg 800w, https:\/\/alkotaskft.hu\/wp-content\/uploads\/2023\/05\/image001-5-768x117.jpg 768w\" sizes=\"auto, (max-width: 800px) 100vw, 800px\" \/><\/a>\n\t\t\t<\/div>\n\t\t\t\t<figcaption class='wp-caption-text gallery-caption' id='gallery-1-4710'>\n\t\t\t\tALKOT\u00c1S LSZ-40 r\u00e9dler 18 fm-es -V\u00e1c\n\t\t\t\t<\/figcaption><\/figure><figure class='gallery-item'>\n\t\t\t<div class='gallery-icon landscape'>\n\t\t\t\t<a href='https:\/\/alkotaskft.hu\/wp-content\/uploads\/2023\/05\/image002-5.jpg'><img loading=\"lazy\" decoding=\"async\" width=\"800\" height=\"191\" src=\"https:\/\/alkotaskft.hu\/wp-content\/uploads\/2023\/05\/image002-5.jpg\" class=\"attachment-full size-full\" alt=\"\" aria-describedby=\"gallery-1-4711\" srcset=\"https:\/\/alkotaskft.hu\/wp-content\/uploads\/2023\/05\/image002-5.jpg 800w, https:\/\/alkotaskft.hu\/wp-content\/uploads\/2023\/05\/image002-5-768x183.jpg 768w\" sizes=\"auto, (max-width: 800px) 100vw, 800px\" \/><\/a>\n\t\t\t<\/div>\n\t\t\t\t<figcaption class='wp-caption-text gallery-caption' id='gallery-1-4711'>\n\t\t\t\tALKOT\u00c1S LSZ-40 r\u00e9dler 18 fm-es -V\u00e1c\n\t\t\t\t<\/figcaption><\/figure>\n\t\t<\/div>\n\n","protected":false},"excerpt":{"rendered":"<p>D\u00e1tum: 2023.05.31.Term\u00e9k:ALKOT\u00c1S LSZ-40 l\u00e1ncos sz\u00e1ll\u00edt\u00f3 (r\u00e9dler) 18 fm-esBe\u00e9p\u00edt\u00e9s helye: V\u00e1ci Malom Kft. &#8211; V\u00e1c<\/p>\n<div class='heateor_sss_sharing_container heateor_sss_vertical_sharing heateor_sss_bottom_sharing' style='width:29px;right: 0px;top: 220px;-webkit-box-shadow:none;box-shadow:none;' data-heateor-sss-href='https:\/\/alkotaskft.hu\/en\/wp-json\/wp\/v2\/pages\/4705'><div class=\"heateor_sss_sharing_ul\"><a aria-label=\"Facebook\" class=\"heateor_sss_facebook\" href=\"https:\/\/www.facebook.com\/sharer\/sharer.php?u=https%3A%2F%2Falkotaskft.hu%2Fen%2Fwp-json%2Fwp%2Fv2%2Fpages%2F4705\" title=\"Facebook\" rel=\"nofollow noopener\" target=\"_blank\" style=\"font-size:32px!important;box-shadow:none;display:inline-block;vertical-align:middle\"><span class=\"heateor_sss_svg\" style=\"background-color:#0765FE;width:25px;height:25px;margin:0;display:inline-block;opacity:1;float:left;font-size:32px;box-shadow:none;display:inline-block;font-size:16px;padding:0 4px;vertical-align:middle;background-repeat:repeat;overflow:hidden;padding:0;cursor:pointer;box-sizing:content-box\"><svg style=\"display:block;\" focusable=\"false\" aria-hidden=\"true\" xmlns=\"http:\/\/www.w3.org\/2000\/svg\" width=\"100%\" height=\"100%\" viewBox=\"0 0 32 32\"><path fill=\"#fff\" d=\"M28 16c0-6.627-5.373-12-12-12S4 9.373 4 16c0 5.628 3.875 10.35 9.101 11.647v-7.98h-2.474V16H13.1v-1.58c0-4.085 1.849-5.978 5.859-5.978.76 0 2.072.15 2.608.298v3.325c-.283-.03-.775-.045-1.386-.045-1.967 0-2.728.745-2.728 2.683V16h3.92l-.673 3.667h-3.247v8.245C23.395 27.195 28 22.135 28 16Z\"><\/path><\/svg><\/span><\/a><a aria-label=\"Twitter\" class=\"heateor_sss_button_twitter\" href=\"https:\/\/twitter.com\/intent\/tweet?text=Alkot%C3%A1s%20Kft.%20-%20&url=https%3A%2F%2Falkotaskft.hu%2Fen%2Fwp-json%2Fwp%2Fv2%2Fpages%2F4705\" title=\"Twitter\" rel=\"nofollow noopener\" target=\"_blank\" style=\"font-size:32px!important;box-shadow:none;display:inline-block;vertical-align:middle\"><span class=\"heateor_sss_svg heateor_sss_s__default heateor_sss_s_twitter\" style=\"background-color:#55acee;width:25px;height:25px;margin:0;display:inline-block;opacity:1;float:left;font-size:32px;box-shadow:none;display:inline-block;font-size:16px;padding:0 4px;vertical-align:middle;background-repeat:repeat;overflow:hidden;padding:0;cursor:pointer;box-sizing:content-box\"><svg style=\"display:block;\" focusable=\"false\" aria-hidden=\"true\" xmlns=\"http:\/\/www.w3.org\/2000\/svg\" width=\"100%\" height=\"100%\" viewBox=\"-4 -4 39 39\"><path d=\"M28 8.557a9.913 9.913 0 0 1-2.828.775 4.93 4.93 0 0 0 2.166-2.725 9.738 9.738 0 0 1-3.13 1.194 4.92 4.92 0 0 0-3.593-1.55 4.924 4.924 0 0 0-4.794 6.049c-4.09-.21-7.72-2.17-10.15-5.15a4.942 4.942 0 0 0-.665 2.477c0 1.71.87 3.214 2.19 4.1a4.968 4.968 0 0 1-2.23-.616v.06c0 2.39 1.7 4.38 3.952 4.83-.414.115-.85.174-1.297.174-.318 0-.626-.03-.928-.086a4.935 4.935 0 0 0 4.6 3.42 9.893 9.893 0 0 1-6.114 2.107c-.398 0-.79-.023-1.175-.068a13.953 13.953 0 0 0 7.55 2.213c9.056 0 14.01-7.507 14.01-14.013 0-.213-.005-.426-.015-.637.96-.695 1.795-1.56 2.455-2.55z\" fill=\"#fff\"><\/path><\/svg><\/span><\/a><a class=\"heateor_sss_more\" aria-label=\"More\" title=\"More\" rel=\"nofollow noopener\" style=\"font-size: 32px!important;border:0;box-shadow:none;display:inline-block!important;font-size:16px;padding:0 4px;vertical-align: middle;display:inline;\" href=\"https:\/\/alkotaskft.hu\/en\/wp-json\/wp\/v2\/pages\/4705\" onclick=\"event.preventDefault()\"><span class=\"heateor_sss_svg\" style=\"background-color:#ee8e2d;width:25px;height:25px;margin:0;display:inline-block!important;opacity:1;float:left;font-size:32px!important;box-shadow:none;display:inline-block;font-size:16px;padding:0 4px;vertical-align:middle;display:inline;background-repeat:repeat;overflow:hidden;padding:0;cursor:pointer;box-sizing:content-box;\" onclick=\"heateorSssMoreSharingPopup(this, 'https:\/\/alkotaskft.hu\/en\/wp-json\/wp\/v2\/pages\/4705', 'Alkot%C3%A1s%20Kft.%20-%20', '' )\"><svg xmlns=\"http:\/\/www.w3.org\/2000\/svg\" xmlns:xlink=\"http:\/\/www.w3.org\/1999\/xlink\" viewBox=\"-.3 0 32 32\" version=\"1.1\" width=\"100%\" height=\"100%\" style=\"display:block;\" xml:space=\"preserve\"><g><path fill=\"#fff\" d=\"M18 14V8h-4v6H8v4h6v6h4v-6h6v-4h-6z\" fill-rule=\"evenodd\"><\/path><\/g><\/svg><\/span><\/a><\/div><div class=\"heateorSssClear\"><\/div><\/div>","protected":false},"author":3,"featured_media":0,"parent":0,"menu_order":0,"comment_status":"closed","ping_status":"closed","template":"","meta":{"_acf_changed":false,"footnotes":""},"categories":[],"tags":[],"class_list":["post-4705","page","type-page","status-publish","hentry"],"yoast_head":"<!-- This site is optimized with the Yoast SEO plugin v27.4 - https:\/\/yoast.com\/product\/yoast-seo-wordpress\/ -->\n<title>ALKOT\u00c1S R\u00c9DLEREK (L\u00c1NCOS SZ\u00c1LL\u00cdT\u00d3K) - V\u00e1c - Alkot\u00e1s Kft.<\/title>\n<meta name=\"robots\" content=\"index, follow, max-snippet:-1, max-image-preview:large, max-video-preview:-1\" \/>\n<link rel=\"canonical\" href=\"https:\/\/alkotaskft.hu\/alkotas-redlerek-lancos-szallitok-vac\/\" \/>\n<meta property=\"og:locale\" content=\"en_US\" \/>\n<meta property=\"og:type\" content=\"article\" \/>\n<meta property=\"og:title\" content=\"ALKOT\u00c1S R\u00c9DLEREK (L\u00c1NCOS SZ\u00c1LL\u00cdT\u00d3K) - V\u00e1c - Alkot\u00e1s Kft.\" \/>\n<meta property=\"og:description\" content=\"D\u00e1tum: 2023.05.31.Term\u00e9k:ALKOT\u00c1S LSZ-40 l\u00e1ncos sz\u00e1ll\u00edt\u00f3 (r\u00e9dler) 18 fm-esBe\u00e9p\u00edt\u00e9s helye: V\u00e1ci Malom Kft. &#8211; V\u00e1c\" \/>\n<meta property=\"og:url\" content=\"https:\/\/alkotaskft.hu\/alkotas-redlerek-lancos-szallitok-vac\/\" \/>\n<meta property=\"og:site_name\" content=\"Alkot\u00e1s Kft.\" \/>\n<meta property=\"article:modified_time\" content=\"2023-05-31T09:28:11+00:00\" \/>\n<meta property=\"og:image\" content=\"https:\/\/alkotaskft.hu\/wp-content\/uploads\/2023\/05\/image003-5.jpg\" \/>\n<meta name=\"twitter:card\" content=\"summary_large_image\" \/>\n<script type=\"application\/ld+json\" class=\"yoast-schema-graph\">{\"@context\":\"https:\\\/\\\/schema.org\",\"@graph\":[{\"@type\":\"WebPage\",\"@id\":\"https:\\\/\\\/alkotaskft.hu\\\/alkotas-redlerek-lancos-szallitok-vac\\\/\",\"url\":\"https:\\\/\\\/alkotaskft.hu\\\/alkotas-redlerek-lancos-szallitok-vac\\\/\",\"name\":\"ALKOT\u00c1S R\u00c9DLEREK (L\u00c1NCOS SZ\u00c1LL\u00cdT\u00d3K) - V\u00e1c - Alkot\u00e1s Kft.\",\"isPartOf\":{\"@id\":\"https:\\\/\\\/alkotaskft.hu\\\/#website\"},\"datePublished\":\"2023-05-31T09:12:42+00:00\",\"dateModified\":\"2023-05-31T09:28:11+00:00\",\"breadcrumb\":{\"@id\":\"https:\\\/\\\/alkotaskft.hu\\\/alkotas-redlerek-lancos-szallitok-vac\\\/#breadcrumb\"},\"inLanguage\":\"en-US\",\"potentialAction\":[{\"@type\":\"ReadAction\",\"target\":[\"https:\\\/\\\/alkotaskft.hu\\\/alkotas-redlerek-lancos-szallitok-vac\\\/\"]}]},{\"@type\":\"BreadcrumbList\",\"@id\":\"https:\\\/\\\/alkotaskft.hu\\\/alkotas-redlerek-lancos-szallitok-vac\\\/#breadcrumb\",\"itemListElement\":[{\"@type\":\"ListItem\",\"position\":1,\"name\":\"Home\",\"item\":\"https:\\\/\\\/alkotaskft.hu\\\/\"},{\"@type\":\"ListItem\",\"position\":2,\"name\":\"ALKOT\u00c1S R\u00c9DLEREK (L\u00c1NCOS SZ\u00c1LL\u00cdT\u00d3K) &#8211; V\u00e1c\"}]},{\"@type\":\"WebSite\",\"@id\":\"https:\\\/\\\/alkotaskft.hu\\\/#website\",\"url\":\"https:\\\/\\\/alkotaskft.hu\\\/\",\"name\":\"Alkot\u00e1s Kft.\",\"description\":\"\",\"potentialAction\":[{\"@type\":\"SearchAction\",\"target\":{\"@type\":\"EntryPoint\",\"urlTemplate\":\"https:\\\/\\\/alkotaskft.hu\\\/?s={search_term_string}\"},\"query-input\":{\"@type\":\"PropertyValueSpecification\",\"valueRequired\":true,\"valueName\":\"search_term_string\"}}],\"inLanguage\":\"en-US\"}]}<\/script>\n<!-- \/ Yoast SEO plugin. -->","yoast_head_json":{"title":"ALKOT\u00c1S R\u00c9DLEREK (L\u00c1NCOS SZ\u00c1LL\u00cdT\u00d3K) - V\u00e1c - Alkot\u00e1s Kft.","robots":{"index":"index","follow":"follow","max-snippet":"max-snippet:-1","max-image-preview":"max-image-preview:large","max-video-preview":"max-video-preview:-1"},"canonical":"https:\/\/alkotaskft.hu\/alkotas-redlerek-lancos-szallitok-vac\/","og_locale":"en_US","og_type":"article","og_title":"ALKOT\u00c1S R\u00c9DLEREK (L\u00c1NCOS SZ\u00c1LL\u00cdT\u00d3K) - V\u00e1c - Alkot\u00e1s Kft.","og_description":"D\u00e1tum: 2023.05.31.Term\u00e9k:ALKOT\u00c1S LSZ-40 l\u00e1ncos sz\u00e1ll\u00edt\u00f3 (r\u00e9dler) 18 fm-esBe\u00e9p\u00edt\u00e9s helye: V\u00e1ci Malom Kft. &#8211; V\u00e1c","og_url":"https:\/\/alkotaskft.hu\/alkotas-redlerek-lancos-szallitok-vac\/","og_site_name":"Alkot\u00e1s Kft.","article_modified_time":"2023-05-31T09:28:11+00:00","og_image":[{"url":"https:\/\/alkotaskft.hu\/wp-content\/uploads\/2023\/05\/image003-5.jpg","type":"","width":"","height":""}],"twitter_card":"summary_large_image","schema":{"@context":"https:\/\/schema.org","@graph":[{"@type":"WebPage","@id":"https:\/\/alkotaskft.hu\/alkotas-redlerek-lancos-szallitok-vac\/","url":"https:\/\/alkotaskft.hu\/alkotas-redlerek-lancos-szallitok-vac\/","name":"ALKOT\u00c1S R\u00c9DLEREK (L\u00c1NCOS SZ\u00c1LL\u00cdT\u00d3K) - V\u00e1c - Alkot\u00e1s Kft.","isPartOf":{"@id":"https:\/\/alkotaskft.hu\/#website"},"datePublished":"2023-05-31T09:12:42+00:00","dateModified":"2023-05-31T09:28:11+00:00","breadcrumb":{"@id":"https:\/\/alkotaskft.hu\/alkotas-redlerek-lancos-szallitok-vac\/#breadcrumb"},"inLanguage":"en-US","potentialAction":[{"@type":"ReadAction","target":["https:\/\/alkotaskft.hu\/alkotas-redlerek-lancos-szallitok-vac\/"]}]},{"@type":"BreadcrumbList","@id":"https:\/\/alkotaskft.hu\/alkotas-redlerek-lancos-szallitok-vac\/#breadcrumb","itemListElement":[{"@type":"ListItem","position":1,"name":"Home","item":"https:\/\/alkotaskft.hu\/"},{"@type":"ListItem","position":2,"name":"ALKOT\u00c1S R\u00c9DLEREK (L\u00c1NCOS SZ\u00c1LL\u00cdT\u00d3K) &#8211; V\u00e1c"}]},{"@type":"WebSite","@id":"https:\/\/alkotaskft.hu\/#website","url":"https:\/\/alkotaskft.hu\/","name":"Alkot\u00e1s Kft.","description":"","potentialAction":[{"@type":"SearchAction","target":{"@type":"EntryPoint","urlTemplate":"https:\/\/alkotaskft.hu\/?s={search_term_string}"},"query-input":{"@type":"PropertyValueSpecification","valueRequired":true,"valueName":"search_term_string"}}],"inLanguage":"en-US"}]}},"acf":[],"_links":{"self":[{"href":"https:\/\/alkotaskft.hu\/en\/wp-json\/wp\/v2\/pages\/4705","targetHints":{"allow":["GET"]}}],"collection":[{"href":"https:\/\/alkotaskft.hu\/en\/wp-json\/wp\/v2\/pages"}],"about":[{"href":"https:\/\/alkotaskft.hu\/en\/wp-json\/wp\/v2\/types\/page"}],"author":[{"embeddable":true,"href":"https:\/\/alkotaskft.hu\/en\/wp-json\/wp\/v2\/users\/3"}],"replies":[{"embeddable":true,"href":"https:\/\/alkotaskft.hu\/en\/wp-json\/wp\/v2\/comments?post=4705"}],"version-history":[{"count":3,"href":"https:\/\/alkotaskft.hu\/en\/wp-json\/wp\/v2\/pages\/4705\/revisions"}],"predecessor-version":[{"id":4723,"href":"https:\/\/alkotaskft.hu\/en\/wp-json\/wp\/v2\/pages\/4705\/revisions\/4723"}],"wp:attachment":[{"href":"https:\/\/alkotaskft.hu\/en\/wp-json\/wp\/v2\/media?parent=4705"}],"wp:term":[{"taxonomy":"category","embeddable":true,"href":"https:\/\/alkotaskft.hu\/en\/wp-json\/wp\/v2\/categories?post=4705"},{"taxonomy":"post_tag","embeddable":true,"href":"https:\/\/alkotaskft.hu\/en\/wp-json\/wp\/v2\/tags?post=4705"}],"curies":[{"name":"wp","href":"https:\/\/api.w.org\/{rel}","templated":true}]}}