{"id":4167,"date":"2023-02-04T07:10:43","date_gmt":"2023-02-04T06:10:43","guid":{"rendered":"https:\/\/alkotaskft.hu\/?page_id=4167"},"modified":"2023-02-04T07:13:09","modified_gmt":"2023-02-04T06:13:09","slug":"munkaink-pacsa","status":"publish","type":"page","link":"https:\/\/alkotaskft.hu\/en\/munkaink-pacsa\/","title":{"rendered":"Munk\u00e1ink &#8211; Pacsa"},"content":{"rendered":"<p><\/p>\n<p style=\"text-align: center;\">D\u00e1tum: 2020.06.10.<br \/>Be\u00e9p\u00edtett term\u00e9kek: <br \/>ALKOT\u00c1S ASF-40 Serleges felvon\u00f3k 10,2 fm-es (4db)<br \/>Be\u00e9p\u00edt\u00e9s helye: Pacsai Malom Kft. &#8211; Pacsa<\/p>\n<p><\/p>\n<div id='gallery-1' class='gallery galleryid-4167 gallery-columns-4 gallery-size-full'><figure class='gallery-item'>\n\t\t\t<div class='gallery-icon landscape'>\n\t\t\t\t<a href='https:\/\/alkotaskft.hu\/wp-content\/uploads\/2023\/02\/20200610_174025.jpg'><img loading=\"lazy\" decoding=\"async\" width=\"800\" height=\"389\" src=\"https:\/\/alkotaskft.hu\/wp-content\/uploads\/2023\/02\/20200610_174025.jpg\" class=\"attachment-full size-full\" alt=\"\" srcset=\"https:\/\/alkotaskft.hu\/wp-content\/uploads\/2023\/02\/20200610_174025.jpg 800w, https:\/\/alkotaskft.hu\/wp-content\/uploads\/2023\/02\/20200610_174025-768x373.jpg 768w\" sizes=\"auto, (max-width: 800px) 100vw, 800px\" \/><\/a>\n\t\t\t<\/div><\/figure><figure class='gallery-item'>\n\t\t\t<div class='gallery-icon landscape'>\n\t\t\t\t<a href='https:\/\/alkotaskft.hu\/wp-content\/uploads\/2023\/02\/20200610_174034.jpg'><img loading=\"lazy\" decoding=\"async\" width=\"800\" height=\"389\" src=\"https:\/\/alkotaskft.hu\/wp-content\/uploads\/2023\/02\/20200610_174034.jpg\" class=\"attachment-full size-full\" alt=\"\" srcset=\"https:\/\/alkotaskft.hu\/wp-content\/uploads\/2023\/02\/20200610_174034.jpg 800w, https:\/\/alkotaskft.hu\/wp-content\/uploads\/2023\/02\/20200610_174034-768x373.jpg 768w\" sizes=\"auto, (max-width: 800px) 100vw, 800px\" \/><\/a>\n\t\t\t<\/div><\/figure><figure class='gallery-item'>\n\t\t\t<div class='gallery-icon landscape'>\n\t\t\t\t<a href='https:\/\/alkotaskft.hu\/wp-content\/uploads\/2023\/02\/20200610_174040.jpg'><img loading=\"lazy\" decoding=\"async\" width=\"800\" height=\"389\" src=\"https:\/\/alkotaskft.hu\/wp-content\/uploads\/2023\/02\/20200610_174040.jpg\" class=\"attachment-full size-full\" alt=\"\" srcset=\"https:\/\/alkotaskft.hu\/wp-content\/uploads\/2023\/02\/20200610_174040.jpg 800w, https:\/\/alkotaskft.hu\/wp-content\/uploads\/2023\/02\/20200610_174040-768x373.jpg 768w\" sizes=\"auto, (max-width: 800px) 100vw, 800px\" \/><\/a>\n\t\t\t<\/div><\/figure><figure class='gallery-item'>\n\t\t\t<div class='gallery-icon landscape'>\n\t\t\t\t<a href='https:\/\/alkotaskft.hu\/wp-content\/uploads\/2023\/02\/20200610_174105.jpg'><img loading=\"lazy\" decoding=\"async\" width=\"800\" height=\"389\" src=\"https:\/\/alkotaskft.hu\/wp-content\/uploads\/2023\/02\/20200610_174105.jpg\" class=\"attachment-full size-full\" alt=\"\" srcset=\"https:\/\/alkotaskft.hu\/wp-content\/uploads\/2023\/02\/20200610_174105.jpg 800w, https:\/\/alkotaskft.hu\/wp-content\/uploads\/2023\/02\/20200610_174105-768x373.jpg 768w\" sizes=\"auto, (max-width: 800px) 100vw, 800px\" \/><\/a>\n\t\t\t<\/div><\/figure><figure class='gallery-item'>\n\t\t\t<div class='gallery-icon landscape'>\n\t\t\t\t<a href='https:\/\/alkotaskft.hu\/wp-content\/uploads\/2023\/02\/20200610_174126.jpg'><img loading=\"lazy\" decoding=\"async\" width=\"800\" height=\"389\" src=\"https:\/\/alkotaskft.hu\/wp-content\/uploads\/2023\/02\/20200610_174126.jpg\" class=\"attachment-full size-full\" alt=\"\" srcset=\"https:\/\/alkotaskft.hu\/wp-content\/uploads\/2023\/02\/20200610_174126.jpg 800w, https:\/\/alkotaskft.hu\/wp-content\/uploads\/2023\/02\/20200610_174126-768x373.jpg 768w\" sizes=\"auto, (max-width: 800px) 100vw, 800px\" \/><\/a>\n\t\t\t<\/div><\/figure><figure class='gallery-item'>\n\t\t\t<div class='gallery-icon portrait'>\n\t\t\t\t<a href='https:\/\/alkotaskft.hu\/wp-content\/uploads\/2023\/02\/20200610_174136.jpg'><img loading=\"lazy\" decoding=\"async\" width=\"389\" height=\"800\" src=\"https:\/\/alkotaskft.hu\/wp-content\/uploads\/2023\/02\/20200610_174136.jpg\" class=\"attachment-full size-full\" alt=\"\" srcset=\"https:\/\/alkotaskft.hu\/wp-content\/uploads\/2023\/02\/20200610_174136.jpg 389w, https:\/\/alkotaskft.hu\/wp-content\/uploads\/2023\/02\/20200610_174136-195x400.jpg 195w\" sizes=\"auto, (max-width: 389px) 100vw, 389px\" \/><\/a>\n\t\t\t<\/div><\/figure><figure class='gallery-item'>\n\t\t\t<div class='gallery-icon landscape'>\n\t\t\t\t<a href='https:\/\/alkotaskft.hu\/wp-content\/uploads\/2023\/02\/20200610_174144.jpg'><img loading=\"lazy\" decoding=\"async\" width=\"800\" height=\"389\" src=\"https:\/\/alkotaskft.hu\/wp-content\/uploads\/2023\/02\/20200610_174144.jpg\" class=\"attachment-full size-full\" alt=\"\" srcset=\"https:\/\/alkotaskft.hu\/wp-content\/uploads\/2023\/02\/20200610_174144.jpg 800w, https:\/\/alkotaskft.hu\/wp-content\/uploads\/2023\/02\/20200610_174144-768x373.jpg 768w\" sizes=\"auto, (max-width: 800px) 100vw, 800px\" \/><\/a>\n\t\t\t<\/div><\/figure><figure class='gallery-item'>\n\t\t\t<div class='gallery-icon portrait'>\n\t\t\t\t<a href='https:\/\/alkotaskft.hu\/wp-content\/uploads\/2023\/02\/20200610_174152.jpg'><img loading=\"lazy\" decoding=\"async\" width=\"389\" height=\"800\" src=\"https:\/\/alkotaskft.hu\/wp-content\/uploads\/2023\/02\/20200610_174152.jpg\" class=\"attachment-full size-full\" alt=\"\" srcset=\"https:\/\/alkotaskft.hu\/wp-content\/uploads\/2023\/02\/20200610_174152.jpg 389w, https:\/\/alkotaskft.hu\/wp-content\/uploads\/2023\/02\/20200610_174152-195x400.jpg 195w\" sizes=\"auto, (max-width: 389px) 100vw, 389px\" \/><\/a>\n\t\t\t<\/div><\/figure>\n\t\t<\/div>\n","protected":false},"excerpt":{"rendered":"<p>D\u00e1tum: 2020.06.10.Be\u00e9p\u00edtett term\u00e9kek: ALKOT\u00c1S ASF-40 Serleges felvon\u00f3k 10,2 fm-es (4db)Be\u00e9p\u00edt\u00e9s helye: Pacsai Malom Kft. &#8211; Pacsa<\/p>\n<div class='heateor_sss_sharing_container heateor_sss_vertical_sharing heateor_sss_bottom_sharing' style='width:29px;right: 0px;top: 220px;-webkit-box-shadow:none;box-shadow:none;' data-heateor-sss-href='https:\/\/alkotaskft.hu\/en\/wp-json\/wp\/v2\/pages\/4167'><div class=\"heateor_sss_sharing_ul\"><a aria-label=\"Facebook\" class=\"heateor_sss_facebook\" href=\"https:\/\/www.facebook.com\/sharer\/sharer.php?u=https%3A%2F%2Falkotaskft.hu%2Fen%2Fwp-json%2Fwp%2Fv2%2Fpages%2F4167\" title=\"Facebook\" rel=\"nofollow noopener\" target=\"_blank\" style=\"font-size:32px!important;box-shadow:none;display:inline-block;vertical-align:middle\"><span class=\"heateor_sss_svg\" style=\"background-color:#0765FE;width:25px;height:25px;margin:0;display:inline-block;opacity:1;float:left;font-size:32px;box-shadow:none;display:inline-block;font-size:16px;padding:0 4px;vertical-align:middle;background-repeat:repeat;overflow:hidden;padding:0;cursor:pointer;box-sizing:content-box\"><svg style=\"display:block;\" focusable=\"false\" aria-hidden=\"true\" xmlns=\"http:\/\/www.w3.org\/2000\/svg\" width=\"100%\" height=\"100%\" viewBox=\"0 0 32 32\"><path fill=\"#fff\" d=\"M28 16c0-6.627-5.373-12-12-12S4 9.373 4 16c0 5.628 3.875 10.35 9.101 11.647v-7.98h-2.474V16H13.1v-1.58c0-4.085 1.849-5.978 5.859-5.978.76 0 2.072.15 2.608.298v3.325c-.283-.03-.775-.045-1.386-.045-1.967 0-2.728.745-2.728 2.683V16h3.92l-.673 3.667h-3.247v8.245C23.395 27.195 28 22.135 28 16Z\"><\/path><\/svg><\/span><\/a><a aria-label=\"Twitter\" class=\"heateor_sss_button_twitter\" href=\"https:\/\/twitter.com\/intent\/tweet?text=Alkot%C3%A1s%20Kft.%20-%20&url=https%3A%2F%2Falkotaskft.hu%2Fen%2Fwp-json%2Fwp%2Fv2%2Fpages%2F4167\" title=\"Twitter\" rel=\"nofollow noopener\" target=\"_blank\" style=\"font-size:32px!important;box-shadow:none;display:inline-block;vertical-align:middle\"><span class=\"heateor_sss_svg heateor_sss_s__default heateor_sss_s_twitter\" style=\"background-color:#55acee;width:25px;height:25px;margin:0;display:inline-block;opacity:1;float:left;font-size:32px;box-shadow:none;display:inline-block;font-size:16px;padding:0 4px;vertical-align:middle;background-repeat:repeat;overflow:hidden;padding:0;cursor:pointer;box-sizing:content-box\"><svg style=\"display:block;\" focusable=\"false\" aria-hidden=\"true\" xmlns=\"http:\/\/www.w3.org\/2000\/svg\" width=\"100%\" height=\"100%\" viewBox=\"-4 -4 39 39\"><path d=\"M28 8.557a9.913 9.913 0 0 1-2.828.775 4.93 4.93 0 0 0 2.166-2.725 9.738 9.738 0 0 1-3.13 1.194 4.92 4.92 0 0 0-3.593-1.55 4.924 4.924 0 0 0-4.794 6.049c-4.09-.21-7.72-2.17-10.15-5.15a4.942 4.942 0 0 0-.665 2.477c0 1.71.87 3.214 2.19 4.1a4.968 4.968 0 0 1-2.23-.616v.06c0 2.39 1.7 4.38 3.952 4.83-.414.115-.85.174-1.297.174-.318 0-.626-.03-.928-.086a4.935 4.935 0 0 0 4.6 3.42 9.893 9.893 0 0 1-6.114 2.107c-.398 0-.79-.023-1.175-.068a13.953 13.953 0 0 0 7.55 2.213c9.056 0 14.01-7.507 14.01-14.013 0-.213-.005-.426-.015-.637.96-.695 1.795-1.56 2.455-2.55z\" fill=\"#fff\"><\/path><\/svg><\/span><\/a><a class=\"heateor_sss_more\" aria-label=\"More\" title=\"More\" rel=\"nofollow noopener\" style=\"font-size: 32px!important;border:0;box-shadow:none;display:inline-block!important;font-size:16px;padding:0 4px;vertical-align: middle;display:inline;\" href=\"https:\/\/alkotaskft.hu\/en\/wp-json\/wp\/v2\/pages\/4167\" onclick=\"event.preventDefault()\"><span class=\"heateor_sss_svg\" style=\"background-color:#ee8e2d;width:25px;height:25px;margin:0;display:inline-block!important;opacity:1;float:left;font-size:32px!important;box-shadow:none;display:inline-block;font-size:16px;padding:0 4px;vertical-align:middle;display:inline;background-repeat:repeat;overflow:hidden;padding:0;cursor:pointer;box-sizing:content-box;\" onclick=\"heateorSssMoreSharingPopup(this, 'https:\/\/alkotaskft.hu\/en\/wp-json\/wp\/v2\/pages\/4167', 'Alkot%C3%A1s%20Kft.%20-%20', '' )\"><svg xmlns=\"http:\/\/www.w3.org\/2000\/svg\" xmlns:xlink=\"http:\/\/www.w3.org\/1999\/xlink\" viewBox=\"-.3 0 32 32\" version=\"1.1\" width=\"100%\" height=\"100%\" style=\"display:block;\" xml:space=\"preserve\"><g><path fill=\"#fff\" d=\"M18 14V8h-4v6H8v4h6v6h4v-6h6v-4h-6z\" fill-rule=\"evenodd\"><\/path><\/g><\/svg><\/span><\/a><\/div><div class=\"heateorSssClear\"><\/div><\/div>","protected":false},"author":3,"featured_media":0,"parent":0,"menu_order":0,"comment_status":"closed","ping_status":"closed","template":"","meta":{"_acf_changed":false,"footnotes":""},"categories":[],"tags":[],"class_list":["post-4167","page","type-page","status-publish","hentry"],"yoast_head":"<!-- This site is optimized with the Yoast SEO plugin v27.5 - https:\/\/yoast.com\/product\/yoast-seo-wordpress\/ -->\n<title>Munk\u00e1ink - Pacsa - Alkot\u00e1s Kft.<\/title>\n<meta name=\"robots\" content=\"index, follow, max-snippet:-1, max-image-preview:large, max-video-preview:-1\" \/>\n<link rel=\"canonical\" href=\"https:\/\/alkotaskft.hu\/munkaink-pacsa\/\" \/>\n<meta property=\"og:locale\" content=\"en_US\" \/>\n<meta property=\"og:type\" content=\"article\" \/>\n<meta property=\"og:title\" content=\"Munk\u00e1ink - Pacsa - Alkot\u00e1s Kft.\" \/>\n<meta property=\"og:description\" content=\"D\u00e1tum: 2020.06.10.Be\u00e9p\u00edtett term\u00e9kek: ALKOT\u00c1S ASF-40 Serleges felvon\u00f3k 10,2 fm-es (4db)Be\u00e9p\u00edt\u00e9s helye: Pacsai Malom Kft. &#8211; Pacsa\" \/>\n<meta property=\"og:url\" content=\"https:\/\/alkotaskft.hu\/munkaink-pacsa\/\" \/>\n<meta property=\"og:site_name\" content=\"Alkot\u00e1s Kft.\" \/>\n<meta property=\"article:modified_time\" content=\"2023-02-04T06:13:09+00:00\" \/>\n<meta property=\"og:image\" content=\"https:\/\/alkotaskft.hu\/wp-content\/uploads\/2023\/02\/20200610_174025.jpg\" \/>\n<meta name=\"twitter:card\" content=\"summary_large_image\" \/>\n<meta name=\"twitter:label1\" content=\"Est. reading time\" \/>\n\t<meta name=\"twitter:data1\" content=\"1 minute\" \/>\n<script type=\"application\/ld+json\" class=\"yoast-schema-graph\">{\"@context\":\"https:\\\/\\\/schema.org\",\"@graph\":[{\"@type\":\"WebPage\",\"@id\":\"https:\\\/\\\/alkotaskft.hu\\\/munkaink-pacsa\\\/\",\"url\":\"https:\\\/\\\/alkotaskft.hu\\\/munkaink-pacsa\\\/\",\"name\":\"Munk\u00e1ink - Pacsa - Alkot\u00e1s Kft.\",\"isPartOf\":{\"@id\":\"https:\\\/\\\/alkotaskft.hu\\\/#website\"},\"datePublished\":\"2023-02-04T06:10:43+00:00\",\"dateModified\":\"2023-02-04T06:13:09+00:00\",\"breadcrumb\":{\"@id\":\"https:\\\/\\\/alkotaskft.hu\\\/munkaink-pacsa\\\/#breadcrumb\"},\"inLanguage\":\"en-US\",\"potentialAction\":[{\"@type\":\"ReadAction\",\"target\":[\"https:\\\/\\\/alkotaskft.hu\\\/munkaink-pacsa\\\/\"]}]},{\"@type\":\"BreadcrumbList\",\"@id\":\"https:\\\/\\\/alkotaskft.hu\\\/munkaink-pacsa\\\/#breadcrumb\",\"itemListElement\":[{\"@type\":\"ListItem\",\"position\":1,\"name\":\"Home\",\"item\":\"https:\\\/\\\/alkotaskft.hu\\\/\"},{\"@type\":\"ListItem\",\"position\":2,\"name\":\"Munk\u00e1ink &#8211; Pacsa\"}]},{\"@type\":\"WebSite\",\"@id\":\"https:\\\/\\\/alkotaskft.hu\\\/#website\",\"url\":\"https:\\\/\\\/alkotaskft.hu\\\/\",\"name\":\"Alkot\u00e1s Kft.\",\"description\":\"\",\"potentialAction\":[{\"@type\":\"SearchAction\",\"target\":{\"@type\":\"EntryPoint\",\"urlTemplate\":\"https:\\\/\\\/alkotaskft.hu\\\/?s={search_term_string}\"},\"query-input\":{\"@type\":\"PropertyValueSpecification\",\"valueRequired\":true,\"valueName\":\"search_term_string\"}}],\"inLanguage\":\"en-US\"}]}<\/script>\n<!-- \/ Yoast SEO plugin. -->","yoast_head_json":{"title":"Munk\u00e1ink - Pacsa - Alkot\u00e1s Kft.","robots":{"index":"index","follow":"follow","max-snippet":"max-snippet:-1","max-image-preview":"max-image-preview:large","max-video-preview":"max-video-preview:-1"},"canonical":"https:\/\/alkotaskft.hu\/munkaink-pacsa\/","og_locale":"en_US","og_type":"article","og_title":"Munk\u00e1ink - Pacsa - Alkot\u00e1s Kft.","og_description":"D\u00e1tum: 2020.06.10.Be\u00e9p\u00edtett term\u00e9kek: ALKOT\u00c1S ASF-40 Serleges felvon\u00f3k 10,2 fm-es (4db)Be\u00e9p\u00edt\u00e9s helye: Pacsai Malom Kft. &#8211; Pacsa","og_url":"https:\/\/alkotaskft.hu\/munkaink-pacsa\/","og_site_name":"Alkot\u00e1s Kft.","article_modified_time":"2023-02-04T06:13:09+00:00","og_image":[{"url":"https:\/\/alkotaskft.hu\/wp-content\/uploads\/2023\/02\/20200610_174025.jpg","type":"","width":"","height":""}],"twitter_card":"summary_large_image","twitter_misc":{"Est. reading time":"1 minute"},"schema":{"@context":"https:\/\/schema.org","@graph":[{"@type":"WebPage","@id":"https:\/\/alkotaskft.hu\/munkaink-pacsa\/","url":"https:\/\/alkotaskft.hu\/munkaink-pacsa\/","name":"Munk\u00e1ink - Pacsa - Alkot\u00e1s Kft.","isPartOf":{"@id":"https:\/\/alkotaskft.hu\/#website"},"datePublished":"2023-02-04T06:10:43+00:00","dateModified":"2023-02-04T06:13:09+00:00","breadcrumb":{"@id":"https:\/\/alkotaskft.hu\/munkaink-pacsa\/#breadcrumb"},"inLanguage":"en-US","potentialAction":[{"@type":"ReadAction","target":["https:\/\/alkotaskft.hu\/munkaink-pacsa\/"]}]},{"@type":"BreadcrumbList","@id":"https:\/\/alkotaskft.hu\/munkaink-pacsa\/#breadcrumb","itemListElement":[{"@type":"ListItem","position":1,"name":"Home","item":"https:\/\/alkotaskft.hu\/"},{"@type":"ListItem","position":2,"name":"Munk\u00e1ink &#8211; Pacsa"}]},{"@type":"WebSite","@id":"https:\/\/alkotaskft.hu\/#website","url":"https:\/\/alkotaskft.hu\/","name":"Alkot\u00e1s Kft.","description":"","potentialAction":[{"@type":"SearchAction","target":{"@type":"EntryPoint","urlTemplate":"https:\/\/alkotaskft.hu\/?s={search_term_string}"},"query-input":{"@type":"PropertyValueSpecification","valueRequired":true,"valueName":"search_term_string"}}],"inLanguage":"en-US"}]}},"acf":[],"_links":{"self":[{"href":"https:\/\/alkotaskft.hu\/en\/wp-json\/wp\/v2\/pages\/4167","targetHints":{"allow":["GET"]}}],"collection":[{"href":"https:\/\/alkotaskft.hu\/en\/wp-json\/wp\/v2\/pages"}],"about":[{"href":"https:\/\/alkotaskft.hu\/en\/wp-json\/wp\/v2\/types\/page"}],"author":[{"embeddable":true,"href":"https:\/\/alkotaskft.hu\/en\/wp-json\/wp\/v2\/users\/3"}],"replies":[{"embeddable":true,"href":"https:\/\/alkotaskft.hu\/en\/wp-json\/wp\/v2\/comments?post=4167"}],"version-history":[{"count":3,"href":"https:\/\/alkotaskft.hu\/en\/wp-json\/wp\/v2\/pages\/4167\/revisions"}],"predecessor-version":[{"id":4178,"href":"https:\/\/alkotaskft.hu\/en\/wp-json\/wp\/v2\/pages\/4167\/revisions\/4178"}],"wp:attachment":[{"href":"https:\/\/alkotaskft.hu\/en\/wp-json\/wp\/v2\/media?parent=4167"}],"wp:term":[{"taxonomy":"category","embeddable":true,"href":"https:\/\/alkotaskft.hu\/en\/wp-json\/wp\/v2\/categories?post=4167"},{"taxonomy":"post_tag","embeddable":true,"href":"https:\/\/alkotaskft.hu\/en\/wp-json\/wp\/v2\/tags?post=4167"}],"curies":[{"name":"wp","href":"https:\/\/api.w.org\/{rel}","templated":true}]}}