{"id":2167,"date":"2021-03-02T12:51:58","date_gmt":"2021-03-02T11:51:58","guid":{"rendered":"https:\/\/alkotaskft.hu\/?page_id=2167"},"modified":"2021-03-03T13:54:21","modified_gmt":"2021-03-03T12:54:21","slug":"napelemes-rendszer-telepitese-az-alkotas-kft-nel-2","status":"publish","type":"page","link":"https:\/\/alkotaskft.hu\/en\/napelemes-rendszer-telepitese-az-alkotas-kft-nel-2\/","title":{"rendered":"Technol\u00f3gia korszer\u0171s\u00edt\u00e9s az Alkot\u00e1s Kft.-n\u00e9l"},"content":{"rendered":"\n<ul class=\"wp-block-list\"><li><em>A kedvezm\u00e9nyezett neve:<\/em><strong>ALKOT\u00c1S G\u00e9pgy\u00e1rt\u00f3 \u00e9s Szolg\u00e1ltat\u00f3 Korl\u00e1tolt Felel\u0151ss\u00e9g\u0171 T\u00e1rsas\u00e1g<\/strong><\/li><li>A<em> projekt c\u00edme:<\/em><strong> Technol\u00f3giai korszer\u0171s\u00edt\u00e9s az ALKOT\u00c1S Kft.-n\u00e9l<\/strong><\/li><li>A<em> szerz\u0151d\u00f6tt t\u00e1mogat\u00e1s \u00f6sszege: <\/em><strong>12.483.161,- Ft<\/strong><\/li><li>A <em>visszat\u00e9r\u00edtend\u0151 t\u00e1mogat\u00e1s (hitel) m\u00e9rt\u00e9ke (%-ban): <\/em><strong>18.05 %<\/strong><\/li><\/ul>\n\n\n\n<div class=\"wp-block-image\"><figure class=\"alignleft is-resized\"><img loading=\"lazy\" decoding=\"async\" src=\"https:\/\/alkotaskft.hu\/wp-content\/uploads\/2021\/03\/stanc.jpg\" alt=\"\" class=\"wp-image-2164\" width=\"372\" height=\"263\" srcset=\"https:\/\/alkotaskft.hu\/wp-content\/uploads\/2021\/03\/stanc.jpg 1042w, https:\/\/alkotaskft.hu\/wp-content\/uploads\/2021\/03\/stanc-566x400.jpg 566w, https:\/\/alkotaskft.hu\/wp-content\/uploads\/2021\/03\/stanc-768x543.jpg 768w\" sizes=\"auto, (max-width: 372px) 100vw, 372px\" \/><\/figure><\/div>\n\n\n\n<p><strong>Az ALKOT\u00c1S Kft. 1989-ben alakult \u00e9s kezdett\u0151l fogva a gazdas\u00e1gok, mez\u0151g\u00e9pgy\u00e1rt\u00f3k \u00e9s mez\u0151gazdas\u00e1gi v\u00e1llalkoz\u00f3k szolg\u00e1lat\u00e1ban \u00e1ll perfor\u00e1lt- \u00e9s rostalemezek k\u00e9sz\u00edt\u00e9se, univerz\u00e1lis term\u00e9nytiszt\u00edt\u00f3 g\u00e9pek gy\u00e1rt\u00e1sa r\u00e9v\u00e9n. A v\u00e1llalkoz\u00e1s misszi\u00f3ja olyan tiszt\u00edt\u00f3g\u00e9pek l\u00e9trehoz\u00e1sa, amelyek el\u0151- \u00e9s ut\u00f3tiszt\u00edt\u00f3k\u00e9nt minden szemes term\u00e9ny tiszt\u00edt\u00e1s\u00e1ra alkalmasak. B\u00e9k\u00e9sen 1,5 ha nagys\u00e1g\u00fa saj\u00e1t tulajdon\u00fa ipari sz\u00e9khelyen t\u00f6rt\u00e9nik a gy\u00e1rt\u00e1s, melyet az alap\u00edt\u00f3 nyugat-n\u00e9metorsz\u00e1gi kisiparos mint\u00e1ra alak\u00edtott ki. &nbsp;<\/strong><\/p>\n\n\n\n<p><strong>A c\u00e9g vezet\u00e9se az \u00e1rbev\u00e9tel \u00e9s a hozz\u00e1kapcsol\u00f3d\u00f3 \u00fczemi termel\u00e9kenys\u00e9gi szint n\u00f6veked\u00e9s\u00e9nek el\u00e9r\u00e9s\u00e9hez folyamatosan keresi azokat az innovat\u00edv beruh\u00e1z\u00e1si lehet\u0151s\u00e9geket, amelyek hozz\u00e1j\u00e1rulnak a termel\u00e9si strukt\u00fara optimaliz\u00e1l\u00e1s\u00e1hoz, a kapacit\u00e1sb\u0151v\u00edt\u00e9shez, a k\u00f6lts\u00e9ghat\u00e9konys\u00e1g n\u00f6vel\u00e9s\u00e9hez. A Punch Sharp 1225 lemezstancol\u00f3 g\u00e9p gy\u00e1rt\u00e1si folyamatba t\u00f6rt\u00e9n\u0151 integr\u00e1l\u00e1sa lehet\u0151v\u00e9 tette a k\u00e9zi munkaer\u0151 azon gy\u00e1rt\u00e1si tev\u00e9kenys\u00e9gekre t\u00f6rt\u00e9n\u0151 \u00e1tcsoportos\u00edt\u00e1s\u00e1t, amelyn\u00e9l nem rent\u00e1bilis a kiv\u00e1lt\u00e1suk, tov\u00e1bb\u00e1 a korszer\u0171 berendez\u00e9ssel a v\u00e1llalkoz\u00e1s racionaliz\u00e1lni tudta gy\u00e1rt\u00e1si folyamatait, \u00edgy a szakk\u00e9pzett munkaer\u0151 teljes m\u00e9rt\u00e9kben saj\u00e1t munkaf\u00e1zis\u00e1ra \u00f6sszpontos\u00edthat \u00e9s kiv\u00e1lt\u00e1sra ker\u00fclhettek azok az ig\u00e9nybevett alv\u00e1llalkoz\u00f3i teljes\u00edtm\u00e9nyek, amelyek k\u00f6lts\u00e9gesebb\u00e9 \u00e9s id\u0151ig\u00e9nyesebb\u00e9 tett\u00e9k a gy\u00e1rt\u00e1si folyamatot.<\/strong> <br><strong>A fejleszt\u00e9ssel t\u00f6bb v\u00e9gterm\u00e9k el\u0151\u00e1ll\u00edt\u00e1s\u00e1ra lett k\u00e9pes az ALKOT\u00c1S Kft., tov\u00e1bb\u00e1 jelenlegi tev\u00e9kenys\u00e9g\u00e9hez kapcsol\u00f3d\u00f3an hat\u00e9konyabb munkav\u00e9gz\u00e9s v\u00e1rhat\u00f3, illetve jelent\u0151s m\u00e9rt\u00e9kben jav\u00edtott, termel\u00e9si m\u00f3dszer alkalmaz\u00e1sa j\u00f6tt l\u00e9tre, mellyel egyidej\u0171leg a modern berendez\u00e9s \u00fczembe\u00e1ll\u00edt\u00e1s\u00e1val energiamegtakar\u00edt\u00e1s v\u00e1lt el\u00e9rhet\u0151v\u00e9. A gy\u00e1rt\u00e1si folyamatban keletkezett hullad\u00e9k mennyis\u00e9ge is cs\u00f6kkent, amit kedvez\u0151bb k\u00f6rnyezeti hat\u00e1sk\u00e9nt \u00e9rt\u00e9kel a v\u00e1llalkoz\u00e1s menedzsmentje<\/strong>.<\/p>\n\n\n\n<ul class=\"wp-block-list\"><li><em>A projekt tartalm\u00e1nak bemutat\u00e1sa: <\/em><\/li><\/ul>\n\n\n\n<ul class=\"wp-block-list\"><li>A projekt t\u00e9nyleges befejez\u00e9si d\u00e1tuma: 2022.02.28. <\/li><li>A projekt azonos\u00edt\u00f3 sz\u00e1ma: <strong>GINOP-1.2.8-20-2020-02962<\/strong><\/li><\/ul>\n\n\n\n<figure class=\"wp-block-image is-resized\"><img loading=\"lazy\" decoding=\"async\" src=\"https:\/\/alkotaskft.hu\/wp-content\/uploads\/2021\/03\/IMG_20210302_141539-1067x800.jpg\" alt=\"\" class=\"wp-image-2180\" width=\"1001\" height=\"750\" srcset=\"https:\/\/alkotaskft.hu\/wp-content\/uploads\/2021\/03\/IMG_20210302_141539-1067x800.jpg 1067w, https:\/\/alkotaskft.hu\/wp-content\/uploads\/2021\/03\/IMG_20210302_141539-533x400.jpg 533w, https:\/\/alkotaskft.hu\/wp-content\/uploads\/2021\/03\/IMG_20210302_141539-768x576.jpg 768w\" sizes=\"auto, (max-width: 1001px) 100vw, 1001px\" \/><\/figure>\n","protected":false},"excerpt":{"rendered":"<p>A kedvezm\u00e9nyezett neve:ALKOT\u00c1S G\u00e9pgy\u00e1rt\u00f3 \u00e9s Szolg\u00e1ltat\u00f3 Korl\u00e1tolt Felel\u0151ss\u00e9g\u0171 T\u00e1rsas\u00e1g A projekt c\u00edme: Technol\u00f3giai korszer\u0171s\u00edt\u00e9s az ALKOT\u00c1S Kft.-n\u00e9l A szerz\u0151d\u00f6tt t\u00e1mogat\u00e1s \u00f6sszege: 12.483.161,- Ft A visszat\u00e9r\u00edtend\u0151 t\u00e1mogat\u00e1s (hitel) m\u00e9rt\u00e9ke (%-ban): 18.05 % Az ALKOT\u00c1S Kft. 1989-ben alakult \u00e9s kezdett\u0151l fogva a gazdas\u00e1gok, mez\u0151g\u00e9pgy\u00e1rt\u00f3k \u00e9s mez\u0151gazdas\u00e1gi v\u00e1llalkoz\u00f3k szolg\u00e1lat\u00e1ban \u00e1ll perfor\u00e1lt- \u00e9s rostalemezek k\u00e9sz\u00edt\u00e9se, univerz\u00e1lis term\u00e9nytiszt\u00edt\u00f3 g\u00e9pek gy\u00e1rt\u00e1sa [&hellip;]\n<div class='heateor_sss_sharing_container heateor_sss_vertical_sharing heateor_sss_bottom_sharing' style='width:29px;right: 0px;top: 220px;-webkit-box-shadow:none;box-shadow:none;' data-heateor-sss-href='https:\/\/alkotaskft.hu\/en\/wp-json\/wp\/v2\/pages\/2167'><div class=\"heateor_sss_sharing_ul\"><a aria-label=\"Facebook\" class=\"heateor_sss_facebook\" href=\"https:\/\/www.facebook.com\/sharer\/sharer.php?u=https%3A%2F%2Falkotaskft.hu%2Fen%2Fwp-json%2Fwp%2Fv2%2Fpages%2F2167\" title=\"Facebook\" rel=\"nofollow noopener\" target=\"_blank\" style=\"font-size:32px!important;box-shadow:none;display:inline-block;vertical-align:middle\"><span class=\"heateor_sss_svg\" style=\"background-color:#0765FE;width:25px;height:25px;margin:0;display:inline-block;opacity:1;float:left;font-size:32px;box-shadow:none;display:inline-block;font-size:16px;padding:0 4px;vertical-align:middle;background-repeat:repeat;overflow:hidden;padding:0;cursor:pointer;box-sizing:content-box\"><svg style=\"display:block;\" focusable=\"false\" aria-hidden=\"true\" xmlns=\"http:\/\/www.w3.org\/2000\/svg\" width=\"100%\" height=\"100%\" viewBox=\"0 0 32 32\"><path fill=\"#fff\" d=\"M28 16c0-6.627-5.373-12-12-12S4 9.373 4 16c0 5.628 3.875 10.35 9.101 11.647v-7.98h-2.474V16H13.1v-1.58c0-4.085 1.849-5.978 5.859-5.978.76 0 2.072.15 2.608.298v3.325c-.283-.03-.775-.045-1.386-.045-1.967 0-2.728.745-2.728 2.683V16h3.92l-.673 3.667h-3.247v8.245C23.395 27.195 28 22.135 28 16Z\"><\/path><\/svg><\/span><\/a><a aria-label=\"Twitter\" class=\"heateor_sss_button_twitter\" href=\"https:\/\/twitter.com\/intent\/tweet?text=Alkot%C3%A1s%20Kft.%20-%20&url=https%3A%2F%2Falkotaskft.hu%2Fen%2Fwp-json%2Fwp%2Fv2%2Fpages%2F2167\" title=\"Twitter\" rel=\"nofollow noopener\" target=\"_blank\" style=\"font-size:32px!important;box-shadow:none;display:inline-block;vertical-align:middle\"><span class=\"heateor_sss_svg heateor_sss_s__default heateor_sss_s_twitter\" style=\"background-color:#55acee;width:25px;height:25px;margin:0;display:inline-block;opacity:1;float:left;font-size:32px;box-shadow:none;display:inline-block;font-size:16px;padding:0 4px;vertical-align:middle;background-repeat:repeat;overflow:hidden;padding:0;cursor:pointer;box-sizing:content-box\"><svg style=\"display:block;\" focusable=\"false\" aria-hidden=\"true\" xmlns=\"http:\/\/www.w3.org\/2000\/svg\" width=\"100%\" height=\"100%\" viewBox=\"-4 -4 39 39\"><path d=\"M28 8.557a9.913 9.913 0 0 1-2.828.775 4.93 4.93 0 0 0 2.166-2.725 9.738 9.738 0 0 1-3.13 1.194 4.92 4.92 0 0 0-3.593-1.55 4.924 4.924 0 0 0-4.794 6.049c-4.09-.21-7.72-2.17-10.15-5.15a4.942 4.942 0 0 0-.665 2.477c0 1.71.87 3.214 2.19 4.1a4.968 4.968 0 0 1-2.23-.616v.06c0 2.39 1.7 4.38 3.952 4.83-.414.115-.85.174-1.297.174-.318 0-.626-.03-.928-.086a4.935 4.935 0 0 0 4.6 3.42 9.893 9.893 0 0 1-6.114 2.107c-.398 0-.79-.023-1.175-.068a13.953 13.953 0 0 0 7.55 2.213c9.056 0 14.01-7.507 14.01-14.013 0-.213-.005-.426-.015-.637.96-.695 1.795-1.56 2.455-2.55z\" fill=\"#fff\"><\/path><\/svg><\/span><\/a><a class=\"heateor_sss_more\" aria-label=\"More\" title=\"More\" rel=\"nofollow noopener\" style=\"font-size: 32px!important;border:0;box-shadow:none;display:inline-block!important;font-size:16px;padding:0 4px;vertical-align: middle;display:inline;\" href=\"https:\/\/alkotaskft.hu\/en\/wp-json\/wp\/v2\/pages\/2167\" onclick=\"event.preventDefault()\"><span class=\"heateor_sss_svg\" style=\"background-color:#ee8e2d;width:25px;height:25px;margin:0;display:inline-block!important;opacity:1;float:left;font-size:32px!important;box-shadow:none;display:inline-block;font-size:16px;padding:0 4px;vertical-align:middle;display:inline;background-repeat:repeat;overflow:hidden;padding:0;cursor:pointer;box-sizing:content-box;\" onclick=\"heateorSssMoreSharingPopup(this, 'https:\/\/alkotaskft.hu\/en\/wp-json\/wp\/v2\/pages\/2167', 'Alkot%C3%A1s%20Kft.%20-%20', '' )\"><svg xmlns=\"http:\/\/www.w3.org\/2000\/svg\" xmlns:xlink=\"http:\/\/www.w3.org\/1999\/xlink\" viewBox=\"-.3 0 32 32\" version=\"1.1\" width=\"100%\" height=\"100%\" style=\"display:block;\" xml:space=\"preserve\"><g><path fill=\"#fff\" d=\"M18 14V8h-4v6H8v4h6v6h4v-6h6v-4h-6z\" fill-rule=\"evenodd\"><\/path><\/g><\/svg><\/span><\/a><\/div><div class=\"heateorSssClear\"><\/div><\/div>","protected":false},"author":3,"featured_media":0,"parent":0,"menu_order":0,"comment_status":"closed","ping_status":"closed","template":"","meta":{"_acf_changed":false,"footnotes":""},"categories":[],"tags":[],"class_list":["post-2167","page","type-page","status-publish","hentry"],"yoast_head":"<!-- This site is optimized with the Yoast SEO plugin v27.4 - https:\/\/yoast.com\/product\/yoast-seo-wordpress\/ -->\n<title>Technol\u00f3gia korszer\u0171s\u00edt\u00e9s az Alkot\u00e1s Kft.-n\u00e9l - Alkot\u00e1s Kft.<\/title>\n<meta name=\"robots\" content=\"index, follow, max-snippet:-1, max-image-preview:large, max-video-preview:-1\" \/>\n<link rel=\"canonical\" href=\"https:\/\/alkotaskft.hu\/napelemes-rendszer-telepitese-az-alkotas-kft-nel-2\/\" \/>\n<meta property=\"og:locale\" content=\"en_US\" \/>\n<meta property=\"og:type\" content=\"article\" \/>\n<meta property=\"og:title\" content=\"Technol\u00f3gia korszer\u0171s\u00edt\u00e9s az Alkot\u00e1s Kft.-n\u00e9l - Alkot\u00e1s Kft.\" \/>\n<meta property=\"og:description\" content=\"A kedvezm\u00e9nyezett neve:ALKOT\u00c1S G\u00e9pgy\u00e1rt\u00f3 \u00e9s Szolg\u00e1ltat\u00f3 Korl\u00e1tolt Felel\u0151ss\u00e9g\u0171 T\u00e1rsas\u00e1g A projekt c\u00edme: Technol\u00f3giai korszer\u0171s\u00edt\u00e9s az ALKOT\u00c1S Kft.-n\u00e9l A szerz\u0151d\u00f6tt t\u00e1mogat\u00e1s \u00f6sszege: 12.483.161,- Ft A visszat\u00e9r\u00edtend\u0151 t\u00e1mogat\u00e1s (hitel) m\u00e9rt\u00e9ke (%-ban): 18.05 % Az ALKOT\u00c1S Kft. 1989-ben alakult \u00e9s kezdett\u0151l fogva a gazdas\u00e1gok, mez\u0151g\u00e9pgy\u00e1rt\u00f3k \u00e9s mez\u0151gazdas\u00e1gi v\u00e1llalkoz\u00f3k szolg\u00e1lat\u00e1ban \u00e1ll perfor\u00e1lt- \u00e9s rostalemezek k\u00e9sz\u00edt\u00e9se, univerz\u00e1lis term\u00e9nytiszt\u00edt\u00f3 g\u00e9pek gy\u00e1rt\u00e1sa [&hellip;]\" \/>\n<meta property=\"og:url\" content=\"https:\/\/alkotaskft.hu\/napelemes-rendszer-telepitese-az-alkotas-kft-nel-2\/\" \/>\n<meta property=\"og:site_name\" content=\"Alkot\u00e1s Kft.\" \/>\n<meta property=\"article:modified_time\" content=\"2021-03-03T12:54:21+00:00\" \/>\n<meta property=\"og:image\" content=\"https:\/\/alkotaskft.hu\/wp-content\/uploads\/2021\/03\/stanc.jpg\" \/>\n<meta name=\"twitter:card\" content=\"summary_large_image\" \/>\n<meta name=\"twitter:label1\" content=\"Est. reading time\" \/>\n\t<meta name=\"twitter:data1\" content=\"2 minutes\" \/>\n<script type=\"application\/ld+json\" class=\"yoast-schema-graph\">{\"@context\":\"https:\\\/\\\/schema.org\",\"@graph\":[{\"@type\":\"WebPage\",\"@id\":\"https:\\\/\\\/alkotaskft.hu\\\/napelemes-rendszer-telepitese-az-alkotas-kft-nel-2\\\/\",\"url\":\"https:\\\/\\\/alkotaskft.hu\\\/napelemes-rendszer-telepitese-az-alkotas-kft-nel-2\\\/\",\"name\":\"Technol\u00f3gia korszer\u0171s\u00edt\u00e9s az Alkot\u00e1s Kft.-n\u00e9l - Alkot\u00e1s Kft.\",\"isPartOf\":{\"@id\":\"https:\\\/\\\/alkotaskft.hu\\\/#website\"},\"primaryImageOfPage\":{\"@id\":\"https:\\\/\\\/alkotaskft.hu\\\/napelemes-rendszer-telepitese-az-alkotas-kft-nel-2\\\/#primaryimage\"},\"image\":{\"@id\":\"https:\\\/\\\/alkotaskft.hu\\\/napelemes-rendszer-telepitese-az-alkotas-kft-nel-2\\\/#primaryimage\"},\"thumbnailUrl\":\"https:\\\/\\\/alkotaskft.hu\\\/wp-content\\\/uploads\\\/2021\\\/03\\\/stanc.jpg\",\"datePublished\":\"2021-03-02T11:51:58+00:00\",\"dateModified\":\"2021-03-03T12:54:21+00:00\",\"breadcrumb\":{\"@id\":\"https:\\\/\\\/alkotaskft.hu\\\/napelemes-rendszer-telepitese-az-alkotas-kft-nel-2\\\/#breadcrumb\"},\"inLanguage\":\"en-US\",\"potentialAction\":[{\"@type\":\"ReadAction\",\"target\":[\"https:\\\/\\\/alkotaskft.hu\\\/napelemes-rendszer-telepitese-az-alkotas-kft-nel-2\\\/\"]}]},{\"@type\":\"ImageObject\",\"inLanguage\":\"en-US\",\"@id\":\"https:\\\/\\\/alkotaskft.hu\\\/napelemes-rendszer-telepitese-az-alkotas-kft-nel-2\\\/#primaryimage\",\"url\":\"https:\\\/\\\/alkotaskft.hu\\\/wp-content\\\/uploads\\\/2021\\\/03\\\/stanc.jpg\",\"contentUrl\":\"https:\\\/\\\/alkotaskft.hu\\\/wp-content\\\/uploads\\\/2021\\\/03\\\/stanc.jpg\"},{\"@type\":\"BreadcrumbList\",\"@id\":\"https:\\\/\\\/alkotaskft.hu\\\/napelemes-rendszer-telepitese-az-alkotas-kft-nel-2\\\/#breadcrumb\",\"itemListElement\":[{\"@type\":\"ListItem\",\"position\":1,\"name\":\"Home\",\"item\":\"https:\\\/\\\/alkotaskft.hu\\\/\"},{\"@type\":\"ListItem\",\"position\":2,\"name\":\"Technol\u00f3gia korszer\u0171s\u00edt\u00e9s az Alkot\u00e1s Kft.-n\u00e9l\"}]},{\"@type\":\"WebSite\",\"@id\":\"https:\\\/\\\/alkotaskft.hu\\\/#website\",\"url\":\"https:\\\/\\\/alkotaskft.hu\\\/\",\"name\":\"Alkot\u00e1s Kft.\",\"description\":\"\",\"potentialAction\":[{\"@type\":\"SearchAction\",\"target\":{\"@type\":\"EntryPoint\",\"urlTemplate\":\"https:\\\/\\\/alkotaskft.hu\\\/?s={search_term_string}\"},\"query-input\":{\"@type\":\"PropertyValueSpecification\",\"valueRequired\":true,\"valueName\":\"search_term_string\"}}],\"inLanguage\":\"en-US\"}]}<\/script>\n<!-- \/ Yoast SEO plugin. -->","yoast_head_json":{"title":"Technol\u00f3gia korszer\u0171s\u00edt\u00e9s az Alkot\u00e1s Kft.-n\u00e9l - Alkot\u00e1s Kft.","robots":{"index":"index","follow":"follow","max-snippet":"max-snippet:-1","max-image-preview":"max-image-preview:large","max-video-preview":"max-video-preview:-1"},"canonical":"https:\/\/alkotaskft.hu\/napelemes-rendszer-telepitese-az-alkotas-kft-nel-2\/","og_locale":"en_US","og_type":"article","og_title":"Technol\u00f3gia korszer\u0171s\u00edt\u00e9s az Alkot\u00e1s Kft.-n\u00e9l - Alkot\u00e1s Kft.","og_description":"A kedvezm\u00e9nyezett neve:ALKOT\u00c1S G\u00e9pgy\u00e1rt\u00f3 \u00e9s Szolg\u00e1ltat\u00f3 Korl\u00e1tolt Felel\u0151ss\u00e9g\u0171 T\u00e1rsas\u00e1g A projekt c\u00edme: Technol\u00f3giai korszer\u0171s\u00edt\u00e9s az ALKOT\u00c1S Kft.-n\u00e9l A szerz\u0151d\u00f6tt t\u00e1mogat\u00e1s \u00f6sszege: 12.483.161,- Ft A visszat\u00e9r\u00edtend\u0151 t\u00e1mogat\u00e1s (hitel) m\u00e9rt\u00e9ke (%-ban): 18.05 % Az ALKOT\u00c1S Kft. 1989-ben alakult \u00e9s kezdett\u0151l fogva a gazdas\u00e1gok, mez\u0151g\u00e9pgy\u00e1rt\u00f3k \u00e9s mez\u0151gazdas\u00e1gi v\u00e1llalkoz\u00f3k szolg\u00e1lat\u00e1ban \u00e1ll perfor\u00e1lt- \u00e9s rostalemezek k\u00e9sz\u00edt\u00e9se, univerz\u00e1lis term\u00e9nytiszt\u00edt\u00f3 g\u00e9pek gy\u00e1rt\u00e1sa [&hellip;]","og_url":"https:\/\/alkotaskft.hu\/napelemes-rendszer-telepitese-az-alkotas-kft-nel-2\/","og_site_name":"Alkot\u00e1s Kft.","article_modified_time":"2021-03-03T12:54:21+00:00","og_image":[{"url":"https:\/\/alkotaskft.hu\/wp-content\/uploads\/2021\/03\/stanc.jpg","type":"","width":"","height":""}],"twitter_card":"summary_large_image","twitter_misc":{"Est. reading time":"2 minutes"},"schema":{"@context":"https:\/\/schema.org","@graph":[{"@type":"WebPage","@id":"https:\/\/alkotaskft.hu\/napelemes-rendszer-telepitese-az-alkotas-kft-nel-2\/","url":"https:\/\/alkotaskft.hu\/napelemes-rendszer-telepitese-az-alkotas-kft-nel-2\/","name":"Technol\u00f3gia korszer\u0171s\u00edt\u00e9s az Alkot\u00e1s Kft.-n\u00e9l - Alkot\u00e1s Kft.","isPartOf":{"@id":"https:\/\/alkotaskft.hu\/#website"},"primaryImageOfPage":{"@id":"https:\/\/alkotaskft.hu\/napelemes-rendszer-telepitese-az-alkotas-kft-nel-2\/#primaryimage"},"image":{"@id":"https:\/\/alkotaskft.hu\/napelemes-rendszer-telepitese-az-alkotas-kft-nel-2\/#primaryimage"},"thumbnailUrl":"https:\/\/alkotaskft.hu\/wp-content\/uploads\/2021\/03\/stanc.jpg","datePublished":"2021-03-02T11:51:58+00:00","dateModified":"2021-03-03T12:54:21+00:00","breadcrumb":{"@id":"https:\/\/alkotaskft.hu\/napelemes-rendszer-telepitese-az-alkotas-kft-nel-2\/#breadcrumb"},"inLanguage":"en-US","potentialAction":[{"@type":"ReadAction","target":["https:\/\/alkotaskft.hu\/napelemes-rendszer-telepitese-az-alkotas-kft-nel-2\/"]}]},{"@type":"ImageObject","inLanguage":"en-US","@id":"https:\/\/alkotaskft.hu\/napelemes-rendszer-telepitese-az-alkotas-kft-nel-2\/#primaryimage","url":"https:\/\/alkotaskft.hu\/wp-content\/uploads\/2021\/03\/stanc.jpg","contentUrl":"https:\/\/alkotaskft.hu\/wp-content\/uploads\/2021\/03\/stanc.jpg"},{"@type":"BreadcrumbList","@id":"https:\/\/alkotaskft.hu\/napelemes-rendszer-telepitese-az-alkotas-kft-nel-2\/#breadcrumb","itemListElement":[{"@type":"ListItem","position":1,"name":"Home","item":"https:\/\/alkotaskft.hu\/"},{"@type":"ListItem","position":2,"name":"Technol\u00f3gia korszer\u0171s\u00edt\u00e9s az Alkot\u00e1s Kft.-n\u00e9l"}]},{"@type":"WebSite","@id":"https:\/\/alkotaskft.hu\/#website","url":"https:\/\/alkotaskft.hu\/","name":"Alkot\u00e1s Kft.","description":"","potentialAction":[{"@type":"SearchAction","target":{"@type":"EntryPoint","urlTemplate":"https:\/\/alkotaskft.hu\/?s={search_term_string}"},"query-input":{"@type":"PropertyValueSpecification","valueRequired":true,"valueName":"search_term_string"}}],"inLanguage":"en-US"}]}},"acf":[],"_links":{"self":[{"href":"https:\/\/alkotaskft.hu\/en\/wp-json\/wp\/v2\/pages\/2167","targetHints":{"allow":["GET"]}}],"collection":[{"href":"https:\/\/alkotaskft.hu\/en\/wp-json\/wp\/v2\/pages"}],"about":[{"href":"https:\/\/alkotaskft.hu\/en\/wp-json\/wp\/v2\/types\/page"}],"author":[{"embeddable":true,"href":"https:\/\/alkotaskft.hu\/en\/wp-json\/wp\/v2\/users\/3"}],"replies":[{"embeddable":true,"href":"https:\/\/alkotaskft.hu\/en\/wp-json\/wp\/v2\/comments?post=2167"}],"version-history":[{"count":9,"href":"https:\/\/alkotaskft.hu\/en\/wp-json\/wp\/v2\/pages\/2167\/revisions"}],"predecessor-version":[{"id":2184,"href":"https:\/\/alkotaskft.hu\/en\/wp-json\/wp\/v2\/pages\/2167\/revisions\/2184"}],"wp:attachment":[{"href":"https:\/\/alkotaskft.hu\/en\/wp-json\/wp\/v2\/media?parent=2167"}],"wp:term":[{"taxonomy":"category","embeddable":true,"href":"https:\/\/alkotaskft.hu\/en\/wp-json\/wp\/v2\/categories?post=2167"},{"taxonomy":"post_tag","embeddable":true,"href":"https:\/\/alkotaskft.hu\/en\/wp-json\/wp\/v2\/tags?post=2167"}],"curies":[{"name":"wp","href":"https:\/\/api.w.org\/{rel}","templated":true}]}}