{"id":1723,"date":"2018-10-24T12:00:05","date_gmt":"2018-10-24T11:00:05","guid":{"rendered":"http:\/\/alkotaskft.hu\/?page_id=1723"},"modified":"2025-03-19T16:29:50","modified_gmt":"2025-03-19T15:29:50","slug":"damas-sigma-rostabetetek","status":"publish","type":"page","link":"https:\/\/alkotaskft.hu\/en\/rostalemezek\/damas-sigma-rostabetetek\/","title":{"rendered":"Damas Sigma rostabet\u00e9tek"},"content":{"rendered":"","protected":false},"excerpt":{"rendered":"<div class='heateor_sss_sharing_container heateor_sss_vertical_sharing heateor_sss_bottom_sharing' style='width:29px;right: 0px;top: 220px;-webkit-box-shadow:none;box-shadow:none;' data-heateor-sss-href='https:\/\/alkotaskft.hu\/en\/wp-json\/wp\/v2\/pages\/1723'><div class=\"heateor_sss_sharing_ul\"><a aria-label=\"Facebook\" class=\"heateor_sss_facebook\" href=\"https:\/\/www.facebook.com\/sharer\/sharer.php?u=https%3A%2F%2Falkotaskft.hu%2Fen%2Fwp-json%2Fwp%2Fv2%2Fpages%2F1723\" title=\"Facebook\" rel=\"nofollow noopener\" target=\"_blank\" style=\"font-size:32px!important;box-shadow:none;display:inline-block;vertical-align:middle\"><span class=\"heateor_sss_svg\" style=\"background-color:#0765FE;width:25px;height:25px;margin:0;display:inline-block;opacity:1;float:left;font-size:32px;box-shadow:none;display:inline-block;font-size:16px;padding:0 4px;vertical-align:middle;background-repeat:repeat;overflow:hidden;padding:0;cursor:pointer;box-sizing:content-box\"><svg style=\"display:block;\" focusable=\"false\" aria-hidden=\"true\" xmlns=\"http:\/\/www.w3.org\/2000\/svg\" width=\"100%\" height=\"100%\" viewBox=\"0 0 32 32\"><path fill=\"#fff\" d=\"M28 16c0-6.627-5.373-12-12-12S4 9.373 4 16c0 5.628 3.875 10.35 9.101 11.647v-7.98h-2.474V16H13.1v-1.58c0-4.085 1.849-5.978 5.859-5.978.76 0 2.072.15 2.608.298v3.325c-.283-.03-.775-.045-1.386-.045-1.967 0-2.728.745-2.728 2.683V16h3.92l-.673 3.667h-3.247v8.245C23.395 27.195 28 22.135 28 16Z\"><\/path><\/svg><\/span><\/a><a aria-label=\"Twitter\" class=\"heateor_sss_button_twitter\" href=\"https:\/\/twitter.com\/intent\/tweet?text=Alkot%C3%A1s%20Kft.%20-%20&url=https%3A%2F%2Falkotaskft.hu%2Fen%2Fwp-json%2Fwp%2Fv2%2Fpages%2F1723\" title=\"Twitter\" rel=\"nofollow noopener\" target=\"_blank\" style=\"font-size:32px!important;box-shadow:none;display:inline-block;vertical-align:middle\"><span class=\"heateor_sss_svg heateor_sss_s__default heateor_sss_s_twitter\" style=\"background-color:#55acee;width:25px;height:25px;margin:0;display:inline-block;opacity:1;float:left;font-size:32px;box-shadow:none;display:inline-block;font-size:16px;padding:0 4px;vertical-align:middle;background-repeat:repeat;overflow:hidden;padding:0;cursor:pointer;box-sizing:content-box\"><svg style=\"display:block;\" focusable=\"false\" aria-hidden=\"true\" xmlns=\"http:\/\/www.w3.org\/2000\/svg\" width=\"100%\" height=\"100%\" viewBox=\"-4 -4 39 39\"><path d=\"M28 8.557a9.913 9.913 0 0 1-2.828.775 4.93 4.93 0 0 0 2.166-2.725 9.738 9.738 0 0 1-3.13 1.194 4.92 4.92 0 0 0-3.593-1.55 4.924 4.924 0 0 0-4.794 6.049c-4.09-.21-7.72-2.17-10.15-5.15a4.942 4.942 0 0 0-.665 2.477c0 1.71.87 3.214 2.19 4.1a4.968 4.968 0 0 1-2.23-.616v.06c0 2.39 1.7 4.38 3.952 4.83-.414.115-.85.174-1.297.174-.318 0-.626-.03-.928-.086a4.935 4.935 0 0 0 4.6 3.42 9.893 9.893 0 0 1-6.114 2.107c-.398 0-.79-.023-1.175-.068a13.953 13.953 0 0 0 7.55 2.213c9.056 0 14.01-7.507 14.01-14.013 0-.213-.005-.426-.015-.637.96-.695 1.795-1.56 2.455-2.55z\" fill=\"#fff\"><\/path><\/svg><\/span><\/a><a class=\"heateor_sss_more\" aria-label=\"More\" title=\"More\" rel=\"nofollow noopener\" style=\"font-size: 32px!important;border:0;box-shadow:none;display:inline-block!important;font-size:16px;padding:0 4px;vertical-align: middle;display:inline;\" href=\"https:\/\/alkotaskft.hu\/en\/wp-json\/wp\/v2\/pages\/1723\" onclick=\"event.preventDefault()\"><span class=\"heateor_sss_svg\" style=\"background-color:#ee8e2d;width:25px;height:25px;margin:0;display:inline-block!important;opacity:1;float:left;font-size:32px!important;box-shadow:none;display:inline-block;font-size:16px;padding:0 4px;vertical-align:middle;display:inline;background-repeat:repeat;overflow:hidden;padding:0;cursor:pointer;box-sizing:content-box;\" onclick=\"heateorSssMoreSharingPopup(this, 'https:\/\/alkotaskft.hu\/en\/wp-json\/wp\/v2\/pages\/1723', 'Alkot%C3%A1s%20Kft.%20-%20', '' )\"><svg xmlns=\"http:\/\/www.w3.org\/2000\/svg\" xmlns:xlink=\"http:\/\/www.w3.org\/1999\/xlink\" viewBox=\"-.3 0 32 32\" version=\"1.1\" width=\"100%\" height=\"100%\" style=\"display:block;\" xml:space=\"preserve\"><g><path fill=\"#fff\" d=\"M18 14V8h-4v6H8v4h6v6h4v-6h6v-4h-6z\" fill-rule=\"evenodd\"><\/path><\/g><\/svg><\/span><\/a><\/div><div class=\"heateorSssClear\"><\/div><\/div>","protected":false},"author":3,"featured_media":1895,"parent":1689,"menu_order":0,"comment_status":"closed","ping_status":"closed","template":"","meta":{"_acf_changed":false,"footnotes":""},"categories":[22],"tags":[],"class_list":["post-1723","page","type-page","status-publish","has-post-thumbnail","hentry","category-rostalemezek"],"yoast_head":"<!-- This site is optimized with the Yoast SEO plugin v27.4 - https:\/\/yoast.com\/product\/yoast-seo-wordpress\/ -->\n<title>Damas Sigma rostabet\u00e9tek - Alkot\u00e1s Kft.<\/title>\n<meta name=\"robots\" content=\"index, follow, max-snippet:-1, max-image-preview:large, max-video-preview:-1\" \/>\n<link rel=\"canonical\" href=\"https:\/\/alkotaskft.hu\/rostalemezek\/damas-sigma-rostabetetek\/\" \/>\n<meta property=\"og:locale\" content=\"en_US\" \/>\n<meta property=\"og:type\" content=\"article\" \/>\n<meta property=\"og:title\" content=\"Damas Sigma rostabet\u00e9tek - Alkot\u00e1s Kft.\" \/>\n<meta property=\"og:url\" content=\"https:\/\/alkotaskft.hu\/rostalemezek\/damas-sigma-rostabetetek\/\" \/>\n<meta property=\"og:site_name\" content=\"Alkot\u00e1s Kft.\" \/>\n<meta property=\"article:modified_time\" content=\"2025-03-19T15:29:50+00:00\" \/>\n<meta property=\"og:image\" content=\"https:\/\/alkotaskft.hu\/wp-content\/uploads\/2018\/10\/IMG_20140417_113707.jpg\" \/>\n\t<meta property=\"og:image:width\" content=\"1038\" \/>\n\t<meta property=\"og:image:height\" content=\"1481\" \/>\n\t<meta property=\"og:image:type\" content=\"image\/jpeg\" \/>\n<meta name=\"twitter:card\" content=\"summary_large_image\" \/>\n<meta name=\"twitter:label1\" content=\"Est. reading time\" \/>\n\t<meta name=\"twitter:data1\" content=\"1 minute\" \/>\n<script type=\"application\/ld+json\" class=\"yoast-schema-graph\">{\"@context\":\"https:\\\/\\\/schema.org\",\"@graph\":[{\"@type\":\"WebPage\",\"@id\":\"https:\\\/\\\/alkotaskft.hu\\\/rostalemezek\\\/damas-sigma-rostabetetek\\\/\",\"url\":\"https:\\\/\\\/alkotaskft.hu\\\/rostalemezek\\\/damas-sigma-rostabetetek\\\/\",\"name\":\"Damas Sigma rostabet\u00e9tek - Alkot\u00e1s Kft.\",\"isPartOf\":{\"@id\":\"https:\\\/\\\/alkotaskft.hu\\\/#website\"},\"primaryImageOfPage\":{\"@id\":\"https:\\\/\\\/alkotaskft.hu\\\/rostalemezek\\\/damas-sigma-rostabetetek\\\/#primaryimage\"},\"image\":{\"@id\":\"https:\\\/\\\/alkotaskft.hu\\\/rostalemezek\\\/damas-sigma-rostabetetek\\\/#primaryimage\"},\"thumbnailUrl\":\"https:\\\/\\\/alkotaskft.hu\\\/wp-content\\\/uploads\\\/2018\\\/10\\\/IMG_20140417_113707.jpg\",\"datePublished\":\"2018-10-24T11:00:05+00:00\",\"dateModified\":\"2025-03-19T15:29:50+00:00\",\"breadcrumb\":{\"@id\":\"https:\\\/\\\/alkotaskft.hu\\\/rostalemezek\\\/damas-sigma-rostabetetek\\\/#breadcrumb\"},\"inLanguage\":\"en-US\",\"potentialAction\":[{\"@type\":\"ReadAction\",\"target\":[\"https:\\\/\\\/alkotaskft.hu\\\/rostalemezek\\\/damas-sigma-rostabetetek\\\/\"]}]},{\"@type\":\"ImageObject\",\"inLanguage\":\"en-US\",\"@id\":\"https:\\\/\\\/alkotaskft.hu\\\/rostalemezek\\\/damas-sigma-rostabetetek\\\/#primaryimage\",\"url\":\"https:\\\/\\\/alkotaskft.hu\\\/wp-content\\\/uploads\\\/2018\\\/10\\\/IMG_20140417_113707.jpg\",\"contentUrl\":\"https:\\\/\\\/alkotaskft.hu\\\/wp-content\\\/uploads\\\/2018\\\/10\\\/IMG_20140417_113707.jpg\",\"width\":1038,\"height\":1481,\"caption\":\"DAMAS SIGMA STH-753, -754 k\u00fcls\u0151, bels\u0151\"},{\"@type\":\"BreadcrumbList\",\"@id\":\"https:\\\/\\\/alkotaskft.hu\\\/rostalemezek\\\/damas-sigma-rostabetetek\\\/#breadcrumb\",\"itemListElement\":[{\"@type\":\"ListItem\",\"position\":1,\"name\":\"Home\",\"item\":\"https:\\\/\\\/alkotaskft.hu\\\/\"},{\"@type\":\"ListItem\",\"position\":2,\"name\":\"Rostalemezek\",\"item\":\"https:\\\/\\\/alkotaskft.hu\\\/rostalemezek\\\/\"},{\"@type\":\"ListItem\",\"position\":3,\"name\":\"[:hu]Damas Sigma rostabet\u00e9tek[:]\"}]},{\"@type\":\"WebSite\",\"@id\":\"https:\\\/\\\/alkotaskft.hu\\\/#website\",\"url\":\"https:\\\/\\\/alkotaskft.hu\\\/\",\"name\":\"Alkot\u00e1s Kft.\",\"description\":\"\",\"potentialAction\":[{\"@type\":\"SearchAction\",\"target\":{\"@type\":\"EntryPoint\",\"urlTemplate\":\"https:\\\/\\\/alkotaskft.hu\\\/?s={search_term_string}\"},\"query-input\":{\"@type\":\"PropertyValueSpecification\",\"valueRequired\":true,\"valueName\":\"search_term_string\"}}],\"inLanguage\":\"en-US\"}]}<\/script>\n<!-- \/ Yoast SEO plugin. -->","yoast_head_json":{"title":"Damas Sigma rostabet\u00e9tek - Alkot\u00e1s Kft.","robots":{"index":"index","follow":"follow","max-snippet":"max-snippet:-1","max-image-preview":"max-image-preview:large","max-video-preview":"max-video-preview:-1"},"canonical":"https:\/\/alkotaskft.hu\/rostalemezek\/damas-sigma-rostabetetek\/","og_locale":"en_US","og_type":"article","og_title":"Damas Sigma rostabet\u00e9tek - Alkot\u00e1s Kft.","og_url":"https:\/\/alkotaskft.hu\/rostalemezek\/damas-sigma-rostabetetek\/","og_site_name":"Alkot\u00e1s Kft.","article_modified_time":"2025-03-19T15:29:50+00:00","og_image":[{"width":1038,"height":1481,"url":"https:\/\/alkotaskft.hu\/wp-content\/uploads\/2018\/10\/IMG_20140417_113707.jpg","type":"image\/jpeg"}],"twitter_card":"summary_large_image","twitter_misc":{"Est. reading time":"1 minute"},"schema":{"@context":"https:\/\/schema.org","@graph":[{"@type":"WebPage","@id":"https:\/\/alkotaskft.hu\/rostalemezek\/damas-sigma-rostabetetek\/","url":"https:\/\/alkotaskft.hu\/rostalemezek\/damas-sigma-rostabetetek\/","name":"Damas Sigma rostabet\u00e9tek - Alkot\u00e1s Kft.","isPartOf":{"@id":"https:\/\/alkotaskft.hu\/#website"},"primaryImageOfPage":{"@id":"https:\/\/alkotaskft.hu\/rostalemezek\/damas-sigma-rostabetetek\/#primaryimage"},"image":{"@id":"https:\/\/alkotaskft.hu\/rostalemezek\/damas-sigma-rostabetetek\/#primaryimage"},"thumbnailUrl":"https:\/\/alkotaskft.hu\/wp-content\/uploads\/2018\/10\/IMG_20140417_113707.jpg","datePublished":"2018-10-24T11:00:05+00:00","dateModified":"2025-03-19T15:29:50+00:00","breadcrumb":{"@id":"https:\/\/alkotaskft.hu\/rostalemezek\/damas-sigma-rostabetetek\/#breadcrumb"},"inLanguage":"en-US","potentialAction":[{"@type":"ReadAction","target":["https:\/\/alkotaskft.hu\/rostalemezek\/damas-sigma-rostabetetek\/"]}]},{"@type":"ImageObject","inLanguage":"en-US","@id":"https:\/\/alkotaskft.hu\/rostalemezek\/damas-sigma-rostabetetek\/#primaryimage","url":"https:\/\/alkotaskft.hu\/wp-content\/uploads\/2018\/10\/IMG_20140417_113707.jpg","contentUrl":"https:\/\/alkotaskft.hu\/wp-content\/uploads\/2018\/10\/IMG_20140417_113707.jpg","width":1038,"height":1481,"caption":"DAMAS SIGMA STH-753, -754 k\u00fcls\u0151, bels\u0151"},{"@type":"BreadcrumbList","@id":"https:\/\/alkotaskft.hu\/rostalemezek\/damas-sigma-rostabetetek\/#breadcrumb","itemListElement":[{"@type":"ListItem","position":1,"name":"Home","item":"https:\/\/alkotaskft.hu\/"},{"@type":"ListItem","position":2,"name":"Rostalemezek","item":"https:\/\/alkotaskft.hu\/rostalemezek\/"},{"@type":"ListItem","position":3,"name":"[:hu]Damas Sigma rostabet\u00e9tek[:]"}]},{"@type":"WebSite","@id":"https:\/\/alkotaskft.hu\/#website","url":"https:\/\/alkotaskft.hu\/","name":"Alkot\u00e1s Kft.","description":"","potentialAction":[{"@type":"SearchAction","target":{"@type":"EntryPoint","urlTemplate":"https:\/\/alkotaskft.hu\/?s={search_term_string}"},"query-input":{"@type":"PropertyValueSpecification","valueRequired":true,"valueName":"search_term_string"}}],"inLanguage":"en-US"}]}},"acf":[],"_links":{"self":[{"href":"https:\/\/alkotaskft.hu\/en\/wp-json\/wp\/v2\/pages\/1723","targetHints":{"allow":["GET"]}}],"collection":[{"href":"https:\/\/alkotaskft.hu\/en\/wp-json\/wp\/v2\/pages"}],"about":[{"href":"https:\/\/alkotaskft.hu\/en\/wp-json\/wp\/v2\/types\/page"}],"author":[{"embeddable":true,"href":"https:\/\/alkotaskft.hu\/en\/wp-json\/wp\/v2\/users\/3"}],"replies":[{"embeddable":true,"href":"https:\/\/alkotaskft.hu\/en\/wp-json\/wp\/v2\/comments?post=1723"}],"version-history":[{"count":27,"href":"https:\/\/alkotaskft.hu\/en\/wp-json\/wp\/v2\/pages\/1723\/revisions"}],"predecessor-version":[{"id":6289,"href":"https:\/\/alkotaskft.hu\/en\/wp-json\/wp\/v2\/pages\/1723\/revisions\/6289"}],"up":[{"embeddable":true,"href":"https:\/\/alkotaskft.hu\/en\/wp-json\/wp\/v2\/pages\/1689"}],"wp:featuredmedia":[{"embeddable":true,"href":"https:\/\/alkotaskft.hu\/en\/wp-json\/wp\/v2\/media\/1895"}],"wp:attachment":[{"href":"https:\/\/alkotaskft.hu\/en\/wp-json\/wp\/v2\/media?parent=1723"}],"wp:term":[{"taxonomy":"category","embeddable":true,"href":"https:\/\/alkotaskft.hu\/en\/wp-json\/wp\/v2\/categories?post=1723"},{"taxonomy":"post_tag","embeddable":true,"href":"https:\/\/alkotaskft.hu\/en\/wp-json\/wp\/v2\/tags?post=1723"}],"curies":[{"name":"wp","href":"https:\/\/api.w.org\/{rel}","templated":true}]}}