{"id":1241,"date":"2017-12-03T13:58:23","date_gmt":"2017-12-03T12:58:23","guid":{"rendered":"http:\/\/alkotaskft.kornyezetvedelmimegbizott.hu\/?page_id=1241"},"modified":"2019-03-01T22:23:51","modified_gmt":"2019-03-01T21:23:51","slug":"adatvedelmi-tajekoztato","status":"publish","type":"page","link":"https:\/\/alkotaskft.hu\/en\/adatvedelmi-tajekoztato\/","title":{"rendered":"DATA PROTECTION"},"content":{"rendered":"<strong>DATA PROTECTION<\/strong><\/p>\n<p>In connection with the online sales activity of <strong>Alkot\u00e1s Kft.<\/strong> (Hereinafter <strong>Data Management<\/strong>), the personal data of the registered users is handled exclusively for the purpose of delivering newsletters. It only handles personal data that is essential for the purpose of data management and is suitable for reaching the goal. Personal data is only managed to the extent and for the duration required to achieve this goal.<\/p>\n<p>The Data Manager protects the personal information of registered users in all reasonable ways.<\/p>\n<p>Address of the Data Handler: 5630 B\u00e9k\u00e9s, St. Paul Line 1.<br \/>\nContact details: +36 66 \/ 411-447, info@alkotaskft.hu<\/p>\n<p>Legal basis for data handling: CXII. Law on information self-determination and freedom of information \u00a7 5 (1) a) Contribution of the party concerned.<\/p>\n<p>Contribution to data management: By signing up for a user, you expressly agree to manage your volunteer&#8217;s personal information.<\/p>\n<ul>\n<li>The circle of people concerned: the users who registered for the newsletter<br \/>\nThe range of data processed: the data required by the registered users during the registration to complete the order: name, e-mail address.<br \/>\nThe purpose of the data collection is to send a newsletter.<br \/>\nThe persons who are able to excess the data:<br \/>\n&#8211; The staff of Alkot\u00e1s Kft.<br \/>\nData management duration:<br \/>\npersonal data stored electronically will be stored until the user requests deletion.<br \/>\nThe customer may apply to the data controller<br \/>\n&#8211; inform you about the handling of your personal data,<br \/>\n&#8211; correction of your personal data,<br \/>\n&#8211; the deletion or the blocking of his or her personal data. The data controller shall provide the information in writing in the shortest possible time, but not more than 10 days, in an understandable form, at the request of the registered user. If the registered user&#8217;s request is found legitimate, he or she will immediately arrange for the correction or deletion of his \/ her personal data. If the registered user is not satisfied with the data controller&#8217;s response, he may validate his \/ her personal data before a civil court and the National Data Protection and Information Authority (www. hu\/kapcsolat.html). The 2011 CXII. Act on Information Self-Destruction and Freedom of Information can be found here: National Legislation (www.njt.hu)<\/li>\n<\/ul>\n<h3>Cookies (cookies)<br \/>\nLike other companies, we also use cookies or cookies (short text files in your browser) on our site. We use the search and Flash cookies to tell us, for example, whether you&#8217;ve ever visited our site or help identify the features \/ services that you may be most interested in. Search and Flash cookies increase your online experience by retaining the information you prefer while you are on a particular site. Neither the search engine nor the Flash cookies can personally identify you. You can revert browser cookies through your browser settings, but you will not be able to take advantage of all the features of our website without such cookies.<\/p>\n<p>If you do not agree to place a cookie, you can do this by setting options (forbidden, revoked) in your browser. In this case, this may restrict or prevent the use of certain services.<\/h3>","protected":false},"excerpt":{"rendered":"<p>DATA PROTECTION In connection with the online sales activity of Alkot\u00e1s Kft. (Hereinafter Data Management), the personal data of the registered users is handled exclusively for the purpose of delivering newsletters. It only handles personal data that is essential for the purpose of data management and is suitable for reaching the goal. Personal data is [&hellip;]\n<div class='heateor_sss_sharing_container heateor_sss_vertical_sharing heateor_sss_bottom_sharing' style='width:29px;right: 0px;top: 220px;-webkit-box-shadow:none;box-shadow:none;' data-heateor-sss-href='https:\/\/alkotaskft.hu\/en\/wp-json\/wp\/v2\/pages\/1241'><div class=\"heateor_sss_sharing_ul\"><a aria-label=\"Facebook\" class=\"heateor_sss_facebook\" href=\"https:\/\/www.facebook.com\/sharer\/sharer.php?u=https%3A%2F%2Falkotaskft.hu%2Fen%2Fwp-json%2Fwp%2Fv2%2Fpages%2F1241\" title=\"Facebook\" rel=\"nofollow noopener\" target=\"_blank\" style=\"font-size:32px!important;box-shadow:none;display:inline-block;vertical-align:middle\"><span class=\"heateor_sss_svg\" style=\"background-color:#0765FE;width:25px;height:25px;margin:0;display:inline-block;opacity:1;float:left;font-size:32px;box-shadow:none;display:inline-block;font-size:16px;padding:0 4px;vertical-align:middle;background-repeat:repeat;overflow:hidden;padding:0;cursor:pointer;box-sizing:content-box\"><svg style=\"display:block;\" focusable=\"false\" aria-hidden=\"true\" xmlns=\"http:\/\/www.w3.org\/2000\/svg\" width=\"100%\" height=\"100%\" viewBox=\"0 0 32 32\"><path fill=\"#fff\" d=\"M28 16c0-6.627-5.373-12-12-12S4 9.373 4 16c0 5.628 3.875 10.35 9.101 11.647v-7.98h-2.474V16H13.1v-1.58c0-4.085 1.849-5.978 5.859-5.978.76 0 2.072.15 2.608.298v3.325c-.283-.03-.775-.045-1.386-.045-1.967 0-2.728.745-2.728 2.683V16h3.92l-.673 3.667h-3.247v8.245C23.395 27.195 28 22.135 28 16Z\"><\/path><\/svg><\/span><\/a><a aria-label=\"Twitter\" class=\"heateor_sss_button_twitter\" href=\"https:\/\/twitter.com\/intent\/tweet?text=Alkot%C3%A1s%20Kft.%20-%20&url=https%3A%2F%2Falkotaskft.hu%2Fen%2Fwp-json%2Fwp%2Fv2%2Fpages%2F1241\" title=\"Twitter\" rel=\"nofollow noopener\" target=\"_blank\" style=\"font-size:32px!important;box-shadow:none;display:inline-block;vertical-align:middle\"><span class=\"heateor_sss_svg heateor_sss_s__default heateor_sss_s_twitter\" style=\"background-color:#55acee;width:25px;height:25px;margin:0;display:inline-block;opacity:1;float:left;font-size:32px;box-shadow:none;display:inline-block;font-size:16px;padding:0 4px;vertical-align:middle;background-repeat:repeat;overflow:hidden;padding:0;cursor:pointer;box-sizing:content-box\"><svg style=\"display:block;\" focusable=\"false\" aria-hidden=\"true\" xmlns=\"http:\/\/www.w3.org\/2000\/svg\" width=\"100%\" height=\"100%\" viewBox=\"-4 -4 39 39\"><path d=\"M28 8.557a9.913 9.913 0 0 1-2.828.775 4.93 4.93 0 0 0 2.166-2.725 9.738 9.738 0 0 1-3.13 1.194 4.92 4.92 0 0 0-3.593-1.55 4.924 4.924 0 0 0-4.794 6.049c-4.09-.21-7.72-2.17-10.15-5.15a4.942 4.942 0 0 0-.665 2.477c0 1.71.87 3.214 2.19 4.1a4.968 4.968 0 0 1-2.23-.616v.06c0 2.39 1.7 4.38 3.952 4.83-.414.115-.85.174-1.297.174-.318 0-.626-.03-.928-.086a4.935 4.935 0 0 0 4.6 3.42 9.893 9.893 0 0 1-6.114 2.107c-.398 0-.79-.023-1.175-.068a13.953 13.953 0 0 0 7.55 2.213c9.056 0 14.01-7.507 14.01-14.013 0-.213-.005-.426-.015-.637.96-.695 1.795-1.56 2.455-2.55z\" fill=\"#fff\"><\/path><\/svg><\/span><\/a><a class=\"heateor_sss_more\" aria-label=\"More\" title=\"More\" rel=\"nofollow noopener\" style=\"font-size: 32px!important;border:0;box-shadow:none;display:inline-block!important;font-size:16px;padding:0 4px;vertical-align: middle;display:inline;\" href=\"https:\/\/alkotaskft.hu\/en\/wp-json\/wp\/v2\/pages\/1241\" onclick=\"event.preventDefault()\"><span class=\"heateor_sss_svg\" style=\"background-color:#ee8e2d;width:25px;height:25px;margin:0;display:inline-block!important;opacity:1;float:left;font-size:32px!important;box-shadow:none;display:inline-block;font-size:16px;padding:0 4px;vertical-align:middle;display:inline;background-repeat:repeat;overflow:hidden;padding:0;cursor:pointer;box-sizing:content-box;\" onclick=\"heateorSssMoreSharingPopup(this, 'https:\/\/alkotaskft.hu\/en\/wp-json\/wp\/v2\/pages\/1241', 'Alkot%C3%A1s%20Kft.%20-%20', '' )\"><svg xmlns=\"http:\/\/www.w3.org\/2000\/svg\" xmlns:xlink=\"http:\/\/www.w3.org\/1999\/xlink\" viewBox=\"-.3 0 32 32\" version=\"1.1\" width=\"100%\" height=\"100%\" style=\"display:block;\" xml:space=\"preserve\"><g><path fill=\"#fff\" d=\"M18 14V8h-4v6H8v4h6v6h4v-6h6v-4h-6z\" fill-rule=\"evenodd\"><\/path><\/g><\/svg><\/span><\/a><\/div><div class=\"heateorSssClear\"><\/div><\/div>","protected":false},"author":1,"featured_media":0,"parent":0,"menu_order":0,"comment_status":"closed","ping_status":"closed","template":"","meta":{"_acf_changed":false,"footnotes":""},"categories":[],"tags":[],"class_list":["post-1241","page","type-page","status-publish","hentry"],"yoast_head":"<!-- This site is optimized with the Yoast SEO plugin v27.5 - https:\/\/yoast.com\/product\/yoast-seo-wordpress\/ -->\n<title>DATA PROTECTION - Alkot\u00e1s Kft.<\/title>\n<meta name=\"robots\" content=\"index, follow, max-snippet:-1, max-image-preview:large, max-video-preview:-1\" \/>\n<link rel=\"canonical\" href=\"https:\/\/alkotaskft.hu\/adatvedelmi-tajekoztato\/\" \/>\n<meta property=\"og:locale\" content=\"en_US\" \/>\n<meta property=\"og:type\" content=\"article\" \/>\n<meta property=\"og:title\" content=\"DATA PROTECTION - Alkot\u00e1s Kft.\" \/>\n<meta property=\"og:description\" content=\"DATA PROTECTION In connection with the online sales activity of Alkot\u00e1s Kft. (Hereinafter Data Management), the personal data of the registered users is handled exclusively for the purpose of delivering newsletters. It only handles personal data that is essential for the purpose of data management and is suitable for reaching the goal. Personal data is [&hellip;]\" \/>\n<meta property=\"og:url\" content=\"https:\/\/alkotaskft.hu\/adatvedelmi-tajekoztato\/\" \/>\n<meta property=\"og:site_name\" content=\"Alkot\u00e1s Kft.\" \/>\n<meta property=\"article:modified_time\" content=\"2019-03-01T21:23:51+00:00\" \/>\n<meta name=\"twitter:card\" content=\"summary_large_image\" \/>\n<meta name=\"twitter:label1\" content=\"Est. reading time\" \/>\n\t<meta name=\"twitter:data1\" content=\"6 minutes\" \/>\n<script type=\"application\/ld+json\" class=\"yoast-schema-graph\">{\"@context\":\"https:\\\/\\\/schema.org\",\"@graph\":[{\"@type\":\"WebPage\",\"@id\":\"https:\\\/\\\/alkotaskft.hu\\\/adatvedelmi-tajekoztato\\\/\",\"url\":\"https:\\\/\\\/alkotaskft.hu\\\/adatvedelmi-tajekoztato\\\/\",\"name\":\"DATA PROTECTION - Alkot\u00e1s Kft.\",\"isPartOf\":{\"@id\":\"https:\\\/\\\/alkotaskft.hu\\\/#website\"},\"datePublished\":\"2017-12-03T12:58:23+00:00\",\"dateModified\":\"2019-03-01T21:23:51+00:00\",\"breadcrumb\":{\"@id\":\"https:\\\/\\\/alkotaskft.hu\\\/adatvedelmi-tajekoztato\\\/#breadcrumb\"},\"inLanguage\":\"en-US\",\"potentialAction\":[{\"@type\":\"ReadAction\",\"target\":[\"https:\\\/\\\/alkotaskft.hu\\\/adatvedelmi-tajekoztato\\\/\"]}]},{\"@type\":\"BreadcrumbList\",\"@id\":\"https:\\\/\\\/alkotaskft.hu\\\/adatvedelmi-tajekoztato\\\/#breadcrumb\",\"itemListElement\":[{\"@type\":\"ListItem\",\"position\":1,\"name\":\"Home\",\"item\":\"https:\\\/\\\/alkotaskft.hu\\\/\"},{\"@type\":\"ListItem\",\"position\":2,\"name\":\"Adatv\u00e9delmi t\u00e1j\u00e9koztat\u00f3 \u00e9s a Cookie-k (s\u00fctik) kezel\u00e9s\u00e9r\u0151l\"}]},{\"@type\":\"WebSite\",\"@id\":\"https:\\\/\\\/alkotaskft.hu\\\/#website\",\"url\":\"https:\\\/\\\/alkotaskft.hu\\\/\",\"name\":\"Alkot\u00e1s Kft.\",\"description\":\"\",\"potentialAction\":[{\"@type\":\"SearchAction\",\"target\":{\"@type\":\"EntryPoint\",\"urlTemplate\":\"https:\\\/\\\/alkotaskft.hu\\\/?s={search_term_string}\"},\"query-input\":{\"@type\":\"PropertyValueSpecification\",\"valueRequired\":true,\"valueName\":\"search_term_string\"}}],\"inLanguage\":\"en-US\"}]}<\/script>\n<!-- \/ Yoast SEO plugin. -->","yoast_head_json":{"title":"DATA PROTECTION - Alkot\u00e1s Kft.","robots":{"index":"index","follow":"follow","max-snippet":"max-snippet:-1","max-image-preview":"max-image-preview:large","max-video-preview":"max-video-preview:-1"},"canonical":"https:\/\/alkotaskft.hu\/adatvedelmi-tajekoztato\/","og_locale":"en_US","og_type":"article","og_title":"DATA PROTECTION - Alkot\u00e1s Kft.","og_description":"DATA PROTECTION In connection with the online sales activity of Alkot\u00e1s Kft. (Hereinafter Data Management), the personal data of the registered users is handled exclusively for the purpose of delivering newsletters. It only handles personal data that is essential for the purpose of data management and is suitable for reaching the goal. Personal data is [&hellip;]","og_url":"https:\/\/alkotaskft.hu\/adatvedelmi-tajekoztato\/","og_site_name":"Alkot\u00e1s Kft.","article_modified_time":"2019-03-01T21:23:51+00:00","twitter_card":"summary_large_image","twitter_misc":{"Est. reading time":"6 minutes"},"schema":{"@context":"https:\/\/schema.org","@graph":[{"@type":"WebPage","@id":"https:\/\/alkotaskft.hu\/adatvedelmi-tajekoztato\/","url":"https:\/\/alkotaskft.hu\/adatvedelmi-tajekoztato\/","name":"DATA PROTECTION - Alkot\u00e1s Kft.","isPartOf":{"@id":"https:\/\/alkotaskft.hu\/#website"},"datePublished":"2017-12-03T12:58:23+00:00","dateModified":"2019-03-01T21:23:51+00:00","breadcrumb":{"@id":"https:\/\/alkotaskft.hu\/adatvedelmi-tajekoztato\/#breadcrumb"},"inLanguage":"en-US","potentialAction":[{"@type":"ReadAction","target":["https:\/\/alkotaskft.hu\/adatvedelmi-tajekoztato\/"]}]},{"@type":"BreadcrumbList","@id":"https:\/\/alkotaskft.hu\/adatvedelmi-tajekoztato\/#breadcrumb","itemListElement":[{"@type":"ListItem","position":1,"name":"Home","item":"https:\/\/alkotaskft.hu\/"},{"@type":"ListItem","position":2,"name":"Adatv\u00e9delmi t\u00e1j\u00e9koztat\u00f3 \u00e9s a Cookie-k (s\u00fctik) kezel\u00e9s\u00e9r\u0151l"}]},{"@type":"WebSite","@id":"https:\/\/alkotaskft.hu\/#website","url":"https:\/\/alkotaskft.hu\/","name":"Alkot\u00e1s Kft.","description":"","potentialAction":[{"@type":"SearchAction","target":{"@type":"EntryPoint","urlTemplate":"https:\/\/alkotaskft.hu\/?s={search_term_string}"},"query-input":{"@type":"PropertyValueSpecification","valueRequired":true,"valueName":"search_term_string"}}],"inLanguage":"en-US"}]}},"acf":[],"_links":{"self":[{"href":"https:\/\/alkotaskft.hu\/en\/wp-json\/wp\/v2\/pages\/1241","targetHints":{"allow":["GET"]}}],"collection":[{"href":"https:\/\/alkotaskft.hu\/en\/wp-json\/wp\/v2\/pages"}],"about":[{"href":"https:\/\/alkotaskft.hu\/en\/wp-json\/wp\/v2\/types\/page"}],"author":[{"embeddable":true,"href":"https:\/\/alkotaskft.hu\/en\/wp-json\/wp\/v2\/users\/1"}],"replies":[{"embeddable":true,"href":"https:\/\/alkotaskft.hu\/en\/wp-json\/wp\/v2\/comments?post=1241"}],"version-history":[{"count":4,"href":"https:\/\/alkotaskft.hu\/en\/wp-json\/wp\/v2\/pages\/1241\/revisions"}],"predecessor-version":[{"id":1594,"href":"https:\/\/alkotaskft.hu\/en\/wp-json\/wp\/v2\/pages\/1241\/revisions\/1594"}],"wp:attachment":[{"href":"https:\/\/alkotaskft.hu\/en\/wp-json\/wp\/v2\/media?parent=1241"}],"wp:term":[{"taxonomy":"category","embeddable":true,"href":"https:\/\/alkotaskft.hu\/en\/wp-json\/wp\/v2\/categories?post=1241"},{"taxonomy":"post_tag","embeddable":true,"href":"https:\/\/alkotaskft.hu\/en\/wp-json\/wp\/v2\/tags?post=1241"}],"curies":[{"name":"wp","href":"https:\/\/api.w.org\/{rel}","templated":true}]}}