{"id":6916,"date":"2026-03-06T15:25:09","date_gmt":"2026-03-06T14:25:09","guid":{"rendered":"https:\/\/alkotaskft.hu\/?page_id=6916"},"modified":"2026-03-11T11:05:30","modified_gmt":"2026-03-11T10:05:30","slug":"asf-15-42-fm-es-serleges-felvono-gyula","status":"publish","type":"page","link":"https:\/\/alkotaskft.hu\/de\/asf-15-42-fm-es-serleges-felvono-gyula\/","title":{"rendered":"ASF-15 4,2 fm-es serleges felvon\u00f3 &#8211; Gyula"},"content":{"rendered":"<header class=\"entry-header\">\n<h5 class=\"entry-title mb uppercase\" style=\"text-align: center;\">D\u00e1tum: 2026.03.06.<\/h5>\n<\/header>\n<h5 style=\"text-align: center;\">Be\u00e9p\u00edt\u00e9s helye: Gyula, Kafimpex Kft.<br \/>Feladat: pellet goly\u00f3 felhord\u00e1sa<br \/>&#8211; sz\u00e9les\u00edtett fogad\u00f3 garattal<br \/>&#8211; a megrendel\u0151k\u00e9r\u00e9s\u00e9re p\u00f3dium- \u00e9s l\u00e9tra n\u00e9lk\u00fcl<br \/>&#8211; 4,2 fm-es kidob\u00e1si magass\u00e1ggal<\/h5>\n<div id='gallery-1' class='gallery galleryid-6916 gallery-columns-4 gallery-size-full'><figure class='gallery-item'>\n\t\t\t<div class='gallery-icon portrait'>\n\t\t\t\t<a href='https:\/\/alkotaskft.hu\/wp-content\/uploads\/2026\/03\/20260306_1441202.jpg'><img loading=\"lazy\" decoding=\"async\" width=\"454\" height=\"900\" src=\"https:\/\/alkotaskft.hu\/wp-content\/uploads\/2026\/03\/20260306_1441202.jpg\" class=\"attachment-full size-full\" alt=\"\" aria-describedby=\"gallery-1-6899\" srcset=\"https:\/\/alkotaskft.hu\/wp-content\/uploads\/2026\/03\/20260306_1441202.jpg 454w, https:\/\/alkotaskft.hu\/wp-content\/uploads\/2026\/03\/20260306_1441202-202x400.jpg 202w, https:\/\/alkotaskft.hu\/wp-content\/uploads\/2026\/03\/20260306_1441202-404x800.jpg 404w\" sizes=\"auto, (max-width: 454px) 100vw, 454px\" \/><\/a>\n\t\t\t<\/div>\n\t\t\t\t<figcaption class='wp-caption-text gallery-caption' id='gallery-1-6899'>\n\t\t\t\tALKOT\u00c1S ASF-15 serleges felvon\u00f3\n\t\t\t\t<\/figcaption><\/figure><figure class='gallery-item'>\n\t\t\t<div class='gallery-icon portrait'>\n\t\t\t\t<a href='https:\/\/alkotaskft.hu\/wp-content\/uploads\/2026\/03\/20260306_144136.jpg'><img loading=\"lazy\" decoding=\"async\" width=\"289\" height=\"900\" src=\"https:\/\/alkotaskft.hu\/wp-content\/uploads\/2026\/03\/20260306_144136.jpg\" class=\"attachment-full size-full\" alt=\"\" aria-describedby=\"gallery-1-6900\" srcset=\"https:\/\/alkotaskft.hu\/wp-content\/uploads\/2026\/03\/20260306_144136.jpg 289w, https:\/\/alkotaskft.hu\/wp-content\/uploads\/2026\/03\/20260306_144136-128x400.jpg 128w, https:\/\/alkotaskft.hu\/wp-content\/uploads\/2026\/03\/20260306_144136-257x800.jpg 257w\" sizes=\"auto, (max-width: 289px) 100vw, 289px\" \/><\/a>\n\t\t\t<\/div>\n\t\t\t\t<figcaption class='wp-caption-text gallery-caption' id='gallery-1-6900'>\n\t\t\t\tALKOT\u00c1S ASF-15 serleges felvon\u00f3\n\t\t\t\t<\/figcaption><\/figure><figure class='gallery-item'>\n\t\t\t<div class='gallery-icon portrait'>\n\t\t\t\t<a href='https:\/\/alkotaskft.hu\/wp-content\/uploads\/2026\/03\/20260306_1441362.jpg'><img loading=\"lazy\" decoding=\"async\" width=\"299\" height=\"900\" src=\"https:\/\/alkotaskft.hu\/wp-content\/uploads\/2026\/03\/20260306_1441362.jpg\" class=\"attachment-full size-full\" alt=\"\" aria-describedby=\"gallery-1-6901\" srcset=\"https:\/\/alkotaskft.hu\/wp-content\/uploads\/2026\/03\/20260306_1441362.jpg 299w, https:\/\/alkotaskft.hu\/wp-content\/uploads\/2026\/03\/20260306_1441362-133x400.jpg 133w, https:\/\/alkotaskft.hu\/wp-content\/uploads\/2026\/03\/20260306_1441362-266x800.jpg 266w\" sizes=\"auto, (max-width: 299px) 100vw, 299px\" \/><\/a>\n\t\t\t<\/div>\n\t\t\t\t<figcaption class='wp-caption-text gallery-caption' id='gallery-1-6901'>\n\t\t\t\tALKOT\u00c1S ASF-15 serleges felvon\u00f3\n\t\t\t\t<\/figcaption><\/figure><figure class='gallery-item'>\n\t\t\t<div class='gallery-icon portrait'>\n\t\t\t\t<a href='https:\/\/alkotaskft.hu\/wp-content\/uploads\/2026\/03\/20260306_144145.jpg'><img loading=\"lazy\" decoding=\"async\" width=\"238\" height=\"900\" src=\"https:\/\/alkotaskft.hu\/wp-content\/uploads\/2026\/03\/20260306_144145.jpg\" class=\"attachment-full size-full\" alt=\"\" aria-describedby=\"gallery-1-6902\" srcset=\"https:\/\/alkotaskft.hu\/wp-content\/uploads\/2026\/03\/20260306_144145.jpg 238w, https:\/\/alkotaskft.hu\/wp-content\/uploads\/2026\/03\/20260306_144145-106x400.jpg 106w\" sizes=\"auto, (max-width: 238px) 100vw, 238px\" \/><\/a>\n\t\t\t<\/div>\n\t\t\t\t<figcaption class='wp-caption-text gallery-caption' id='gallery-1-6902'>\n\t\t\t\tALKOT\u00c1S ASF-15 serleges felvon\u00f3\n\t\t\t\t<\/figcaption><\/figure><figure class='gallery-item'>\n\t\t\t<div class='gallery-icon portrait'>\n\t\t\t\t<a href='https:\/\/alkotaskft.hu\/wp-content\/uploads\/2026\/03\/20260306_144328.jpg'><img loading=\"lazy\" decoding=\"async\" width=\"254\" height=\"900\" src=\"https:\/\/alkotaskft.hu\/wp-content\/uploads\/2026\/03\/20260306_144328.jpg\" class=\"attachment-full size-full\" alt=\"\" aria-describedby=\"gallery-1-6911\" srcset=\"https:\/\/alkotaskft.hu\/wp-content\/uploads\/2026\/03\/20260306_144328.jpg 254w, https:\/\/alkotaskft.hu\/wp-content\/uploads\/2026\/03\/20260306_144328-113x400.jpg 113w, https:\/\/alkotaskft.hu\/wp-content\/uploads\/2026\/03\/20260306_144328-226x800.jpg 226w\" sizes=\"auto, (max-width: 254px) 100vw, 254px\" \/><\/a>\n\t\t\t<\/div>\n\t\t\t\t<figcaption class='wp-caption-text gallery-caption' id='gallery-1-6911'>\n\t\t\t\tALKOT\u00c1S ASF-15 serleges felvon\u00f3\n\t\t\t\t<\/figcaption><\/figure><figure class='gallery-item'>\n\t\t\t<div class='gallery-icon portrait'>\n\t\t\t\t<a href='https:\/\/alkotaskft.hu\/wp-content\/uploads\/2026\/03\/20260306_144346.jpg'><img loading=\"lazy\" decoding=\"async\" width=\"159\" height=\"900\" src=\"https:\/\/alkotaskft.hu\/wp-content\/uploads\/2026\/03\/20260306_144346.jpg\" class=\"attachment-full size-full\" alt=\"\" aria-describedby=\"gallery-1-6912\" \/><\/a>\n\t\t\t<\/div>\n\t\t\t\t<figcaption class='wp-caption-text gallery-caption' id='gallery-1-6912'>\n\t\t\t\tALKOT\u00c1S ASF-15 serleges felvon\u00f3\n\t\t\t\t<\/figcaption><\/figure><figure class='gallery-item'>\n\t\t\t<div class='gallery-icon portrait'>\n\t\t\t\t<a href='https:\/\/alkotaskft.hu\/wp-content\/uploads\/2026\/03\/20260306_144318.jpg'><img loading=\"lazy\" decoding=\"async\" width=\"251\" height=\"900\" src=\"https:\/\/alkotaskft.hu\/wp-content\/uploads\/2026\/03\/20260306_144318.jpg\" class=\"attachment-full size-full\" alt=\"\" aria-describedby=\"gallery-1-6910\" srcset=\"https:\/\/alkotaskft.hu\/wp-content\/uploads\/2026\/03\/20260306_144318.jpg 251w, https:\/\/alkotaskft.hu\/wp-content\/uploads\/2026\/03\/20260306_144318-223x800.jpg 223w\" sizes=\"auto, (max-width: 251px) 100vw, 251px\" \/><\/a>\n\t\t\t<\/div>\n\t\t\t\t<figcaption class='wp-caption-text gallery-caption' id='gallery-1-6910'>\n\t\t\t\tALKOT\u00c1S ASF-15 serleges felvon\u00f3\n\t\t\t\t<\/figcaption><\/figure><figure class='gallery-item'>\n\t\t\t<div class='gallery-icon portrait'>\n\t\t\t\t<a href='https:\/\/alkotaskft.hu\/wp-content\/uploads\/2026\/03\/20260306_144310.jpg'><img loading=\"lazy\" decoding=\"async\" width=\"205\" height=\"900\" src=\"https:\/\/alkotaskft.hu\/wp-content\/uploads\/2026\/03\/20260306_144310.jpg\" class=\"attachment-full size-full\" alt=\"\" aria-describedby=\"gallery-1-6909\" srcset=\"https:\/\/alkotaskft.hu\/wp-content\/uploads\/2026\/03\/20260306_144310.jpg 205w, https:\/\/alkotaskft.hu\/wp-content\/uploads\/2026\/03\/20260306_144310-91x400.jpg 91w, https:\/\/alkotaskft.hu\/wp-content\/uploads\/2026\/03\/20260306_144310-182x800.jpg 182w\" sizes=\"auto, (max-width: 205px) 100vw, 205px\" \/><\/a>\n\t\t\t<\/div>\n\t\t\t\t<figcaption class='wp-caption-text gallery-caption' id='gallery-1-6909'>\n\t\t\t\tALKOT\u00c1S ASF-15 serleges felvon\u00f3\n\t\t\t\t<\/figcaption><\/figure><figure class='gallery-item'>\n\t\t\t<div class='gallery-icon landscape'>\n\t\t\t\t<a href='https:\/\/alkotaskft.hu\/wp-content\/uploads\/2026\/03\/20260306_144258.jpg'><img loading=\"lazy\" decoding=\"async\" width=\"900\" height=\"647\" src=\"https:\/\/alkotaskft.hu\/wp-content\/uploads\/2026\/03\/20260306_144258.jpg\" class=\"attachment-full size-full\" alt=\"\" aria-describedby=\"gallery-1-6908\" srcset=\"https:\/\/alkotaskft.hu\/wp-content\/uploads\/2026\/03\/20260306_144258.jpg 900w, https:\/\/alkotaskft.hu\/wp-content\/uploads\/2026\/03\/20260306_144258-556x400.jpg 556w, https:\/\/alkotaskft.hu\/wp-content\/uploads\/2026\/03\/20260306_144258-768x552.jpg 768w\" sizes=\"auto, (max-width: 900px) 100vw, 900px\" \/><\/a>\n\t\t\t<\/div>\n\t\t\t\t<figcaption class='wp-caption-text gallery-caption' id='gallery-1-6908'>\n\t\t\t\tALKOT\u00c1S ASF-15 serleges felvon\u00f3\n\t\t\t\t<\/figcaption><\/figure><figure class='gallery-item'>\n\t\t\t<div class='gallery-icon portrait'>\n\t\t\t\t<a href='https:\/\/alkotaskft.hu\/wp-content\/uploads\/2026\/03\/20260306_144248.jpg'><img loading=\"lazy\" decoding=\"async\" width=\"886\" height=\"900\" src=\"https:\/\/alkotaskft.hu\/wp-content\/uploads\/2026\/03\/20260306_144248.jpg\" class=\"attachment-full size-full\" alt=\"\" aria-describedby=\"gallery-1-6907\" srcset=\"https:\/\/alkotaskft.hu\/wp-content\/uploads\/2026\/03\/20260306_144248.jpg 886w, https:\/\/alkotaskft.hu\/wp-content\/uploads\/2026\/03\/20260306_144248-394x400.jpg 394w, https:\/\/alkotaskft.hu\/wp-content\/uploads\/2026\/03\/20260306_144248-788x800.jpg 788w, https:\/\/alkotaskft.hu\/wp-content\/uploads\/2026\/03\/20260306_144248-768x780.jpg 768w\" sizes=\"auto, (max-width: 886px) 100vw, 886px\" \/><\/a>\n\t\t\t<\/div>\n\t\t\t\t<figcaption class='wp-caption-text gallery-caption' id='gallery-1-6907'>\n\t\t\t\tALKOT\u00c1S ASF-15 serleges felvon\u00f3\n\t\t\t\t<\/figcaption><\/figure><figure class='gallery-item'>\n\t\t\t<div class='gallery-icon portrait'>\n\t\t\t\t<a href='https:\/\/alkotaskft.hu\/wp-content\/uploads\/2026\/03\/20260306_144207.jpg'><img loading=\"lazy\" decoding=\"async\" width=\"788\" height=\"900\" src=\"https:\/\/alkotaskft.hu\/wp-content\/uploads\/2026\/03\/20260306_144207.jpg\" class=\"attachment-full size-full\" alt=\"\" aria-describedby=\"gallery-1-6906\" srcset=\"https:\/\/alkotaskft.hu\/wp-content\/uploads\/2026\/03\/20260306_144207.jpg 788w, https:\/\/alkotaskft.hu\/wp-content\/uploads\/2026\/03\/20260306_144207-350x400.jpg 350w, https:\/\/alkotaskft.hu\/wp-content\/uploads\/2026\/03\/20260306_144207-700x800.jpg 700w, https:\/\/alkotaskft.hu\/wp-content\/uploads\/2026\/03\/20260306_144207-768x877.jpg 768w\" sizes=\"auto, (max-width: 788px) 100vw, 788px\" \/><\/a>\n\t\t\t<\/div>\n\t\t\t\t<figcaption class='wp-caption-text gallery-caption' id='gallery-1-6906'>\n\t\t\t\tALKOT\u00c1S ASF-15 serleges felvon\u00f3\n\t\t\t\t<\/figcaption><\/figure><figure class='gallery-item'>\n\t\t\t<div class='gallery-icon portrait'>\n\t\t\t\t<a href='https:\/\/alkotaskft.hu\/wp-content\/uploads\/2026\/03\/20260306_144201.jpg'><img loading=\"lazy\" decoding=\"async\" width=\"765\" height=\"900\" src=\"https:\/\/alkotaskft.hu\/wp-content\/uploads\/2026\/03\/20260306_144201.jpg\" class=\"attachment-full size-full\" alt=\"\" aria-describedby=\"gallery-1-6905\" srcset=\"https:\/\/alkotaskft.hu\/wp-content\/uploads\/2026\/03\/20260306_144201.jpg 765w, https:\/\/alkotaskft.hu\/wp-content\/uploads\/2026\/03\/20260306_144201-340x400.jpg 340w, https:\/\/alkotaskft.hu\/wp-content\/uploads\/2026\/03\/20260306_144201-680x800.jpg 680w\" sizes=\"auto, (max-width: 765px) 100vw, 765px\" \/><\/a>\n\t\t\t<\/div>\n\t\t\t\t<figcaption class='wp-caption-text gallery-caption' id='gallery-1-6905'>\n\t\t\t\tALKOT\u00c1S ASF-15 serleges felvon\u00f3\n\t\t\t\t<\/figcaption><\/figure><figure class='gallery-item'>\n\t\t\t<div class='gallery-icon portrait'>\n\t\t\t\t<a href='https:\/\/alkotaskft.hu\/wp-content\/uploads\/2026\/03\/20260306_144157.jpg'><img loading=\"lazy\" decoding=\"async\" width=\"616\" height=\"900\" src=\"https:\/\/alkotaskft.hu\/wp-content\/uploads\/2026\/03\/20260306_144157.jpg\" class=\"attachment-full size-full\" alt=\"\" aria-describedby=\"gallery-1-6904\" srcset=\"https:\/\/alkotaskft.hu\/wp-content\/uploads\/2026\/03\/20260306_144157.jpg 616w, https:\/\/alkotaskft.hu\/wp-content\/uploads\/2026\/03\/20260306_144157-274x400.jpg 274w, https:\/\/alkotaskft.hu\/wp-content\/uploads\/2026\/03\/20260306_144157-548x800.jpg 548w\" sizes=\"auto, (max-width: 616px) 100vw, 616px\" \/><\/a>\n\t\t\t<\/div>\n\t\t\t\t<figcaption class='wp-caption-text gallery-caption' id='gallery-1-6904'>\n\t\t\t\tALKOT\u00c1S ASF-15 serleges felvon\u00f3\n\t\t\t\t<\/figcaption><\/figure><figure class='gallery-item'>\n\t\t\t<div class='gallery-icon landscape'>\n\t\t\t\t<a href='https:\/\/alkotaskft.hu\/wp-content\/uploads\/2026\/03\/20260306_144152.jpg'><img loading=\"lazy\" decoding=\"async\" width=\"900\" height=\"735\" src=\"https:\/\/alkotaskft.hu\/wp-content\/uploads\/2026\/03\/20260306_144152.jpg\" class=\"attachment-full size-full\" alt=\"\" aria-describedby=\"gallery-1-6903\" srcset=\"https:\/\/alkotaskft.hu\/wp-content\/uploads\/2026\/03\/20260306_144152.jpg 900w, https:\/\/alkotaskft.hu\/wp-content\/uploads\/2026\/03\/20260306_144152-490x400.jpg 490w, https:\/\/alkotaskft.hu\/wp-content\/uploads\/2026\/03\/20260306_144152-768x627.jpg 768w\" sizes=\"auto, (max-width: 900px) 100vw, 900px\" \/><\/a>\n\t\t\t<\/div>\n\t\t\t\t<figcaption class='wp-caption-text gallery-caption' id='gallery-1-6903'>\n\t\t\t\tALKOT\u00c1S ASF-15 serleges felvon\u00f3\n\t\t\t\t<\/figcaption><\/figure>\n\t\t<\/div>\n\n","protected":false},"excerpt":{"rendered":"<p>D\u00e1tum: 2026.03.06. Be\u00e9p\u00edt\u00e9s helye: Gyula, Kafimpex Kft.Feladat: pellet goly\u00f3 felhord\u00e1sa&#8211; sz\u00e9les\u00edtett fogad\u00f3 garattal&#8211; a megrendel\u0151k\u00e9r\u00e9s\u00e9re p\u00f3dium- \u00e9s l\u00e9tra n\u00e9lk\u00fcl&#8211; 4,2 fm-es kidob\u00e1si magass\u00e1ggal<\/p>\n<div class='heateor_sss_sharing_container heateor_sss_vertical_sharing heateor_sss_bottom_sharing' style='width:29px;right: 0px;top: 220px;-webkit-box-shadow:none;box-shadow:none;' data-heateor-sss-href='https:\/\/alkotaskft.hu\/de\/wp-json\/wp\/v2\/pages\/6916'><div class=\"heateor_sss_sharing_ul\"><a aria-label=\"Facebook\" class=\"heateor_sss_facebook\" href=\"https:\/\/www.facebook.com\/sharer\/sharer.php?u=https%3A%2F%2Falkotaskft.hu%2Fde%2Fwp-json%2Fwp%2Fv2%2Fpages%2F6916\" title=\"Facebook\" rel=\"nofollow noopener\" target=\"_blank\" style=\"font-size:32px!important;box-shadow:none;display:inline-block;vertical-align:middle\"><span class=\"heateor_sss_svg\" style=\"background-color:#0765FE;width:25px;height:25px;margin:0;display:inline-block;opacity:1;float:left;font-size:32px;box-shadow:none;display:inline-block;font-size:16px;padding:0 4px;vertical-align:middle;background-repeat:repeat;overflow:hidden;padding:0;cursor:pointer;box-sizing:content-box\"><svg style=\"display:block;\" focusable=\"false\" aria-hidden=\"true\" xmlns=\"http:\/\/www.w3.org\/2000\/svg\" width=\"100%\" height=\"100%\" viewBox=\"0 0 32 32\"><path fill=\"#fff\" d=\"M28 16c0-6.627-5.373-12-12-12S4 9.373 4 16c0 5.628 3.875 10.35 9.101 11.647v-7.98h-2.474V16H13.1v-1.58c0-4.085 1.849-5.978 5.859-5.978.76 0 2.072.15 2.608.298v3.325c-.283-.03-.775-.045-1.386-.045-1.967 0-2.728.745-2.728 2.683V16h3.92l-.673 3.667h-3.247v8.245C23.395 27.195 28 22.135 28 16Z\"><\/path><\/svg><\/span><\/a><a aria-label=\"Twitter\" class=\"heateor_sss_button_twitter\" href=\"https:\/\/twitter.com\/intent\/tweet?text=Alkot%C3%A1s%20Kft.%20-%20&url=https%3A%2F%2Falkotaskft.hu%2Fde%2Fwp-json%2Fwp%2Fv2%2Fpages%2F6916\" title=\"Twitter\" rel=\"nofollow noopener\" target=\"_blank\" style=\"font-size:32px!important;box-shadow:none;display:inline-block;vertical-align:middle\"><span class=\"heateor_sss_svg heateor_sss_s__default heateor_sss_s_twitter\" style=\"background-color:#55acee;width:25px;height:25px;margin:0;display:inline-block;opacity:1;float:left;font-size:32px;box-shadow:none;display:inline-block;font-size:16px;padding:0 4px;vertical-align:middle;background-repeat:repeat;overflow:hidden;padding:0;cursor:pointer;box-sizing:content-box\"><svg style=\"display:block;\" focusable=\"false\" aria-hidden=\"true\" xmlns=\"http:\/\/www.w3.org\/2000\/svg\" width=\"100%\" height=\"100%\" viewBox=\"-4 -4 39 39\"><path d=\"M28 8.557a9.913 9.913 0 0 1-2.828.775 4.93 4.93 0 0 0 2.166-2.725 9.738 9.738 0 0 1-3.13 1.194 4.92 4.92 0 0 0-3.593-1.55 4.924 4.924 0 0 0-4.794 6.049c-4.09-.21-7.72-2.17-10.15-5.15a4.942 4.942 0 0 0-.665 2.477c0 1.71.87 3.214 2.19 4.1a4.968 4.968 0 0 1-2.23-.616v.06c0 2.39 1.7 4.38 3.952 4.83-.414.115-.85.174-1.297.174-.318 0-.626-.03-.928-.086a4.935 4.935 0 0 0 4.6 3.42 9.893 9.893 0 0 1-6.114 2.107c-.398 0-.79-.023-1.175-.068a13.953 13.953 0 0 0 7.55 2.213c9.056 0 14.01-7.507 14.01-14.013 0-.213-.005-.426-.015-.637.96-.695 1.795-1.56 2.455-2.55z\" fill=\"#fff\"><\/path><\/svg><\/span><\/a><a class=\"heateor_sss_more\" aria-label=\"More\" title=\"More\" rel=\"nofollow noopener\" style=\"font-size: 32px!important;border:0;box-shadow:none;display:inline-block!important;font-size:16px;padding:0 4px;vertical-align: middle;display:inline;\" href=\"https:\/\/alkotaskft.hu\/de\/wp-json\/wp\/v2\/pages\/6916\" onclick=\"event.preventDefault()\"><span class=\"heateor_sss_svg\" style=\"background-color:#ee8e2d;width:25px;height:25px;margin:0;display:inline-block!important;opacity:1;float:left;font-size:32px!important;box-shadow:none;display:inline-block;font-size:16px;padding:0 4px;vertical-align:middle;display:inline;background-repeat:repeat;overflow:hidden;padding:0;cursor:pointer;box-sizing:content-box;\" onclick=\"heateorSssMoreSharingPopup(this, 'https:\/\/alkotaskft.hu\/de\/wp-json\/wp\/v2\/pages\/6916', 'Alkot%C3%A1s%20Kft.%20-%20', '' )\"><svg xmlns=\"http:\/\/www.w3.org\/2000\/svg\" xmlns:xlink=\"http:\/\/www.w3.org\/1999\/xlink\" viewBox=\"-.3 0 32 32\" version=\"1.1\" width=\"100%\" height=\"100%\" style=\"display:block;\" xml:space=\"preserve\"><g><path fill=\"#fff\" d=\"M18 14V8h-4v6H8v4h6v6h4v-6h6v-4h-6z\" fill-rule=\"evenodd\"><\/path><\/g><\/svg><\/span><\/a><\/div><div class=\"heateorSssClear\"><\/div><\/div>","protected":false},"author":3,"featured_media":0,"parent":0,"menu_order":0,"comment_status":"closed","ping_status":"closed","template":"","meta":{"_acf_changed":false,"footnotes":""},"categories":[],"tags":[],"class_list":["post-6916","page","type-page","status-publish","hentry"],"yoast_head":"<!-- This site is optimized with the Yoast SEO plugin v27.5 - https:\/\/yoast.com\/product\/yoast-seo-wordpress\/ -->\n<title>ASF-15 4,2 fm-es serleges felvon\u00f3 - Gyula - Alkot\u00e1s Kft.<\/title>\n<meta name=\"robots\" content=\"index, follow, max-snippet:-1, max-image-preview:large, max-video-preview:-1\" \/>\n<link rel=\"canonical\" href=\"https:\/\/alkotaskft.hu\/asf-15-42-fm-es-serleges-felvono-gyula\/\" \/>\n<meta property=\"og:locale\" content=\"de_DE\" \/>\n<meta property=\"og:type\" content=\"article\" \/>\n<meta property=\"og:title\" content=\"ASF-15 4,2 fm-es serleges felvon\u00f3 - Gyula - Alkot\u00e1s Kft.\" \/>\n<meta property=\"og:description\" content=\"D\u00e1tum: 2026.03.06. Be\u00e9p\u00edt\u00e9s helye: Gyula, Kafimpex Kft.Feladat: pellet goly\u00f3 felhord\u00e1sa&#8211; sz\u00e9les\u00edtett fogad\u00f3 garattal&#8211; a megrendel\u0151k\u00e9r\u00e9s\u00e9re p\u00f3dium- \u00e9s l\u00e9tra n\u00e9lk\u00fcl&#8211; 4,2 fm-es kidob\u00e1si magass\u00e1ggal\" \/>\n<meta property=\"og:url\" content=\"https:\/\/alkotaskft.hu\/asf-15-42-fm-es-serleges-felvono-gyula\/\" \/>\n<meta property=\"og:site_name\" content=\"Alkot\u00e1s Kft.\" \/>\n<meta property=\"article:modified_time\" content=\"2026-03-11T10:05:30+00:00\" \/>\n<meta property=\"og:image\" content=\"https:\/\/alkotaskft.hu\/wp-content\/uploads\/2026\/03\/20260306_1441202.jpg\" \/>\n<meta name=\"twitter:card\" content=\"summary_large_image\" \/>\n<script type=\"application\/ld+json\" class=\"yoast-schema-graph\">{\"@context\":\"https:\\\/\\\/schema.org\",\"@graph\":[{\"@type\":\"WebPage\",\"@id\":\"https:\\\/\\\/alkotaskft.hu\\\/asf-15-42-fm-es-serleges-felvono-gyula\\\/\",\"url\":\"https:\\\/\\\/alkotaskft.hu\\\/asf-15-42-fm-es-serleges-felvono-gyula\\\/\",\"name\":\"ASF-15 4,2 fm-es serleges felvon\u00f3 - Gyula - Alkot\u00e1s Kft.\",\"isPartOf\":{\"@id\":\"https:\\\/\\\/alkotaskft.hu\\\/#website\"},\"datePublished\":\"2026-03-06T14:25:09+00:00\",\"dateModified\":\"2026-03-11T10:05:30+00:00\",\"breadcrumb\":{\"@id\":\"https:\\\/\\\/alkotaskft.hu\\\/asf-15-42-fm-es-serleges-felvono-gyula\\\/#breadcrumb\"},\"inLanguage\":\"de\",\"potentialAction\":[{\"@type\":\"ReadAction\",\"target\":[\"https:\\\/\\\/alkotaskft.hu\\\/asf-15-42-fm-es-serleges-felvono-gyula\\\/\"]}]},{\"@type\":\"BreadcrumbList\",\"@id\":\"https:\\\/\\\/alkotaskft.hu\\\/asf-15-42-fm-es-serleges-felvono-gyula\\\/#breadcrumb\",\"itemListElement\":[{\"@type\":\"ListItem\",\"position\":1,\"name\":\"Home\",\"item\":\"https:\\\/\\\/alkotaskft.hu\\\/\"},{\"@type\":\"ListItem\",\"position\":2,\"name\":\"ASF-15 4,2 fm-es serleges felvon\u00f3 &#8211; Gyula\"}]},{\"@type\":\"WebSite\",\"@id\":\"https:\\\/\\\/alkotaskft.hu\\\/#website\",\"url\":\"https:\\\/\\\/alkotaskft.hu\\\/\",\"name\":\"Alkot\u00e1s Kft.\",\"description\":\"\",\"potentialAction\":[{\"@type\":\"SearchAction\",\"target\":{\"@type\":\"EntryPoint\",\"urlTemplate\":\"https:\\\/\\\/alkotaskft.hu\\\/?s={search_term_string}\"},\"query-input\":{\"@type\":\"PropertyValueSpecification\",\"valueRequired\":true,\"valueName\":\"search_term_string\"}}],\"inLanguage\":\"de\"}]}<\/script>\n<!-- \/ Yoast SEO plugin. -->","yoast_head_json":{"title":"ASF-15 4,2 fm-es serleges felvon\u00f3 - Gyula - Alkot\u00e1s Kft.","robots":{"index":"index","follow":"follow","max-snippet":"max-snippet:-1","max-image-preview":"max-image-preview:large","max-video-preview":"max-video-preview:-1"},"canonical":"https:\/\/alkotaskft.hu\/asf-15-42-fm-es-serleges-felvono-gyula\/","og_locale":"de_DE","og_type":"article","og_title":"ASF-15 4,2 fm-es serleges felvon\u00f3 - Gyula - Alkot\u00e1s Kft.","og_description":"D\u00e1tum: 2026.03.06. Be\u00e9p\u00edt\u00e9s helye: Gyula, Kafimpex Kft.Feladat: pellet goly\u00f3 felhord\u00e1sa&#8211; sz\u00e9les\u00edtett fogad\u00f3 garattal&#8211; a megrendel\u0151k\u00e9r\u00e9s\u00e9re p\u00f3dium- \u00e9s l\u00e9tra n\u00e9lk\u00fcl&#8211; 4,2 fm-es kidob\u00e1si magass\u00e1ggal","og_url":"https:\/\/alkotaskft.hu\/asf-15-42-fm-es-serleges-felvono-gyula\/","og_site_name":"Alkot\u00e1s Kft.","article_modified_time":"2026-03-11T10:05:30+00:00","og_image":[{"url":"https:\/\/alkotaskft.hu\/wp-content\/uploads\/2026\/03\/20260306_1441202.jpg","type":"","width":"","height":""}],"twitter_card":"summary_large_image","schema":{"@context":"https:\/\/schema.org","@graph":[{"@type":"WebPage","@id":"https:\/\/alkotaskft.hu\/asf-15-42-fm-es-serleges-felvono-gyula\/","url":"https:\/\/alkotaskft.hu\/asf-15-42-fm-es-serleges-felvono-gyula\/","name":"ASF-15 4,2 fm-es serleges felvon\u00f3 - Gyula - Alkot\u00e1s Kft.","isPartOf":{"@id":"https:\/\/alkotaskft.hu\/#website"},"datePublished":"2026-03-06T14:25:09+00:00","dateModified":"2026-03-11T10:05:30+00:00","breadcrumb":{"@id":"https:\/\/alkotaskft.hu\/asf-15-42-fm-es-serleges-felvono-gyula\/#breadcrumb"},"inLanguage":"de","potentialAction":[{"@type":"ReadAction","target":["https:\/\/alkotaskft.hu\/asf-15-42-fm-es-serleges-felvono-gyula\/"]}]},{"@type":"BreadcrumbList","@id":"https:\/\/alkotaskft.hu\/asf-15-42-fm-es-serleges-felvono-gyula\/#breadcrumb","itemListElement":[{"@type":"ListItem","position":1,"name":"Home","item":"https:\/\/alkotaskft.hu\/"},{"@type":"ListItem","position":2,"name":"ASF-15 4,2 fm-es serleges felvon\u00f3 &#8211; Gyula"}]},{"@type":"WebSite","@id":"https:\/\/alkotaskft.hu\/#website","url":"https:\/\/alkotaskft.hu\/","name":"Alkot\u00e1s Kft.","description":"","potentialAction":[{"@type":"SearchAction","target":{"@type":"EntryPoint","urlTemplate":"https:\/\/alkotaskft.hu\/?s={search_term_string}"},"query-input":{"@type":"PropertyValueSpecification","valueRequired":true,"valueName":"search_term_string"}}],"inLanguage":"de"}]}},"acf":[],"_links":{"self":[{"href":"https:\/\/alkotaskft.hu\/de\/wp-json\/wp\/v2\/pages\/6916","targetHints":{"allow":["GET"]}}],"collection":[{"href":"https:\/\/alkotaskft.hu\/de\/wp-json\/wp\/v2\/pages"}],"about":[{"href":"https:\/\/alkotaskft.hu\/de\/wp-json\/wp\/v2\/types\/page"}],"author":[{"embeddable":true,"href":"https:\/\/alkotaskft.hu\/de\/wp-json\/wp\/v2\/users\/3"}],"replies":[{"embeddable":true,"href":"https:\/\/alkotaskft.hu\/de\/wp-json\/wp\/v2\/comments?post=6916"}],"version-history":[{"count":5,"href":"https:\/\/alkotaskft.hu\/de\/wp-json\/wp\/v2\/pages\/6916\/revisions"}],"predecessor-version":[{"id":6923,"href":"https:\/\/alkotaskft.hu\/de\/wp-json\/wp\/v2\/pages\/6916\/revisions\/6923"}],"wp:attachment":[{"href":"https:\/\/alkotaskft.hu\/de\/wp-json\/wp\/v2\/media?parent=6916"}],"wp:term":[{"taxonomy":"category","embeddable":true,"href":"https:\/\/alkotaskft.hu\/de\/wp-json\/wp\/v2\/categories?post=6916"},{"taxonomy":"post_tag","embeddable":true,"href":"https:\/\/alkotaskft.hu\/de\/wp-json\/wp\/v2\/tags?post=6916"}],"curies":[{"name":"wp","href":"https:\/\/api.w.org\/{rel}","templated":true}]}}