{"id":6806,"date":"2025-12-04T09:00:45","date_gmt":"2025-12-04T08:00:45","guid":{"rendered":"https:\/\/alkotaskft.hu\/?page_id=6806"},"modified":"2025-12-04T10:15:21","modified_gmt":"2025-12-04T09:15:21","slug":"alkotas-szsz-5-50-dunavecse","status":"publish","type":"page","link":"https:\/\/alkotaskft.hu\/de\/alkotas-szsz-5-50-dunavecse\/","title":{"rendered":"ALKOT\u00c1S SZSZ-5.50 &#8211; Dunavecse"},"content":{"rendered":"<h3 style=\"text-align: center;\">D\u00e1tum: 2025.12.04.<\/h3>\n<p style=\"text-align: center;\">Sz\u00e1ll\u00edtand\u00f3 anyag: meggy- \u00e9s bodza mag\u00a0<br \/>Hossz: 5500 mm (tengelyk\u00f6z\u00e9pn\u00e9l)<br \/>Kivitel: k\u00e9t oldalon hull\u00e1mperemezett, 500 mm-k\u00e9nt keresztbord\u00e1zott <br \/>Teljes\u00edtm\u00e9ny: 3,0 kW<br \/>+<br \/>200 mm -es magass\u00e1g \u00e1ll\u00edt\u00e1ssal<\/p>\n<p style=\"text-align: center;\">Be\u00e9p\u00edt\u00e9s helye: Dunavecse<\/p>\n<div id='gallery-1' class='gallery galleryid-6806 gallery-columns-4 gallery-size-full'><figure class='gallery-item'>\n\t\t\t<div class='gallery-icon portrait'>\n\t\t\t\t<a href='https:\/\/alkotaskft.hu\/wp-content\/uploads\/2025\/12\/20251204_080640.jpg'><img loading=\"lazy\" decoding=\"async\" width=\"765\" height=\"900\" src=\"https:\/\/alkotaskft.hu\/wp-content\/uploads\/2025\/12\/20251204_080640.jpg\" class=\"attachment-full size-full\" alt=\"\" aria-describedby=\"gallery-1-6842\" srcset=\"https:\/\/alkotaskft.hu\/wp-content\/uploads\/2025\/12\/20251204_080640.jpg 765w, https:\/\/alkotaskft.hu\/wp-content\/uploads\/2025\/12\/20251204_080640-340x400.jpg 340w, https:\/\/alkotaskft.hu\/wp-content\/uploads\/2025\/12\/20251204_080640-680x800.jpg 680w\" sizes=\"auto, (max-width: 765px) 100vw, 765px\" \/><\/a>\n\t\t\t<\/div>\n\t\t\t\t<figcaption class='wp-caption-text gallery-caption' id='gallery-1-6842'>\n\t\t\t\tALKOT\u00c1S SZSZS-5.50 &#8211; Dunavecse\n\t\t\t\t<\/figcaption><\/figure><figure class='gallery-item'>\n\t\t\t<div class='gallery-icon portrait'>\n\t\t\t\t<a href='https:\/\/alkotaskft.hu\/wp-content\/uploads\/2025\/12\/20251204_080630.jpg'><img loading=\"lazy\" decoding=\"async\" width=\"634\" height=\"900\" src=\"https:\/\/alkotaskft.hu\/wp-content\/uploads\/2025\/12\/20251204_080630.jpg\" class=\"attachment-full size-full\" alt=\"\" aria-describedby=\"gallery-1-6841\" srcset=\"https:\/\/alkotaskft.hu\/wp-content\/uploads\/2025\/12\/20251204_080630.jpg 634w, https:\/\/alkotaskft.hu\/wp-content\/uploads\/2025\/12\/20251204_080630-282x400.jpg 282w, https:\/\/alkotaskft.hu\/wp-content\/uploads\/2025\/12\/20251204_080630-564x800.jpg 564w\" sizes=\"auto, (max-width: 634px) 100vw, 634px\" \/><\/a>\n\t\t\t<\/div>\n\t\t\t\t<figcaption class='wp-caption-text gallery-caption' id='gallery-1-6841'>\n\t\t\t\tALKOT\u00c1S SZSZS-5.50 &#8211; Dunavecse\n\t\t\t\t<\/figcaption><\/figure><figure class='gallery-item'>\n\t\t\t<div class='gallery-icon portrait'>\n\t\t\t\t<a href='https:\/\/alkotaskft.hu\/wp-content\/uploads\/2025\/12\/20251204_080620.jpg'><img loading=\"lazy\" decoding=\"async\" width=\"856\" height=\"900\" src=\"https:\/\/alkotaskft.hu\/wp-content\/uploads\/2025\/12\/20251204_080620.jpg\" class=\"attachment-full size-full\" alt=\"\" aria-describedby=\"gallery-1-6840\" srcset=\"https:\/\/alkotaskft.hu\/wp-content\/uploads\/2025\/12\/20251204_080620.jpg 856w, https:\/\/alkotaskft.hu\/wp-content\/uploads\/2025\/12\/20251204_080620-380x400.jpg 380w, https:\/\/alkotaskft.hu\/wp-content\/uploads\/2025\/12\/20251204_080620-761x800.jpg 761w, https:\/\/alkotaskft.hu\/wp-content\/uploads\/2025\/12\/20251204_080620-768x807.jpg 768w\" sizes=\"auto, (max-width: 856px) 100vw, 856px\" \/><\/a>\n\t\t\t<\/div>\n\t\t\t\t<figcaption class='wp-caption-text gallery-caption' id='gallery-1-6840'>\n\t\t\t\tALKOT\u00c1S SZSZS-5.50 &#8211; Dunavecse\n\t\t\t\t<\/figcaption><\/figure><figure class='gallery-item'>\n\t\t\t<div class='gallery-icon portrait'>\n\t\t\t\t<a href='https:\/\/alkotaskft.hu\/wp-content\/uploads\/2025\/12\/20251204_080553.jpg'><img loading=\"lazy\" decoding=\"async\" width=\"880\" height=\"900\" src=\"https:\/\/alkotaskft.hu\/wp-content\/uploads\/2025\/12\/20251204_080553.jpg\" class=\"attachment-full size-full\" alt=\"\" aria-describedby=\"gallery-1-6837\" srcset=\"https:\/\/alkotaskft.hu\/wp-content\/uploads\/2025\/12\/20251204_080553.jpg 880w, https:\/\/alkotaskft.hu\/wp-content\/uploads\/2025\/12\/20251204_080553-391x400.jpg 391w, https:\/\/alkotaskft.hu\/wp-content\/uploads\/2025\/12\/20251204_080553-782x800.jpg 782w, https:\/\/alkotaskft.hu\/wp-content\/uploads\/2025\/12\/20251204_080553-768x785.jpg 768w\" sizes=\"auto, (max-width: 880px) 100vw, 880px\" \/><\/a>\n\t\t\t<\/div>\n\t\t\t\t<figcaption class='wp-caption-text gallery-caption' id='gallery-1-6837'>\n\t\t\t\tALKOT\u00c1S SZSZS-5.50 &#8211; Dunavecse\n\t\t\t\t<\/figcaption><\/figure><figure class='gallery-item'>\n\t\t\t<div class='gallery-icon landscape'>\n\t\t\t\t<a href='https:\/\/alkotaskft.hu\/wp-content\/uploads\/2025\/12\/20251204_080602.jpg'><img loading=\"lazy\" decoding=\"async\" width=\"900\" height=\"869\" src=\"https:\/\/alkotaskft.hu\/wp-content\/uploads\/2025\/12\/20251204_080602.jpg\" class=\"attachment-full size-full\" alt=\"\" aria-describedby=\"gallery-1-6838\" srcset=\"https:\/\/alkotaskft.hu\/wp-content\/uploads\/2025\/12\/20251204_080602.jpg 900w, https:\/\/alkotaskft.hu\/wp-content\/uploads\/2025\/12\/20251204_080602-414x400.jpg 414w, https:\/\/alkotaskft.hu\/wp-content\/uploads\/2025\/12\/20251204_080602-829x800.jpg 829w, https:\/\/alkotaskft.hu\/wp-content\/uploads\/2025\/12\/20251204_080602-768x742.jpg 768w\" sizes=\"auto, (max-width: 900px) 100vw, 900px\" \/><\/a>\n\t\t\t<\/div>\n\t\t\t\t<figcaption class='wp-caption-text gallery-caption' id='gallery-1-6838'>\n\t\t\t\tALKOT\u00c1S SZSZS-5.50 &#8211; Dunavecse\n\t\t\t\t<\/figcaption><\/figure><figure class='gallery-item'>\n\t\t\t<div class='gallery-icon landscape'>\n\t\t\t\t<a href='https:\/\/alkotaskft.hu\/wp-content\/uploads\/2025\/12\/20251204_080611.jpg'><img loading=\"lazy\" decoding=\"async\" width=\"900\" height=\"871\" src=\"https:\/\/alkotaskft.hu\/wp-content\/uploads\/2025\/12\/20251204_080611.jpg\" class=\"attachment-full size-full\" alt=\"\" aria-describedby=\"gallery-1-6839\" srcset=\"https:\/\/alkotaskft.hu\/wp-content\/uploads\/2025\/12\/20251204_080611.jpg 900w, https:\/\/alkotaskft.hu\/wp-content\/uploads\/2025\/12\/20251204_080611-413x400.jpg 413w, https:\/\/alkotaskft.hu\/wp-content\/uploads\/2025\/12\/20251204_080611-827x800.jpg 827w, https:\/\/alkotaskft.hu\/wp-content\/uploads\/2025\/12\/20251204_080611-768x743.jpg 768w\" sizes=\"auto, (max-width: 900px) 100vw, 900px\" \/><\/a>\n\t\t\t<\/div>\n\t\t\t\t<figcaption class='wp-caption-text gallery-caption' id='gallery-1-6839'>\n\t\t\t\tALKOT\u00c1S SZSZS-5.50 &#8211; Dunavecse\n\t\t\t\t<\/figcaption><\/figure><figure class='gallery-item'>\n\t\t\t<div class='gallery-icon portrait'>\n\t\t\t\t<a href='https:\/\/alkotaskft.hu\/wp-content\/uploads\/2025\/12\/20251204_080700.jpg'><img loading=\"lazy\" decoding=\"async\" width=\"883\" height=\"900\" src=\"https:\/\/alkotaskft.hu\/wp-content\/uploads\/2025\/12\/20251204_080700.jpg\" class=\"attachment-full size-full\" alt=\"\" aria-describedby=\"gallery-1-6843\" srcset=\"https:\/\/alkotaskft.hu\/wp-content\/uploads\/2025\/12\/20251204_080700.jpg 883w, https:\/\/alkotaskft.hu\/wp-content\/uploads\/2025\/12\/20251204_080700-392x400.jpg 392w, https:\/\/alkotaskft.hu\/wp-content\/uploads\/2025\/12\/20251204_080700-785x800.jpg 785w, https:\/\/alkotaskft.hu\/wp-content\/uploads\/2025\/12\/20251204_080700-768x783.jpg 768w\" sizes=\"auto, (max-width: 883px) 100vw, 883px\" \/><\/a>\n\t\t\t<\/div>\n\t\t\t\t<figcaption class='wp-caption-text gallery-caption' id='gallery-1-6843'>\n\t\t\t\tALKOT\u00c1S SZSZS-5.50 &#8211; Dunavecse\n\t\t\t\t<\/figcaption><\/figure><figure class='gallery-item'>\n\t\t\t<div class='gallery-icon landscape'>\n\t\t\t\t<a href='https:\/\/alkotaskft.hu\/wp-content\/uploads\/2025\/12\/20251204_080708.jpg'><img loading=\"lazy\" decoding=\"async\" width=\"900\" height=\"730\" src=\"https:\/\/alkotaskft.hu\/wp-content\/uploads\/2025\/12\/20251204_080708.jpg\" class=\"attachment-full size-full\" alt=\"\" aria-describedby=\"gallery-1-6844\" srcset=\"https:\/\/alkotaskft.hu\/wp-content\/uploads\/2025\/12\/20251204_080708.jpg 900w, https:\/\/alkotaskft.hu\/wp-content\/uploads\/2025\/12\/20251204_080708-493x400.jpg 493w, https:\/\/alkotaskft.hu\/wp-content\/uploads\/2025\/12\/20251204_080708-768x623.jpg 768w\" sizes=\"auto, (max-width: 900px) 100vw, 900px\" \/><\/a>\n\t\t\t<\/div>\n\t\t\t\t<figcaption class='wp-caption-text gallery-caption' id='gallery-1-6844'>\n\t\t\t\tALKOT\u00c1S SZSZS-5.50 &#8211; Dunavecse\n\t\t\t\t<\/figcaption><\/figure><figure class='gallery-item'>\n\t\t\t<div class='gallery-icon landscape'>\n\t\t\t\t<a href='https:\/\/alkotaskft.hu\/wp-content\/uploads\/2025\/12\/20251204_080716.jpg'><img loading=\"lazy\" decoding=\"async\" width=\"900\" height=\"807\" src=\"https:\/\/alkotaskft.hu\/wp-content\/uploads\/2025\/12\/20251204_080716.jpg\" class=\"attachment-full size-full\" alt=\"\" aria-describedby=\"gallery-1-6845\" srcset=\"https:\/\/alkotaskft.hu\/wp-content\/uploads\/2025\/12\/20251204_080716.jpg 900w, https:\/\/alkotaskft.hu\/wp-content\/uploads\/2025\/12\/20251204_080716-446x400.jpg 446w, https:\/\/alkotaskft.hu\/wp-content\/uploads\/2025\/12\/20251204_080716-892x800.jpg 892w, https:\/\/alkotaskft.hu\/wp-content\/uploads\/2025\/12\/20251204_080716-768x689.jpg 768w\" sizes=\"auto, (max-width: 900px) 100vw, 900px\" \/><\/a>\n\t\t\t<\/div>\n\t\t\t\t<figcaption class='wp-caption-text gallery-caption' id='gallery-1-6845'>\n\t\t\t\tALKOT\u00c1S SZSZS-5.50 &#8211; Dunavecse\n\t\t\t\t<\/figcaption><\/figure><figure class='gallery-item'>\n\t\t\t<div class='gallery-icon portrait'>\n\t\t\t\t<a href='https:\/\/alkotaskft.hu\/wp-content\/uploads\/2025\/12\/20251204_080723.jpg'><img loading=\"lazy\" decoding=\"async\" width=\"789\" height=\"900\" src=\"https:\/\/alkotaskft.hu\/wp-content\/uploads\/2025\/12\/20251204_080723.jpg\" class=\"attachment-full size-full\" alt=\"\" aria-describedby=\"gallery-1-6846\" srcset=\"https:\/\/alkotaskft.hu\/wp-content\/uploads\/2025\/12\/20251204_080723.jpg 789w, https:\/\/alkotaskft.hu\/wp-content\/uploads\/2025\/12\/20251204_080723-351x400.jpg 351w, https:\/\/alkotaskft.hu\/wp-content\/uploads\/2025\/12\/20251204_080723-701x800.jpg 701w, https:\/\/alkotaskft.hu\/wp-content\/uploads\/2025\/12\/20251204_080723-768x876.jpg 768w\" sizes=\"auto, (max-width: 789px) 100vw, 789px\" \/><\/a>\n\t\t\t<\/div>\n\t\t\t\t<figcaption class='wp-caption-text gallery-caption' id='gallery-1-6846'>\n\t\t\t\tALKOT\u00c1S SZSZS-5.50 &#8211; Dunavecse\n\t\t\t\t<\/figcaption><\/figure><figure class='gallery-item'>\n\t\t\t<div class='gallery-icon portrait'>\n\t\t\t\t<a href='https:\/\/alkotaskft.hu\/wp-content\/uploads\/2025\/12\/20251204_080731.jpg'><img loading=\"lazy\" decoding=\"async\" width=\"849\" height=\"900\" src=\"https:\/\/alkotaskft.hu\/wp-content\/uploads\/2025\/12\/20251204_080731.jpg\" class=\"attachment-full size-full\" alt=\"\" aria-describedby=\"gallery-1-6847\" srcset=\"https:\/\/alkotaskft.hu\/wp-content\/uploads\/2025\/12\/20251204_080731.jpg 849w, https:\/\/alkotaskft.hu\/wp-content\/uploads\/2025\/12\/20251204_080731-377x400.jpg 377w, https:\/\/alkotaskft.hu\/wp-content\/uploads\/2025\/12\/20251204_080731-755x800.jpg 755w, https:\/\/alkotaskft.hu\/wp-content\/uploads\/2025\/12\/20251204_080731-768x814.jpg 768w\" sizes=\"auto, (max-width: 849px) 100vw, 849px\" \/><\/a>\n\t\t\t<\/div>\n\t\t\t\t<figcaption class='wp-caption-text gallery-caption' id='gallery-1-6847'>\n\t\t\t\tALKOT\u00c1S SZSZS-5.50 &#8211; Dunavecse\n\t\t\t\t<\/figcaption><\/figure><figure class='gallery-item'>\n\t\t\t<div class='gallery-icon portrait'>\n\t\t\t\t<a href='https:\/\/alkotaskft.hu\/wp-content\/uploads\/2025\/12\/20251204_080740.jpg'><img loading=\"lazy\" decoding=\"async\" width=\"816\" height=\"900\" src=\"https:\/\/alkotaskft.hu\/wp-content\/uploads\/2025\/12\/20251204_080740.jpg\" class=\"attachment-full size-full\" alt=\"\" aria-describedby=\"gallery-1-6848\" srcset=\"https:\/\/alkotaskft.hu\/wp-content\/uploads\/2025\/12\/20251204_080740.jpg 816w, https:\/\/alkotaskft.hu\/wp-content\/uploads\/2025\/12\/20251204_080740-363x400.jpg 363w, https:\/\/alkotaskft.hu\/wp-content\/uploads\/2025\/12\/20251204_080740-725x800.jpg 725w, https:\/\/alkotaskft.hu\/wp-content\/uploads\/2025\/12\/20251204_080740-768x847.jpg 768w\" sizes=\"auto, (max-width: 816px) 100vw, 816px\" \/><\/a>\n\t\t\t<\/div>\n\t\t\t\t<figcaption class='wp-caption-text gallery-caption' id='gallery-1-6848'>\n\t\t\t\tALKOT\u00c1S SZSZS-5.50 &#8211; Dunavecse\n\t\t\t\t<\/figcaption><\/figure>\n\t\t<\/div>\n\n","protected":false},"excerpt":{"rendered":"<p>D\u00e1tum: 2025.12.04. Sz\u00e1ll\u00edtand\u00f3 anyag: meggy- \u00e9s bodza mag\u00a0Hossz: 5500 mm (tengelyk\u00f6z\u00e9pn\u00e9l)Kivitel: k\u00e9t oldalon hull\u00e1mperemezett, 500 mm-k\u00e9nt keresztbord\u00e1zott Teljes\u00edtm\u00e9ny: 3,0 kW+200 mm -es magass\u00e1g \u00e1ll\u00edt\u00e1ssal Be\u00e9p\u00edt\u00e9s helye: Dunavecse<\/p>\n<div class='heateor_sss_sharing_container heateor_sss_vertical_sharing heateor_sss_bottom_sharing' style='width:29px;right: 0px;top: 220px;-webkit-box-shadow:none;box-shadow:none;' data-heateor-sss-href='https:\/\/alkotaskft.hu\/de\/wp-json\/wp\/v2\/pages\/6806'><div class=\"heateor_sss_sharing_ul\"><a aria-label=\"Facebook\" class=\"heateor_sss_facebook\" href=\"https:\/\/www.facebook.com\/sharer\/sharer.php?u=https%3A%2F%2Falkotaskft.hu%2Fde%2Fwp-json%2Fwp%2Fv2%2Fpages%2F6806\" title=\"Facebook\" rel=\"nofollow noopener\" target=\"_blank\" style=\"font-size:32px!important;box-shadow:none;display:inline-block;vertical-align:middle\"><span class=\"heateor_sss_svg\" style=\"background-color:#0765FE;width:25px;height:25px;margin:0;display:inline-block;opacity:1;float:left;font-size:32px;box-shadow:none;display:inline-block;font-size:16px;padding:0 4px;vertical-align:middle;background-repeat:repeat;overflow:hidden;padding:0;cursor:pointer;box-sizing:content-box\"><svg style=\"display:block;\" focusable=\"false\" aria-hidden=\"true\" xmlns=\"http:\/\/www.w3.org\/2000\/svg\" width=\"100%\" height=\"100%\" viewBox=\"0 0 32 32\"><path fill=\"#fff\" d=\"M28 16c0-6.627-5.373-12-12-12S4 9.373 4 16c0 5.628 3.875 10.35 9.101 11.647v-7.98h-2.474V16H13.1v-1.58c0-4.085 1.849-5.978 5.859-5.978.76 0 2.072.15 2.608.298v3.325c-.283-.03-.775-.045-1.386-.045-1.967 0-2.728.745-2.728 2.683V16h3.92l-.673 3.667h-3.247v8.245C23.395 27.195 28 22.135 28 16Z\"><\/path><\/svg><\/span><\/a><a aria-label=\"Twitter\" class=\"heateor_sss_button_twitter\" href=\"https:\/\/twitter.com\/intent\/tweet?text=Alkot%C3%A1s%20Kft.%20-%20&url=https%3A%2F%2Falkotaskft.hu%2Fde%2Fwp-json%2Fwp%2Fv2%2Fpages%2F6806\" title=\"Twitter\" rel=\"nofollow noopener\" target=\"_blank\" style=\"font-size:32px!important;box-shadow:none;display:inline-block;vertical-align:middle\"><span class=\"heateor_sss_svg heateor_sss_s__default heateor_sss_s_twitter\" style=\"background-color:#55acee;width:25px;height:25px;margin:0;display:inline-block;opacity:1;float:left;font-size:32px;box-shadow:none;display:inline-block;font-size:16px;padding:0 4px;vertical-align:middle;background-repeat:repeat;overflow:hidden;padding:0;cursor:pointer;box-sizing:content-box\"><svg style=\"display:block;\" focusable=\"false\" aria-hidden=\"true\" xmlns=\"http:\/\/www.w3.org\/2000\/svg\" width=\"100%\" height=\"100%\" viewBox=\"-4 -4 39 39\"><path d=\"M28 8.557a9.913 9.913 0 0 1-2.828.775 4.93 4.93 0 0 0 2.166-2.725 9.738 9.738 0 0 1-3.13 1.194 4.92 4.92 0 0 0-3.593-1.55 4.924 4.924 0 0 0-4.794 6.049c-4.09-.21-7.72-2.17-10.15-5.15a4.942 4.942 0 0 0-.665 2.477c0 1.71.87 3.214 2.19 4.1a4.968 4.968 0 0 1-2.23-.616v.06c0 2.39 1.7 4.38 3.952 4.83-.414.115-.85.174-1.297.174-.318 0-.626-.03-.928-.086a4.935 4.935 0 0 0 4.6 3.42 9.893 9.893 0 0 1-6.114 2.107c-.398 0-.79-.023-1.175-.068a13.953 13.953 0 0 0 7.55 2.213c9.056 0 14.01-7.507 14.01-14.013 0-.213-.005-.426-.015-.637.96-.695 1.795-1.56 2.455-2.55z\" fill=\"#fff\"><\/path><\/svg><\/span><\/a><a class=\"heateor_sss_more\" aria-label=\"More\" title=\"More\" rel=\"nofollow noopener\" style=\"font-size: 32px!important;border:0;box-shadow:none;display:inline-block!important;font-size:16px;padding:0 4px;vertical-align: middle;display:inline;\" href=\"https:\/\/alkotaskft.hu\/de\/wp-json\/wp\/v2\/pages\/6806\" onclick=\"event.preventDefault()\"><span class=\"heateor_sss_svg\" style=\"background-color:#ee8e2d;width:25px;height:25px;margin:0;display:inline-block!important;opacity:1;float:left;font-size:32px!important;box-shadow:none;display:inline-block;font-size:16px;padding:0 4px;vertical-align:middle;display:inline;background-repeat:repeat;overflow:hidden;padding:0;cursor:pointer;box-sizing:content-box;\" onclick=\"heateorSssMoreSharingPopup(this, 'https:\/\/alkotaskft.hu\/de\/wp-json\/wp\/v2\/pages\/6806', 'Alkot%C3%A1s%20Kft.%20-%20', '' )\"><svg xmlns=\"http:\/\/www.w3.org\/2000\/svg\" xmlns:xlink=\"http:\/\/www.w3.org\/1999\/xlink\" viewBox=\"-.3 0 32 32\" version=\"1.1\" width=\"100%\" height=\"100%\" style=\"display:block;\" xml:space=\"preserve\"><g><path fill=\"#fff\" d=\"M18 14V8h-4v6H8v4h6v6h4v-6h6v-4h-6z\" fill-rule=\"evenodd\"><\/path><\/g><\/svg><\/span><\/a><\/div><div class=\"heateorSssClear\"><\/div><\/div>","protected":false},"author":3,"featured_media":0,"parent":0,"menu_order":0,"comment_status":"closed","ping_status":"closed","template":"","meta":{"_acf_changed":false,"footnotes":""},"categories":[],"tags":[],"class_list":["post-6806","page","type-page","status-publish","hentry"],"yoast_head":"<!-- This site is optimized with the Yoast SEO plugin v27.5 - https:\/\/yoast.com\/product\/yoast-seo-wordpress\/ -->\n<title>ALKOT\u00c1S SZSZ-5.50 - Dunavecse - Alkot\u00e1s Kft.<\/title>\n<meta name=\"robots\" content=\"index, follow, max-snippet:-1, max-image-preview:large, max-video-preview:-1\" \/>\n<link rel=\"canonical\" href=\"https:\/\/alkotaskft.hu\/alkotas-szsz-5-50-dunavecse\/\" \/>\n<meta property=\"og:locale\" content=\"de_DE\" \/>\n<meta property=\"og:type\" content=\"article\" \/>\n<meta property=\"og:title\" content=\"ALKOT\u00c1S SZSZ-5.50 - Dunavecse - Alkot\u00e1s Kft.\" \/>\n<meta property=\"og:description\" content=\"D\u00e1tum: 2025.12.04. Sz\u00e1ll\u00edtand\u00f3 anyag: meggy- \u00e9s bodza mag\u00a0Hossz: 5500 mm (tengelyk\u00f6z\u00e9pn\u00e9l)Kivitel: k\u00e9t oldalon hull\u00e1mperemezett, 500 mm-k\u00e9nt keresztbord\u00e1zott Teljes\u00edtm\u00e9ny: 3,0 kW+200 mm -es magass\u00e1g \u00e1ll\u00edt\u00e1ssal Be\u00e9p\u00edt\u00e9s helye: Dunavecse\" \/>\n<meta property=\"og:url\" content=\"https:\/\/alkotaskft.hu\/alkotas-szsz-5-50-dunavecse\/\" \/>\n<meta property=\"og:site_name\" content=\"Alkot\u00e1s Kft.\" \/>\n<meta property=\"article:modified_time\" content=\"2025-12-04T09:15:21+00:00\" \/>\n<meta property=\"og:image\" content=\"https:\/\/alkotaskft.hu\/wp-content\/uploads\/2025\/12\/20251204_080640.jpg\" \/>\n<meta name=\"twitter:card\" content=\"summary_large_image\" \/>\n<script type=\"application\/ld+json\" class=\"yoast-schema-graph\">{\"@context\":\"https:\\\/\\\/schema.org\",\"@graph\":[{\"@type\":\"WebPage\",\"@id\":\"https:\\\/\\\/alkotaskft.hu\\\/alkotas-szsz-5-50-dunavecse\\\/\",\"url\":\"https:\\\/\\\/alkotaskft.hu\\\/alkotas-szsz-5-50-dunavecse\\\/\",\"name\":\"ALKOT\u00c1S SZSZ-5.50 - Dunavecse - Alkot\u00e1s Kft.\",\"isPartOf\":{\"@id\":\"https:\\\/\\\/alkotaskft.hu\\\/#website\"},\"datePublished\":\"2025-12-04T08:00:45+00:00\",\"dateModified\":\"2025-12-04T09:15:21+00:00\",\"breadcrumb\":{\"@id\":\"https:\\\/\\\/alkotaskft.hu\\\/alkotas-szsz-5-50-dunavecse\\\/#breadcrumb\"},\"inLanguage\":\"de\",\"potentialAction\":[{\"@type\":\"ReadAction\",\"target\":[\"https:\\\/\\\/alkotaskft.hu\\\/alkotas-szsz-5-50-dunavecse\\\/\"]}]},{\"@type\":\"BreadcrumbList\",\"@id\":\"https:\\\/\\\/alkotaskft.hu\\\/alkotas-szsz-5-50-dunavecse\\\/#breadcrumb\",\"itemListElement\":[{\"@type\":\"ListItem\",\"position\":1,\"name\":\"Home\",\"item\":\"https:\\\/\\\/alkotaskft.hu\\\/\"},{\"@type\":\"ListItem\",\"position\":2,\"name\":\"ALKOT\u00c1S SZSZ-5.50 &#8211; Dunavecse\"}]},{\"@type\":\"WebSite\",\"@id\":\"https:\\\/\\\/alkotaskft.hu\\\/#website\",\"url\":\"https:\\\/\\\/alkotaskft.hu\\\/\",\"name\":\"Alkot\u00e1s Kft.\",\"description\":\"\",\"potentialAction\":[{\"@type\":\"SearchAction\",\"target\":{\"@type\":\"EntryPoint\",\"urlTemplate\":\"https:\\\/\\\/alkotaskft.hu\\\/?s={search_term_string}\"},\"query-input\":{\"@type\":\"PropertyValueSpecification\",\"valueRequired\":true,\"valueName\":\"search_term_string\"}}],\"inLanguage\":\"de\"}]}<\/script>\n<!-- \/ Yoast SEO plugin. -->","yoast_head_json":{"title":"ALKOT\u00c1S SZSZ-5.50 - Dunavecse - Alkot\u00e1s Kft.","robots":{"index":"index","follow":"follow","max-snippet":"max-snippet:-1","max-image-preview":"max-image-preview:large","max-video-preview":"max-video-preview:-1"},"canonical":"https:\/\/alkotaskft.hu\/alkotas-szsz-5-50-dunavecse\/","og_locale":"de_DE","og_type":"article","og_title":"ALKOT\u00c1S SZSZ-5.50 - Dunavecse - Alkot\u00e1s Kft.","og_description":"D\u00e1tum: 2025.12.04. Sz\u00e1ll\u00edtand\u00f3 anyag: meggy- \u00e9s bodza mag\u00a0Hossz: 5500 mm (tengelyk\u00f6z\u00e9pn\u00e9l)Kivitel: k\u00e9t oldalon hull\u00e1mperemezett, 500 mm-k\u00e9nt keresztbord\u00e1zott Teljes\u00edtm\u00e9ny: 3,0 kW+200 mm -es magass\u00e1g \u00e1ll\u00edt\u00e1ssal Be\u00e9p\u00edt\u00e9s helye: Dunavecse","og_url":"https:\/\/alkotaskft.hu\/alkotas-szsz-5-50-dunavecse\/","og_site_name":"Alkot\u00e1s Kft.","article_modified_time":"2025-12-04T09:15:21+00:00","og_image":[{"url":"https:\/\/alkotaskft.hu\/wp-content\/uploads\/2025\/12\/20251204_080640.jpg","type":"","width":"","height":""}],"twitter_card":"summary_large_image","schema":{"@context":"https:\/\/schema.org","@graph":[{"@type":"WebPage","@id":"https:\/\/alkotaskft.hu\/alkotas-szsz-5-50-dunavecse\/","url":"https:\/\/alkotaskft.hu\/alkotas-szsz-5-50-dunavecse\/","name":"ALKOT\u00c1S SZSZ-5.50 - Dunavecse - Alkot\u00e1s Kft.","isPartOf":{"@id":"https:\/\/alkotaskft.hu\/#website"},"datePublished":"2025-12-04T08:00:45+00:00","dateModified":"2025-12-04T09:15:21+00:00","breadcrumb":{"@id":"https:\/\/alkotaskft.hu\/alkotas-szsz-5-50-dunavecse\/#breadcrumb"},"inLanguage":"de","potentialAction":[{"@type":"ReadAction","target":["https:\/\/alkotaskft.hu\/alkotas-szsz-5-50-dunavecse\/"]}]},{"@type":"BreadcrumbList","@id":"https:\/\/alkotaskft.hu\/alkotas-szsz-5-50-dunavecse\/#breadcrumb","itemListElement":[{"@type":"ListItem","position":1,"name":"Home","item":"https:\/\/alkotaskft.hu\/"},{"@type":"ListItem","position":2,"name":"ALKOT\u00c1S SZSZ-5.50 &#8211; Dunavecse"}]},{"@type":"WebSite","@id":"https:\/\/alkotaskft.hu\/#website","url":"https:\/\/alkotaskft.hu\/","name":"Alkot\u00e1s Kft.","description":"","potentialAction":[{"@type":"SearchAction","target":{"@type":"EntryPoint","urlTemplate":"https:\/\/alkotaskft.hu\/?s={search_term_string}"},"query-input":{"@type":"PropertyValueSpecification","valueRequired":true,"valueName":"search_term_string"}}],"inLanguage":"de"}]}},"acf":[],"_links":{"self":[{"href":"https:\/\/alkotaskft.hu\/de\/wp-json\/wp\/v2\/pages\/6806","targetHints":{"allow":["GET"]}}],"collection":[{"href":"https:\/\/alkotaskft.hu\/de\/wp-json\/wp\/v2\/pages"}],"about":[{"href":"https:\/\/alkotaskft.hu\/de\/wp-json\/wp\/v2\/types\/page"}],"author":[{"embeddable":true,"href":"https:\/\/alkotaskft.hu\/de\/wp-json\/wp\/v2\/users\/3"}],"replies":[{"embeddable":true,"href":"https:\/\/alkotaskft.hu\/de\/wp-json\/wp\/v2\/comments?post=6806"}],"version-history":[{"count":5,"href":"https:\/\/alkotaskft.hu\/de\/wp-json\/wp\/v2\/pages\/6806\/revisions"}],"predecessor-version":[{"id":6849,"href":"https:\/\/alkotaskft.hu\/de\/wp-json\/wp\/v2\/pages\/6806\/revisions\/6849"}],"wp:attachment":[{"href":"https:\/\/alkotaskft.hu\/de\/wp-json\/wp\/v2\/media?parent=6806"}],"wp:term":[{"taxonomy":"category","embeddable":true,"href":"https:\/\/alkotaskft.hu\/de\/wp-json\/wp\/v2\/categories?post=6806"},{"taxonomy":"post_tag","embeddable":true,"href":"https:\/\/alkotaskft.hu\/de\/wp-json\/wp\/v2\/tags?post=6806"}],"curies":[{"name":"wp","href":"https:\/\/api.w.org\/{rel}","templated":true}]}}