{"id":5995,"date":"2024-08-07T13:23:20","date_gmt":"2024-08-07T12:23:20","guid":{"rendered":"https:\/\/alkotaskft.hu\/?page_id=5995"},"modified":"2024-08-07T13:31:54","modified_gmt":"2024-08-07T12:31:54","slug":"hsz-5-00-hattyunyakas-szallito-szalag-budapest","status":"publish","type":"page","link":"https:\/\/alkotaskft.hu\/de\/hsz-5-00-hattyunyakas-szallito-szalag-budapest\/","title":{"rendered":"HSZ-5.00 hatty\u00fanyakas sz\u00e1ll\u00edt\u00f3 szalag &#8211; Budapest"},"content":{"rendered":"<h3>D\u00e1tum: 2024.07.25.<\/h3>\n<h5 class=\"lead\" style=\"text-align: center;\">Be\u00e9p\u00edt\u00e9s helye: Budapest &#8211; Huber Alba Kft.<br \/>Feladat: f\u00e9m olsz\u0171r\u0151k felhord\u00e1sa<br \/>Kivitel:<br \/>\u2013 500 mm- es gumi heveder,80 mm magas oldalkisz\u00f3r\u00e1s elleni lemezzel \u00e9s 60 mm magas f\u00e9m keresztbord\u00e1kkal<br \/>-1,5 kW-os hajt\u00f3m\u0171ves villanymotorral<br \/>\u2013 mobil, kerekeken gurul\u00f3s kivitel<br \/>\u2013 als\u00f3 olajt\u00e1lc\u00e1val<\/h5>\n<div id='gallery-1' class='gallery galleryid-5995 gallery-columns-3 gallery-size-full'><figure class='gallery-item'>\n\t\t\t<div class='gallery-icon landscape'>\n\t\t\t\t<a href='https:\/\/alkotaskft.hu\/wp-content\/uploads\/2024\/08\/20240725_144613.jpg'><img loading=\"lazy\" decoding=\"async\" width=\"900\" height=\"825\" src=\"https:\/\/alkotaskft.hu\/wp-content\/uploads\/2024\/08\/20240725_144613.jpg\" class=\"attachment-full size-full\" alt=\"\" aria-describedby=\"gallery-1-5997\" srcset=\"https:\/\/alkotaskft.hu\/wp-content\/uploads\/2024\/08\/20240725_144613.jpg 900w, https:\/\/alkotaskft.hu\/wp-content\/uploads\/2024\/08\/20240725_144613-436x400.jpg 436w, https:\/\/alkotaskft.hu\/wp-content\/uploads\/2024\/08\/20240725_144613-873x800.jpg 873w, https:\/\/alkotaskft.hu\/wp-content\/uploads\/2024\/08\/20240725_144613-768x704.jpg 768w\" sizes=\"auto, (max-width: 900px) 100vw, 900px\" \/><\/a>\n\t\t\t<\/div>\n\t\t\t\t<figcaption class='wp-caption-text gallery-caption' id='gallery-1-5997'>\n\t\t\t\tALKOT\u00c1S HSZ-5.00 &#8211; Budapest\n\t\t\t\t<\/figcaption><\/figure><figure class='gallery-item'>\n\t\t\t<div class='gallery-icon portrait'>\n\t\t\t\t<a href='https:\/\/alkotaskft.hu\/wp-content\/uploads\/2024\/08\/20240725_144624.jpg'><img loading=\"lazy\" decoding=\"async\" width=\"701\" height=\"900\" src=\"https:\/\/alkotaskft.hu\/wp-content\/uploads\/2024\/08\/20240725_144624.jpg\" class=\"attachment-full size-full\" alt=\"\" aria-describedby=\"gallery-1-5998\" srcset=\"https:\/\/alkotaskft.hu\/wp-content\/uploads\/2024\/08\/20240725_144624.jpg 701w, https:\/\/alkotaskft.hu\/wp-content\/uploads\/2024\/08\/20240725_144624-312x400.jpg 312w, https:\/\/alkotaskft.hu\/wp-content\/uploads\/2024\/08\/20240725_144624-623x800.jpg 623w\" sizes=\"auto, (max-width: 701px) 100vw, 701px\" \/><\/a>\n\t\t\t<\/div>\n\t\t\t\t<figcaption class='wp-caption-text gallery-caption' id='gallery-1-5998'>\n\t\t\t\tALKOT\u00c1S HSZ-5.00 &#8211; Budapest\n\t\t\t\t<\/figcaption><\/figure><figure class='gallery-item'>\n\t\t\t<div class='gallery-icon landscape'>\n\t\t\t\t<a href='https:\/\/alkotaskft.hu\/wp-content\/uploads\/2024\/08\/20240725_144632.jpg'><img loading=\"lazy\" decoding=\"async\" width=\"900\" height=\"596\" src=\"https:\/\/alkotaskft.hu\/wp-content\/uploads\/2024\/08\/20240725_144632.jpg\" class=\"attachment-full size-full\" alt=\"\" aria-describedby=\"gallery-1-5999\" srcset=\"https:\/\/alkotaskft.hu\/wp-content\/uploads\/2024\/08\/20240725_144632.jpg 900w, https:\/\/alkotaskft.hu\/wp-content\/uploads\/2024\/08\/20240725_144632-604x400.jpg 604w, https:\/\/alkotaskft.hu\/wp-content\/uploads\/2024\/08\/20240725_144632-768x509.jpg 768w\" sizes=\"auto, (max-width: 900px) 100vw, 900px\" \/><\/a>\n\t\t\t<\/div>\n\t\t\t\t<figcaption class='wp-caption-text gallery-caption' id='gallery-1-5999'>\n\t\t\t\tALKOT\u00c1S HSZ-5.00 &#8211; Budapest\n\t\t\t\t<\/figcaption><\/figure><figure class='gallery-item'>\n\t\t\t<div class='gallery-icon portrait'>\n\t\t\t\t<a href='https:\/\/alkotaskft.hu\/wp-content\/uploads\/2024\/08\/20240725_144646.jpg'><img loading=\"lazy\" decoding=\"async\" width=\"856\" height=\"900\" src=\"https:\/\/alkotaskft.hu\/wp-content\/uploads\/2024\/08\/20240725_144646.jpg\" class=\"attachment-full size-full\" alt=\"\" aria-describedby=\"gallery-1-6000\" srcset=\"https:\/\/alkotaskft.hu\/wp-content\/uploads\/2024\/08\/20240725_144646.jpg 856w, https:\/\/alkotaskft.hu\/wp-content\/uploads\/2024\/08\/20240725_144646-380x400.jpg 380w, https:\/\/alkotaskft.hu\/wp-content\/uploads\/2024\/08\/20240725_144646-761x800.jpg 761w, https:\/\/alkotaskft.hu\/wp-content\/uploads\/2024\/08\/20240725_144646-768x807.jpg 768w\" sizes=\"auto, (max-width: 856px) 100vw, 856px\" \/><\/a>\n\t\t\t<\/div>\n\t\t\t\t<figcaption class='wp-caption-text gallery-caption' id='gallery-1-6000'>\n\t\t\t\tALKOT\u00c1S HSZ-5.00 &#8211; Budapest\n\t\t\t\t<\/figcaption><\/figure><figure class='gallery-item'>\n\t\t\t<div class='gallery-icon portrait'>\n\t\t\t\t<a href='https:\/\/alkotaskft.hu\/wp-content\/uploads\/2024\/08\/20240725_144657.jpg'><img loading=\"lazy\" decoding=\"async\" width=\"381\" height=\"900\" src=\"https:\/\/alkotaskft.hu\/wp-content\/uploads\/2024\/08\/20240725_144657.jpg\" class=\"attachment-full size-full\" alt=\"\" aria-describedby=\"gallery-1-6001\" srcset=\"https:\/\/alkotaskft.hu\/wp-content\/uploads\/2024\/08\/20240725_144657.jpg 381w, https:\/\/alkotaskft.hu\/wp-content\/uploads\/2024\/08\/20240725_144657-169x400.jpg 169w, https:\/\/alkotaskft.hu\/wp-content\/uploads\/2024\/08\/20240725_144657-339x800.jpg 339w\" sizes=\"auto, (max-width: 381px) 100vw, 381px\" \/><\/a>\n\t\t\t<\/div>\n\t\t\t\t<figcaption class='wp-caption-text gallery-caption' id='gallery-1-6001'>\n\t\t\t\tALKOT\u00c1S HSZ-5.00 &#8211; Budapest\n\t\t\t\t<\/figcaption><\/figure><figure class='gallery-item'>\n\t\t\t<div class='gallery-icon landscape'>\n\t\t\t\t<a href='https:\/\/alkotaskft.hu\/wp-content\/uploads\/2024\/08\/20240725_144704.jpg'><img loading=\"lazy\" decoding=\"async\" width=\"900\" height=\"833\" src=\"https:\/\/alkotaskft.hu\/wp-content\/uploads\/2024\/08\/20240725_144704.jpg\" class=\"attachment-full size-full\" alt=\"\" aria-describedby=\"gallery-1-6002\" srcset=\"https:\/\/alkotaskft.hu\/wp-content\/uploads\/2024\/08\/20240725_144704.jpg 900w, https:\/\/alkotaskft.hu\/wp-content\/uploads\/2024\/08\/20240725_144704-432x400.jpg 432w, https:\/\/alkotaskft.hu\/wp-content\/uploads\/2024\/08\/20240725_144704-864x800.jpg 864w, https:\/\/alkotaskft.hu\/wp-content\/uploads\/2024\/08\/20240725_144704-768x711.jpg 768w\" sizes=\"auto, (max-width: 900px) 100vw, 900px\" \/><\/a>\n\t\t\t<\/div>\n\t\t\t\t<figcaption class='wp-caption-text gallery-caption' id='gallery-1-6002'>\n\t\t\t\tALKOT\u00c1S HSZ-5.00 &#8211; Budapest\n\t\t\t\t<\/figcaption><\/figure><figure class='gallery-item'>\n\t\t\t<div class='gallery-icon landscape'>\n\t\t\t\t<a href='https:\/\/alkotaskft.hu\/wp-content\/uploads\/2024\/08\/20240725_144714.jpg'><img loading=\"lazy\" decoding=\"async\" width=\"900\" height=\"507\" src=\"https:\/\/alkotaskft.hu\/wp-content\/uploads\/2024\/08\/20240725_144714.jpg\" class=\"attachment-full size-full\" alt=\"\" aria-describedby=\"gallery-1-6003\" srcset=\"https:\/\/alkotaskft.hu\/wp-content\/uploads\/2024\/08\/20240725_144714.jpg 900w, https:\/\/alkotaskft.hu\/wp-content\/uploads\/2024\/08\/20240725_144714-710x400.jpg 710w, https:\/\/alkotaskft.hu\/wp-content\/uploads\/2024\/08\/20240725_144714-768x433.jpg 768w\" sizes=\"auto, (max-width: 900px) 100vw, 900px\" \/><\/a>\n\t\t\t<\/div>\n\t\t\t\t<figcaption class='wp-caption-text gallery-caption' id='gallery-1-6003'>\n\t\t\t\tALKOT\u00c1S HSZ-5.00 &#8211; Budapest\n\t\t\t\t<\/figcaption><\/figure>\n\t\t<\/div>\n\n","protected":false},"excerpt":{"rendered":"<p>D\u00e1tum: 2024.07.25. Be\u00e9p\u00edt\u00e9s helye: Budapest &#8211; Huber Alba Kft.Feladat: f\u00e9m olsz\u0171r\u0151k felhord\u00e1saKivitel:\u2013 500 mm- es gumi heveder,80 mm magas oldalkisz\u00f3r\u00e1s elleni lemezzel \u00e9s 60 mm magas f\u00e9m keresztbord\u00e1kkal-1,5 kW-os hajt\u00f3m\u0171ves villanymotorral\u2013 mobil, kerekeken gurul\u00f3s kivitel\u2013 als\u00f3 olajt\u00e1lc\u00e1val<\/p>\n<div class='heateor_sss_sharing_container heateor_sss_vertical_sharing heateor_sss_bottom_sharing' style='width:29px;right: 0px;top: 220px;-webkit-box-shadow:none;box-shadow:none;' data-heateor-sss-href='https:\/\/alkotaskft.hu\/de\/wp-json\/wp\/v2\/pages\/5995'><div class=\"heateor_sss_sharing_ul\"><a aria-label=\"Facebook\" class=\"heateor_sss_facebook\" href=\"https:\/\/www.facebook.com\/sharer\/sharer.php?u=https%3A%2F%2Falkotaskft.hu%2Fde%2Fwp-json%2Fwp%2Fv2%2Fpages%2F5995\" title=\"Facebook\" rel=\"nofollow noopener\" target=\"_blank\" style=\"font-size:32px!important;box-shadow:none;display:inline-block;vertical-align:middle\"><span class=\"heateor_sss_svg\" style=\"background-color:#0765FE;width:25px;height:25px;margin:0;display:inline-block;opacity:1;float:left;font-size:32px;box-shadow:none;display:inline-block;font-size:16px;padding:0 4px;vertical-align:middle;background-repeat:repeat;overflow:hidden;padding:0;cursor:pointer;box-sizing:content-box\"><svg style=\"display:block;\" focusable=\"false\" aria-hidden=\"true\" xmlns=\"http:\/\/www.w3.org\/2000\/svg\" width=\"100%\" height=\"100%\" viewBox=\"0 0 32 32\"><path fill=\"#fff\" d=\"M28 16c0-6.627-5.373-12-12-12S4 9.373 4 16c0 5.628 3.875 10.35 9.101 11.647v-7.98h-2.474V16H13.1v-1.58c0-4.085 1.849-5.978 5.859-5.978.76 0 2.072.15 2.608.298v3.325c-.283-.03-.775-.045-1.386-.045-1.967 0-2.728.745-2.728 2.683V16h3.92l-.673 3.667h-3.247v8.245C23.395 27.195 28 22.135 28 16Z\"><\/path><\/svg><\/span><\/a><a aria-label=\"Twitter\" class=\"heateor_sss_button_twitter\" href=\"https:\/\/twitter.com\/intent\/tweet?text=Alkot%C3%A1s%20Kft.%20-%20&url=https%3A%2F%2Falkotaskft.hu%2Fde%2Fwp-json%2Fwp%2Fv2%2Fpages%2F5995\" title=\"Twitter\" rel=\"nofollow noopener\" target=\"_blank\" style=\"font-size:32px!important;box-shadow:none;display:inline-block;vertical-align:middle\"><span class=\"heateor_sss_svg heateor_sss_s__default heateor_sss_s_twitter\" style=\"background-color:#55acee;width:25px;height:25px;margin:0;display:inline-block;opacity:1;float:left;font-size:32px;box-shadow:none;display:inline-block;font-size:16px;padding:0 4px;vertical-align:middle;background-repeat:repeat;overflow:hidden;padding:0;cursor:pointer;box-sizing:content-box\"><svg style=\"display:block;\" focusable=\"false\" aria-hidden=\"true\" xmlns=\"http:\/\/www.w3.org\/2000\/svg\" width=\"100%\" height=\"100%\" viewBox=\"-4 -4 39 39\"><path d=\"M28 8.557a9.913 9.913 0 0 1-2.828.775 4.93 4.93 0 0 0 2.166-2.725 9.738 9.738 0 0 1-3.13 1.194 4.92 4.92 0 0 0-3.593-1.55 4.924 4.924 0 0 0-4.794 6.049c-4.09-.21-7.72-2.17-10.15-5.15a4.942 4.942 0 0 0-.665 2.477c0 1.71.87 3.214 2.19 4.1a4.968 4.968 0 0 1-2.23-.616v.06c0 2.39 1.7 4.38 3.952 4.83-.414.115-.85.174-1.297.174-.318 0-.626-.03-.928-.086a4.935 4.935 0 0 0 4.6 3.42 9.893 9.893 0 0 1-6.114 2.107c-.398 0-.79-.023-1.175-.068a13.953 13.953 0 0 0 7.55 2.213c9.056 0 14.01-7.507 14.01-14.013 0-.213-.005-.426-.015-.637.96-.695 1.795-1.56 2.455-2.55z\" fill=\"#fff\"><\/path><\/svg><\/span><\/a><a class=\"heateor_sss_more\" aria-label=\"More\" title=\"More\" rel=\"nofollow noopener\" style=\"font-size: 32px!important;border:0;box-shadow:none;display:inline-block!important;font-size:16px;padding:0 4px;vertical-align: middle;display:inline;\" href=\"https:\/\/alkotaskft.hu\/de\/wp-json\/wp\/v2\/pages\/5995\" onclick=\"event.preventDefault()\"><span class=\"heateor_sss_svg\" style=\"background-color:#ee8e2d;width:25px;height:25px;margin:0;display:inline-block!important;opacity:1;float:left;font-size:32px!important;box-shadow:none;display:inline-block;font-size:16px;padding:0 4px;vertical-align:middle;display:inline;background-repeat:repeat;overflow:hidden;padding:0;cursor:pointer;box-sizing:content-box;\" onclick=\"heateorSssMoreSharingPopup(this, 'https:\/\/alkotaskft.hu\/de\/wp-json\/wp\/v2\/pages\/5995', 'Alkot%C3%A1s%20Kft.%20-%20', '' )\"><svg xmlns=\"http:\/\/www.w3.org\/2000\/svg\" xmlns:xlink=\"http:\/\/www.w3.org\/1999\/xlink\" viewBox=\"-.3 0 32 32\" version=\"1.1\" width=\"100%\" height=\"100%\" style=\"display:block;\" xml:space=\"preserve\"><g><path fill=\"#fff\" d=\"M18 14V8h-4v6H8v4h6v6h4v-6h6v-4h-6z\" fill-rule=\"evenodd\"><\/path><\/g><\/svg><\/span><\/a><\/div><div class=\"heateorSssClear\"><\/div><\/div>","protected":false},"author":3,"featured_media":0,"parent":0,"menu_order":0,"comment_status":"closed","ping_status":"closed","template":"","meta":{"_acf_changed":false,"footnotes":""},"categories":[],"tags":[],"class_list":["post-5995","page","type-page","status-publish","hentry"],"yoast_head":"<!-- This site is optimized with the Yoast SEO plugin v27.5 - https:\/\/yoast.com\/product\/yoast-seo-wordpress\/ -->\n<title>HSZ-5.00 hatty\u00fanyakas sz\u00e1ll\u00edt\u00f3 szalag - Budapest - Alkot\u00e1s Kft.<\/title>\n<meta name=\"robots\" content=\"index, follow, max-snippet:-1, max-image-preview:large, max-video-preview:-1\" \/>\n<link rel=\"canonical\" href=\"https:\/\/alkotaskft.hu\/hsz-5-00-hattyunyakas-szallito-szalag-budapest\/\" \/>\n<meta property=\"og:locale\" content=\"de_DE\" \/>\n<meta property=\"og:type\" content=\"article\" \/>\n<meta property=\"og:title\" content=\"HSZ-5.00 hatty\u00fanyakas sz\u00e1ll\u00edt\u00f3 szalag - Budapest - Alkot\u00e1s Kft.\" \/>\n<meta property=\"og:description\" content=\"D\u00e1tum: 2024.07.25. Be\u00e9p\u00edt\u00e9s helye: Budapest &#8211; Huber Alba Kft.Feladat: f\u00e9m olsz\u0171r\u0151k felhord\u00e1saKivitel:\u2013 500 mm- es gumi heveder,80 mm magas oldalkisz\u00f3r\u00e1s elleni lemezzel \u00e9s 60 mm magas f\u00e9m keresztbord\u00e1kkal-1,5 kW-os hajt\u00f3m\u0171ves villanymotorral\u2013 mobil, kerekeken gurul\u00f3s kivitel\u2013 als\u00f3 olajt\u00e1lc\u00e1val\" \/>\n<meta property=\"og:url\" content=\"https:\/\/alkotaskft.hu\/hsz-5-00-hattyunyakas-szallito-szalag-budapest\/\" \/>\n<meta property=\"og:site_name\" content=\"Alkot\u00e1s Kft.\" \/>\n<meta property=\"article:modified_time\" content=\"2024-08-07T12:31:54+00:00\" \/>\n<meta property=\"og:image\" content=\"https:\/\/alkotaskft.hu\/wp-content\/uploads\/2024\/08\/20240725_144613.jpg\" \/>\n<meta name=\"twitter:card\" content=\"summary_large_image\" \/>\n<script type=\"application\/ld+json\" class=\"yoast-schema-graph\">{\"@context\":\"https:\\\/\\\/schema.org\",\"@graph\":[{\"@type\":\"WebPage\",\"@id\":\"https:\\\/\\\/alkotaskft.hu\\\/hsz-5-00-hattyunyakas-szallito-szalag-budapest\\\/\",\"url\":\"https:\\\/\\\/alkotaskft.hu\\\/hsz-5-00-hattyunyakas-szallito-szalag-budapest\\\/\",\"name\":\"HSZ-5.00 hatty\u00fanyakas sz\u00e1ll\u00edt\u00f3 szalag - Budapest - Alkot\u00e1s Kft.\",\"isPartOf\":{\"@id\":\"https:\\\/\\\/alkotaskft.hu\\\/#website\"},\"datePublished\":\"2024-08-07T12:23:20+00:00\",\"dateModified\":\"2024-08-07T12:31:54+00:00\",\"breadcrumb\":{\"@id\":\"https:\\\/\\\/alkotaskft.hu\\\/hsz-5-00-hattyunyakas-szallito-szalag-budapest\\\/#breadcrumb\"},\"inLanguage\":\"de\",\"potentialAction\":[{\"@type\":\"ReadAction\",\"target\":[\"https:\\\/\\\/alkotaskft.hu\\\/hsz-5-00-hattyunyakas-szallito-szalag-budapest\\\/\"]}]},{\"@type\":\"BreadcrumbList\",\"@id\":\"https:\\\/\\\/alkotaskft.hu\\\/hsz-5-00-hattyunyakas-szallito-szalag-budapest\\\/#breadcrumb\",\"itemListElement\":[{\"@type\":\"ListItem\",\"position\":1,\"name\":\"Home\",\"item\":\"https:\\\/\\\/alkotaskft.hu\\\/\"},{\"@type\":\"ListItem\",\"position\":2,\"name\":\"HSZ-5.00 hatty\u00fanyakas sz\u00e1ll\u00edt\u00f3 szalag &#8211; Budapest\"}]},{\"@type\":\"WebSite\",\"@id\":\"https:\\\/\\\/alkotaskft.hu\\\/#website\",\"url\":\"https:\\\/\\\/alkotaskft.hu\\\/\",\"name\":\"Alkot\u00e1s Kft.\",\"description\":\"\",\"potentialAction\":[{\"@type\":\"SearchAction\",\"target\":{\"@type\":\"EntryPoint\",\"urlTemplate\":\"https:\\\/\\\/alkotaskft.hu\\\/?s={search_term_string}\"},\"query-input\":{\"@type\":\"PropertyValueSpecification\",\"valueRequired\":true,\"valueName\":\"search_term_string\"}}],\"inLanguage\":\"de\"}]}<\/script>\n<!-- \/ Yoast SEO plugin. -->","yoast_head_json":{"title":"HSZ-5.00 hatty\u00fanyakas sz\u00e1ll\u00edt\u00f3 szalag - Budapest - Alkot\u00e1s Kft.","robots":{"index":"index","follow":"follow","max-snippet":"max-snippet:-1","max-image-preview":"max-image-preview:large","max-video-preview":"max-video-preview:-1"},"canonical":"https:\/\/alkotaskft.hu\/hsz-5-00-hattyunyakas-szallito-szalag-budapest\/","og_locale":"de_DE","og_type":"article","og_title":"HSZ-5.00 hatty\u00fanyakas sz\u00e1ll\u00edt\u00f3 szalag - Budapest - Alkot\u00e1s Kft.","og_description":"D\u00e1tum: 2024.07.25. Be\u00e9p\u00edt\u00e9s helye: Budapest &#8211; Huber Alba Kft.Feladat: f\u00e9m olsz\u0171r\u0151k felhord\u00e1saKivitel:\u2013 500 mm- es gumi heveder,80 mm magas oldalkisz\u00f3r\u00e1s elleni lemezzel \u00e9s 60 mm magas f\u00e9m keresztbord\u00e1kkal-1,5 kW-os hajt\u00f3m\u0171ves villanymotorral\u2013 mobil, kerekeken gurul\u00f3s kivitel\u2013 als\u00f3 olajt\u00e1lc\u00e1val","og_url":"https:\/\/alkotaskft.hu\/hsz-5-00-hattyunyakas-szallito-szalag-budapest\/","og_site_name":"Alkot\u00e1s Kft.","article_modified_time":"2024-08-07T12:31:54+00:00","og_image":[{"url":"https:\/\/alkotaskft.hu\/wp-content\/uploads\/2024\/08\/20240725_144613.jpg","type":"","width":"","height":""}],"twitter_card":"summary_large_image","schema":{"@context":"https:\/\/schema.org","@graph":[{"@type":"WebPage","@id":"https:\/\/alkotaskft.hu\/hsz-5-00-hattyunyakas-szallito-szalag-budapest\/","url":"https:\/\/alkotaskft.hu\/hsz-5-00-hattyunyakas-szallito-szalag-budapest\/","name":"HSZ-5.00 hatty\u00fanyakas sz\u00e1ll\u00edt\u00f3 szalag - Budapest - Alkot\u00e1s Kft.","isPartOf":{"@id":"https:\/\/alkotaskft.hu\/#website"},"datePublished":"2024-08-07T12:23:20+00:00","dateModified":"2024-08-07T12:31:54+00:00","breadcrumb":{"@id":"https:\/\/alkotaskft.hu\/hsz-5-00-hattyunyakas-szallito-szalag-budapest\/#breadcrumb"},"inLanguage":"de","potentialAction":[{"@type":"ReadAction","target":["https:\/\/alkotaskft.hu\/hsz-5-00-hattyunyakas-szallito-szalag-budapest\/"]}]},{"@type":"BreadcrumbList","@id":"https:\/\/alkotaskft.hu\/hsz-5-00-hattyunyakas-szallito-szalag-budapest\/#breadcrumb","itemListElement":[{"@type":"ListItem","position":1,"name":"Home","item":"https:\/\/alkotaskft.hu\/"},{"@type":"ListItem","position":2,"name":"HSZ-5.00 hatty\u00fanyakas sz\u00e1ll\u00edt\u00f3 szalag &#8211; Budapest"}]},{"@type":"WebSite","@id":"https:\/\/alkotaskft.hu\/#website","url":"https:\/\/alkotaskft.hu\/","name":"Alkot\u00e1s Kft.","description":"","potentialAction":[{"@type":"SearchAction","target":{"@type":"EntryPoint","urlTemplate":"https:\/\/alkotaskft.hu\/?s={search_term_string}"},"query-input":{"@type":"PropertyValueSpecification","valueRequired":true,"valueName":"search_term_string"}}],"inLanguage":"de"}]}},"acf":[],"_links":{"self":[{"href":"https:\/\/alkotaskft.hu\/de\/wp-json\/wp\/v2\/pages\/5995","targetHints":{"allow":["GET"]}}],"collection":[{"href":"https:\/\/alkotaskft.hu\/de\/wp-json\/wp\/v2\/pages"}],"about":[{"href":"https:\/\/alkotaskft.hu\/de\/wp-json\/wp\/v2\/types\/page"}],"author":[{"embeddable":true,"href":"https:\/\/alkotaskft.hu\/de\/wp-json\/wp\/v2\/users\/3"}],"replies":[{"embeddable":true,"href":"https:\/\/alkotaskft.hu\/de\/wp-json\/wp\/v2\/comments?post=5995"}],"version-history":[{"count":2,"href":"https:\/\/alkotaskft.hu\/de\/wp-json\/wp\/v2\/pages\/5995\/revisions"}],"predecessor-version":[{"id":6004,"href":"https:\/\/alkotaskft.hu\/de\/wp-json\/wp\/v2\/pages\/5995\/revisions\/6004"}],"wp:attachment":[{"href":"https:\/\/alkotaskft.hu\/de\/wp-json\/wp\/v2\/media?parent=5995"}],"wp:term":[{"taxonomy":"category","embeddable":true,"href":"https:\/\/alkotaskft.hu\/de\/wp-json\/wp\/v2\/categories?post=5995"},{"taxonomy":"post_tag","embeddable":true,"href":"https:\/\/alkotaskft.hu\/de\/wp-json\/wp\/v2\/tags?post=5995"}],"curies":[{"name":"wp","href":"https:\/\/api.w.org\/{rel}","templated":true}]}}