{"id":5861,"date":"2024-06-21T08:17:02","date_gmt":"2024-06-21T07:17:02","guid":{"rendered":"https:\/\/alkotaskft.hu\/?page_id=5861"},"modified":"2025-03-19T16:23:24","modified_gmt":"2025-03-19T15:23:24","slug":"schmidt-seeger-tas-es-sma-rostabetetek","status":"publish","type":"page","link":"https:\/\/alkotaskft.hu\/de\/schmidt-seeger-tas-es-sma-rostabetetek\/","title":{"rendered":"Schmidt-Seeger TAS \u00e9s SMA rostabet\u00e9tek"},"content":{"rendered":"<h4 class=\"lead\" style=\"text-align: center;\">A nagy m\u00falt\u00fa n\u00e9metorsz\u00e1gi B\u00fchler c\u00e9g \u00e1ltal gy\u00e1rtott TAS \u00e9s SMA t\u00edpus\u00fa term\u00e9nytiszt\u00edt\u00f3g\u00e9pekhez (TAS-152A, -204; -206, SMA-20) a forgalmaz\u00f3, csak a tiszt\u00edt\u00f3g\u00e9p gy\u00e1rt\u00f3ja \u00e1ltal k\u00fcld\u00f6tt rostabet\u00e9teket tudja biztos\u00edtani, melyek dr\u00e1g\u00e1k; k\u00f6r\u00fclm\u00e9nyes \u00e9s id\u0151ig\u00e9nyes ezek behozatala az orsz\u00e1gba.<\/h4>\n<h4 class=\"lead\" style=\"text-align: center;\">A ig\u00e9nyeket kiel\u00e9g\u00edtve, c\u00e9g\u00fcnk 2010-t\u0151l gy\u00e1rt ezen tiszt\u00edt\u00f3khoz is rostabet\u00e9teket a <a href=\"https:\/\/alkotaskft.hu\/wp-content\/uploads\/2025\/03\/ALKOTAS-stancolhato-perforalt-lemezeink-listaja-2025.01.01.pdf\" target=\"_blank\" rel=\"noopener\">lyukaszt\u00e1si m\u00e9reteink teljes palett\u00e1j\u00e1val.<\/a><br \/>A rostabet\u00e9teket, hagyom\u00e1nyos hossz\u00falyuk (LVL \u00e9s LVQ), hagyom\u00e1nyos kerek lyuk (RV, RG), halsz\u00e1lk\u00e1s (FGL,FGQ) illetve sakk mint\u00e1s (SKT) lyukaszt\u00e1si form\u00e1kkal tudjuk k\u00e9sz\u00edteni.<\/h4>\n\n  \n    <div class=\"row large-columns-4 medium-columns- small-columns-2\">\n          <div class=\"gallery-col col\" data-animate=\"fadeInDown\">\n          <div class=\"col-inner\">\n            <a class=\"image-lightbox lightbox-gallery\" href=\"https:\/\/alkotaskft.hu\/wp-content\/uploads\/2024\/06\/20240621_061353.jpg\" title=\"TAS-206 sakk mint\u00e1s perfor\u00e1l\u00e1ssal\">            <div class=\"box has-hover gallery-box box-overlay dark\">\n              <div class=\"box-image\" style=\"border-radius:6%;\">\n                <img loading=\"lazy\" decoding=\"async\" width=\"280\" height=\"280\" src=\"https:\/\/alkotaskft.hu\/wp-content\/uploads\/2024\/06\/20240621_061353-280x280.jpg\" class=\"attachment-thumbnail size-thumbnail\" alt=\"\" ids=\"5864,5865,5866,5867,5868,5869,5870,5871\" animate=\"fadeInDown\" image_radius=\"6\" image_size=\"thumbnail\" \/>                                  <div class=\"overlay fill\"\n                      style=\"background-color: rgba(0,0,0,.15)\">\n                  <\/div>\n                                                              <\/div><!-- .image -->\n              <div class=\"box-text text-left\" >\n                 <p>TAS-206 sakk mint\u00e1s perfor\u00e1l\u00e1ssal<\/p>\n              <\/div><!-- .text -->\n            <\/div><!-- .box -->\n            <\/a>          <\/div><!-- .col-inner -->\n         <\/div><!-- .col -->\n                 <div class=\"gallery-col col\" data-animate=\"fadeInDown\">\n          <div class=\"col-inner\">\n            <a class=\"image-lightbox lightbox-gallery\" href=\"https:\/\/alkotaskft.hu\/wp-content\/uploads\/2024\/06\/20240621_061408.jpg\" title=\"TAS-206 sakk mint\u00e1s perfor\u00e1l\u00e1ssal\">            <div class=\"box has-hover gallery-box box-overlay dark\">\n              <div class=\"box-image\" style=\"border-radius:6%;\">\n                <img loading=\"lazy\" decoding=\"async\" width=\"280\" height=\"280\" src=\"https:\/\/alkotaskft.hu\/wp-content\/uploads\/2024\/06\/20240621_061408-280x280.jpg\" class=\"attachment-thumbnail size-thumbnail\" alt=\"\" ids=\"5864,5865,5866,5867,5868,5869,5870,5871\" animate=\"fadeInDown\" image_radius=\"6\" image_size=\"thumbnail\" \/>                                  <div class=\"overlay fill\"\n                      style=\"background-color: rgba(0,0,0,.15)\">\n                  <\/div>\n                                                              <\/div><!-- .image -->\n              <div class=\"box-text text-left\" >\n                 <p>TAS-206 sakk mint\u00e1s perfor\u00e1l\u00e1ssal<\/p>\n              <\/div><!-- .text -->\n            <\/div><!-- .box -->\n            <\/a>          <\/div><!-- .col-inner -->\n         <\/div><!-- .col -->\n                 <div class=\"gallery-col col\" data-animate=\"fadeInDown\">\n          <div class=\"col-inner\">\n            <a class=\"image-lightbox lightbox-gallery\" href=\"https:\/\/alkotaskft.hu\/wp-content\/uploads\/2024\/06\/20240621_061414.jpg\" title=\"TAS-206 sakk mint\u00e1s perfor\u00e1l\u00e1ssal\">            <div class=\"box has-hover gallery-box box-overlay dark\">\n              <div class=\"box-image\" style=\"border-radius:6%;\">\n                <img loading=\"lazy\" decoding=\"async\" width=\"280\" height=\"280\" src=\"https:\/\/alkotaskft.hu\/wp-content\/uploads\/2024\/06\/20240621_061414-280x280.jpg\" class=\"attachment-thumbnail size-thumbnail\" alt=\"\" ids=\"5864,5865,5866,5867,5868,5869,5870,5871\" animate=\"fadeInDown\" image_radius=\"6\" image_size=\"thumbnail\" \/>                                  <div class=\"overlay fill\"\n                      style=\"background-color: rgba(0,0,0,.15)\">\n                  <\/div>\n                                                              <\/div><!-- .image -->\n              <div class=\"box-text text-left\" >\n                 <p>TAS-206 sakk mint\u00e1s perfor\u00e1l\u00e1ssal<\/p>\n              <\/div><!-- .text -->\n            <\/div><!-- .box -->\n            <\/a>          <\/div><!-- .col-inner -->\n         <\/div><!-- .col -->\n                 <div class=\"gallery-col col\" data-animate=\"fadeInDown\">\n          <div class=\"col-inner\">\n            <a class=\"image-lightbox lightbox-gallery\" href=\"https:\/\/alkotaskft.hu\/wp-content\/uploads\/2024\/06\/20240621_061423.jpg\" title=\"TAS-206 sakk mint\u00e1s perfor\u00e1l\u00e1ssal\">            <div class=\"box has-hover gallery-box box-overlay dark\">\n              <div class=\"box-image\" style=\"border-radius:6%;\">\n                <img loading=\"lazy\" decoding=\"async\" width=\"280\" height=\"280\" src=\"https:\/\/alkotaskft.hu\/wp-content\/uploads\/2024\/06\/20240621_061423-280x280.jpg\" class=\"attachment-thumbnail size-thumbnail\" alt=\"\" ids=\"5864,5865,5866,5867,5868,5869,5870,5871\" animate=\"fadeInDown\" image_radius=\"6\" image_size=\"thumbnail\" \/>                                  <div class=\"overlay fill\"\n                      style=\"background-color: rgba(0,0,0,.15)\">\n                  <\/div>\n                                                              <\/div><!-- .image -->\n              <div class=\"box-text text-left\" >\n                 <p>TAS-206 sakk mint\u00e1s perfor\u00e1l\u00e1ssal<\/p>\n              <\/div><!-- .text -->\n            <\/div><!-- .box -->\n            <\/a>          <\/div><!-- .col-inner -->\n         <\/div><!-- .col -->\n                 <div class=\"gallery-col col\" data-animate=\"fadeInDown\">\n          <div class=\"col-inner\">\n            <a class=\"image-lightbox lightbox-gallery\" href=\"https:\/\/alkotaskft.hu\/wp-content\/uploads\/2024\/06\/20240621_061430-894x800.jpg\" title=\"TAS-206 sakk mint\u00e1s perfor\u00e1l\u00e1ssal\">            <div class=\"box has-hover gallery-box box-overlay dark\">\n              <div class=\"box-image\" style=\"border-radius:6%;\">\n                <img loading=\"lazy\" decoding=\"async\" width=\"280\" height=\"280\" src=\"https:\/\/alkotaskft.hu\/wp-content\/uploads\/2024\/06\/20240621_061430-280x280.jpg\" class=\"attachment-thumbnail size-thumbnail\" alt=\"\" ids=\"5864,5865,5866,5867,5868,5869,5870,5871\" animate=\"fadeInDown\" image_radius=\"6\" image_size=\"thumbnail\" \/>                                  <div class=\"overlay fill\"\n                      style=\"background-color: rgba(0,0,0,.15)\">\n                  <\/div>\n                                                              <\/div><!-- .image -->\n              <div class=\"box-text text-left\" >\n                 <p>TAS-206 sakk mint\u00e1s perfor\u00e1l\u00e1ssal<\/p>\n              <\/div><!-- .text -->\n            <\/div><!-- .box -->\n            <\/a>          <\/div><!-- .col-inner -->\n         <\/div><!-- .col -->\n                 <div class=\"gallery-col col\" data-animate=\"fadeInDown\">\n          <div class=\"col-inner\">\n            <a class=\"image-lightbox lightbox-gallery\" href=\"https:\/\/alkotaskft.hu\/wp-content\/uploads\/2024\/06\/20240621_061449.jpg\" title=\"TAS-206 sakk mint\u00e1s perfor\u00e1l\u00e1ssal\">            <div class=\"box has-hover gallery-box box-overlay dark\">\n              <div class=\"box-image\" style=\"border-radius:6%;\">\n                <img loading=\"lazy\" decoding=\"async\" width=\"280\" height=\"280\" src=\"https:\/\/alkotaskft.hu\/wp-content\/uploads\/2024\/06\/20240621_061449-280x280.jpg\" class=\"attachment-thumbnail size-thumbnail\" alt=\"\" ids=\"5864,5865,5866,5867,5868,5869,5870,5871\" animate=\"fadeInDown\" image_radius=\"6\" image_size=\"thumbnail\" \/>                                  <div class=\"overlay fill\"\n                      style=\"background-color: rgba(0,0,0,.15)\">\n                  <\/div>\n                                                              <\/div><!-- .image -->\n              <div class=\"box-text text-left\" >\n                 <p>TAS-206 sakk mint\u00e1s perfor\u00e1l\u00e1ssal<\/p>\n              <\/div><!-- .text -->\n            <\/div><!-- .box -->\n            <\/a>          <\/div><!-- .col-inner -->\n         <\/div><!-- .col -->\n                 <div class=\"gallery-col col\" data-animate=\"fadeInDown\">\n          <div class=\"col-inner\">\n            <a class=\"image-lightbox lightbox-gallery\" href=\"https:\/\/alkotaskft.hu\/wp-content\/uploads\/2024\/06\/20240621_061455.jpg\" title=\"TAS-206 sakk mint\u00e1s perfor\u00e1l\u00e1ssal\">            <div class=\"box has-hover gallery-box box-overlay dark\">\n              <div class=\"box-image\" style=\"border-radius:6%;\">\n                <img loading=\"lazy\" decoding=\"async\" width=\"280\" height=\"280\" src=\"https:\/\/alkotaskft.hu\/wp-content\/uploads\/2024\/06\/20240621_061455-280x280.jpg\" class=\"attachment-thumbnail size-thumbnail\" alt=\"\" ids=\"5864,5865,5866,5867,5868,5869,5870,5871\" animate=\"fadeInDown\" image_radius=\"6\" image_size=\"thumbnail\" \/>                                  <div class=\"overlay fill\"\n                      style=\"background-color: rgba(0,0,0,.15)\">\n                  <\/div>\n                                                              <\/div><!-- .image -->\n              <div class=\"box-text text-left\" >\n                 <p>TAS-206 sakk mint\u00e1s perfor\u00e1l\u00e1ssal<\/p>\n              <\/div><!-- .text -->\n            <\/div><!-- .box -->\n            <\/a>          <\/div><!-- .col-inner -->\n         <\/div><!-- .col -->\n                 <div class=\"gallery-col col\" data-animate=\"fadeInDown\">\n          <div class=\"col-inner\">\n            <a class=\"image-lightbox lightbox-gallery\" href=\"https:\/\/alkotaskft.hu\/wp-content\/uploads\/2024\/06\/20240621_061506.jpg\" title=\"TAS-206 sakk mint\u00e1s perfor\u00e1l\u00e1ssal\">            <div class=\"box has-hover gallery-box box-overlay dark\">\n              <div class=\"box-image\" style=\"border-radius:6%;\">\n                <img loading=\"lazy\" decoding=\"async\" width=\"280\" height=\"280\" src=\"https:\/\/alkotaskft.hu\/wp-content\/uploads\/2024\/06\/20240621_061506-280x280.jpg\" class=\"attachment-thumbnail size-thumbnail\" alt=\"\" ids=\"5864,5865,5866,5867,5868,5869,5870,5871\" animate=\"fadeInDown\" image_radius=\"6\" image_size=\"thumbnail\" \/>                                  <div class=\"overlay fill\"\n                      style=\"background-color: rgba(0,0,0,.15)\">\n                  <\/div>\n                                                              <\/div><!-- .image -->\n              <div class=\"box-text text-left\" >\n                 <p>TAS-206 sakk mint\u00e1s perfor\u00e1l\u00e1ssal<\/p>\n              <\/div><!-- .text -->\n            <\/div><!-- .box -->\n            <\/a>          <\/div><!-- .col-inner -->\n         <\/div><!-- .col -->\n         <\/div>\n","protected":false},"excerpt":{"rendered":"<p>A nagy m\u00falt\u00fa n\u00e9metorsz\u00e1gi B\u00fchler c\u00e9g \u00e1ltal gy\u00e1rtott TAS \u00e9s SMA t\u00edpus\u00fa term\u00e9nytiszt\u00edt\u00f3g\u00e9pekhez (TAS-152A, -204; -206, SMA-20) a forgalmaz\u00f3, csak a tiszt\u00edt\u00f3g\u00e9p gy\u00e1rt\u00f3ja \u00e1ltal k\u00fcld\u00f6tt rostabet\u00e9teket tudja biztos\u00edtani, melyek dr\u00e1g\u00e1k; k\u00f6r\u00fclm\u00e9nyes \u00e9s id\u0151ig\u00e9nyes ezek behozatala az orsz\u00e1gba. A ig\u00e9nyeket kiel\u00e9g\u00edtve, c\u00e9g\u00fcnk 2010-t\u0151l gy\u00e1rt ezen tiszt\u00edt\u00f3khoz is rostabet\u00e9teket a lyukaszt\u00e1si m\u00e9reteink teljes palett\u00e1j\u00e1val.A rostabet\u00e9teket, hagyom\u00e1nyos hossz\u00falyuk [&hellip;]\n<div class='heateor_sss_sharing_container heateor_sss_vertical_sharing heateor_sss_bottom_sharing' style='width:29px;right: 0px;top: 220px;-webkit-box-shadow:none;box-shadow:none;' data-heateor-sss-href='https:\/\/alkotaskft.hu\/de\/wp-json\/wp\/v2\/pages\/5861'><div class=\"heateor_sss_sharing_ul\"><a aria-label=\"Facebook\" class=\"heateor_sss_facebook\" href=\"https:\/\/www.facebook.com\/sharer\/sharer.php?u=https%3A%2F%2Falkotaskft.hu%2Fde%2Fwp-json%2Fwp%2Fv2%2Fpages%2F5861\" title=\"Facebook\" rel=\"nofollow noopener\" target=\"_blank\" style=\"font-size:32px!important;box-shadow:none;display:inline-block;vertical-align:middle\"><span class=\"heateor_sss_svg\" style=\"background-color:#0765FE;width:25px;height:25px;margin:0;display:inline-block;opacity:1;float:left;font-size:32px;box-shadow:none;display:inline-block;font-size:16px;padding:0 4px;vertical-align:middle;background-repeat:repeat;overflow:hidden;padding:0;cursor:pointer;box-sizing:content-box\"><svg style=\"display:block;\" focusable=\"false\" aria-hidden=\"true\" xmlns=\"http:\/\/www.w3.org\/2000\/svg\" width=\"100%\" height=\"100%\" viewBox=\"0 0 32 32\"><path fill=\"#fff\" d=\"M28 16c0-6.627-5.373-12-12-12S4 9.373 4 16c0 5.628 3.875 10.35 9.101 11.647v-7.98h-2.474V16H13.1v-1.58c0-4.085 1.849-5.978 5.859-5.978.76 0 2.072.15 2.608.298v3.325c-.283-.03-.775-.045-1.386-.045-1.967 0-2.728.745-2.728 2.683V16h3.92l-.673 3.667h-3.247v8.245C23.395 27.195 28 22.135 28 16Z\"><\/path><\/svg><\/span><\/a><a aria-label=\"Twitter\" class=\"heateor_sss_button_twitter\" href=\"https:\/\/twitter.com\/intent\/tweet?text=Alkot%C3%A1s%20Kft.%20-%20&url=https%3A%2F%2Falkotaskft.hu%2Fde%2Fwp-json%2Fwp%2Fv2%2Fpages%2F5861\" title=\"Twitter\" rel=\"nofollow noopener\" target=\"_blank\" style=\"font-size:32px!important;box-shadow:none;display:inline-block;vertical-align:middle\"><span class=\"heateor_sss_svg heateor_sss_s__default heateor_sss_s_twitter\" style=\"background-color:#55acee;width:25px;height:25px;margin:0;display:inline-block;opacity:1;float:left;font-size:32px;box-shadow:none;display:inline-block;font-size:16px;padding:0 4px;vertical-align:middle;background-repeat:repeat;overflow:hidden;padding:0;cursor:pointer;box-sizing:content-box\"><svg style=\"display:block;\" focusable=\"false\" aria-hidden=\"true\" xmlns=\"http:\/\/www.w3.org\/2000\/svg\" width=\"100%\" height=\"100%\" viewBox=\"-4 -4 39 39\"><path d=\"M28 8.557a9.913 9.913 0 0 1-2.828.775 4.93 4.93 0 0 0 2.166-2.725 9.738 9.738 0 0 1-3.13 1.194 4.92 4.92 0 0 0-3.593-1.55 4.924 4.924 0 0 0-4.794 6.049c-4.09-.21-7.72-2.17-10.15-5.15a4.942 4.942 0 0 0-.665 2.477c0 1.71.87 3.214 2.19 4.1a4.968 4.968 0 0 1-2.23-.616v.06c0 2.39 1.7 4.38 3.952 4.83-.414.115-.85.174-1.297.174-.318 0-.626-.03-.928-.086a4.935 4.935 0 0 0 4.6 3.42 9.893 9.893 0 0 1-6.114 2.107c-.398 0-.79-.023-1.175-.068a13.953 13.953 0 0 0 7.55 2.213c9.056 0 14.01-7.507 14.01-14.013 0-.213-.005-.426-.015-.637.96-.695 1.795-1.56 2.455-2.55z\" fill=\"#fff\"><\/path><\/svg><\/span><\/a><a class=\"heateor_sss_more\" aria-label=\"More\" title=\"More\" rel=\"nofollow noopener\" style=\"font-size: 32px!important;border:0;box-shadow:none;display:inline-block!important;font-size:16px;padding:0 4px;vertical-align: middle;display:inline;\" href=\"https:\/\/alkotaskft.hu\/de\/wp-json\/wp\/v2\/pages\/5861\" onclick=\"event.preventDefault()\"><span class=\"heateor_sss_svg\" style=\"background-color:#ee8e2d;width:25px;height:25px;margin:0;display:inline-block!important;opacity:1;float:left;font-size:32px!important;box-shadow:none;display:inline-block;font-size:16px;padding:0 4px;vertical-align:middle;display:inline;background-repeat:repeat;overflow:hidden;padding:0;cursor:pointer;box-sizing:content-box;\" onclick=\"heateorSssMoreSharingPopup(this, 'https:\/\/alkotaskft.hu\/de\/wp-json\/wp\/v2\/pages\/5861', 'Alkot%C3%A1s%20Kft.%20-%20', '' )\"><svg xmlns=\"http:\/\/www.w3.org\/2000\/svg\" xmlns:xlink=\"http:\/\/www.w3.org\/1999\/xlink\" viewBox=\"-.3 0 32 32\" version=\"1.1\" width=\"100%\" height=\"100%\" style=\"display:block;\" xml:space=\"preserve\"><g><path fill=\"#fff\" d=\"M18 14V8h-4v6H8v4h6v6h4v-6h6v-4h-6z\" fill-rule=\"evenodd\"><\/path><\/g><\/svg><\/span><\/a><\/div><div class=\"heateorSssClear\"><\/div><\/div>","protected":false},"author":3,"featured_media":5864,"parent":0,"menu_order":0,"comment_status":"closed","ping_status":"closed","template":"","meta":{"_acf_changed":false,"footnotes":""},"categories":[22],"tags":[],"class_list":["post-5861","page","type-page","status-publish","has-post-thumbnail","hentry","category-rostalemezek"],"yoast_head":"<!-- This site is optimized with the Yoast SEO plugin v27.4 - https:\/\/yoast.com\/product\/yoast-seo-wordpress\/ -->\n<title>Schmidt-Seeger TAS \u00e9s SMA rostabet\u00e9tek - Alkot\u00e1s Kft.<\/title>\n<meta name=\"robots\" content=\"index, follow, max-snippet:-1, max-image-preview:large, max-video-preview:-1\" \/>\n<link rel=\"canonical\" href=\"https:\/\/alkotaskft.hu\/schmidt-seeger-tas-es-sma-rostabetetek\/\" \/>\n<meta property=\"og:locale\" content=\"de_DE\" \/>\n<meta property=\"og:type\" content=\"article\" \/>\n<meta property=\"og:title\" content=\"Schmidt-Seeger TAS \u00e9s SMA rostabet\u00e9tek - Alkot\u00e1s Kft.\" \/>\n<meta property=\"og:description\" content=\"A nagy m\u00falt\u00fa n\u00e9metorsz\u00e1gi B\u00fchler c\u00e9g \u00e1ltal gy\u00e1rtott TAS \u00e9s SMA t\u00edpus\u00fa term\u00e9nytiszt\u00edt\u00f3g\u00e9pekhez (TAS-152A, -204; -206, SMA-20) a forgalmaz\u00f3, csak a tiszt\u00edt\u00f3g\u00e9p gy\u00e1rt\u00f3ja \u00e1ltal k\u00fcld\u00f6tt rostabet\u00e9teket tudja biztos\u00edtani, melyek dr\u00e1g\u00e1k; k\u00f6r\u00fclm\u00e9nyes \u00e9s id\u0151ig\u00e9nyes ezek behozatala az orsz\u00e1gba. A ig\u00e9nyeket kiel\u00e9g\u00edtve, c\u00e9g\u00fcnk 2010-t\u0151l gy\u00e1rt ezen tiszt\u00edt\u00f3khoz is rostabet\u00e9teket a lyukaszt\u00e1si m\u00e9reteink teljes palett\u00e1j\u00e1val.A rostabet\u00e9teket, hagyom\u00e1nyos hossz\u00falyuk [&hellip;]\" \/>\n<meta property=\"og:url\" content=\"https:\/\/alkotaskft.hu\/schmidt-seeger-tas-es-sma-rostabetetek\/\" \/>\n<meta property=\"og:site_name\" content=\"Alkot\u00e1s Kft.\" \/>\n<meta property=\"article:modified_time\" content=\"2025-03-19T15:23:24+00:00\" \/>\n<meta property=\"og:image\" content=\"https:\/\/alkotaskft.hu\/wp-content\/uploads\/2024\/06\/20240621_061353.jpg\" \/>\n\t<meta property=\"og:image:width\" content=\"900\" \/>\n\t<meta property=\"og:image:height\" content=\"654\" \/>\n\t<meta property=\"og:image:type\" content=\"image\/jpeg\" \/>\n<meta name=\"twitter:card\" content=\"summary_large_image\" \/>\n<meta name=\"twitter:label1\" content=\"Gesch\u00e4tzte Lesezeit\" \/>\n\t<meta name=\"twitter:data1\" content=\"1\u00a0Minute\" \/>\n<script type=\"application\/ld+json\" class=\"yoast-schema-graph\">{\"@context\":\"https:\\\/\\\/schema.org\",\"@graph\":[{\"@type\":\"WebPage\",\"@id\":\"https:\\\/\\\/alkotaskft.hu\\\/schmidt-seeger-tas-es-sma-rostabetetek\\\/\",\"url\":\"https:\\\/\\\/alkotaskft.hu\\\/schmidt-seeger-tas-es-sma-rostabetetek\\\/\",\"name\":\"Schmidt-Seeger TAS \u00e9s SMA rostabet\u00e9tek - Alkot\u00e1s Kft.\",\"isPartOf\":{\"@id\":\"https:\\\/\\\/alkotaskft.hu\\\/#website\"},\"primaryImageOfPage\":{\"@id\":\"https:\\\/\\\/alkotaskft.hu\\\/schmidt-seeger-tas-es-sma-rostabetetek\\\/#primaryimage\"},\"image\":{\"@id\":\"https:\\\/\\\/alkotaskft.hu\\\/schmidt-seeger-tas-es-sma-rostabetetek\\\/#primaryimage\"},\"thumbnailUrl\":\"https:\\\/\\\/alkotaskft.hu\\\/wp-content\\\/uploads\\\/2024\\\/06\\\/20240621_061353.jpg\",\"datePublished\":\"2024-06-21T07:17:02+00:00\",\"dateModified\":\"2025-03-19T15:23:24+00:00\",\"breadcrumb\":{\"@id\":\"https:\\\/\\\/alkotaskft.hu\\\/schmidt-seeger-tas-es-sma-rostabetetek\\\/#breadcrumb\"},\"inLanguage\":\"de\",\"potentialAction\":[{\"@type\":\"ReadAction\",\"target\":[\"https:\\\/\\\/alkotaskft.hu\\\/schmidt-seeger-tas-es-sma-rostabetetek\\\/\"]}]},{\"@type\":\"ImageObject\",\"inLanguage\":\"de\",\"@id\":\"https:\\\/\\\/alkotaskft.hu\\\/schmidt-seeger-tas-es-sma-rostabetetek\\\/#primaryimage\",\"url\":\"https:\\\/\\\/alkotaskft.hu\\\/wp-content\\\/uploads\\\/2024\\\/06\\\/20240621_061353.jpg\",\"contentUrl\":\"https:\\\/\\\/alkotaskft.hu\\\/wp-content\\\/uploads\\\/2024\\\/06\\\/20240621_061353.jpg\",\"width\":900,\"height\":654,\"caption\":\"TAS-206 sakk mint\u00e1s perfor\u00e1l\u00e1ssal\"},{\"@type\":\"BreadcrumbList\",\"@id\":\"https:\\\/\\\/alkotaskft.hu\\\/schmidt-seeger-tas-es-sma-rostabetetek\\\/#breadcrumb\",\"itemListElement\":[{\"@type\":\"ListItem\",\"position\":1,\"name\":\"Home\",\"item\":\"https:\\\/\\\/alkotaskft.hu\\\/\"},{\"@type\":\"ListItem\",\"position\":2,\"name\":\"Schmidt-Seeger TAS \u00e9s SMA rostabet\u00e9tek\"}]},{\"@type\":\"WebSite\",\"@id\":\"https:\\\/\\\/alkotaskft.hu\\\/#website\",\"url\":\"https:\\\/\\\/alkotaskft.hu\\\/\",\"name\":\"Alkot\u00e1s Kft.\",\"description\":\"\",\"potentialAction\":[{\"@type\":\"SearchAction\",\"target\":{\"@type\":\"EntryPoint\",\"urlTemplate\":\"https:\\\/\\\/alkotaskft.hu\\\/?s={search_term_string}\"},\"query-input\":{\"@type\":\"PropertyValueSpecification\",\"valueRequired\":true,\"valueName\":\"search_term_string\"}}],\"inLanguage\":\"de\"}]}<\/script>\n<!-- \/ Yoast SEO plugin. -->","yoast_head_json":{"title":"Schmidt-Seeger TAS \u00e9s SMA rostabet\u00e9tek - Alkot\u00e1s Kft.","robots":{"index":"index","follow":"follow","max-snippet":"max-snippet:-1","max-image-preview":"max-image-preview:large","max-video-preview":"max-video-preview:-1"},"canonical":"https:\/\/alkotaskft.hu\/schmidt-seeger-tas-es-sma-rostabetetek\/","og_locale":"de_DE","og_type":"article","og_title":"Schmidt-Seeger TAS \u00e9s SMA rostabet\u00e9tek - Alkot\u00e1s Kft.","og_description":"A nagy m\u00falt\u00fa n\u00e9metorsz\u00e1gi B\u00fchler c\u00e9g \u00e1ltal gy\u00e1rtott TAS \u00e9s SMA t\u00edpus\u00fa term\u00e9nytiszt\u00edt\u00f3g\u00e9pekhez (TAS-152A, -204; -206, SMA-20) a forgalmaz\u00f3, csak a tiszt\u00edt\u00f3g\u00e9p gy\u00e1rt\u00f3ja \u00e1ltal k\u00fcld\u00f6tt rostabet\u00e9teket tudja biztos\u00edtani, melyek dr\u00e1g\u00e1k; k\u00f6r\u00fclm\u00e9nyes \u00e9s id\u0151ig\u00e9nyes ezek behozatala az orsz\u00e1gba. A ig\u00e9nyeket kiel\u00e9g\u00edtve, c\u00e9g\u00fcnk 2010-t\u0151l gy\u00e1rt ezen tiszt\u00edt\u00f3khoz is rostabet\u00e9teket a lyukaszt\u00e1si m\u00e9reteink teljes palett\u00e1j\u00e1val.A rostabet\u00e9teket, hagyom\u00e1nyos hossz\u00falyuk [&hellip;]","og_url":"https:\/\/alkotaskft.hu\/schmidt-seeger-tas-es-sma-rostabetetek\/","og_site_name":"Alkot\u00e1s Kft.","article_modified_time":"2025-03-19T15:23:24+00:00","og_image":[{"width":900,"height":654,"url":"https:\/\/alkotaskft.hu\/wp-content\/uploads\/2024\/06\/20240621_061353.jpg","type":"image\/jpeg"}],"twitter_card":"summary_large_image","twitter_misc":{"Gesch\u00e4tzte Lesezeit":"1\u00a0Minute"},"schema":{"@context":"https:\/\/schema.org","@graph":[{"@type":"WebPage","@id":"https:\/\/alkotaskft.hu\/schmidt-seeger-tas-es-sma-rostabetetek\/","url":"https:\/\/alkotaskft.hu\/schmidt-seeger-tas-es-sma-rostabetetek\/","name":"Schmidt-Seeger TAS \u00e9s SMA rostabet\u00e9tek - Alkot\u00e1s Kft.","isPartOf":{"@id":"https:\/\/alkotaskft.hu\/#website"},"primaryImageOfPage":{"@id":"https:\/\/alkotaskft.hu\/schmidt-seeger-tas-es-sma-rostabetetek\/#primaryimage"},"image":{"@id":"https:\/\/alkotaskft.hu\/schmidt-seeger-tas-es-sma-rostabetetek\/#primaryimage"},"thumbnailUrl":"https:\/\/alkotaskft.hu\/wp-content\/uploads\/2024\/06\/20240621_061353.jpg","datePublished":"2024-06-21T07:17:02+00:00","dateModified":"2025-03-19T15:23:24+00:00","breadcrumb":{"@id":"https:\/\/alkotaskft.hu\/schmidt-seeger-tas-es-sma-rostabetetek\/#breadcrumb"},"inLanguage":"de","potentialAction":[{"@type":"ReadAction","target":["https:\/\/alkotaskft.hu\/schmidt-seeger-tas-es-sma-rostabetetek\/"]}]},{"@type":"ImageObject","inLanguage":"de","@id":"https:\/\/alkotaskft.hu\/schmidt-seeger-tas-es-sma-rostabetetek\/#primaryimage","url":"https:\/\/alkotaskft.hu\/wp-content\/uploads\/2024\/06\/20240621_061353.jpg","contentUrl":"https:\/\/alkotaskft.hu\/wp-content\/uploads\/2024\/06\/20240621_061353.jpg","width":900,"height":654,"caption":"TAS-206 sakk mint\u00e1s perfor\u00e1l\u00e1ssal"},{"@type":"BreadcrumbList","@id":"https:\/\/alkotaskft.hu\/schmidt-seeger-tas-es-sma-rostabetetek\/#breadcrumb","itemListElement":[{"@type":"ListItem","position":1,"name":"Home","item":"https:\/\/alkotaskft.hu\/"},{"@type":"ListItem","position":2,"name":"Schmidt-Seeger TAS \u00e9s SMA rostabet\u00e9tek"}]},{"@type":"WebSite","@id":"https:\/\/alkotaskft.hu\/#website","url":"https:\/\/alkotaskft.hu\/","name":"Alkot\u00e1s Kft.","description":"","potentialAction":[{"@type":"SearchAction","target":{"@type":"EntryPoint","urlTemplate":"https:\/\/alkotaskft.hu\/?s={search_term_string}"},"query-input":{"@type":"PropertyValueSpecification","valueRequired":true,"valueName":"search_term_string"}}],"inLanguage":"de"}]}},"acf":[],"_links":{"self":[{"href":"https:\/\/alkotaskft.hu\/de\/wp-json\/wp\/v2\/pages\/5861","targetHints":{"allow":["GET"]}}],"collection":[{"href":"https:\/\/alkotaskft.hu\/de\/wp-json\/wp\/v2\/pages"}],"about":[{"href":"https:\/\/alkotaskft.hu\/de\/wp-json\/wp\/v2\/types\/page"}],"author":[{"embeddable":true,"href":"https:\/\/alkotaskft.hu\/de\/wp-json\/wp\/v2\/users\/3"}],"replies":[{"embeddable":true,"href":"https:\/\/alkotaskft.hu\/de\/wp-json\/wp\/v2\/comments?post=5861"}],"version-history":[{"count":5,"href":"https:\/\/alkotaskft.hu\/de\/wp-json\/wp\/v2\/pages\/5861\/revisions"}],"predecessor-version":[{"id":6282,"href":"https:\/\/alkotaskft.hu\/de\/wp-json\/wp\/v2\/pages\/5861\/revisions\/6282"}],"wp:featuredmedia":[{"embeddable":true,"href":"https:\/\/alkotaskft.hu\/de\/wp-json\/wp\/v2\/media\/5864"}],"wp:attachment":[{"href":"https:\/\/alkotaskft.hu\/de\/wp-json\/wp\/v2\/media?parent=5861"}],"wp:term":[{"taxonomy":"category","embeddable":true,"href":"https:\/\/alkotaskft.hu\/de\/wp-json\/wp\/v2\/categories?post=5861"},{"taxonomy":"post_tag","embeddable":true,"href":"https:\/\/alkotaskft.hu\/de\/wp-json\/wp\/v2\/tags?post=5861"}],"curies":[{"name":"wp","href":"https:\/\/api.w.org\/{rel}","templated":true}]}}