{"id":5706,"date":"2024-03-27T14:29:54","date_gmt":"2024-03-27T13:29:54","guid":{"rendered":"https:\/\/alkotaskft.hu\/?page_id=5706"},"modified":"2024-03-27T14:36:05","modified_gmt":"2024-03-27T13:36:05","slug":"vac-vaci-malom-kft","status":"publish","type":"page","link":"https:\/\/alkotaskft.hu\/de\/vac-vaci-malom-kft\/","title":{"rendered":"V\u00e1c- V\u00e1ci Malom Kft."},"content":{"rendered":"<h4 style=\"text-align: center;\">Gy\u00e1rt\u00e1s ideje: 2024.03.04-25.<br \/>Gy\u00e1rtott term\u00e9kek:<br \/>ALKOT\u00c1S LSZ-40 l\u00e1ncos sz\u00e1ll\u00edt\u00f3 (sz\u00e1ll\u00edt\u00f3 r\u00e9dler) 15,5 fm-es<br \/>ALKOT\u00c1S LSZ-40 l\u00e1ncos sz\u00e1ll\u00edt\u00f3 (sz\u00e1ll\u00edt\u00f3 r\u00e9dler) 17,0 fm-es<br \/>Be\u00e9p\u00edt\u00e9s helye: V\u00e1c &#8211; V\u00e1ci Malom Kft.<\/h4>\n<div id='gallery-1' class='gallery galleryid-5706 gallery-columns-4 gallery-size-thumbnail'><figure class='gallery-item'>\n\t\t\t<div class='gallery-icon landscape'>\n\t\t\t\t<a href='https:\/\/alkotaskft.hu\/wp-content\/uploads\/2024\/03\/20240325_092327.jpg'><img loading=\"lazy\" decoding=\"async\" width=\"280\" height=\"280\" src=\"https:\/\/alkotaskft.hu\/wp-content\/uploads\/2024\/03\/20240325_092327-280x280.jpg\" class=\"attachment-thumbnail size-thumbnail\" alt=\"\" aria-describedby=\"gallery-1-5708\" \/><\/a>\n\t\t\t<\/div>\n\t\t\t\t<figcaption class='wp-caption-text gallery-caption' id='gallery-1-5708'>\n\t\t\t\tALKOT\u00c1S LSZ-40 15,5 fm &#8211; V\u00e1c\n\t\t\t\t<\/figcaption><\/figure><figure class='gallery-item'>\n\t\t\t<div class='gallery-icon landscape'>\n\t\t\t\t<a href='https:\/\/alkotaskft.hu\/wp-content\/uploads\/2024\/03\/20240325_092337.jpg'><img loading=\"lazy\" decoding=\"async\" width=\"280\" height=\"280\" src=\"https:\/\/alkotaskft.hu\/wp-content\/uploads\/2024\/03\/20240325_092337-280x280.jpg\" class=\"attachment-thumbnail size-thumbnail\" alt=\"\" aria-describedby=\"gallery-1-5709\" \/><\/a>\n\t\t\t<\/div>\n\t\t\t\t<figcaption class='wp-caption-text gallery-caption' id='gallery-1-5709'>\n\t\t\t\tALKOT\u00c1S LSZ-40 15,5 fm &#8211; V\u00e1c\n\t\t\t\t<\/figcaption><\/figure><figure class='gallery-item'>\n\t\t\t<div class='gallery-icon landscape'>\n\t\t\t\t<a href='https:\/\/alkotaskft.hu\/wp-content\/uploads\/2024\/03\/20240325_092349.jpg'><img loading=\"lazy\" decoding=\"async\" width=\"280\" height=\"197\" src=\"https:\/\/alkotaskft.hu\/wp-content\/uploads\/2024\/03\/20240325_092349-280x197.jpg\" class=\"attachment-thumbnail size-thumbnail\" alt=\"\" aria-describedby=\"gallery-1-5710\" \/><\/a>\n\t\t\t<\/div>\n\t\t\t\t<figcaption class='wp-caption-text gallery-caption' id='gallery-1-5710'>\n\t\t\t\tALKOT\u00c1S LSZ-40 15,5 fm &#8211; V\u00e1c\n\t\t\t\t<\/figcaption><\/figure><figure class='gallery-item'>\n\t\t\t<div class='gallery-icon landscape'>\n\t\t\t\t<a href='https:\/\/alkotaskft.hu\/wp-content\/uploads\/2024\/03\/20240325_092405.jpg'><img loading=\"lazy\" decoding=\"async\" width=\"280\" height=\"280\" src=\"https:\/\/alkotaskft.hu\/wp-content\/uploads\/2024\/03\/20240325_092405-280x280.jpg\" class=\"attachment-thumbnail size-thumbnail\" alt=\"\" aria-describedby=\"gallery-1-5711\" \/><\/a>\n\t\t\t<\/div>\n\t\t\t\t<figcaption class='wp-caption-text gallery-caption' id='gallery-1-5711'>\n\t\t\t\tALKOT\u00c1S LSZ-40 15,5 fm &#8211; V\u00e1c\n\t\t\t\t<\/figcaption><\/figure><figure class='gallery-item'>\n\t\t\t<div class='gallery-icon landscape'>\n\t\t\t\t<a href='https:\/\/alkotaskft.hu\/wp-content\/uploads\/2024\/03\/20240325_092416.jpg'><img loading=\"lazy\" decoding=\"async\" width=\"280\" height=\"280\" src=\"https:\/\/alkotaskft.hu\/wp-content\/uploads\/2024\/03\/20240325_092416-280x280.jpg\" class=\"attachment-thumbnail size-thumbnail\" alt=\"\" aria-describedby=\"gallery-1-5712\" \/><\/a>\n\t\t\t<\/div>\n\t\t\t\t<figcaption class='wp-caption-text gallery-caption' id='gallery-1-5712'>\n\t\t\t\tALKOT\u00c1S LSZ-40 15,5 fm &#8211; V\u00e1c\n\t\t\t\t<\/figcaption><\/figure><figure class='gallery-item'>\n\t\t\t<div class='gallery-icon landscape'>\n\t\t\t\t<a href='https:\/\/alkotaskft.hu\/wp-content\/uploads\/2024\/03\/20240325_092423.jpg'><img loading=\"lazy\" decoding=\"async\" width=\"280\" height=\"280\" src=\"https:\/\/alkotaskft.hu\/wp-content\/uploads\/2024\/03\/20240325_092423-280x280.jpg\" class=\"attachment-thumbnail size-thumbnail\" alt=\"\" aria-describedby=\"gallery-1-5713\" \/><\/a>\n\t\t\t<\/div>\n\t\t\t\t<figcaption class='wp-caption-text gallery-caption' id='gallery-1-5713'>\n\t\t\t\tALKOT\u00c1S LSZ-40 15,5 fm &#8211; V\u00e1c\n\t\t\t\t<\/figcaption><\/figure><figure class='gallery-item'>\n\t\t\t<div class='gallery-icon landscape'>\n\t\t\t\t<a href='https:\/\/alkotaskft.hu\/wp-content\/uploads\/2024\/03\/20240325_092437.jpg'><img loading=\"lazy\" decoding=\"async\" width=\"280\" height=\"280\" src=\"https:\/\/alkotaskft.hu\/wp-content\/uploads\/2024\/03\/20240325_092437-280x280.jpg\" class=\"attachment-thumbnail size-thumbnail\" alt=\"\" aria-describedby=\"gallery-1-5714\" \/><\/a>\n\t\t\t<\/div>\n\t\t\t\t<figcaption class='wp-caption-text gallery-caption' id='gallery-1-5714'>\n\t\t\t\tALKOT\u00c1S LSZ-40 15,5 fm &#8211; V\u00e1c\n\t\t\t\t<\/figcaption><\/figure><figure class='gallery-item'>\n\t\t\t<div class='gallery-icon portrait'>\n\t\t\t\t<a href='https:\/\/alkotaskft.hu\/wp-content\/uploads\/2024\/03\/20240325_092505.jpg'><img loading=\"lazy\" decoding=\"async\" width=\"280\" height=\"280\" src=\"https:\/\/alkotaskft.hu\/wp-content\/uploads\/2024\/03\/20240325_092505-280x280.jpg\" class=\"attachment-thumbnail size-thumbnail\" alt=\"\" aria-describedby=\"gallery-1-5715\" \/><\/a>\n\t\t\t<\/div>\n\t\t\t\t<figcaption class='wp-caption-text gallery-caption' id='gallery-1-5715'>\n\t\t\t\tALKOT\u00c1S LSZ-40 15,5 fm &#8211; V\u00e1c\n\t\t\t\t<\/figcaption><\/figure><figure class='gallery-item'>\n\t\t\t<div class='gallery-icon landscape'>\n\t\t\t\t<a href='https:\/\/alkotaskft.hu\/wp-content\/uploads\/2024\/03\/20240325_092701.jpg'><img loading=\"lazy\" decoding=\"async\" width=\"280\" height=\"280\" src=\"https:\/\/alkotaskft.hu\/wp-content\/uploads\/2024\/03\/20240325_092701-280x280.jpg\" class=\"attachment-thumbnail size-thumbnail\" alt=\"\" aria-describedby=\"gallery-1-5716\" \/><\/a>\n\t\t\t<\/div>\n\t\t\t\t<figcaption class='wp-caption-text gallery-caption' id='gallery-1-5716'>\n\t\t\t\tALKOT\u00c1S LSZ-40 17,0 fm &#8211; V\u00e1c\n\t\t\t\t<\/figcaption><\/figure><figure class='gallery-item'>\n\t\t\t<div class='gallery-icon landscape'>\n\t\t\t\t<a href='https:\/\/alkotaskft.hu\/wp-content\/uploads\/2024\/03\/20240325_092713.jpg'><img loading=\"lazy\" decoding=\"async\" width=\"280\" height=\"280\" src=\"https:\/\/alkotaskft.hu\/wp-content\/uploads\/2024\/03\/20240325_092713-280x280.jpg\" class=\"attachment-thumbnail size-thumbnail\" alt=\"\" aria-describedby=\"gallery-1-5717\" \/><\/a>\n\t\t\t<\/div>\n\t\t\t\t<figcaption class='wp-caption-text gallery-caption' id='gallery-1-5717'>\n\t\t\t\tALKOT\u00c1S LSZ-40 17,0 fm &#8211; V\u00e1c\n\t\t\t\t<\/figcaption><\/figure><figure class='gallery-item'>\n\t\t\t<div class='gallery-icon landscape'>\n\t\t\t\t<a href='https:\/\/alkotaskft.hu\/wp-content\/uploads\/2024\/03\/20240325_092729.jpg'><img loading=\"lazy\" decoding=\"async\" width=\"280\" height=\"136\" src=\"https:\/\/alkotaskft.hu\/wp-content\/uploads\/2024\/03\/20240325_092729-280x136.jpg\" class=\"attachment-thumbnail size-thumbnail\" alt=\"\" aria-describedby=\"gallery-1-5718\" \/><\/a>\n\t\t\t<\/div>\n\t\t\t\t<figcaption class='wp-caption-text gallery-caption' id='gallery-1-5718'>\n\t\t\t\tALKOT\u00c1S LSZ-40 17,0 fm &#8211; V\u00e1c\n\t\t\t\t<\/figcaption><\/figure><figure class='gallery-item'>\n\t\t\t<div class='gallery-icon landscape'>\n\t\t\t\t<a href='https:\/\/alkotaskft.hu\/wp-content\/uploads\/2024\/03\/20240325_092736.jpg'><img loading=\"lazy\" decoding=\"async\" width=\"280\" height=\"144\" src=\"https:\/\/alkotaskft.hu\/wp-content\/uploads\/2024\/03\/20240325_092736-280x144.jpg\" class=\"attachment-thumbnail size-thumbnail\" alt=\"\" aria-describedby=\"gallery-1-5719\" \/><\/a>\n\t\t\t<\/div>\n\t\t\t\t<figcaption class='wp-caption-text gallery-caption' id='gallery-1-5719'>\n\t\t\t\tALKOT\u00c1S LSZ-40 17,0 fm &#8211; V\u00e1c\n\t\t\t\t<\/figcaption><\/figure><figure class='gallery-item'>\n\t\t\t<div class='gallery-icon landscape'>\n\t\t\t\t<a href='https:\/\/alkotaskft.hu\/wp-content\/uploads\/2024\/03\/20240325_113748.jpg'><img loading=\"lazy\" decoding=\"async\" width=\"280\" height=\"280\" src=\"https:\/\/alkotaskft.hu\/wp-content\/uploads\/2024\/03\/20240325_113748-280x280.jpg\" class=\"attachment-thumbnail size-thumbnail\" alt=\"\" aria-describedby=\"gallery-1-5720\" \/><\/a>\n\t\t\t<\/div>\n\t\t\t\t<figcaption class='wp-caption-text gallery-caption' id='gallery-1-5720'>\n\t\t\t\tALKOT\u00c1S LSZ-40 17,0 fm &#8211; V\u00e1c\n\t\t\t\t<\/figcaption><\/figure><figure class='gallery-item'>\n\t\t\t<div class='gallery-icon landscape'>\n\t\t\t\t<a href='https:\/\/alkotaskft.hu\/wp-content\/uploads\/2024\/03\/20240325_113754.jpg'><img loading=\"lazy\" decoding=\"async\" width=\"280\" height=\"280\" src=\"https:\/\/alkotaskft.hu\/wp-content\/uploads\/2024\/03\/20240325_113754-280x280.jpg\" class=\"attachment-thumbnail size-thumbnail\" alt=\"\" aria-describedby=\"gallery-1-5721\" \/><\/a>\n\t\t\t<\/div>\n\t\t\t\t<figcaption class='wp-caption-text gallery-caption' id='gallery-1-5721'>\n\t\t\t\tALKOT\u00c1S LSZ-40 17,0 fm &#8211; V\u00e1c\n\t\t\t\t<\/figcaption><\/figure><figure class='gallery-item'>\n\t\t\t<div class='gallery-icon landscape'>\n\t\t\t\t<a href='https:\/\/alkotaskft.hu\/wp-content\/uploads\/2024\/03\/20240325_113803.jpg'><img loading=\"lazy\" decoding=\"async\" width=\"280\" height=\"220\" src=\"https:\/\/alkotaskft.hu\/wp-content\/uploads\/2024\/03\/20240325_113803-280x220.jpg\" class=\"attachment-thumbnail size-thumbnail\" alt=\"\" aria-describedby=\"gallery-1-5722\" \/><\/a>\n\t\t\t<\/div>\n\t\t\t\t<figcaption class='wp-caption-text gallery-caption' id='gallery-1-5722'>\n\t\t\t\tALKOT\u00c1S LSZ-40 17,0 fm &#8211; V\u00e1c\n\t\t\t\t<\/figcaption><\/figure><figure class='gallery-item'>\n\t\t\t<div class='gallery-icon landscape'>\n\t\t\t\t<a href='https:\/\/alkotaskft.hu\/wp-content\/uploads\/2024\/03\/20240325_113813.jpg'><img loading=\"lazy\" decoding=\"async\" width=\"280\" height=\"280\" src=\"https:\/\/alkotaskft.hu\/wp-content\/uploads\/2024\/03\/20240325_113813-280x280.jpg\" class=\"attachment-thumbnail size-thumbnail\" alt=\"\" aria-describedby=\"gallery-1-5723\" \/><\/a>\n\t\t\t<\/div>\n\t\t\t\t<figcaption class='wp-caption-text gallery-caption' id='gallery-1-5723'>\n\t\t\t\tALKOT\u00c1S LSZ-40 17,0 fm &#8211; V\u00e1c\n\t\t\t\t<\/figcaption><\/figure><figure class='gallery-item'>\n\t\t\t<div class='gallery-icon landscape'>\n\t\t\t\t<a href='https:\/\/alkotaskft.hu\/wp-content\/uploads\/2024\/03\/20240325_113822.jpg'><img loading=\"lazy\" decoding=\"async\" width=\"280\" height=\"280\" src=\"https:\/\/alkotaskft.hu\/wp-content\/uploads\/2024\/03\/20240325_113822-280x280.jpg\" class=\"attachment-thumbnail size-thumbnail\" alt=\"\" aria-describedby=\"gallery-1-5724\" \/><\/a>\n\t\t\t<\/div>\n\t\t\t\t<figcaption class='wp-caption-text gallery-caption' id='gallery-1-5724'>\n\t\t\t\tALKOT\u00c1S LSZ-40 17,0 fm &#8211; V\u00e1c\n\t\t\t\t<\/figcaption><\/figure><figure class='gallery-item'>\n\t\t\t<div class='gallery-icon landscape'>\n\t\t\t\t<a href='https:\/\/alkotaskft.hu\/wp-content\/uploads\/2024\/03\/20240325_113831.jpg'><img loading=\"lazy\" decoding=\"async\" width=\"280\" height=\"280\" src=\"https:\/\/alkotaskft.hu\/wp-content\/uploads\/2024\/03\/20240325_113831-280x280.jpg\" class=\"attachment-thumbnail size-thumbnail\" alt=\"\" aria-describedby=\"gallery-1-5725\" \/><\/a>\n\t\t\t<\/div>\n\t\t\t\t<figcaption class='wp-caption-text gallery-caption' id='gallery-1-5725'>\n\t\t\t\tALKOT\u00c1S LSZ-40 17,0 fm &#8211; V\u00e1c\n\t\t\t\t<\/figcaption><\/figure><figure class='gallery-item'>\n\t\t\t<div class='gallery-icon landscape'>\n\t\t\t\t<a href='https:\/\/alkotaskft.hu\/wp-content\/uploads\/2024\/03\/20240325_113839.jpg'><img loading=\"lazy\" decoding=\"async\" width=\"280\" height=\"137\" src=\"https:\/\/alkotaskft.hu\/wp-content\/uploads\/2024\/03\/20240325_113839-280x137.jpg\" class=\"attachment-thumbnail size-thumbnail\" alt=\"\" aria-describedby=\"gallery-1-5726\" \/><\/a>\n\t\t\t<\/div>\n\t\t\t\t<figcaption class='wp-caption-text gallery-caption' id='gallery-1-5726'>\n\t\t\t\tALKOT\u00c1S LSZ-40 17,0 fm &#8211; V\u00e1c\n\t\t\t\t<\/figcaption><\/figure><figure class='gallery-item'>\n\t\t\t<div class='gallery-icon portrait'>\n\t\t\t\t<a href='https:\/\/alkotaskft.hu\/wp-content\/uploads\/2024\/03\/20240325_113904.jpg'><img loading=\"lazy\" decoding=\"async\" width=\"280\" height=\"280\" src=\"https:\/\/alkotaskft.hu\/wp-content\/uploads\/2024\/03\/20240325_113904-280x280.jpg\" class=\"attachment-thumbnail size-thumbnail\" alt=\"\" aria-describedby=\"gallery-1-5727\" \/><\/a>\n\t\t\t<\/div>\n\t\t\t\t<figcaption class='wp-caption-text gallery-caption' id='gallery-1-5727'>\n\t\t\t\tALKOT\u00c1S LSZ-40 17,0 fm &#8211; V\u00e1c\n\t\t\t\t<\/figcaption><\/figure><figure class='gallery-item'>\n\t\t\t<div class='gallery-icon landscape'>\n\t\t\t\t<a href='https:\/\/alkotaskft.hu\/wp-content\/uploads\/2024\/03\/20240325_113936.jpg'><img loading=\"lazy\" decoding=\"async\" width=\"280\" height=\"280\" src=\"https:\/\/alkotaskft.hu\/wp-content\/uploads\/2024\/03\/20240325_113936-280x280.jpg\" class=\"attachment-thumbnail size-thumbnail\" alt=\"\" aria-describedby=\"gallery-1-5728\" \/><\/a>\n\t\t\t<\/div>\n\t\t\t\t<figcaption class='wp-caption-text gallery-caption' id='gallery-1-5728'>\n\t\t\t\tALKOT\u00c1S LSZ-40 17,0 fm &#8211; V\u00e1c\n\t\t\t\t<\/figcaption><\/figure>\n\t\t<\/div>\n\n","protected":false},"excerpt":{"rendered":"<p>Gy\u00e1rt\u00e1s ideje: 2024.03.04-25.Gy\u00e1rtott term\u00e9kek:ALKOT\u00c1S LSZ-40 l\u00e1ncos sz\u00e1ll\u00edt\u00f3 (sz\u00e1ll\u00edt\u00f3 r\u00e9dler) 15,5 fm-esALKOT\u00c1S LSZ-40 l\u00e1ncos sz\u00e1ll\u00edt\u00f3 (sz\u00e1ll\u00edt\u00f3 r\u00e9dler) 17,0 fm-esBe\u00e9p\u00edt\u00e9s helye: V\u00e1c &#8211; V\u00e1ci Malom Kft.<\/p>\n<div class='heateor_sss_sharing_container heateor_sss_vertical_sharing heateor_sss_bottom_sharing' style='width:29px;right: 0px;top: 220px;-webkit-box-shadow:none;box-shadow:none;' data-heateor-sss-href='https:\/\/alkotaskft.hu\/de\/wp-json\/wp\/v2\/pages\/5706'><div class=\"heateor_sss_sharing_ul\"><a aria-label=\"Facebook\" class=\"heateor_sss_facebook\" href=\"https:\/\/www.facebook.com\/sharer\/sharer.php?u=https%3A%2F%2Falkotaskft.hu%2Fde%2Fwp-json%2Fwp%2Fv2%2Fpages%2F5706\" title=\"Facebook\" rel=\"nofollow noopener\" target=\"_blank\" style=\"font-size:32px!important;box-shadow:none;display:inline-block;vertical-align:middle\"><span class=\"heateor_sss_svg\" style=\"background-color:#0765FE;width:25px;height:25px;margin:0;display:inline-block;opacity:1;float:left;font-size:32px;box-shadow:none;display:inline-block;font-size:16px;padding:0 4px;vertical-align:middle;background-repeat:repeat;overflow:hidden;padding:0;cursor:pointer;box-sizing:content-box\"><svg style=\"display:block;\" focusable=\"false\" aria-hidden=\"true\" xmlns=\"http:\/\/www.w3.org\/2000\/svg\" width=\"100%\" height=\"100%\" viewBox=\"0 0 32 32\"><path fill=\"#fff\" d=\"M28 16c0-6.627-5.373-12-12-12S4 9.373 4 16c0 5.628 3.875 10.35 9.101 11.647v-7.98h-2.474V16H13.1v-1.58c0-4.085 1.849-5.978 5.859-5.978.76 0 2.072.15 2.608.298v3.325c-.283-.03-.775-.045-1.386-.045-1.967 0-2.728.745-2.728 2.683V16h3.92l-.673 3.667h-3.247v8.245C23.395 27.195 28 22.135 28 16Z\"><\/path><\/svg><\/span><\/a><a aria-label=\"Twitter\" class=\"heateor_sss_button_twitter\" href=\"https:\/\/twitter.com\/intent\/tweet?text=Alkot%C3%A1s%20Kft.%20-%20&url=https%3A%2F%2Falkotaskft.hu%2Fde%2Fwp-json%2Fwp%2Fv2%2Fpages%2F5706\" title=\"Twitter\" rel=\"nofollow noopener\" target=\"_blank\" style=\"font-size:32px!important;box-shadow:none;display:inline-block;vertical-align:middle\"><span class=\"heateor_sss_svg heateor_sss_s__default heateor_sss_s_twitter\" style=\"background-color:#55acee;width:25px;height:25px;margin:0;display:inline-block;opacity:1;float:left;font-size:32px;box-shadow:none;display:inline-block;font-size:16px;padding:0 4px;vertical-align:middle;background-repeat:repeat;overflow:hidden;padding:0;cursor:pointer;box-sizing:content-box\"><svg style=\"display:block;\" focusable=\"false\" aria-hidden=\"true\" xmlns=\"http:\/\/www.w3.org\/2000\/svg\" width=\"100%\" height=\"100%\" viewBox=\"-4 -4 39 39\"><path d=\"M28 8.557a9.913 9.913 0 0 1-2.828.775 4.93 4.93 0 0 0 2.166-2.725 9.738 9.738 0 0 1-3.13 1.194 4.92 4.92 0 0 0-3.593-1.55 4.924 4.924 0 0 0-4.794 6.049c-4.09-.21-7.72-2.17-10.15-5.15a4.942 4.942 0 0 0-.665 2.477c0 1.71.87 3.214 2.19 4.1a4.968 4.968 0 0 1-2.23-.616v.06c0 2.39 1.7 4.38 3.952 4.83-.414.115-.85.174-1.297.174-.318 0-.626-.03-.928-.086a4.935 4.935 0 0 0 4.6 3.42 9.893 9.893 0 0 1-6.114 2.107c-.398 0-.79-.023-1.175-.068a13.953 13.953 0 0 0 7.55 2.213c9.056 0 14.01-7.507 14.01-14.013 0-.213-.005-.426-.015-.637.96-.695 1.795-1.56 2.455-2.55z\" fill=\"#fff\"><\/path><\/svg><\/span><\/a><a class=\"heateor_sss_more\" aria-label=\"More\" title=\"More\" rel=\"nofollow noopener\" style=\"font-size: 32px!important;border:0;box-shadow:none;display:inline-block!important;font-size:16px;padding:0 4px;vertical-align: middle;display:inline;\" href=\"https:\/\/alkotaskft.hu\/de\/wp-json\/wp\/v2\/pages\/5706\" onclick=\"event.preventDefault()\"><span class=\"heateor_sss_svg\" style=\"background-color:#ee8e2d;width:25px;height:25px;margin:0;display:inline-block!important;opacity:1;float:left;font-size:32px!important;box-shadow:none;display:inline-block;font-size:16px;padding:0 4px;vertical-align:middle;display:inline;background-repeat:repeat;overflow:hidden;padding:0;cursor:pointer;box-sizing:content-box;\" onclick=\"heateorSssMoreSharingPopup(this, 'https:\/\/alkotaskft.hu\/de\/wp-json\/wp\/v2\/pages\/5706', 'Alkot%C3%A1s%20Kft.%20-%20', '' )\"><svg xmlns=\"http:\/\/www.w3.org\/2000\/svg\" xmlns:xlink=\"http:\/\/www.w3.org\/1999\/xlink\" viewBox=\"-.3 0 32 32\" version=\"1.1\" width=\"100%\" height=\"100%\" style=\"display:block;\" xml:space=\"preserve\"><g><path fill=\"#fff\" d=\"M18 14V8h-4v6H8v4h6v6h4v-6h6v-4h-6z\" fill-rule=\"evenodd\"><\/path><\/g><\/svg><\/span><\/a><\/div><div class=\"heateorSssClear\"><\/div><\/div>","protected":false},"author":3,"featured_media":0,"parent":0,"menu_order":0,"comment_status":"closed","ping_status":"closed","template":"","meta":{"_acf_changed":false,"footnotes":""},"categories":[],"tags":[],"class_list":["post-5706","page","type-page","status-publish","hentry"],"yoast_head":"<!-- This site is optimized with the Yoast SEO plugin v27.3 - https:\/\/yoast.com\/product\/yoast-seo-wordpress\/ -->\n<title>V\u00e1c- V\u00e1ci Malom Kft. - Alkot\u00e1s Kft.<\/title>\n<meta name=\"robots\" content=\"index, follow, max-snippet:-1, max-image-preview:large, max-video-preview:-1\" \/>\n<link rel=\"canonical\" href=\"https:\/\/alkotaskft.hu\/vac-vaci-malom-kft\/\" \/>\n<meta property=\"og:locale\" content=\"de_DE\" \/>\n<meta property=\"og:type\" content=\"article\" \/>\n<meta property=\"og:title\" content=\"V\u00e1c- V\u00e1ci Malom Kft. - Alkot\u00e1s Kft.\" \/>\n<meta property=\"og:description\" content=\"Gy\u00e1rt\u00e1s ideje: 2024.03.04-25.Gy\u00e1rtott term\u00e9kek:ALKOT\u00c1S LSZ-40 l\u00e1ncos sz\u00e1ll\u00edt\u00f3 (sz\u00e1ll\u00edt\u00f3 r\u00e9dler) 15,5 fm-esALKOT\u00c1S LSZ-40 l\u00e1ncos sz\u00e1ll\u00edt\u00f3 (sz\u00e1ll\u00edt\u00f3 r\u00e9dler) 17,0 fm-esBe\u00e9p\u00edt\u00e9s helye: V\u00e1c &#8211; V\u00e1ci Malom Kft.\" \/>\n<meta property=\"og:url\" content=\"https:\/\/alkotaskft.hu\/vac-vaci-malom-kft\/\" \/>\n<meta property=\"og:site_name\" content=\"Alkot\u00e1s Kft.\" \/>\n<meta property=\"article:modified_time\" content=\"2024-03-27T13:36:05+00:00\" \/>\n<meta property=\"og:image\" content=\"https:\/\/alkotaskft.hu\/wp-content\/uploads\/2024\/03\/20240325_092327-280x280.jpg\" \/>\n<meta name=\"twitter:card\" content=\"summary_large_image\" \/>\n<script type=\"application\/ld+json\" class=\"yoast-schema-graph\">{\"@context\":\"https:\\\/\\\/schema.org\",\"@graph\":[{\"@type\":\"WebPage\",\"@id\":\"https:\\\/\\\/alkotaskft.hu\\\/vac-vaci-malom-kft\\\/\",\"url\":\"https:\\\/\\\/alkotaskft.hu\\\/vac-vaci-malom-kft\\\/\",\"name\":\"V\u00e1c- V\u00e1ci Malom Kft. - Alkot\u00e1s Kft.\",\"isPartOf\":{\"@id\":\"https:\\\/\\\/alkotaskft.hu\\\/#website\"},\"datePublished\":\"2024-03-27T13:29:54+00:00\",\"dateModified\":\"2024-03-27T13:36:05+00:00\",\"breadcrumb\":{\"@id\":\"https:\\\/\\\/alkotaskft.hu\\\/vac-vaci-malom-kft\\\/#breadcrumb\"},\"inLanguage\":\"de\",\"potentialAction\":[{\"@type\":\"ReadAction\",\"target\":[\"https:\\\/\\\/alkotaskft.hu\\\/vac-vaci-malom-kft\\\/\"]}]},{\"@type\":\"BreadcrumbList\",\"@id\":\"https:\\\/\\\/alkotaskft.hu\\\/vac-vaci-malom-kft\\\/#breadcrumb\",\"itemListElement\":[{\"@type\":\"ListItem\",\"position\":1,\"name\":\"Home\",\"item\":\"https:\\\/\\\/alkotaskft.hu\\\/\"},{\"@type\":\"ListItem\",\"position\":2,\"name\":\"V\u00e1c- V\u00e1ci Malom Kft.\"}]},{\"@type\":\"WebSite\",\"@id\":\"https:\\\/\\\/alkotaskft.hu\\\/#website\",\"url\":\"https:\\\/\\\/alkotaskft.hu\\\/\",\"name\":\"Alkot\u00e1s Kft.\",\"description\":\"\",\"potentialAction\":[{\"@type\":\"SearchAction\",\"target\":{\"@type\":\"EntryPoint\",\"urlTemplate\":\"https:\\\/\\\/alkotaskft.hu\\\/?s={search_term_string}\"},\"query-input\":{\"@type\":\"PropertyValueSpecification\",\"valueRequired\":true,\"valueName\":\"search_term_string\"}}],\"inLanguage\":\"de\"}]}<\/script>\n<!-- \/ Yoast SEO plugin. -->","yoast_head_json":{"title":"V\u00e1c- V\u00e1ci Malom Kft. - Alkot\u00e1s Kft.","robots":{"index":"index","follow":"follow","max-snippet":"max-snippet:-1","max-image-preview":"max-image-preview:large","max-video-preview":"max-video-preview:-1"},"canonical":"https:\/\/alkotaskft.hu\/vac-vaci-malom-kft\/","og_locale":"de_DE","og_type":"article","og_title":"V\u00e1c- V\u00e1ci Malom Kft. - Alkot\u00e1s Kft.","og_description":"Gy\u00e1rt\u00e1s ideje: 2024.03.04-25.Gy\u00e1rtott term\u00e9kek:ALKOT\u00c1S LSZ-40 l\u00e1ncos sz\u00e1ll\u00edt\u00f3 (sz\u00e1ll\u00edt\u00f3 r\u00e9dler) 15,5 fm-esALKOT\u00c1S LSZ-40 l\u00e1ncos sz\u00e1ll\u00edt\u00f3 (sz\u00e1ll\u00edt\u00f3 r\u00e9dler) 17,0 fm-esBe\u00e9p\u00edt\u00e9s helye: V\u00e1c &#8211; V\u00e1ci Malom Kft.","og_url":"https:\/\/alkotaskft.hu\/vac-vaci-malom-kft\/","og_site_name":"Alkot\u00e1s Kft.","article_modified_time":"2024-03-27T13:36:05+00:00","og_image":[{"url":"https:\/\/alkotaskft.hu\/wp-content\/uploads\/2024\/03\/20240325_092327-280x280.jpg","type":"","width":"","height":""}],"twitter_card":"summary_large_image","schema":{"@context":"https:\/\/schema.org","@graph":[{"@type":"WebPage","@id":"https:\/\/alkotaskft.hu\/vac-vaci-malom-kft\/","url":"https:\/\/alkotaskft.hu\/vac-vaci-malom-kft\/","name":"V\u00e1c- V\u00e1ci Malom Kft. - Alkot\u00e1s Kft.","isPartOf":{"@id":"https:\/\/alkotaskft.hu\/#website"},"datePublished":"2024-03-27T13:29:54+00:00","dateModified":"2024-03-27T13:36:05+00:00","breadcrumb":{"@id":"https:\/\/alkotaskft.hu\/vac-vaci-malom-kft\/#breadcrumb"},"inLanguage":"de","potentialAction":[{"@type":"ReadAction","target":["https:\/\/alkotaskft.hu\/vac-vaci-malom-kft\/"]}]},{"@type":"BreadcrumbList","@id":"https:\/\/alkotaskft.hu\/vac-vaci-malom-kft\/#breadcrumb","itemListElement":[{"@type":"ListItem","position":1,"name":"Home","item":"https:\/\/alkotaskft.hu\/"},{"@type":"ListItem","position":2,"name":"V\u00e1c- V\u00e1ci Malom Kft."}]},{"@type":"WebSite","@id":"https:\/\/alkotaskft.hu\/#website","url":"https:\/\/alkotaskft.hu\/","name":"Alkot\u00e1s Kft.","description":"","potentialAction":[{"@type":"SearchAction","target":{"@type":"EntryPoint","urlTemplate":"https:\/\/alkotaskft.hu\/?s={search_term_string}"},"query-input":{"@type":"PropertyValueSpecification","valueRequired":true,"valueName":"search_term_string"}}],"inLanguage":"de"}]}},"acf":[],"_links":{"self":[{"href":"https:\/\/alkotaskft.hu\/de\/wp-json\/wp\/v2\/pages\/5706","targetHints":{"allow":["GET"]}}],"collection":[{"href":"https:\/\/alkotaskft.hu\/de\/wp-json\/wp\/v2\/pages"}],"about":[{"href":"https:\/\/alkotaskft.hu\/de\/wp-json\/wp\/v2\/types\/page"}],"author":[{"embeddable":true,"href":"https:\/\/alkotaskft.hu\/de\/wp-json\/wp\/v2\/users\/3"}],"replies":[{"embeddable":true,"href":"https:\/\/alkotaskft.hu\/de\/wp-json\/wp\/v2\/comments?post=5706"}],"version-history":[{"count":2,"href":"https:\/\/alkotaskft.hu\/de\/wp-json\/wp\/v2\/pages\/5706\/revisions"}],"predecessor-version":[{"id":5729,"href":"https:\/\/alkotaskft.hu\/de\/wp-json\/wp\/v2\/pages\/5706\/revisions\/5729"}],"wp:attachment":[{"href":"https:\/\/alkotaskft.hu\/de\/wp-json\/wp\/v2\/media?parent=5706"}],"wp:term":[{"taxonomy":"category","embeddable":true,"href":"https:\/\/alkotaskft.hu\/de\/wp-json\/wp\/v2\/categories?post=5706"},{"taxonomy":"post_tag","embeddable":true,"href":"https:\/\/alkotaskft.hu\/de\/wp-json\/wp\/v2\/tags?post=5706"}],"curies":[{"name":"wp","href":"https:\/\/api.w.org\/{rel}","templated":true}]}}