{"id":5519,"date":"2023-11-30T11:59:02","date_gmt":"2023-11-30T10:59:02","guid":{"rendered":"https:\/\/alkotaskft.hu\/?page_id=5519"},"modified":"2023-11-30T12:05:32","modified_gmt":"2023-11-30T11:05:32","slug":"alkotas-hsz-6-70-hattyunyakas-szallito-szalag-hercegkut","status":"publish","type":"page","link":"https:\/\/alkotaskft.hu\/de\/alkotas-hsz-6-70-hattyunyakas-szallito-szalag-hercegkut\/","title":{"rendered":"ALKOT\u00c1S HSZ-6.70 hatty\u00fanyakas sz\u00e1ll\u00edt\u00f3 szalag &#8211; Hercegk\u00fat"},"content":{"rendered":"<h4 class=\"lead\" style=\"text-align: center;\">D\u00e1tum: 2023.11.30<br \/>Be\u00e9p\u00edt\u00e9s helye: Hercegk\u00fat &#8211; Na\u00e1r Ferenc<br \/>Feladat: sz\u0151l\u0151 pr\u00e9s al\u00f3l t\u00f6rk\u00f6ly \u00e9s sz\u00e1r felhord\u00e1s t\u00e1rol\u00f3ba<br \/>Kivitel:<br \/>\u2013 400 mm- es PVC heveder,80 mm magas hull\u00e1mperemmel<br \/>-1,5 kW-os hajt\u00f3m\u0171ves villanymotorral<br \/>\u2013 mobil, kerekeken gurul\u00f3s kivitel<\/h4>\n<div id='gallery-1' class='gallery galleryid-5519 gallery-columns-3 gallery-size-full'><figure class='gallery-item'>\n\t\t\t<div class='gallery-icon landscape'>\n\t\t\t\t<a href='https:\/\/alkotaskft.hu\/wp-content\/uploads\/2023\/11\/20231130_091623.jpg'><img loading=\"lazy\" decoding=\"async\" width=\"900\" height=\"726\" src=\"https:\/\/alkotaskft.hu\/wp-content\/uploads\/2023\/11\/20231130_091623.jpg\" class=\"attachment-full size-full\" alt=\"\" aria-describedby=\"gallery-1-5528\" srcset=\"https:\/\/alkotaskft.hu\/wp-content\/uploads\/2023\/11\/20231130_091623.jpg 900w, https:\/\/alkotaskft.hu\/wp-content\/uploads\/2023\/11\/20231130_091623-496x400.jpg 496w, https:\/\/alkotaskft.hu\/wp-content\/uploads\/2023\/11\/20231130_091623-768x620.jpg 768w\" sizes=\"auto, (max-width: 900px) 100vw, 900px\" \/><\/a>\n\t\t\t<\/div>\n\t\t\t\t<figcaption class='wp-caption-text gallery-caption' id='gallery-1-5528'>\n\t\t\t\tALKOT\u00c1S HSZ-6.70 hatty\u00fanyakas sz\u00e1ll\u00edt\u00f3 szalag &#8211; Herecegk\u00fat\n\t\t\t\t<\/figcaption><\/figure><figure class='gallery-item'>\n\t\t\t<div class='gallery-icon landscape'>\n\t\t\t\t<a href='https:\/\/alkotaskft.hu\/wp-content\/uploads\/2023\/11\/20231130_091633.jpg'><img loading=\"lazy\" decoding=\"async\" width=\"900\" height=\"543\" src=\"https:\/\/alkotaskft.hu\/wp-content\/uploads\/2023\/11\/20231130_091633.jpg\" class=\"attachment-full size-full\" alt=\"\" aria-describedby=\"gallery-1-5529\" srcset=\"https:\/\/alkotaskft.hu\/wp-content\/uploads\/2023\/11\/20231130_091633.jpg 900w, https:\/\/alkotaskft.hu\/wp-content\/uploads\/2023\/11\/20231130_091633-663x400.jpg 663w, https:\/\/alkotaskft.hu\/wp-content\/uploads\/2023\/11\/20231130_091633-768x463.jpg 768w\" sizes=\"auto, (max-width: 900px) 100vw, 900px\" \/><\/a>\n\t\t\t<\/div>\n\t\t\t\t<figcaption class='wp-caption-text gallery-caption' id='gallery-1-5529'>\n\t\t\t\tALKOT\u00c1S HSZ-6.70 hatty\u00fanyakas sz\u00e1ll\u00edt\u00f3 szalag &#8211; Herecegk\u00fat\n\t\t\t\t<\/figcaption><\/figure><figure class='gallery-item'>\n\t\t\t<div class='gallery-icon portrait'>\n\t\t\t\t<a href='https:\/\/alkotaskft.hu\/wp-content\/uploads\/2023\/11\/20231130_091552.jpg'><img loading=\"lazy\" decoding=\"async\" width=\"834\" height=\"900\" src=\"https:\/\/alkotaskft.hu\/wp-content\/uploads\/2023\/11\/20231130_091552.jpg\" class=\"attachment-full size-full\" alt=\"\" aria-describedby=\"gallery-1-5527\" srcset=\"https:\/\/alkotaskft.hu\/wp-content\/uploads\/2023\/11\/20231130_091552.jpg 834w, https:\/\/alkotaskft.hu\/wp-content\/uploads\/2023\/11\/20231130_091552-371x400.jpg 371w, https:\/\/alkotaskft.hu\/wp-content\/uploads\/2023\/11\/20231130_091552-741x800.jpg 741w, https:\/\/alkotaskft.hu\/wp-content\/uploads\/2023\/11\/20231130_091552-768x829.jpg 768w\" sizes=\"auto, (max-width: 834px) 100vw, 834px\" \/><\/a>\n\t\t\t<\/div>\n\t\t\t\t<figcaption class='wp-caption-text gallery-caption' id='gallery-1-5527'>\n\t\t\t\tALKOT\u00c1S HSZ-6.70 hatty\u00fanyakas sz\u00e1ll\u00edt\u00f3 szalag &#8211; Herecegk\u00fat\n\t\t\t\t<\/figcaption><\/figure><figure class='gallery-item'>\n\t\t\t<div class='gallery-icon landscape'>\n\t\t\t\t<a href='https:\/\/alkotaskft.hu\/wp-content\/uploads\/2023\/11\/20231130_091643.jpg'><img loading=\"lazy\" decoding=\"async\" width=\"900\" height=\"425\" src=\"https:\/\/alkotaskft.hu\/wp-content\/uploads\/2023\/11\/20231130_091643.jpg\" class=\"attachment-full size-full\" alt=\"\" aria-describedby=\"gallery-1-5530\" srcset=\"https:\/\/alkotaskft.hu\/wp-content\/uploads\/2023\/11\/20231130_091643.jpg 900w, https:\/\/alkotaskft.hu\/wp-content\/uploads\/2023\/11\/20231130_091643-800x378.jpg 800w, https:\/\/alkotaskft.hu\/wp-content\/uploads\/2023\/11\/20231130_091643-768x363.jpg 768w\" sizes=\"auto, (max-width: 900px) 100vw, 900px\" \/><\/a>\n\t\t\t<\/div>\n\t\t\t\t<figcaption class='wp-caption-text gallery-caption' id='gallery-1-5530'>\n\t\t\t\tALKOT\u00c1S HSZ-6.70 hatty\u00fanyakas sz\u00e1ll\u00edt\u00f3 szalag &#8211; Herecegk\u00fat\n\t\t\t\t<\/figcaption><\/figure><figure class='gallery-item'>\n\t\t\t<div class='gallery-icon landscape'>\n\t\t\t\t<a href='https:\/\/alkotaskft.hu\/wp-content\/uploads\/2023\/11\/20231130_091522.jpg'><img loading=\"lazy\" decoding=\"async\" width=\"900\" height=\"645\" src=\"https:\/\/alkotaskft.hu\/wp-content\/uploads\/2023\/11\/20231130_091522.jpg\" class=\"attachment-full size-full\" alt=\"\" aria-describedby=\"gallery-1-5526\" srcset=\"https:\/\/alkotaskft.hu\/wp-content\/uploads\/2023\/11\/20231130_091522.jpg 900w, https:\/\/alkotaskft.hu\/wp-content\/uploads\/2023\/11\/20231130_091522-558x400.jpg 558w, https:\/\/alkotaskft.hu\/wp-content\/uploads\/2023\/11\/20231130_091522-768x550.jpg 768w\" sizes=\"auto, (max-width: 900px) 100vw, 900px\" \/><\/a>\n\t\t\t<\/div>\n\t\t\t\t<figcaption class='wp-caption-text gallery-caption' id='gallery-1-5526'>\n\t\t\t\tALKOT\u00c1S HSZ-6.70 hatty\u00fanyakas sz\u00e1ll\u00edt\u00f3 szalag &#8211; Herecegk\u00fat\n\t\t\t\t<\/figcaption><\/figure><figure class='gallery-item'>\n\t\t\t<div class='gallery-icon landscape'>\n\t\t\t\t<a href='https:\/\/alkotaskft.hu\/wp-content\/uploads\/2023\/11\/20231130_091513.jpg'><img loading=\"lazy\" decoding=\"async\" width=\"900\" height=\"535\" src=\"https:\/\/alkotaskft.hu\/wp-content\/uploads\/2023\/11\/20231130_091513.jpg\" class=\"attachment-full size-full\" alt=\"\" aria-describedby=\"gallery-1-5525\" srcset=\"https:\/\/alkotaskft.hu\/wp-content\/uploads\/2023\/11\/20231130_091513.jpg 900w, https:\/\/alkotaskft.hu\/wp-content\/uploads\/2023\/11\/20231130_091513-673x400.jpg 673w, https:\/\/alkotaskft.hu\/wp-content\/uploads\/2023\/11\/20231130_091513-768x457.jpg 768w\" sizes=\"auto, (max-width: 900px) 100vw, 900px\" \/><\/a>\n\t\t\t<\/div>\n\t\t\t\t<figcaption class='wp-caption-text gallery-caption' id='gallery-1-5525'>\n\t\t\t\tALKOT\u00c1S HSZ-6.70 hatty\u00fanyakas sz\u00e1ll\u00edt\u00f3 szalag &#8211; Herecegk\u00fat\n\t\t\t\t<\/figcaption><\/figure><figure class='gallery-item'>\n\t\t\t<div class='gallery-icon landscape'>\n\t\t\t\t<a href='https:\/\/alkotaskft.hu\/wp-content\/uploads\/2023\/11\/20231130_091444.jpg'><img loading=\"lazy\" decoding=\"async\" width=\"900\" height=\"760\" src=\"https:\/\/alkotaskft.hu\/wp-content\/uploads\/2023\/11\/20231130_091444.jpg\" class=\"attachment-full size-full\" alt=\"\" aria-describedby=\"gallery-1-5522\" srcset=\"https:\/\/alkotaskft.hu\/wp-content\/uploads\/2023\/11\/20231130_091444.jpg 900w, https:\/\/alkotaskft.hu\/wp-content\/uploads\/2023\/11\/20231130_091444-474x400.jpg 474w, https:\/\/alkotaskft.hu\/wp-content\/uploads\/2023\/11\/20231130_091444-768x649.jpg 768w\" sizes=\"auto, (max-width: 900px) 100vw, 900px\" \/><\/a>\n\t\t\t<\/div>\n\t\t\t\t<figcaption class='wp-caption-text gallery-caption' id='gallery-1-5522'>\n\t\t\t\tALKOT\u00c1S HSZ-6.70 hatty\u00fanyakas sz\u00e1ll\u00edt\u00f3 szalag &#8211; Herecegk\u00fat\n\t\t\t\t<\/figcaption><\/figure><figure class='gallery-item'>\n\t\t\t<div class='gallery-icon portrait'>\n\t\t\t\t<a href='https:\/\/alkotaskft.hu\/wp-content\/uploads\/2023\/11\/20231130_091455-e1701342215389.jpg'><img loading=\"lazy\" decoding=\"async\" width=\"481\" height=\"900\" src=\"https:\/\/alkotaskft.hu\/wp-content\/uploads\/2023\/11\/20231130_091455-e1701342215389.jpg\" class=\"attachment-full size-full\" alt=\"\" aria-describedby=\"gallery-1-5523\" srcset=\"https:\/\/alkotaskft.hu\/wp-content\/uploads\/2023\/11\/20231130_091455-e1701342215389.jpg 481w, https:\/\/alkotaskft.hu\/wp-content\/uploads\/2023\/11\/20231130_091455-e1701342215389-214x400.jpg 214w, https:\/\/alkotaskft.hu\/wp-content\/uploads\/2023\/11\/20231130_091455-e1701342215389-428x800.jpg 428w\" sizes=\"auto, (max-width: 481px) 100vw, 481px\" \/><\/a>\n\t\t\t<\/div>\n\t\t\t\t<figcaption class='wp-caption-text gallery-caption' id='gallery-1-5523'>\n\t\t\t\tALKOT\u00c1S HSZ-6.70 hatty\u00fanyakas sz\u00e1ll\u00edt\u00f3 szalag &#8211; Herecegk\u00fat\n\t\t\t\t<\/figcaption><\/figure><figure class='gallery-item'>\n\t\t\t<div class='gallery-icon landscape'>\n\t\t\t\t<a href='https:\/\/alkotaskft.hu\/wp-content\/uploads\/2023\/11\/20231130_091503.jpg'><img loading=\"lazy\" decoding=\"async\" width=\"900\" height=\"736\" src=\"https:\/\/alkotaskft.hu\/wp-content\/uploads\/2023\/11\/20231130_091503.jpg\" class=\"attachment-full size-full\" alt=\"\" aria-describedby=\"gallery-1-5524\" srcset=\"https:\/\/alkotaskft.hu\/wp-content\/uploads\/2023\/11\/20231130_091503.jpg 900w, https:\/\/alkotaskft.hu\/wp-content\/uploads\/2023\/11\/20231130_091503-489x400.jpg 489w, https:\/\/alkotaskft.hu\/wp-content\/uploads\/2023\/11\/20231130_091503-768x628.jpg 768w\" sizes=\"auto, (max-width: 900px) 100vw, 900px\" \/><\/a>\n\t\t\t<\/div>\n\t\t\t\t<figcaption class='wp-caption-text gallery-caption' id='gallery-1-5524'>\n\t\t\t\tALKOT\u00c1S HSZ-6.70 hatty\u00fanyakas sz\u00e1ll\u00edt\u00f3 szalag &#8211; Herecegk\u00fat\n\t\t\t\t<\/figcaption><\/figure>\n\t\t<\/div>\n\n","protected":false},"excerpt":{"rendered":"<p>D\u00e1tum: 2023.11.30Be\u00e9p\u00edt\u00e9s helye: Hercegk\u00fat &#8211; Na\u00e1r FerencFeladat: sz\u0151l\u0151 pr\u00e9s al\u00f3l t\u00f6rk\u00f6ly \u00e9s sz\u00e1r felhord\u00e1s t\u00e1rol\u00f3baKivitel:\u2013 400 mm- es PVC heveder,80 mm magas hull\u00e1mperemmel-1,5 kW-os hajt\u00f3m\u0171ves villanymotorral\u2013 mobil, kerekeken gurul\u00f3s kivitel<\/p>\n<div class='heateor_sss_sharing_container heateor_sss_vertical_sharing heateor_sss_bottom_sharing' style='width:29px;right: 0px;top: 220px;-webkit-box-shadow:none;box-shadow:none;' data-heateor-sss-href='https:\/\/alkotaskft.hu\/de\/wp-json\/wp\/v2\/pages\/5519'><div class=\"heateor_sss_sharing_ul\"><a aria-label=\"Facebook\" class=\"heateor_sss_facebook\" href=\"https:\/\/www.facebook.com\/sharer\/sharer.php?u=https%3A%2F%2Falkotaskft.hu%2Fde%2Fwp-json%2Fwp%2Fv2%2Fpages%2F5519\" title=\"Facebook\" rel=\"nofollow noopener\" target=\"_blank\" style=\"font-size:32px!important;box-shadow:none;display:inline-block;vertical-align:middle\"><span class=\"heateor_sss_svg\" style=\"background-color:#0765FE;width:25px;height:25px;margin:0;display:inline-block;opacity:1;float:left;font-size:32px;box-shadow:none;display:inline-block;font-size:16px;padding:0 4px;vertical-align:middle;background-repeat:repeat;overflow:hidden;padding:0;cursor:pointer;box-sizing:content-box\"><svg style=\"display:block;\" focusable=\"false\" aria-hidden=\"true\" xmlns=\"http:\/\/www.w3.org\/2000\/svg\" width=\"100%\" height=\"100%\" viewBox=\"0 0 32 32\"><path fill=\"#fff\" d=\"M28 16c0-6.627-5.373-12-12-12S4 9.373 4 16c0 5.628 3.875 10.35 9.101 11.647v-7.98h-2.474V16H13.1v-1.58c0-4.085 1.849-5.978 5.859-5.978.76 0 2.072.15 2.608.298v3.325c-.283-.03-.775-.045-1.386-.045-1.967 0-2.728.745-2.728 2.683V16h3.92l-.673 3.667h-3.247v8.245C23.395 27.195 28 22.135 28 16Z\"><\/path><\/svg><\/span><\/a><a aria-label=\"Twitter\" class=\"heateor_sss_button_twitter\" href=\"https:\/\/twitter.com\/intent\/tweet?text=Alkot%C3%A1s%20Kft.%20-%20&url=https%3A%2F%2Falkotaskft.hu%2Fde%2Fwp-json%2Fwp%2Fv2%2Fpages%2F5519\" title=\"Twitter\" rel=\"nofollow noopener\" target=\"_blank\" style=\"font-size:32px!important;box-shadow:none;display:inline-block;vertical-align:middle\"><span class=\"heateor_sss_svg heateor_sss_s__default heateor_sss_s_twitter\" style=\"background-color:#55acee;width:25px;height:25px;margin:0;display:inline-block;opacity:1;float:left;font-size:32px;box-shadow:none;display:inline-block;font-size:16px;padding:0 4px;vertical-align:middle;background-repeat:repeat;overflow:hidden;padding:0;cursor:pointer;box-sizing:content-box\"><svg style=\"display:block;\" focusable=\"false\" aria-hidden=\"true\" xmlns=\"http:\/\/www.w3.org\/2000\/svg\" width=\"100%\" height=\"100%\" viewBox=\"-4 -4 39 39\"><path d=\"M28 8.557a9.913 9.913 0 0 1-2.828.775 4.93 4.93 0 0 0 2.166-2.725 9.738 9.738 0 0 1-3.13 1.194 4.92 4.92 0 0 0-3.593-1.55 4.924 4.924 0 0 0-4.794 6.049c-4.09-.21-7.72-2.17-10.15-5.15a4.942 4.942 0 0 0-.665 2.477c0 1.71.87 3.214 2.19 4.1a4.968 4.968 0 0 1-2.23-.616v.06c0 2.39 1.7 4.38 3.952 4.83-.414.115-.85.174-1.297.174-.318 0-.626-.03-.928-.086a4.935 4.935 0 0 0 4.6 3.42 9.893 9.893 0 0 1-6.114 2.107c-.398 0-.79-.023-1.175-.068a13.953 13.953 0 0 0 7.55 2.213c9.056 0 14.01-7.507 14.01-14.013 0-.213-.005-.426-.015-.637.96-.695 1.795-1.56 2.455-2.55z\" fill=\"#fff\"><\/path><\/svg><\/span><\/a><a class=\"heateor_sss_more\" aria-label=\"More\" title=\"More\" rel=\"nofollow noopener\" style=\"font-size: 32px!important;border:0;box-shadow:none;display:inline-block!important;font-size:16px;padding:0 4px;vertical-align: middle;display:inline;\" href=\"https:\/\/alkotaskft.hu\/de\/wp-json\/wp\/v2\/pages\/5519\" onclick=\"event.preventDefault()\"><span class=\"heateor_sss_svg\" style=\"background-color:#ee8e2d;width:25px;height:25px;margin:0;display:inline-block!important;opacity:1;float:left;font-size:32px!important;box-shadow:none;display:inline-block;font-size:16px;padding:0 4px;vertical-align:middle;display:inline;background-repeat:repeat;overflow:hidden;padding:0;cursor:pointer;box-sizing:content-box;\" onclick=\"heateorSssMoreSharingPopup(this, 'https:\/\/alkotaskft.hu\/de\/wp-json\/wp\/v2\/pages\/5519', 'Alkot%C3%A1s%20Kft.%20-%20', '' )\"><svg xmlns=\"http:\/\/www.w3.org\/2000\/svg\" xmlns:xlink=\"http:\/\/www.w3.org\/1999\/xlink\" viewBox=\"-.3 0 32 32\" version=\"1.1\" width=\"100%\" height=\"100%\" style=\"display:block;\" xml:space=\"preserve\"><g><path fill=\"#fff\" d=\"M18 14V8h-4v6H8v4h6v6h4v-6h6v-4h-6z\" fill-rule=\"evenodd\"><\/path><\/g><\/svg><\/span><\/a><\/div><div class=\"heateorSssClear\"><\/div><\/div>","protected":false},"author":3,"featured_media":0,"parent":0,"menu_order":0,"comment_status":"closed","ping_status":"closed","template":"","meta":{"_acf_changed":false,"footnotes":""},"categories":[],"tags":[],"class_list":["post-5519","page","type-page","status-publish","hentry"],"yoast_head":"<!-- This site is optimized with the Yoast SEO plugin v27.5 - https:\/\/yoast.com\/product\/yoast-seo-wordpress\/ -->\n<title>ALKOT\u00c1S HSZ-6.70 hatty\u00fanyakas sz\u00e1ll\u00edt\u00f3 szalag - Hercegk\u00fat - Alkot\u00e1s Kft.<\/title>\n<meta name=\"robots\" content=\"index, follow, max-snippet:-1, max-image-preview:large, max-video-preview:-1\" \/>\n<link rel=\"canonical\" href=\"https:\/\/alkotaskft.hu\/alkotas-hsz-6-70-hattyunyakas-szallito-szalag-hercegkut\/\" \/>\n<meta property=\"og:locale\" content=\"de_DE\" \/>\n<meta property=\"og:type\" content=\"article\" \/>\n<meta property=\"og:title\" content=\"ALKOT\u00c1S HSZ-6.70 hatty\u00fanyakas sz\u00e1ll\u00edt\u00f3 szalag - Hercegk\u00fat - Alkot\u00e1s Kft.\" \/>\n<meta property=\"og:description\" content=\"D\u00e1tum: 2023.11.30Be\u00e9p\u00edt\u00e9s helye: Hercegk\u00fat &#8211; Na\u00e1r FerencFeladat: sz\u0151l\u0151 pr\u00e9s al\u00f3l t\u00f6rk\u00f6ly \u00e9s sz\u00e1r felhord\u00e1s t\u00e1rol\u00f3baKivitel:\u2013 400 mm- es PVC heveder,80 mm magas hull\u00e1mperemmel-1,5 kW-os hajt\u00f3m\u0171ves villanymotorral\u2013 mobil, kerekeken gurul\u00f3s kivitel\" \/>\n<meta property=\"og:url\" content=\"https:\/\/alkotaskft.hu\/alkotas-hsz-6-70-hattyunyakas-szallito-szalag-hercegkut\/\" \/>\n<meta property=\"og:site_name\" content=\"Alkot\u00e1s Kft.\" \/>\n<meta property=\"article:modified_time\" content=\"2023-11-30T11:05:32+00:00\" \/>\n<meta property=\"og:image\" content=\"https:\/\/alkotaskft.hu\/wp-content\/uploads\/2023\/11\/20231130_091623.jpg\" \/>\n<meta name=\"twitter:card\" content=\"summary_large_image\" \/>\n<script type=\"application\/ld+json\" class=\"yoast-schema-graph\">{\"@context\":\"https:\\\/\\\/schema.org\",\"@graph\":[{\"@type\":\"WebPage\",\"@id\":\"https:\\\/\\\/alkotaskft.hu\\\/alkotas-hsz-6-70-hattyunyakas-szallito-szalag-hercegkut\\\/\",\"url\":\"https:\\\/\\\/alkotaskft.hu\\\/alkotas-hsz-6-70-hattyunyakas-szallito-szalag-hercegkut\\\/\",\"name\":\"ALKOT\u00c1S HSZ-6.70 hatty\u00fanyakas sz\u00e1ll\u00edt\u00f3 szalag - Hercegk\u00fat - Alkot\u00e1s Kft.\",\"isPartOf\":{\"@id\":\"https:\\\/\\\/alkotaskft.hu\\\/#website\"},\"datePublished\":\"2023-11-30T10:59:02+00:00\",\"dateModified\":\"2023-11-30T11:05:32+00:00\",\"breadcrumb\":{\"@id\":\"https:\\\/\\\/alkotaskft.hu\\\/alkotas-hsz-6-70-hattyunyakas-szallito-szalag-hercegkut\\\/#breadcrumb\"},\"inLanguage\":\"de\",\"potentialAction\":[{\"@type\":\"ReadAction\",\"target\":[\"https:\\\/\\\/alkotaskft.hu\\\/alkotas-hsz-6-70-hattyunyakas-szallito-szalag-hercegkut\\\/\"]}]},{\"@type\":\"BreadcrumbList\",\"@id\":\"https:\\\/\\\/alkotaskft.hu\\\/alkotas-hsz-6-70-hattyunyakas-szallito-szalag-hercegkut\\\/#breadcrumb\",\"itemListElement\":[{\"@type\":\"ListItem\",\"position\":1,\"name\":\"Home\",\"item\":\"https:\\\/\\\/alkotaskft.hu\\\/\"},{\"@type\":\"ListItem\",\"position\":2,\"name\":\"ALKOT\u00c1S HSZ-6.70 hatty\u00fanyakas sz\u00e1ll\u00edt\u00f3 szalag &#8211; Hercegk\u00fat\"}]},{\"@type\":\"WebSite\",\"@id\":\"https:\\\/\\\/alkotaskft.hu\\\/#website\",\"url\":\"https:\\\/\\\/alkotaskft.hu\\\/\",\"name\":\"Alkot\u00e1s Kft.\",\"description\":\"\",\"potentialAction\":[{\"@type\":\"SearchAction\",\"target\":{\"@type\":\"EntryPoint\",\"urlTemplate\":\"https:\\\/\\\/alkotaskft.hu\\\/?s={search_term_string}\"},\"query-input\":{\"@type\":\"PropertyValueSpecification\",\"valueRequired\":true,\"valueName\":\"search_term_string\"}}],\"inLanguage\":\"de\"}]}<\/script>\n<!-- \/ Yoast SEO plugin. -->","yoast_head_json":{"title":"ALKOT\u00c1S HSZ-6.70 hatty\u00fanyakas sz\u00e1ll\u00edt\u00f3 szalag - Hercegk\u00fat - Alkot\u00e1s Kft.","robots":{"index":"index","follow":"follow","max-snippet":"max-snippet:-1","max-image-preview":"max-image-preview:large","max-video-preview":"max-video-preview:-1"},"canonical":"https:\/\/alkotaskft.hu\/alkotas-hsz-6-70-hattyunyakas-szallito-szalag-hercegkut\/","og_locale":"de_DE","og_type":"article","og_title":"ALKOT\u00c1S HSZ-6.70 hatty\u00fanyakas sz\u00e1ll\u00edt\u00f3 szalag - Hercegk\u00fat - Alkot\u00e1s Kft.","og_description":"D\u00e1tum: 2023.11.30Be\u00e9p\u00edt\u00e9s helye: Hercegk\u00fat &#8211; Na\u00e1r FerencFeladat: sz\u0151l\u0151 pr\u00e9s al\u00f3l t\u00f6rk\u00f6ly \u00e9s sz\u00e1r felhord\u00e1s t\u00e1rol\u00f3baKivitel:\u2013 400 mm- es PVC heveder,80 mm magas hull\u00e1mperemmel-1,5 kW-os hajt\u00f3m\u0171ves villanymotorral\u2013 mobil, kerekeken gurul\u00f3s kivitel","og_url":"https:\/\/alkotaskft.hu\/alkotas-hsz-6-70-hattyunyakas-szallito-szalag-hercegkut\/","og_site_name":"Alkot\u00e1s Kft.","article_modified_time":"2023-11-30T11:05:32+00:00","og_image":[{"url":"https:\/\/alkotaskft.hu\/wp-content\/uploads\/2023\/11\/20231130_091623.jpg","type":"","width":"","height":""}],"twitter_card":"summary_large_image","schema":{"@context":"https:\/\/schema.org","@graph":[{"@type":"WebPage","@id":"https:\/\/alkotaskft.hu\/alkotas-hsz-6-70-hattyunyakas-szallito-szalag-hercegkut\/","url":"https:\/\/alkotaskft.hu\/alkotas-hsz-6-70-hattyunyakas-szallito-szalag-hercegkut\/","name":"ALKOT\u00c1S HSZ-6.70 hatty\u00fanyakas sz\u00e1ll\u00edt\u00f3 szalag - Hercegk\u00fat - Alkot\u00e1s Kft.","isPartOf":{"@id":"https:\/\/alkotaskft.hu\/#website"},"datePublished":"2023-11-30T10:59:02+00:00","dateModified":"2023-11-30T11:05:32+00:00","breadcrumb":{"@id":"https:\/\/alkotaskft.hu\/alkotas-hsz-6-70-hattyunyakas-szallito-szalag-hercegkut\/#breadcrumb"},"inLanguage":"de","potentialAction":[{"@type":"ReadAction","target":["https:\/\/alkotaskft.hu\/alkotas-hsz-6-70-hattyunyakas-szallito-szalag-hercegkut\/"]}]},{"@type":"BreadcrumbList","@id":"https:\/\/alkotaskft.hu\/alkotas-hsz-6-70-hattyunyakas-szallito-szalag-hercegkut\/#breadcrumb","itemListElement":[{"@type":"ListItem","position":1,"name":"Home","item":"https:\/\/alkotaskft.hu\/"},{"@type":"ListItem","position":2,"name":"ALKOT\u00c1S HSZ-6.70 hatty\u00fanyakas sz\u00e1ll\u00edt\u00f3 szalag &#8211; Hercegk\u00fat"}]},{"@type":"WebSite","@id":"https:\/\/alkotaskft.hu\/#website","url":"https:\/\/alkotaskft.hu\/","name":"Alkot\u00e1s Kft.","description":"","potentialAction":[{"@type":"SearchAction","target":{"@type":"EntryPoint","urlTemplate":"https:\/\/alkotaskft.hu\/?s={search_term_string}"},"query-input":{"@type":"PropertyValueSpecification","valueRequired":true,"valueName":"search_term_string"}}],"inLanguage":"de"}]}},"acf":[],"_links":{"self":[{"href":"https:\/\/alkotaskft.hu\/de\/wp-json\/wp\/v2\/pages\/5519","targetHints":{"allow":["GET"]}}],"collection":[{"href":"https:\/\/alkotaskft.hu\/de\/wp-json\/wp\/v2\/pages"}],"about":[{"href":"https:\/\/alkotaskft.hu\/de\/wp-json\/wp\/v2\/types\/page"}],"author":[{"embeddable":true,"href":"https:\/\/alkotaskft.hu\/de\/wp-json\/wp\/v2\/users\/3"}],"replies":[{"embeddable":true,"href":"https:\/\/alkotaskft.hu\/de\/wp-json\/wp\/v2\/comments?post=5519"}],"version-history":[{"count":4,"href":"https:\/\/alkotaskft.hu\/de\/wp-json\/wp\/v2\/pages\/5519\/revisions"}],"predecessor-version":[{"id":5532,"href":"https:\/\/alkotaskft.hu\/de\/wp-json\/wp\/v2\/pages\/5519\/revisions\/5532"}],"wp:attachment":[{"href":"https:\/\/alkotaskft.hu\/de\/wp-json\/wp\/v2\/media?parent=5519"}],"wp:term":[{"taxonomy":"category","embeddable":true,"href":"https:\/\/alkotaskft.hu\/de\/wp-json\/wp\/v2\/categories?post=5519"},{"taxonomy":"post_tag","embeddable":true,"href":"https:\/\/alkotaskft.hu\/de\/wp-json\/wp\/v2\/tags?post=5519"}],"curies":[{"name":"wp","href":"https:\/\/api.w.org\/{rel}","templated":true}]}}