{"id":4934,"date":"2019-01-08T10:00:59","date_gmt":"2019-01-08T09:00:59","guid":{"rendered":"https:\/\/alkotaskft.hu\/?page_id=4934"},"modified":"2025-03-19T16:28:40","modified_gmt":"2025-03-19T15:28:40","slug":"damas-rostabetetek","status":"publish","type":"page","link":"https:\/\/alkotaskft.hu\/de\/rostalemezek\/damas-rostabetetek\/","title":{"rendered":"DAMAS VIBAM, OMEGA, ALFA rostabet\u00e9tek"},"content":{"rendered":"<p style=\"text-align: center;\">A D\u00e1ni\u00e1b\u00f3l behozott DAMAS t\u00edpus\u00fa term\u00e9nytiszt\u00edt\u00f3g\u00e9pekhez DAMAS VIBAM, OMEGA, ALFA a forgalmaz\u00f3k, csak a tiszt\u00edt\u00f3g\u00e9p gy\u00e1rt\u00f3ja \u00e1ltal k\u00fcld\u00f6tt rostabet\u00e9teket tudja biztos\u00edtani.<br \/>Tov\u00e1bbi rostabet\u00e9tek beszerez\u00e9se a gy\u00e1rt\u00f3t\u00f3t\u00f3l dr\u00e1ga, k\u00f6r\u00fclm\u00e9nyes \u00e9s id\u0151ig\u00e9nyes.<\/p>\n<p style=\"text-align: center;\">A ig\u00e9nyeket kiel\u00e9g\u00edtve, c\u00e9g\u00fcnk 2010-t\u0151l gy\u00e1rt ezen tiszt\u00edt\u00f3khoz is rostabet\u00e9teket a<a href=\"https:\/\/alkotaskft.hu\/wp-content\/uploads\/2025\/03\/ALKOTAS-stancolhato-perforalt-lemezeink-listaja-2025.01.01.pdf\" target=\"_blank\" rel=\"noopener\"> lyukaszt\u00e1si m\u00e9reteink teljes palett\u00e1j\u00e1val.<\/a><\/p>\n<div id='gallery-1' class='gallery galleryid-4934 gallery-columns-4 gallery-size-full'><figure class='gallery-item'>\n\t\t\t<div class='gallery-icon landscape'>\n\t\t\t\t<a href='https:\/\/alkotaskft.hu\/wp-content\/uploads\/2023\/06\/image005-3.jpg'><img loading=\"lazy\" decoding=\"async\" width=\"800\" height=\"408\" src=\"https:\/\/alkotaskft.hu\/wp-content\/uploads\/2023\/06\/image005-3.jpg\" class=\"attachment-full size-full\" alt=\"\" aria-describedby=\"gallery-1-4945\" srcset=\"https:\/\/alkotaskft.hu\/wp-content\/uploads\/2023\/06\/image005-3.jpg 800w, https:\/\/alkotaskft.hu\/wp-content\/uploads\/2023\/06\/image005-3-784x400.jpg 784w, https:\/\/alkotaskft.hu\/wp-content\/uploads\/2023\/06\/image005-3-768x392.jpg 768w\" sizes=\"auto, (max-width: 800px) 100vw, 800px\" \/><\/a>\n\t\t\t<\/div>\n\t\t\t\t<figcaption class='wp-caption-text gallery-caption' id='gallery-1-4945'>\n\t\t\t\tDAMAS LFA-162 rostabet\u00e9t\n\t\t\t\t<\/figcaption><\/figure><figure class='gallery-item'>\n\t\t\t<div class='gallery-icon landscape'>\n\t\t\t\t<a href='https:\/\/alkotaskft.hu\/wp-content\/uploads\/2023\/06\/image006-3.jpg'><img loading=\"lazy\" decoding=\"async\" width=\"800\" height=\"473\" src=\"https:\/\/alkotaskft.hu\/wp-content\/uploads\/2023\/06\/image006-3.jpg\" class=\"attachment-full size-full\" alt=\"\" aria-describedby=\"gallery-1-4946\" srcset=\"https:\/\/alkotaskft.hu\/wp-content\/uploads\/2023\/06\/image006-3.jpg 800w, https:\/\/alkotaskft.hu\/wp-content\/uploads\/2023\/06\/image006-3-677x400.jpg 677w, https:\/\/alkotaskft.hu\/wp-content\/uploads\/2023\/06\/image006-3-768x454.jpg 768w\" sizes=\"auto, (max-width: 800px) 100vw, 800px\" \/><\/a>\n\t\t\t<\/div>\n\t\t\t\t<figcaption class='wp-caption-text gallery-caption' id='gallery-1-4946'>\n\t\t\t\tDAMAS LFA-162 rostabet\u00e9t\n\t\t\t\t<\/figcaption><\/figure><figure class='gallery-item'>\n\t\t\t<div class='gallery-icon landscape'>\n\t\t\t\t<a href='https:\/\/alkotaskft.hu\/wp-content\/uploads\/2023\/06\/image004-4.jpg'><img loading=\"lazy\" decoding=\"async\" width=\"800\" height=\"505\" src=\"https:\/\/alkotaskft.hu\/wp-content\/uploads\/2023\/06\/image004-4.jpg\" class=\"attachment-full size-full\" alt=\"\" aria-describedby=\"gallery-1-4944\" srcset=\"https:\/\/alkotaskft.hu\/wp-content\/uploads\/2023\/06\/image004-4.jpg 800w, https:\/\/alkotaskft.hu\/wp-content\/uploads\/2023\/06\/image004-4-634x400.jpg 634w, https:\/\/alkotaskft.hu\/wp-content\/uploads\/2023\/06\/image004-4-768x485.jpg 768w\" sizes=\"auto, (max-width: 800px) 100vw, 800px\" \/><\/a>\n\t\t\t<\/div>\n\t\t\t\t<figcaption class='wp-caption-text gallery-caption' id='gallery-1-4944'>\n\t\t\t\tDAMAS LFA-162 rostabet\u00e9t\n\t\t\t\t<\/figcaption><\/figure><figure class='gallery-item'>\n\t\t\t<div class='gallery-icon portrait'>\n\t\t\t\t<a href='https:\/\/alkotaskft.hu\/wp-content\/uploads\/2023\/06\/image001-4.jpg'><img loading=\"lazy\" decoding=\"async\" width=\"716\" height=\"800\" src=\"https:\/\/alkotaskft.hu\/wp-content\/uploads\/2023\/06\/image001-4.jpg\" class=\"attachment-full size-full\" alt=\"\" aria-describedby=\"gallery-1-4941\" srcset=\"https:\/\/alkotaskft.hu\/wp-content\/uploads\/2023\/06\/image001-4.jpg 716w, https:\/\/alkotaskft.hu\/wp-content\/uploads\/2023\/06\/image001-4-358x400.jpg 358w\" sizes=\"auto, (max-width: 716px) 100vw, 716px\" \/><\/a>\n\t\t\t<\/div>\n\t\t\t\t<figcaption class='wp-caption-text gallery-caption' id='gallery-1-4941'>\n\t\t\t\tDAMAS LFA-162 rostabet\u00e9t\n\t\t\t\t<\/figcaption><\/figure><figure class='gallery-item'>\n\t\t\t<div class='gallery-icon portrait'>\n\t\t\t\t<a href='https:\/\/alkotaskft.hu\/wp-content\/uploads\/2023\/06\/image002-4.jpg'><img loading=\"lazy\" decoding=\"async\" width=\"761\" height=\"800\" src=\"https:\/\/alkotaskft.hu\/wp-content\/uploads\/2023\/06\/image002-4.jpg\" class=\"attachment-full size-full\" alt=\"\" aria-describedby=\"gallery-1-4942\" srcset=\"https:\/\/alkotaskft.hu\/wp-content\/uploads\/2023\/06\/image002-4.jpg 761w, https:\/\/alkotaskft.hu\/wp-content\/uploads\/2023\/06\/image002-4-381x400.jpg 381w\" sizes=\"auto, (max-width: 761px) 100vw, 761px\" \/><\/a>\n\t\t\t<\/div>\n\t\t\t\t<figcaption class='wp-caption-text gallery-caption' id='gallery-1-4942'>\n\t\t\t\tDAMAS LFA-162 rostabet\u00e9t\n\t\t\t\t<\/figcaption><\/figure><figure class='gallery-item'>\n\t\t\t<div class='gallery-icon portrait'>\n\t\t\t\t<a href='https:\/\/alkotaskft.hu\/wp-content\/uploads\/2023\/06\/image003-4.jpg'><img loading=\"lazy\" decoding=\"async\" width=\"752\" height=\"800\" src=\"https:\/\/alkotaskft.hu\/wp-content\/uploads\/2023\/06\/image003-4.jpg\" class=\"attachment-full size-full\" alt=\"\" aria-describedby=\"gallery-1-4943\" srcset=\"https:\/\/alkotaskft.hu\/wp-content\/uploads\/2023\/06\/image003-4.jpg 752w, https:\/\/alkotaskft.hu\/wp-content\/uploads\/2023\/06\/image003-4-376x400.jpg 376w\" sizes=\"auto, (max-width: 752px) 100vw, 752px\" \/><\/a>\n\t\t\t<\/div>\n\t\t\t\t<figcaption class='wp-caption-text gallery-caption' id='gallery-1-4943'>\n\t\t\t\tDAMAS LFA-162 rostabet\u00e9t\n\t\t\t\t<\/figcaption><\/figure><figure class='gallery-item'>\n\t\t\t<div class='gallery-icon landscape'>\n\t\t\t\t<a href='https:\/\/alkotaskft.hu\/wp-content\/uploads\/2023\/06\/image007-3.jpg'><img loading=\"lazy\" decoding=\"async\" width=\"800\" height=\"529\" src=\"https:\/\/alkotaskft.hu\/wp-content\/uploads\/2023\/06\/image007-3.jpg\" class=\"attachment-full size-full\" alt=\"\" aria-describedby=\"gallery-1-4947\" srcset=\"https:\/\/alkotaskft.hu\/wp-content\/uploads\/2023\/06\/image007-3.jpg 800w, https:\/\/alkotaskft.hu\/wp-content\/uploads\/2023\/06\/image007-3-605x400.jpg 605w, https:\/\/alkotaskft.hu\/wp-content\/uploads\/2023\/06\/image007-3-768x508.jpg 768w\" sizes=\"auto, (max-width: 800px) 100vw, 800px\" \/><\/a>\n\t\t\t<\/div>\n\t\t\t\t<figcaption class='wp-caption-text gallery-caption' id='gallery-1-4947'>\n\t\t\t\tDAMAS LFA-162 rostabet\u00e9t\n\t\t\t\t<\/figcaption><\/figure><figure class='gallery-item'>\n\t\t\t<div class='gallery-icon landscape'>\n\t\t\t\t<a href='https:\/\/alkotaskft.hu\/wp-content\/uploads\/2023\/06\/image008-3.jpg'><img loading=\"lazy\" decoding=\"async\" width=\"800\" height=\"374\" src=\"https:\/\/alkotaskft.hu\/wp-content\/uploads\/2023\/06\/image008-3.jpg\" class=\"attachment-full size-full\" alt=\"\" aria-describedby=\"gallery-1-4948\" srcset=\"https:\/\/alkotaskft.hu\/wp-content\/uploads\/2023\/06\/image008-3.jpg 800w, https:\/\/alkotaskft.hu\/wp-content\/uploads\/2023\/06\/image008-3-768x359.jpg 768w\" sizes=\"auto, (max-width: 800px) 100vw, 800px\" \/><\/a>\n\t\t\t<\/div>\n\t\t\t\t<figcaption class='wp-caption-text gallery-caption' id='gallery-1-4948'>\n\t\t\t\tDAMAS LFA-162 rostabet\u00e9t\n\t\t\t\t<\/figcaption><\/figure><figure class='gallery-item'>\n\t\t\t<div class='gallery-icon landscape'>\n\t\t\t\t<a href='https:\/\/alkotaskft.hu\/wp-content\/uploads\/2023\/06\/image009-3.jpg'><img loading=\"lazy\" decoding=\"async\" width=\"800\" height=\"374\" src=\"https:\/\/alkotaskft.hu\/wp-content\/uploads\/2023\/06\/image009-3.jpg\" class=\"attachment-full size-full\" alt=\"\" aria-describedby=\"gallery-1-4949\" srcset=\"https:\/\/alkotaskft.hu\/wp-content\/uploads\/2023\/06\/image009-3.jpg 800w, https:\/\/alkotaskft.hu\/wp-content\/uploads\/2023\/06\/image009-3-768x359.jpg 768w\" sizes=\"auto, (max-width: 800px) 100vw, 800px\" \/><\/a>\n\t\t\t<\/div>\n\t\t\t\t<figcaption class='wp-caption-text gallery-caption' id='gallery-1-4949'>\n\t\t\t\tDAMAS LFA-162 rostabet\u00e9t\n\t\t\t\t<\/figcaption><\/figure><figure class='gallery-item'>\n\t\t\t<div class='gallery-icon landscape'>\n\t\t\t\t<a href='https:\/\/alkotaskft.hu\/wp-content\/uploads\/2023\/06\/image010-3.jpg'><img loading=\"lazy\" decoding=\"async\" width=\"800\" height=\"374\" src=\"https:\/\/alkotaskft.hu\/wp-content\/uploads\/2023\/06\/image010-3.jpg\" class=\"attachment-full size-full\" alt=\"\" aria-describedby=\"gallery-1-4950\" srcset=\"https:\/\/alkotaskft.hu\/wp-content\/uploads\/2023\/06\/image010-3.jpg 800w, https:\/\/alkotaskft.hu\/wp-content\/uploads\/2023\/06\/image010-3-768x359.jpg 768w\" sizes=\"auto, (max-width: 800px) 100vw, 800px\" \/><\/a>\n\t\t\t<\/div>\n\t\t\t\t<figcaption class='wp-caption-text gallery-caption' id='gallery-1-4950'>\n\t\t\t\tDAMAS LFA-162 rostabet\u00e9t\n\t\t\t\t<\/figcaption><\/figure><figure class='gallery-item'>\n\t\t\t<div class='gallery-icon landscape'>\n\t\t\t\t<a href='https:\/\/alkotaskft.hu\/wp-content\/uploads\/2023\/06\/image011-2.jpg'><img loading=\"lazy\" decoding=\"async\" width=\"800\" height=\"444\" src=\"https:\/\/alkotaskft.hu\/wp-content\/uploads\/2023\/06\/image011-2.jpg\" class=\"attachment-full size-full\" alt=\"\" aria-describedby=\"gallery-1-4951\" srcset=\"https:\/\/alkotaskft.hu\/wp-content\/uploads\/2023\/06\/image011-2.jpg 800w, https:\/\/alkotaskft.hu\/wp-content\/uploads\/2023\/06\/image011-2-721x400.jpg 721w, https:\/\/alkotaskft.hu\/wp-content\/uploads\/2023\/06\/image011-2-768x426.jpg 768w\" sizes=\"auto, (max-width: 800px) 100vw, 800px\" \/><\/a>\n\t\t\t<\/div>\n\t\t\t\t<figcaption class='wp-caption-text gallery-caption' id='gallery-1-4951'>\n\t\t\t\tDAMAS LFA-162 rostabet\u00e9t\n\t\t\t\t<\/figcaption><\/figure><figure class='gallery-item'>\n\t\t\t<div class='gallery-icon landscape'>\n\t\t\t\t<a href='https:\/\/alkotaskft.hu\/wp-content\/uploads\/2023\/06\/image012-2.jpg'><img loading=\"lazy\" decoding=\"async\" width=\"800\" height=\"413\" src=\"https:\/\/alkotaskft.hu\/wp-content\/uploads\/2023\/06\/image012-2.jpg\" class=\"attachment-full size-full\" alt=\"\" aria-describedby=\"gallery-1-4952\" srcset=\"https:\/\/alkotaskft.hu\/wp-content\/uploads\/2023\/06\/image012-2.jpg 800w, https:\/\/alkotaskft.hu\/wp-content\/uploads\/2023\/06\/image012-2-775x400.jpg 775w, https:\/\/alkotaskft.hu\/wp-content\/uploads\/2023\/06\/image012-2-768x396.jpg 768w\" sizes=\"auto, (max-width: 800px) 100vw, 800px\" \/><\/a>\n\t\t\t<\/div>\n\t\t\t\t<figcaption class='wp-caption-text gallery-caption' id='gallery-1-4952'>\n\t\t\t\tDAMAS LFA-162 rostabet\u00e9t\n\t\t\t\t<\/figcaption><\/figure><figure class='gallery-item'>\n\t\t\t<div class='gallery-icon landscape'>\n\t\t\t\t<a href='https:\/\/alkotaskft.hu\/wp-content\/uploads\/2023\/06\/image013-2.jpg'><img loading=\"lazy\" decoding=\"async\" width=\"800\" height=\"433\" src=\"https:\/\/alkotaskft.hu\/wp-content\/uploads\/2023\/06\/image013-2.jpg\" class=\"attachment-full size-full\" alt=\"\" aria-describedby=\"gallery-1-4953\" srcset=\"https:\/\/alkotaskft.hu\/wp-content\/uploads\/2023\/06\/image013-2.jpg 800w, https:\/\/alkotaskft.hu\/wp-content\/uploads\/2023\/06\/image013-2-739x400.jpg 739w, https:\/\/alkotaskft.hu\/wp-content\/uploads\/2023\/06\/image013-2-768x416.jpg 768w\" sizes=\"auto, (max-width: 800px) 100vw, 800px\" \/><\/a>\n\t\t\t<\/div>\n\t\t\t\t<figcaption class='wp-caption-text gallery-caption' id='gallery-1-4953'>\n\t\t\t\tDAMAS LFA-162 rostabet\u00e9t\n\t\t\t\t<\/figcaption><\/figure>\n\t\t<\/div>\n\n","protected":false},"excerpt":{"rendered":"<p>A D\u00e1ni\u00e1b\u00f3l behozott DAMAS t\u00edpus\u00fa term\u00e9nytiszt\u00edt\u00f3g\u00e9pekhez DAMAS VIBAM, OMEGA, ALFA a forgalmaz\u00f3k, csak a tiszt\u00edt\u00f3g\u00e9p gy\u00e1rt\u00f3ja \u00e1ltal k\u00fcld\u00f6tt rostabet\u00e9teket tudja biztos\u00edtani.Tov\u00e1bbi rostabet\u00e9tek beszerez\u00e9se a gy\u00e1rt\u00f3t\u00f3t\u00f3l dr\u00e1ga, k\u00f6r\u00fclm\u00e9nyes \u00e9s id\u0151ig\u00e9nyes. A ig\u00e9nyeket kiel\u00e9g\u00edtve, c\u00e9g\u00fcnk 2010-t\u0151l gy\u00e1rt ezen tiszt\u00edt\u00f3khoz is rostabet\u00e9teket a lyukaszt\u00e1si m\u00e9reteink teljes palett\u00e1j\u00e1val.<\/p>\n<div class='heateor_sss_sharing_container heateor_sss_vertical_sharing heateor_sss_bottom_sharing' style='width:29px;right: 0px;top: 220px;-webkit-box-shadow:none;box-shadow:none;' data-heateor-sss-href='https:\/\/alkotaskft.hu\/de\/wp-json\/wp\/v2\/pages\/4934'><div class=\"heateor_sss_sharing_ul\"><a aria-label=\"Facebook\" class=\"heateor_sss_facebook\" href=\"https:\/\/www.facebook.com\/sharer\/sharer.php?u=https%3A%2F%2Falkotaskft.hu%2Fde%2Fwp-json%2Fwp%2Fv2%2Fpages%2F4934\" title=\"Facebook\" rel=\"nofollow noopener\" target=\"_blank\" style=\"font-size:32px!important;box-shadow:none;display:inline-block;vertical-align:middle\"><span class=\"heateor_sss_svg\" style=\"background-color:#0765FE;width:25px;height:25px;margin:0;display:inline-block;opacity:1;float:left;font-size:32px;box-shadow:none;display:inline-block;font-size:16px;padding:0 4px;vertical-align:middle;background-repeat:repeat;overflow:hidden;padding:0;cursor:pointer;box-sizing:content-box\"><svg style=\"display:block;\" focusable=\"false\" aria-hidden=\"true\" xmlns=\"http:\/\/www.w3.org\/2000\/svg\" width=\"100%\" height=\"100%\" viewBox=\"0 0 32 32\"><path fill=\"#fff\" d=\"M28 16c0-6.627-5.373-12-12-12S4 9.373 4 16c0 5.628 3.875 10.35 9.101 11.647v-7.98h-2.474V16H13.1v-1.58c0-4.085 1.849-5.978 5.859-5.978.76 0 2.072.15 2.608.298v3.325c-.283-.03-.775-.045-1.386-.045-1.967 0-2.728.745-2.728 2.683V16h3.92l-.673 3.667h-3.247v8.245C23.395 27.195 28 22.135 28 16Z\"><\/path><\/svg><\/span><\/a><a aria-label=\"Twitter\" class=\"heateor_sss_button_twitter\" href=\"https:\/\/twitter.com\/intent\/tweet?text=Alkot%C3%A1s%20Kft.%20-%20&url=https%3A%2F%2Falkotaskft.hu%2Fde%2Fwp-json%2Fwp%2Fv2%2Fpages%2F4934\" title=\"Twitter\" rel=\"nofollow noopener\" target=\"_blank\" style=\"font-size:32px!important;box-shadow:none;display:inline-block;vertical-align:middle\"><span class=\"heateor_sss_svg heateor_sss_s__default heateor_sss_s_twitter\" style=\"background-color:#55acee;width:25px;height:25px;margin:0;display:inline-block;opacity:1;float:left;font-size:32px;box-shadow:none;display:inline-block;font-size:16px;padding:0 4px;vertical-align:middle;background-repeat:repeat;overflow:hidden;padding:0;cursor:pointer;box-sizing:content-box\"><svg style=\"display:block;\" focusable=\"false\" aria-hidden=\"true\" xmlns=\"http:\/\/www.w3.org\/2000\/svg\" width=\"100%\" height=\"100%\" viewBox=\"-4 -4 39 39\"><path d=\"M28 8.557a9.913 9.913 0 0 1-2.828.775 4.93 4.93 0 0 0 2.166-2.725 9.738 9.738 0 0 1-3.13 1.194 4.92 4.92 0 0 0-3.593-1.55 4.924 4.924 0 0 0-4.794 6.049c-4.09-.21-7.72-2.17-10.15-5.15a4.942 4.942 0 0 0-.665 2.477c0 1.71.87 3.214 2.19 4.1a4.968 4.968 0 0 1-2.23-.616v.06c0 2.39 1.7 4.38 3.952 4.83-.414.115-.85.174-1.297.174-.318 0-.626-.03-.928-.086a4.935 4.935 0 0 0 4.6 3.42 9.893 9.893 0 0 1-6.114 2.107c-.398 0-.79-.023-1.175-.068a13.953 13.953 0 0 0 7.55 2.213c9.056 0 14.01-7.507 14.01-14.013 0-.213-.005-.426-.015-.637.96-.695 1.795-1.56 2.455-2.55z\" fill=\"#fff\"><\/path><\/svg><\/span><\/a><a class=\"heateor_sss_more\" aria-label=\"More\" title=\"More\" rel=\"nofollow noopener\" style=\"font-size: 32px!important;border:0;box-shadow:none;display:inline-block!important;font-size:16px;padding:0 4px;vertical-align: middle;display:inline;\" href=\"https:\/\/alkotaskft.hu\/de\/wp-json\/wp\/v2\/pages\/4934\" onclick=\"event.preventDefault()\"><span class=\"heateor_sss_svg\" style=\"background-color:#ee8e2d;width:25px;height:25px;margin:0;display:inline-block!important;opacity:1;float:left;font-size:32px!important;box-shadow:none;display:inline-block;font-size:16px;padding:0 4px;vertical-align:middle;display:inline;background-repeat:repeat;overflow:hidden;padding:0;cursor:pointer;box-sizing:content-box;\" onclick=\"heateorSssMoreSharingPopup(this, 'https:\/\/alkotaskft.hu\/de\/wp-json\/wp\/v2\/pages\/4934', 'Alkot%C3%A1s%20Kft.%20-%20', '' )\"><svg xmlns=\"http:\/\/www.w3.org\/2000\/svg\" xmlns:xlink=\"http:\/\/www.w3.org\/1999\/xlink\" viewBox=\"-.3 0 32 32\" version=\"1.1\" width=\"100%\" height=\"100%\" style=\"display:block;\" xml:space=\"preserve\"><g><path fill=\"#fff\" d=\"M18 14V8h-4v6H8v4h6v6h4v-6h6v-4h-6z\" fill-rule=\"evenodd\"><\/path><\/g><\/svg><\/span><\/a><\/div><div class=\"heateorSssClear\"><\/div><\/div>","protected":false},"author":3,"featured_media":4946,"parent":1689,"menu_order":0,"comment_status":"closed","ping_status":"closed","template":"","meta":{"_acf_changed":false,"footnotes":""},"categories":[22],"tags":[],"class_list":["post-4934","page","type-page","status-publish","has-post-thumbnail","hentry","category-rostalemezek"],"yoast_head":"<!-- This site is optimized with the Yoast SEO plugin v27.5 - https:\/\/yoast.com\/product\/yoast-seo-wordpress\/ -->\n<title>DAMAS VIBAM, OMEGA, ALFA rostabet\u00e9tek - Alkot\u00e1s Kft.<\/title>\n<meta name=\"robots\" content=\"index, follow, max-snippet:-1, max-image-preview:large, max-video-preview:-1\" \/>\n<link rel=\"canonical\" href=\"https:\/\/alkotaskft.hu\/rostalemezek\/damas-rostabetetek\/\" \/>\n<meta property=\"og:locale\" content=\"de_DE\" \/>\n<meta property=\"og:type\" content=\"article\" \/>\n<meta property=\"og:title\" content=\"DAMAS VIBAM, OMEGA, ALFA rostabet\u00e9tek - Alkot\u00e1s Kft.\" \/>\n<meta property=\"og:description\" content=\"A D\u00e1ni\u00e1b\u00f3l behozott DAMAS t\u00edpus\u00fa term\u00e9nytiszt\u00edt\u00f3g\u00e9pekhez DAMAS VIBAM, OMEGA, ALFA a forgalmaz\u00f3k, csak a tiszt\u00edt\u00f3g\u00e9p gy\u00e1rt\u00f3ja \u00e1ltal k\u00fcld\u00f6tt rostabet\u00e9teket tudja biztos\u00edtani.Tov\u00e1bbi rostabet\u00e9tek beszerez\u00e9se a gy\u00e1rt\u00f3t\u00f3t\u00f3l dr\u00e1ga, k\u00f6r\u00fclm\u00e9nyes \u00e9s id\u0151ig\u00e9nyes. A ig\u00e9nyeket kiel\u00e9g\u00edtve, c\u00e9g\u00fcnk 2010-t\u0151l gy\u00e1rt ezen tiszt\u00edt\u00f3khoz is rostabet\u00e9teket a lyukaszt\u00e1si m\u00e9reteink teljes palett\u00e1j\u00e1val.\" \/>\n<meta property=\"og:url\" content=\"https:\/\/alkotaskft.hu\/rostalemezek\/damas-rostabetetek\/\" \/>\n<meta property=\"og:site_name\" content=\"Alkot\u00e1s Kft.\" \/>\n<meta property=\"article:modified_time\" content=\"2025-03-19T15:28:40+00:00\" \/>\n<meta property=\"og:image\" content=\"https:\/\/alkotaskft.hu\/wp-content\/uploads\/2023\/06\/image006-3.jpg\" \/>\n\t<meta property=\"og:image:width\" content=\"800\" \/>\n\t<meta property=\"og:image:height\" content=\"473\" \/>\n\t<meta property=\"og:image:type\" content=\"image\/jpeg\" \/>\n<meta name=\"twitter:card\" content=\"summary_large_image\" \/>\n<meta name=\"twitter:label1\" content=\"Gesch\u00e4tzte Lesezeit\" \/>\n\t<meta name=\"twitter:data1\" content=\"1\u00a0Minute\" \/>\n<script type=\"application\/ld+json\" class=\"yoast-schema-graph\">{\"@context\":\"https:\\\/\\\/schema.org\",\"@graph\":[{\"@type\":\"WebPage\",\"@id\":\"https:\\\/\\\/alkotaskft.hu\\\/rostalemezek\\\/damas-rostabetetek\\\/\",\"url\":\"https:\\\/\\\/alkotaskft.hu\\\/rostalemezek\\\/damas-rostabetetek\\\/\",\"name\":\"DAMAS VIBAM, OMEGA, ALFA rostabet\u00e9tek - Alkot\u00e1s Kft.\",\"isPartOf\":{\"@id\":\"https:\\\/\\\/alkotaskft.hu\\\/#website\"},\"primaryImageOfPage\":{\"@id\":\"https:\\\/\\\/alkotaskft.hu\\\/rostalemezek\\\/damas-rostabetetek\\\/#primaryimage\"},\"image\":{\"@id\":\"https:\\\/\\\/alkotaskft.hu\\\/rostalemezek\\\/damas-rostabetetek\\\/#primaryimage\"},\"thumbnailUrl\":\"https:\\\/\\\/alkotaskft.hu\\\/wp-content\\\/uploads\\\/2023\\\/06\\\/image006-3.jpg\",\"datePublished\":\"2019-01-08T09:00:59+00:00\",\"dateModified\":\"2025-03-19T15:28:40+00:00\",\"breadcrumb\":{\"@id\":\"https:\\\/\\\/alkotaskft.hu\\\/rostalemezek\\\/damas-rostabetetek\\\/#breadcrumb\"},\"inLanguage\":\"de\",\"potentialAction\":[{\"@type\":\"ReadAction\",\"target\":[\"https:\\\/\\\/alkotaskft.hu\\\/rostalemezek\\\/damas-rostabetetek\\\/\"]}]},{\"@type\":\"ImageObject\",\"inLanguage\":\"de\",\"@id\":\"https:\\\/\\\/alkotaskft.hu\\\/rostalemezek\\\/damas-rostabetetek\\\/#primaryimage\",\"url\":\"https:\\\/\\\/alkotaskft.hu\\\/wp-content\\\/uploads\\\/2023\\\/06\\\/image006-3.jpg\",\"contentUrl\":\"https:\\\/\\\/alkotaskft.hu\\\/wp-content\\\/uploads\\\/2023\\\/06\\\/image006-3.jpg\",\"width\":800,\"height\":473,\"caption\":\"DAMAS LFA-162 rostabet\u00e9t\"},{\"@type\":\"BreadcrumbList\",\"@id\":\"https:\\\/\\\/alkotaskft.hu\\\/rostalemezek\\\/damas-rostabetetek\\\/#breadcrumb\",\"itemListElement\":[{\"@type\":\"ListItem\",\"position\":1,\"name\":\"Home\",\"item\":\"https:\\\/\\\/alkotaskft.hu\\\/\"},{\"@type\":\"ListItem\",\"position\":2,\"name\":\"Rostalemezek\",\"item\":\"https:\\\/\\\/alkotaskft.hu\\\/rostalemezek\\\/\"},{\"@type\":\"ListItem\",\"position\":3,\"name\":\"DAMAS VIBAM, OMEGA, ALFA rostabet\u00e9tek\"}]},{\"@type\":\"WebSite\",\"@id\":\"https:\\\/\\\/alkotaskft.hu\\\/#website\",\"url\":\"https:\\\/\\\/alkotaskft.hu\\\/\",\"name\":\"Alkot\u00e1s Kft.\",\"description\":\"\",\"potentialAction\":[{\"@type\":\"SearchAction\",\"target\":{\"@type\":\"EntryPoint\",\"urlTemplate\":\"https:\\\/\\\/alkotaskft.hu\\\/?s={search_term_string}\"},\"query-input\":{\"@type\":\"PropertyValueSpecification\",\"valueRequired\":true,\"valueName\":\"search_term_string\"}}],\"inLanguage\":\"de\"}]}<\/script>\n<!-- \/ Yoast SEO plugin. -->","yoast_head_json":{"title":"DAMAS VIBAM, OMEGA, ALFA rostabet\u00e9tek - Alkot\u00e1s Kft.","robots":{"index":"index","follow":"follow","max-snippet":"max-snippet:-1","max-image-preview":"max-image-preview:large","max-video-preview":"max-video-preview:-1"},"canonical":"https:\/\/alkotaskft.hu\/rostalemezek\/damas-rostabetetek\/","og_locale":"de_DE","og_type":"article","og_title":"DAMAS VIBAM, OMEGA, ALFA rostabet\u00e9tek - Alkot\u00e1s Kft.","og_description":"A D\u00e1ni\u00e1b\u00f3l behozott DAMAS t\u00edpus\u00fa term\u00e9nytiszt\u00edt\u00f3g\u00e9pekhez DAMAS VIBAM, OMEGA, ALFA a forgalmaz\u00f3k, csak a tiszt\u00edt\u00f3g\u00e9p gy\u00e1rt\u00f3ja \u00e1ltal k\u00fcld\u00f6tt rostabet\u00e9teket tudja biztos\u00edtani.Tov\u00e1bbi rostabet\u00e9tek beszerez\u00e9se a gy\u00e1rt\u00f3t\u00f3t\u00f3l dr\u00e1ga, k\u00f6r\u00fclm\u00e9nyes \u00e9s id\u0151ig\u00e9nyes. A ig\u00e9nyeket kiel\u00e9g\u00edtve, c\u00e9g\u00fcnk 2010-t\u0151l gy\u00e1rt ezen tiszt\u00edt\u00f3khoz is rostabet\u00e9teket a lyukaszt\u00e1si m\u00e9reteink teljes palett\u00e1j\u00e1val.","og_url":"https:\/\/alkotaskft.hu\/rostalemezek\/damas-rostabetetek\/","og_site_name":"Alkot\u00e1s Kft.","article_modified_time":"2025-03-19T15:28:40+00:00","og_image":[{"width":800,"height":473,"url":"https:\/\/alkotaskft.hu\/wp-content\/uploads\/2023\/06\/image006-3.jpg","type":"image\/jpeg"}],"twitter_card":"summary_large_image","twitter_misc":{"Gesch\u00e4tzte Lesezeit":"1\u00a0Minute"},"schema":{"@context":"https:\/\/schema.org","@graph":[{"@type":"WebPage","@id":"https:\/\/alkotaskft.hu\/rostalemezek\/damas-rostabetetek\/","url":"https:\/\/alkotaskft.hu\/rostalemezek\/damas-rostabetetek\/","name":"DAMAS VIBAM, OMEGA, ALFA rostabet\u00e9tek - Alkot\u00e1s Kft.","isPartOf":{"@id":"https:\/\/alkotaskft.hu\/#website"},"primaryImageOfPage":{"@id":"https:\/\/alkotaskft.hu\/rostalemezek\/damas-rostabetetek\/#primaryimage"},"image":{"@id":"https:\/\/alkotaskft.hu\/rostalemezek\/damas-rostabetetek\/#primaryimage"},"thumbnailUrl":"https:\/\/alkotaskft.hu\/wp-content\/uploads\/2023\/06\/image006-3.jpg","datePublished":"2019-01-08T09:00:59+00:00","dateModified":"2025-03-19T15:28:40+00:00","breadcrumb":{"@id":"https:\/\/alkotaskft.hu\/rostalemezek\/damas-rostabetetek\/#breadcrumb"},"inLanguage":"de","potentialAction":[{"@type":"ReadAction","target":["https:\/\/alkotaskft.hu\/rostalemezek\/damas-rostabetetek\/"]}]},{"@type":"ImageObject","inLanguage":"de","@id":"https:\/\/alkotaskft.hu\/rostalemezek\/damas-rostabetetek\/#primaryimage","url":"https:\/\/alkotaskft.hu\/wp-content\/uploads\/2023\/06\/image006-3.jpg","contentUrl":"https:\/\/alkotaskft.hu\/wp-content\/uploads\/2023\/06\/image006-3.jpg","width":800,"height":473,"caption":"DAMAS LFA-162 rostabet\u00e9t"},{"@type":"BreadcrumbList","@id":"https:\/\/alkotaskft.hu\/rostalemezek\/damas-rostabetetek\/#breadcrumb","itemListElement":[{"@type":"ListItem","position":1,"name":"Home","item":"https:\/\/alkotaskft.hu\/"},{"@type":"ListItem","position":2,"name":"Rostalemezek","item":"https:\/\/alkotaskft.hu\/rostalemezek\/"},{"@type":"ListItem","position":3,"name":"DAMAS VIBAM, OMEGA, ALFA rostabet\u00e9tek"}]},{"@type":"WebSite","@id":"https:\/\/alkotaskft.hu\/#website","url":"https:\/\/alkotaskft.hu\/","name":"Alkot\u00e1s Kft.","description":"","potentialAction":[{"@type":"SearchAction","target":{"@type":"EntryPoint","urlTemplate":"https:\/\/alkotaskft.hu\/?s={search_term_string}"},"query-input":{"@type":"PropertyValueSpecification","valueRequired":true,"valueName":"search_term_string"}}],"inLanguage":"de"}]}},"acf":[],"_links":{"self":[{"href":"https:\/\/alkotaskft.hu\/de\/wp-json\/wp\/v2\/pages\/4934","targetHints":{"allow":["GET"]}}],"collection":[{"href":"https:\/\/alkotaskft.hu\/de\/wp-json\/wp\/v2\/pages"}],"about":[{"href":"https:\/\/alkotaskft.hu\/de\/wp-json\/wp\/v2\/types\/page"}],"author":[{"embeddable":true,"href":"https:\/\/alkotaskft.hu\/de\/wp-json\/wp\/v2\/users\/3"}],"replies":[{"embeddable":true,"href":"https:\/\/alkotaskft.hu\/de\/wp-json\/wp\/v2\/comments?post=4934"}],"version-history":[{"count":8,"href":"https:\/\/alkotaskft.hu\/de\/wp-json\/wp\/v2\/pages\/4934\/revisions"}],"predecessor-version":[{"id":6287,"href":"https:\/\/alkotaskft.hu\/de\/wp-json\/wp\/v2\/pages\/4934\/revisions\/6287"}],"up":[{"embeddable":true,"href":"https:\/\/alkotaskft.hu\/de\/wp-json\/wp\/v2\/pages\/1689"}],"wp:featuredmedia":[{"embeddable":true,"href":"https:\/\/alkotaskft.hu\/de\/wp-json\/wp\/v2\/media\/4946"}],"wp:attachment":[{"href":"https:\/\/alkotaskft.hu\/de\/wp-json\/wp\/v2\/media?parent=4934"}],"wp:term":[{"taxonomy":"category","embeddable":true,"href":"https:\/\/alkotaskft.hu\/de\/wp-json\/wp\/v2\/categories?post=4934"},{"taxonomy":"post_tag","embeddable":true,"href":"https:\/\/alkotaskft.hu\/de\/wp-json\/wp\/v2\/tags?post=4934"}],"curies":[{"name":"wp","href":"https:\/\/api.w.org\/{rel}","templated":true}]}}