{"id":3718,"date":"2023-01-27T11:37:19","date_gmt":"2023-01-27T10:37:19","guid":{"rendered":"https:\/\/alkotaskft.hu\/?page_id=3718"},"modified":"2023-01-28T08:47:37","modified_gmt":"2023-01-28T07:47:37","slug":"munkaink-kunagota","status":"publish","type":"page","link":"https:\/\/alkotaskft.hu\/de\/munkaink-kunagota\/","title":{"rendered":"Munk\u00e1ink &#8211; Kun\u00e1gota"},"content":{"rendered":"<p><\/p>\n<p style=\"text-align: center;\">D\u00e1tum: 2022.03.22-23.<br \/>Be\u00e9p\u00edtett term\u00e9kek:<br \/>ALKOT\u00c1S HLSZ-40 hatty\u00fanyakas r\u00e9dler 10 fm-es<br \/>ALKOT\u00c1S ASF-40 serleges felvon\u00f3 4,2 fm-es<br \/>ALKOT\u00c1S H-30U hengeres term\u00e9nytiszt\u00edt\u00f3 g\u00e9p<br \/>Be\u00e9p\u00edt\u00e9s helye: Kun\u00e1gota &#8211; Kov\u00e1cs S\u00e1ndor<\/p>\n<p><\/p>\n<div id='gallery-1' class='gallery galleryid-3718 gallery-columns-4 gallery-size-full'><figure class='gallery-item'>\n\t\t\t<div class='gallery-icon landscape'>\n\t\t\t\t<a href='https:\/\/alkotaskft.hu\/wp-content\/uploads\/2023\/01\/20220323_140033.jpg'><img loading=\"lazy\" decoding=\"async\" width=\"800\" height=\"775\" src=\"https:\/\/alkotaskft.hu\/wp-content\/uploads\/2023\/01\/20220323_140033.jpg\" class=\"attachment-full size-full\" alt=\"\" srcset=\"https:\/\/alkotaskft.hu\/wp-content\/uploads\/2023\/01\/20220323_140033.jpg 800w, https:\/\/alkotaskft.hu\/wp-content\/uploads\/2023\/01\/20220323_140033-413x400.jpg 413w, https:\/\/alkotaskft.hu\/wp-content\/uploads\/2023\/01\/20220323_140033-768x744.jpg 768w\" sizes=\"auto, (max-width: 800px) 100vw, 800px\" \/><\/a>\n\t\t\t<\/div><\/figure><figure class='gallery-item'>\n\t\t\t<div class='gallery-icon portrait'>\n\t\t\t\t<a href='https:\/\/alkotaskft.hu\/wp-content\/uploads\/2023\/01\/20220323_135942.jpg'><img loading=\"lazy\" decoding=\"async\" width=\"389\" height=\"800\" src=\"https:\/\/alkotaskft.hu\/wp-content\/uploads\/2023\/01\/20220323_135942.jpg\" class=\"attachment-full size-full\" alt=\"\" srcset=\"https:\/\/alkotaskft.hu\/wp-content\/uploads\/2023\/01\/20220323_135942.jpg 389w, https:\/\/alkotaskft.hu\/wp-content\/uploads\/2023\/01\/20220323_135942-195x400.jpg 195w\" sizes=\"auto, (max-width: 389px) 100vw, 389px\" \/><\/a>\n\t\t\t<\/div><\/figure><figure class='gallery-item'>\n\t\t\t<div class='gallery-icon portrait'>\n\t\t\t\t<a href='https:\/\/alkotaskft.hu\/wp-content\/uploads\/2023\/01\/20220323_140100.jpg'><img loading=\"lazy\" decoding=\"async\" width=\"594\" height=\"800\" src=\"https:\/\/alkotaskft.hu\/wp-content\/uploads\/2023\/01\/20220323_140100.jpg\" class=\"attachment-full size-full\" alt=\"\" srcset=\"https:\/\/alkotaskft.hu\/wp-content\/uploads\/2023\/01\/20220323_140100.jpg 594w, https:\/\/alkotaskft.hu\/wp-content\/uploads\/2023\/01\/20220323_140100-297x400.jpg 297w\" sizes=\"auto, (max-width: 594px) 100vw, 594px\" \/><\/a>\n\t\t\t<\/div><\/figure><figure class='gallery-item'>\n\t\t\t<div class='gallery-icon landscape'>\n\t\t\t\t<a href='https:\/\/alkotaskft.hu\/wp-content\/uploads\/2023\/01\/20220323_140111.jpg'><img loading=\"lazy\" decoding=\"async\" width=\"800\" height=\"391\" src=\"https:\/\/alkotaskft.hu\/wp-content\/uploads\/2023\/01\/20220323_140111.jpg\" class=\"attachment-full size-full\" alt=\"\" srcset=\"https:\/\/alkotaskft.hu\/wp-content\/uploads\/2023\/01\/20220323_140111.jpg 800w, https:\/\/alkotaskft.hu\/wp-content\/uploads\/2023\/01\/20220323_140111-768x375.jpg 768w\" sizes=\"auto, (max-width: 800px) 100vw, 800px\" \/><\/a>\n\t\t\t<\/div><\/figure><figure class='gallery-item'>\n\t\t\t<div class='gallery-icon landscape'>\n\t\t\t\t<a href='https:\/\/alkotaskft.hu\/wp-content\/uploads\/2023\/01\/20220323_140053.jpg'><img loading=\"lazy\" decoding=\"async\" width=\"800\" height=\"521\" src=\"https:\/\/alkotaskft.hu\/wp-content\/uploads\/2023\/01\/20220323_140053.jpg\" class=\"attachment-full size-full\" alt=\"\" srcset=\"https:\/\/alkotaskft.hu\/wp-content\/uploads\/2023\/01\/20220323_140053.jpg 800w, https:\/\/alkotaskft.hu\/wp-content\/uploads\/2023\/01\/20220323_140053-614x400.jpg 614w, https:\/\/alkotaskft.hu\/wp-content\/uploads\/2023\/01\/20220323_140053-768x500.jpg 768w\" sizes=\"auto, (max-width: 800px) 100vw, 800px\" \/><\/a>\n\t\t\t<\/div><\/figure><figure class='gallery-item'>\n\t\t\t<div class='gallery-icon landscape'>\n\t\t\t\t<a href='https:\/\/alkotaskft.hu\/wp-content\/uploads\/2023\/01\/20220323_140118.jpg'><img loading=\"lazy\" decoding=\"async\" width=\"800\" height=\"564\" src=\"https:\/\/alkotaskft.hu\/wp-content\/uploads\/2023\/01\/20220323_140118.jpg\" class=\"attachment-full size-full\" alt=\"\" srcset=\"https:\/\/alkotaskft.hu\/wp-content\/uploads\/2023\/01\/20220323_140118.jpg 800w, https:\/\/alkotaskft.hu\/wp-content\/uploads\/2023\/01\/20220323_140118-567x400.jpg 567w, https:\/\/alkotaskft.hu\/wp-content\/uploads\/2023\/01\/20220323_140118-768x541.jpg 768w\" sizes=\"auto, (max-width: 800px) 100vw, 800px\" \/><\/a>\n\t\t\t<\/div><\/figure><figure class='gallery-item'>\n\t\t\t<div class='gallery-icon landscape'>\n\t\t\t\t<a href='https:\/\/alkotaskft.hu\/wp-content\/uploads\/2023\/01\/20220323_140138.jpg'><img loading=\"lazy\" decoding=\"async\" width=\"800\" height=\"474\" src=\"https:\/\/alkotaskft.hu\/wp-content\/uploads\/2023\/01\/20220323_140138.jpg\" class=\"attachment-full size-full\" alt=\"\" srcset=\"https:\/\/alkotaskft.hu\/wp-content\/uploads\/2023\/01\/20220323_140138.jpg 800w, https:\/\/alkotaskft.hu\/wp-content\/uploads\/2023\/01\/20220323_140138-675x400.jpg 675w, https:\/\/alkotaskft.hu\/wp-content\/uploads\/2023\/01\/20220323_140138-768x455.jpg 768w\" sizes=\"auto, (max-width: 800px) 100vw, 800px\" \/><\/a>\n\t\t\t<\/div><\/figure><figure class='gallery-item'>\n\t\t\t<div class='gallery-icon landscape'>\n\t\t\t\t<a href='https:\/\/alkotaskft.hu\/wp-content\/uploads\/2023\/01\/20220323_140148.jpg'><img loading=\"lazy\" decoding=\"async\" width=\"800\" height=\"474\" src=\"https:\/\/alkotaskft.hu\/wp-content\/uploads\/2023\/01\/20220323_140148.jpg\" class=\"attachment-full size-full\" alt=\"\" srcset=\"https:\/\/alkotaskft.hu\/wp-content\/uploads\/2023\/01\/20220323_140148.jpg 800w, https:\/\/alkotaskft.hu\/wp-content\/uploads\/2023\/01\/20220323_140148-675x400.jpg 675w, https:\/\/alkotaskft.hu\/wp-content\/uploads\/2023\/01\/20220323_140148-768x455.jpg 768w\" sizes=\"auto, (max-width: 800px) 100vw, 800px\" \/><\/a>\n\t\t\t<\/div><\/figure><figure class='gallery-item'>\n\t\t\t<div class='gallery-icon landscape'>\n\t\t\t\t<a href='https:\/\/alkotaskft.hu\/wp-content\/uploads\/2023\/01\/20220323_135948.jpg'><img loading=\"lazy\" decoding=\"async\" width=\"800\" height=\"263\" src=\"https:\/\/alkotaskft.hu\/wp-content\/uploads\/2023\/01\/20220323_135948.jpg\" class=\"attachment-full size-full\" alt=\"\" srcset=\"https:\/\/alkotaskft.hu\/wp-content\/uploads\/2023\/01\/20220323_135948.jpg 800w, https:\/\/alkotaskft.hu\/wp-content\/uploads\/2023\/01\/20220323_135948-768x252.jpg 768w\" sizes=\"auto, (max-width: 800px) 100vw, 800px\" \/><\/a>\n\t\t\t<\/div><\/figure><figure class='gallery-item'>\n\t\t\t<div class='gallery-icon portrait'>\n\t\t\t\t<a href='https:\/\/alkotaskft.hu\/wp-content\/uploads\/2023\/01\/20220323_135957.jpg'><img loading=\"lazy\" decoding=\"async\" width=\"456\" height=\"800\" src=\"https:\/\/alkotaskft.hu\/wp-content\/uploads\/2023\/01\/20220323_135957.jpg\" class=\"attachment-full size-full\" alt=\"\" srcset=\"https:\/\/alkotaskft.hu\/wp-content\/uploads\/2023\/01\/20220323_135957.jpg 456w, https:\/\/alkotaskft.hu\/wp-content\/uploads\/2023\/01\/20220323_135957-228x400.jpg 228w\" sizes=\"auto, (max-width: 456px) 100vw, 456px\" \/><\/a>\n\t\t\t<\/div><\/figure><figure class='gallery-item'>\n\t\t\t<div class='gallery-icon portrait'>\n\t\t\t\t<a href='https:\/\/alkotaskft.hu\/wp-content\/uploads\/2023\/01\/20220323_140001.jpg'><img loading=\"lazy\" decoding=\"async\" width=\"269\" height=\"800\" src=\"https:\/\/alkotaskft.hu\/wp-content\/uploads\/2023\/01\/20220323_140001.jpg\" class=\"attachment-full size-full\" alt=\"\" srcset=\"https:\/\/alkotaskft.hu\/wp-content\/uploads\/2023\/01\/20220323_140001.jpg 269w, https:\/\/alkotaskft.hu\/wp-content\/uploads\/2023\/01\/20220323_140001-135x400.jpg 135w\" sizes=\"auto, (max-width: 269px) 100vw, 269px\" \/><\/a>\n\t\t\t<\/div><\/figure><figure class='gallery-item'>\n\t\t\t<div class='gallery-icon portrait'>\n\t\t\t\t<a href='https:\/\/alkotaskft.hu\/wp-content\/uploads\/2023\/01\/20220323_140008.jpg'><img loading=\"lazy\" decoding=\"async\" width=\"360\" height=\"800\" src=\"https:\/\/alkotaskft.hu\/wp-content\/uploads\/2023\/01\/20220323_140008.jpg\" class=\"attachment-full size-full\" alt=\"\" srcset=\"https:\/\/alkotaskft.hu\/wp-content\/uploads\/2023\/01\/20220323_140008.jpg 360w, https:\/\/alkotaskft.hu\/wp-content\/uploads\/2023\/01\/20220323_140008-180x400.jpg 180w\" sizes=\"auto, (max-width: 360px) 100vw, 360px\" \/><\/a>\n\t\t\t<\/div><\/figure><figure class='gallery-item'>\n\t\t\t<div class='gallery-icon portrait'>\n\t\t\t\t<a href='https:\/\/alkotaskft.hu\/wp-content\/uploads\/2023\/01\/20220323_140018.jpg'><img loading=\"lazy\" decoding=\"async\" width=\"301\" height=\"800\" src=\"https:\/\/alkotaskft.hu\/wp-content\/uploads\/2023\/01\/20220323_140018.jpg\" class=\"attachment-full size-full\" alt=\"\" srcset=\"https:\/\/alkotaskft.hu\/wp-content\/uploads\/2023\/01\/20220323_140018.jpg 301w, https:\/\/alkotaskft.hu\/wp-content\/uploads\/2023\/01\/20220323_140018-151x400.jpg 151w\" sizes=\"auto, (max-width: 301px) 100vw, 301px\" \/><\/a>\n\t\t\t<\/div><\/figure><figure class='gallery-item'>\n\t\t\t<div class='gallery-icon landscape'>\n\t\t\t\t<a href='https:\/\/alkotaskft.hu\/wp-content\/uploads\/2023\/01\/20220323_140040.jpg'><img loading=\"lazy\" decoding=\"async\" width=\"800\" height=\"363\" src=\"https:\/\/alkotaskft.hu\/wp-content\/uploads\/2023\/01\/20220323_140040.jpg\" class=\"attachment-full size-full\" alt=\"\" srcset=\"https:\/\/alkotaskft.hu\/wp-content\/uploads\/2023\/01\/20220323_140040.jpg 800w, https:\/\/alkotaskft.hu\/wp-content\/uploads\/2023\/01\/20220323_140040-768x348.jpg 768w\" sizes=\"auto, (max-width: 800px) 100vw, 800px\" \/><\/a>\n\t\t\t<\/div><\/figure>\n\t\t<\/div>\n","protected":false},"excerpt":{"rendered":"<p>D\u00e1tum: 2022.03.22-23.Be\u00e9p\u00edtett term\u00e9kek:ALKOT\u00c1S HLSZ-40 hatty\u00fanyakas r\u00e9dler 10 fm-esALKOT\u00c1S ASF-40 serleges felvon\u00f3 4,2 fm-esALKOT\u00c1S H-30U hengeres term\u00e9nytiszt\u00edt\u00f3 g\u00e9pBe\u00e9p\u00edt\u00e9s helye: Kun\u00e1gota &#8211; Kov\u00e1cs S\u00e1ndor<\/p>\n<div class='heateor_sss_sharing_container heateor_sss_vertical_sharing heateor_sss_bottom_sharing' style='width:29px;right: 0px;top: 220px;-webkit-box-shadow:none;box-shadow:none;' data-heateor-sss-href='https:\/\/alkotaskft.hu\/de\/wp-json\/wp\/v2\/pages\/3718'><div class=\"heateor_sss_sharing_ul\"><a aria-label=\"Facebook\" class=\"heateor_sss_facebook\" href=\"https:\/\/www.facebook.com\/sharer\/sharer.php?u=https%3A%2F%2Falkotaskft.hu%2Fde%2Fwp-json%2Fwp%2Fv2%2Fpages%2F3718\" title=\"Facebook\" rel=\"nofollow noopener\" target=\"_blank\" style=\"font-size:32px!important;box-shadow:none;display:inline-block;vertical-align:middle\"><span class=\"heateor_sss_svg\" style=\"background-color:#0765FE;width:25px;height:25px;margin:0;display:inline-block;opacity:1;float:left;font-size:32px;box-shadow:none;display:inline-block;font-size:16px;padding:0 4px;vertical-align:middle;background-repeat:repeat;overflow:hidden;padding:0;cursor:pointer;box-sizing:content-box\"><svg style=\"display:block;\" focusable=\"false\" aria-hidden=\"true\" xmlns=\"http:\/\/www.w3.org\/2000\/svg\" width=\"100%\" height=\"100%\" viewBox=\"0 0 32 32\"><path fill=\"#fff\" d=\"M28 16c0-6.627-5.373-12-12-12S4 9.373 4 16c0 5.628 3.875 10.35 9.101 11.647v-7.98h-2.474V16H13.1v-1.58c0-4.085 1.849-5.978 5.859-5.978.76 0 2.072.15 2.608.298v3.325c-.283-.03-.775-.045-1.386-.045-1.967 0-2.728.745-2.728 2.683V16h3.92l-.673 3.667h-3.247v8.245C23.395 27.195 28 22.135 28 16Z\"><\/path><\/svg><\/span><\/a><a aria-label=\"Twitter\" class=\"heateor_sss_button_twitter\" href=\"https:\/\/twitter.com\/intent\/tweet?text=Alkot%C3%A1s%20Kft.%20-%20&url=https%3A%2F%2Falkotaskft.hu%2Fde%2Fwp-json%2Fwp%2Fv2%2Fpages%2F3718\" title=\"Twitter\" rel=\"nofollow noopener\" target=\"_blank\" style=\"font-size:32px!important;box-shadow:none;display:inline-block;vertical-align:middle\"><span class=\"heateor_sss_svg heateor_sss_s__default heateor_sss_s_twitter\" style=\"background-color:#55acee;width:25px;height:25px;margin:0;display:inline-block;opacity:1;float:left;font-size:32px;box-shadow:none;display:inline-block;font-size:16px;padding:0 4px;vertical-align:middle;background-repeat:repeat;overflow:hidden;padding:0;cursor:pointer;box-sizing:content-box\"><svg style=\"display:block;\" focusable=\"false\" aria-hidden=\"true\" xmlns=\"http:\/\/www.w3.org\/2000\/svg\" width=\"100%\" height=\"100%\" viewBox=\"-4 -4 39 39\"><path d=\"M28 8.557a9.913 9.913 0 0 1-2.828.775 4.93 4.93 0 0 0 2.166-2.725 9.738 9.738 0 0 1-3.13 1.194 4.92 4.92 0 0 0-3.593-1.55 4.924 4.924 0 0 0-4.794 6.049c-4.09-.21-7.72-2.17-10.15-5.15a4.942 4.942 0 0 0-.665 2.477c0 1.71.87 3.214 2.19 4.1a4.968 4.968 0 0 1-2.23-.616v.06c0 2.39 1.7 4.38 3.952 4.83-.414.115-.85.174-1.297.174-.318 0-.626-.03-.928-.086a4.935 4.935 0 0 0 4.6 3.42 9.893 9.893 0 0 1-6.114 2.107c-.398 0-.79-.023-1.175-.068a13.953 13.953 0 0 0 7.55 2.213c9.056 0 14.01-7.507 14.01-14.013 0-.213-.005-.426-.015-.637.96-.695 1.795-1.56 2.455-2.55z\" fill=\"#fff\"><\/path><\/svg><\/span><\/a><a class=\"heateor_sss_more\" aria-label=\"More\" title=\"More\" rel=\"nofollow noopener\" style=\"font-size: 32px!important;border:0;box-shadow:none;display:inline-block!important;font-size:16px;padding:0 4px;vertical-align: middle;display:inline;\" href=\"https:\/\/alkotaskft.hu\/de\/wp-json\/wp\/v2\/pages\/3718\" onclick=\"event.preventDefault()\"><span class=\"heateor_sss_svg\" style=\"background-color:#ee8e2d;width:25px;height:25px;margin:0;display:inline-block!important;opacity:1;float:left;font-size:32px!important;box-shadow:none;display:inline-block;font-size:16px;padding:0 4px;vertical-align:middle;display:inline;background-repeat:repeat;overflow:hidden;padding:0;cursor:pointer;box-sizing:content-box;\" onclick=\"heateorSssMoreSharingPopup(this, 'https:\/\/alkotaskft.hu\/de\/wp-json\/wp\/v2\/pages\/3718', 'Alkot%C3%A1s%20Kft.%20-%20', '' )\"><svg xmlns=\"http:\/\/www.w3.org\/2000\/svg\" xmlns:xlink=\"http:\/\/www.w3.org\/1999\/xlink\" viewBox=\"-.3 0 32 32\" version=\"1.1\" width=\"100%\" height=\"100%\" style=\"display:block;\" xml:space=\"preserve\"><g><path fill=\"#fff\" d=\"M18 14V8h-4v6H8v4h6v6h4v-6h6v-4h-6z\" fill-rule=\"evenodd\"><\/path><\/g><\/svg><\/span><\/a><\/div><div class=\"heateorSssClear\"><\/div><\/div>","protected":false},"author":3,"featured_media":0,"parent":0,"menu_order":0,"comment_status":"closed","ping_status":"closed","template":"","meta":{"_acf_changed":false,"footnotes":""},"categories":[],"tags":[],"class_list":["post-3718","page","type-page","status-publish","hentry"],"yoast_head":"<!-- This site is optimized with the Yoast SEO plugin v27.5 - https:\/\/yoast.com\/product\/yoast-seo-wordpress\/ -->\n<title>Munk\u00e1ink - Kun\u00e1gota - Alkot\u00e1s Kft.<\/title>\n<meta name=\"robots\" content=\"index, follow, max-snippet:-1, max-image-preview:large, max-video-preview:-1\" \/>\n<link rel=\"canonical\" href=\"https:\/\/alkotaskft.hu\/munkaink-kunagota\/\" \/>\n<meta property=\"og:locale\" content=\"de_DE\" \/>\n<meta property=\"og:type\" content=\"article\" \/>\n<meta property=\"og:title\" content=\"Munk\u00e1ink - Kun\u00e1gota - Alkot\u00e1s Kft.\" \/>\n<meta property=\"og:description\" content=\"D\u00e1tum: 2022.03.22-23.Be\u00e9p\u00edtett term\u00e9kek:ALKOT\u00c1S HLSZ-40 hatty\u00fanyakas r\u00e9dler 10 fm-esALKOT\u00c1S ASF-40 serleges felvon\u00f3 4,2 fm-esALKOT\u00c1S H-30U hengeres term\u00e9nytiszt\u00edt\u00f3 g\u00e9pBe\u00e9p\u00edt\u00e9s helye: Kun\u00e1gota &#8211; Kov\u00e1cs S\u00e1ndor\" \/>\n<meta property=\"og:url\" content=\"https:\/\/alkotaskft.hu\/munkaink-kunagota\/\" \/>\n<meta property=\"og:site_name\" content=\"Alkot\u00e1s Kft.\" \/>\n<meta property=\"article:modified_time\" content=\"2023-01-28T07:47:37+00:00\" \/>\n<meta property=\"og:image\" content=\"https:\/\/alkotaskft.hu\/wp-content\/uploads\/2023\/01\/20220323_140033.jpg\" \/>\n<meta name=\"twitter:card\" content=\"summary_large_image\" \/>\n<meta name=\"twitter:label1\" content=\"Gesch\u00e4tzte Lesezeit\" \/>\n\t<meta name=\"twitter:data1\" content=\"1\u00a0Minute\" \/>\n<script type=\"application\/ld+json\" class=\"yoast-schema-graph\">{\"@context\":\"https:\\\/\\\/schema.org\",\"@graph\":[{\"@type\":\"WebPage\",\"@id\":\"https:\\\/\\\/alkotaskft.hu\\\/munkaink-kunagota\\\/\",\"url\":\"https:\\\/\\\/alkotaskft.hu\\\/munkaink-kunagota\\\/\",\"name\":\"Munk\u00e1ink - Kun\u00e1gota - Alkot\u00e1s Kft.\",\"isPartOf\":{\"@id\":\"https:\\\/\\\/alkotaskft.hu\\\/#website\"},\"datePublished\":\"2023-01-27T10:37:19+00:00\",\"dateModified\":\"2023-01-28T07:47:37+00:00\",\"breadcrumb\":{\"@id\":\"https:\\\/\\\/alkotaskft.hu\\\/munkaink-kunagota\\\/#breadcrumb\"},\"inLanguage\":\"de\",\"potentialAction\":[{\"@type\":\"ReadAction\",\"target\":[\"https:\\\/\\\/alkotaskft.hu\\\/munkaink-kunagota\\\/\"]}]},{\"@type\":\"BreadcrumbList\",\"@id\":\"https:\\\/\\\/alkotaskft.hu\\\/munkaink-kunagota\\\/#breadcrumb\",\"itemListElement\":[{\"@type\":\"ListItem\",\"position\":1,\"name\":\"Home\",\"item\":\"https:\\\/\\\/alkotaskft.hu\\\/\"},{\"@type\":\"ListItem\",\"position\":2,\"name\":\"Munk\u00e1ink &#8211; Kun\u00e1gota\"}]},{\"@type\":\"WebSite\",\"@id\":\"https:\\\/\\\/alkotaskft.hu\\\/#website\",\"url\":\"https:\\\/\\\/alkotaskft.hu\\\/\",\"name\":\"Alkot\u00e1s Kft.\",\"description\":\"\",\"potentialAction\":[{\"@type\":\"SearchAction\",\"target\":{\"@type\":\"EntryPoint\",\"urlTemplate\":\"https:\\\/\\\/alkotaskft.hu\\\/?s={search_term_string}\"},\"query-input\":{\"@type\":\"PropertyValueSpecification\",\"valueRequired\":true,\"valueName\":\"search_term_string\"}}],\"inLanguage\":\"de\"}]}<\/script>\n<!-- \/ Yoast SEO plugin. -->","yoast_head_json":{"title":"Munk\u00e1ink - Kun\u00e1gota - Alkot\u00e1s Kft.","robots":{"index":"index","follow":"follow","max-snippet":"max-snippet:-1","max-image-preview":"max-image-preview:large","max-video-preview":"max-video-preview:-1"},"canonical":"https:\/\/alkotaskft.hu\/munkaink-kunagota\/","og_locale":"de_DE","og_type":"article","og_title":"Munk\u00e1ink - Kun\u00e1gota - Alkot\u00e1s Kft.","og_description":"D\u00e1tum: 2022.03.22-23.Be\u00e9p\u00edtett term\u00e9kek:ALKOT\u00c1S HLSZ-40 hatty\u00fanyakas r\u00e9dler 10 fm-esALKOT\u00c1S ASF-40 serleges felvon\u00f3 4,2 fm-esALKOT\u00c1S H-30U hengeres term\u00e9nytiszt\u00edt\u00f3 g\u00e9pBe\u00e9p\u00edt\u00e9s helye: Kun\u00e1gota &#8211; Kov\u00e1cs S\u00e1ndor","og_url":"https:\/\/alkotaskft.hu\/munkaink-kunagota\/","og_site_name":"Alkot\u00e1s Kft.","article_modified_time":"2023-01-28T07:47:37+00:00","og_image":[{"url":"https:\/\/alkotaskft.hu\/wp-content\/uploads\/2023\/01\/20220323_140033.jpg","type":"","width":"","height":""}],"twitter_card":"summary_large_image","twitter_misc":{"Gesch\u00e4tzte Lesezeit":"1\u00a0Minute"},"schema":{"@context":"https:\/\/schema.org","@graph":[{"@type":"WebPage","@id":"https:\/\/alkotaskft.hu\/munkaink-kunagota\/","url":"https:\/\/alkotaskft.hu\/munkaink-kunagota\/","name":"Munk\u00e1ink - Kun\u00e1gota - Alkot\u00e1s Kft.","isPartOf":{"@id":"https:\/\/alkotaskft.hu\/#website"},"datePublished":"2023-01-27T10:37:19+00:00","dateModified":"2023-01-28T07:47:37+00:00","breadcrumb":{"@id":"https:\/\/alkotaskft.hu\/munkaink-kunagota\/#breadcrumb"},"inLanguage":"de","potentialAction":[{"@type":"ReadAction","target":["https:\/\/alkotaskft.hu\/munkaink-kunagota\/"]}]},{"@type":"BreadcrumbList","@id":"https:\/\/alkotaskft.hu\/munkaink-kunagota\/#breadcrumb","itemListElement":[{"@type":"ListItem","position":1,"name":"Home","item":"https:\/\/alkotaskft.hu\/"},{"@type":"ListItem","position":2,"name":"Munk\u00e1ink &#8211; Kun\u00e1gota"}]},{"@type":"WebSite","@id":"https:\/\/alkotaskft.hu\/#website","url":"https:\/\/alkotaskft.hu\/","name":"Alkot\u00e1s Kft.","description":"","potentialAction":[{"@type":"SearchAction","target":{"@type":"EntryPoint","urlTemplate":"https:\/\/alkotaskft.hu\/?s={search_term_string}"},"query-input":{"@type":"PropertyValueSpecification","valueRequired":true,"valueName":"search_term_string"}}],"inLanguage":"de"}]}},"acf":[],"_links":{"self":[{"href":"https:\/\/alkotaskft.hu\/de\/wp-json\/wp\/v2\/pages\/3718","targetHints":{"allow":["GET"]}}],"collection":[{"href":"https:\/\/alkotaskft.hu\/de\/wp-json\/wp\/v2\/pages"}],"about":[{"href":"https:\/\/alkotaskft.hu\/de\/wp-json\/wp\/v2\/types\/page"}],"author":[{"embeddable":true,"href":"https:\/\/alkotaskft.hu\/de\/wp-json\/wp\/v2\/users\/3"}],"replies":[{"embeddable":true,"href":"https:\/\/alkotaskft.hu\/de\/wp-json\/wp\/v2\/comments?post=3718"}],"version-history":[{"count":4,"href":"https:\/\/alkotaskft.hu\/de\/wp-json\/wp\/v2\/pages\/3718\/revisions"}],"predecessor-version":[{"id":3742,"href":"https:\/\/alkotaskft.hu\/de\/wp-json\/wp\/v2\/pages\/3718\/revisions\/3742"}],"wp:attachment":[{"href":"https:\/\/alkotaskft.hu\/de\/wp-json\/wp\/v2\/media?parent=3718"}],"wp:term":[{"taxonomy":"category","embeddable":true,"href":"https:\/\/alkotaskft.hu\/de\/wp-json\/wp\/v2\/categories?post=3718"},{"taxonomy":"post_tag","embeddable":true,"href":"https:\/\/alkotaskft.hu\/de\/wp-json\/wp\/v2\/tags?post=3718"}],"curies":[{"name":"wp","href":"https:\/\/api.w.org\/{rel}","templated":true}]}}