{"id":1772,"date":"2018-10-24T10:59:29","date_gmt":"2018-10-24T09:59:29","guid":{"rendered":"http:\/\/alkotaskft.hu\/?page_id=1772"},"modified":"2025-03-19T16:31:47","modified_gmt":"2025-03-19T15:31:47","slug":"rozsdamentes-lemezek-es-rostabetetek","status":"publish","type":"page","link":"https:\/\/alkotaskft.hu\/de\/rostalemezek\/rozsdamentes-lemezek-es-rostabetetek\/","title":{"rendered":"Rozsdamentes lemezek \u00e9s rostabet\u00e9tek"},"content":{"rendered":"<div class=\"row large-columns-4 medium-columns- small-columns-2\">\n          <div class=\"gallery-col col\" >\n          <div class=\"col-inner\">\n            <a class=\"image-lightbox lightbox-gallery\" href=\"https:\/\/alkotaskft.hu\/wp-content\/uploads\/2018\/10\/20181016_141957-1-1048x800.jpg\" title=\"Sz\u0151l\u0151pr\u00e9s bels\u0151 sz\u0171r\u0151je\">            <div class=\"box has-hover gallery-box box-overlay dark\">\n              <div class=\"box-image\" >\n                <img loading=\"lazy\" decoding=\"async\" width=\"524\" height=\"400\" src=\"https:\/\/alkotaskft.hu\/wp-content\/uploads\/2018\/10\/20181016_141957-1-524x400.jpg\" class=\"attachment-medium size-medium\" alt=\"\" ids=\"1781,1782,1783,1784,1785,1786,1787\" srcset=\"https:\/\/alkotaskft.hu\/wp-content\/uploads\/2018\/10\/20181016_141957-1-524x400.jpg 524w, https:\/\/alkotaskft.hu\/wp-content\/uploads\/2018\/10\/20181016_141957-1-768x586.jpg 768w, https:\/\/alkotaskft.hu\/wp-content\/uploads\/2018\/10\/20181016_141957-1-1048x800.jpg 1048w, https:\/\/alkotaskft.hu\/wp-content\/uploads\/2018\/10\/20181016_141957-1.jpg 2048w\" sizes=\"auto, (max-width: 524px) 100vw, 524px\" \/>                                  <div class=\"overlay fill\"\n                      style=\"background-color: rgba(0,0,0,.15)\">\n                  <\/div>\n                                                              <\/div><!-- .image -->\n              <div class=\"box-text text-left\" >\n                 <p>Sz\u0151l\u0151pr\u00e9s bels\u0151 sz\u0171r\u0151je<\/p>\n              <\/div><!-- .text -->\n            <\/div><!-- .box -->\n            <\/a>          <\/div><!-- .col-inner -->\n         <\/div><!-- .col -->\n                 <div class=\"gallery-col col\" >\n          <div class=\"col-inner\">\n            <a class=\"image-lightbox lightbox-gallery\" href=\"https:\/\/alkotaskft.hu\/wp-content\/uploads\/2018\/10\/20181016_142002-1-1400x681.jpg\" title=\"Sz\u0151l\u0151pr\u00e9s bels\u0151 sz\u0171r\u0151je\">            <div class=\"box has-hover gallery-box box-overlay dark\">\n              <div class=\"box-image\" >\n                <img loading=\"lazy\" decoding=\"async\" width=\"800\" height=\"389\" src=\"https:\/\/alkotaskft.hu\/wp-content\/uploads\/2018\/10\/20181016_142002-1-800x389.jpg\" class=\"attachment-medium size-medium\" alt=\"\" ids=\"1781,1782,1783,1784,1785,1786,1787\" srcset=\"https:\/\/alkotaskft.hu\/wp-content\/uploads\/2018\/10\/20181016_142002-1-800x389.jpg 800w, https:\/\/alkotaskft.hu\/wp-content\/uploads\/2018\/10\/20181016_142002-1-768x374.jpg 768w, https:\/\/alkotaskft.hu\/wp-content\/uploads\/2018\/10\/20181016_142002-1-1400x681.jpg 1400w, https:\/\/alkotaskft.hu\/wp-content\/uploads\/2018\/10\/20181016_142002-1.jpg 2048w\" sizes=\"auto, (max-width: 800px) 100vw, 800px\" \/>                                  <div class=\"overlay fill\"\n                      style=\"background-color: rgba(0,0,0,.15)\">\n                  <\/div>\n                                                              <\/div><!-- .image -->\n              <div class=\"box-text text-left\" >\n                 <p>Sz\u0151l\u0151pr\u00e9s bels\u0151 sz\u0171r\u0151je<\/p>\n              <\/div><!-- .text -->\n            <\/div><!-- .box -->\n            <\/a>          <\/div><!-- .col-inner -->\n         <\/div><!-- .col -->\n                 <div class=\"gallery-col col\" >\n          <div class=\"col-inner\">\n            <a class=\"image-lightbox lightbox-gallery\" href=\"https:\/\/alkotaskft.hu\/wp-content\/uploads\/2018\/10\/20181016_142017-1-e1540385549115-495x800.jpg\" title=\"Sz\u0151l\u0151pr\u00e9s bels\u0151 sz\u0171r\u0151je\">            <div class=\"box has-hover gallery-box box-overlay dark\">\n              <div class=\"box-image\" >\n                <img loading=\"lazy\" decoding=\"async\" width=\"248\" height=\"400\" src=\"https:\/\/alkotaskft.hu\/wp-content\/uploads\/2018\/10\/20181016_142017-1-e1540385549115-248x400.jpg\" class=\"attachment-medium size-medium\" alt=\"\" ids=\"1781,1782,1783,1784,1785,1786,1787\" srcset=\"https:\/\/alkotaskft.hu\/wp-content\/uploads\/2018\/10\/20181016_142017-1-e1540385549115-248x400.jpg 248w, https:\/\/alkotaskft.hu\/wp-content\/uploads\/2018\/10\/20181016_142017-1-e1540385549115-768x1240.jpg 768w, https:\/\/alkotaskft.hu\/wp-content\/uploads\/2018\/10\/20181016_142017-1-e1540385549115-495x800.jpg 495w, https:\/\/alkotaskft.hu\/wp-content\/uploads\/2018\/10\/20181016_142017-1-e1540385549115.jpg 1268w\" sizes=\"auto, (max-width: 248px) 100vw, 248px\" \/>                                  <div class=\"overlay fill\"\n                      style=\"background-color: rgba(0,0,0,.15)\">\n                  <\/div>\n                                                              <\/div><!-- .image -->\n              <div class=\"box-text text-left\" >\n                 <p>Sz\u0151l\u0151pr\u00e9s bels\u0151 sz\u0171r\u0151je<\/p>\n              <\/div><!-- .text -->\n            <\/div><!-- .box -->\n            <\/a>          <\/div><!-- .col-inner -->\n         <\/div><!-- .col -->\n                 <div class=\"gallery-col col\" >\n          <div class=\"col-inner\">\n            <a class=\"image-lightbox lightbox-gallery\" href=\"https:\/\/alkotaskft.hu\/wp-content\/uploads\/2018\/10\/20181016_142040-1-1238x800.jpg\" title=\"Sz\u0151l\u0151pr\u00e9s bels\u0151 sz\u0171r\u0151je\">            <div class=\"box has-hover gallery-box box-overlay dark\">\n              <div class=\"box-image\" >\n                <img loading=\"lazy\" decoding=\"async\" width=\"619\" height=\"400\" src=\"https:\/\/alkotaskft.hu\/wp-content\/uploads\/2018\/10\/20181016_142040-1-619x400.jpg\" class=\"attachment-medium size-medium\" alt=\"\" ids=\"1781,1782,1783,1784,1785,1786,1787\" srcset=\"https:\/\/alkotaskft.hu\/wp-content\/uploads\/2018\/10\/20181016_142040-1-619x400.jpg 619w, https:\/\/alkotaskft.hu\/wp-content\/uploads\/2018\/10\/20181016_142040-1-768x496.jpg 768w, https:\/\/alkotaskft.hu\/wp-content\/uploads\/2018\/10\/20181016_142040-1-1238x800.jpg 1238w, https:\/\/alkotaskft.hu\/wp-content\/uploads\/2018\/10\/20181016_142040-1.jpg 2048w\" sizes=\"auto, (max-width: 619px) 100vw, 619px\" \/>                                  <div class=\"overlay fill\"\n                      style=\"background-color: rgba(0,0,0,.15)\">\n                  <\/div>\n                                                              <\/div><!-- .image -->\n              <div class=\"box-text text-left\" >\n                 <p>Sz\u0151l\u0151pr\u00e9s bels\u0151 sz\u0171r\u0151je<\/p>\n              <\/div><!-- .text -->\n            <\/div><!-- .box -->\n            <\/a>          <\/div><!-- .col-inner -->\n         <\/div><!-- .col -->\n                 <div class=\"gallery-col col\" >\n          <div class=\"col-inner\">\n            <a class=\"image-lightbox lightbox-gallery\" href=\"https:\/\/alkotaskft.hu\/wp-content\/uploads\/2018\/10\/20181016_142134-1-838x800.jpg\" title=\"Sz\u0151l\u0151pr\u00e9s bels\u0151 sz\u0171r\u0151je\">            <div class=\"box has-hover gallery-box box-overlay dark\">\n              <div class=\"box-image\" >\n                <img loading=\"lazy\" decoding=\"async\" width=\"419\" height=\"400\" src=\"https:\/\/alkotaskft.hu\/wp-content\/uploads\/2018\/10\/20181016_142134-1-419x400.jpg\" class=\"attachment-medium size-medium\" alt=\"\" ids=\"1781,1782,1783,1784,1785,1786,1787\" srcset=\"https:\/\/alkotaskft.hu\/wp-content\/uploads\/2018\/10\/20181016_142134-1-419x400.jpg 419w, https:\/\/alkotaskft.hu\/wp-content\/uploads\/2018\/10\/20181016_142134-1-768x734.jpg 768w, https:\/\/alkotaskft.hu\/wp-content\/uploads\/2018\/10\/20181016_142134-1-838x800.jpg 838w, https:\/\/alkotaskft.hu\/wp-content\/uploads\/2018\/10\/20181016_142134-1.jpg 2048w\" sizes=\"auto, (max-width: 419px) 100vw, 419px\" \/>                                  <div class=\"overlay fill\"\n                      style=\"background-color: rgba(0,0,0,.15)\">\n                  <\/div>\n                                                              <\/div><!-- .image -->\n              <div class=\"box-text text-left\" >\n                 <p>Sz\u0151l\u0151pr\u00e9s bels\u0151 sz\u0171r\u0151je<\/p>\n              <\/div><!-- .text -->\n            <\/div><!-- .box -->\n            <\/a>          <\/div><!-- .col-inner -->\n         <\/div><!-- .col -->\n                 <div class=\"gallery-col col\" >\n          <div class=\"col-inner\">\n            <a class=\"image-lightbox lightbox-gallery\" href=\"https:\/\/alkotaskft.hu\/wp-content\/uploads\/2018\/10\/20181016_142141-1-1400x681.jpg\" title=\"Sz\u0151l\u0151pr\u00e9s bels\u0151 sz\u0171r\u0151je\">            <div class=\"box has-hover gallery-box box-overlay dark\">\n              <div class=\"box-image\" >\n                <img loading=\"lazy\" decoding=\"async\" width=\"800\" height=\"389\" src=\"https:\/\/alkotaskft.hu\/wp-content\/uploads\/2018\/10\/20181016_142141-1-800x389.jpg\" class=\"attachment-medium size-medium\" alt=\"\" ids=\"1781,1782,1783,1784,1785,1786,1787\" srcset=\"https:\/\/alkotaskft.hu\/wp-content\/uploads\/2018\/10\/20181016_142141-1-800x389.jpg 800w, https:\/\/alkotaskft.hu\/wp-content\/uploads\/2018\/10\/20181016_142141-1-768x374.jpg 768w, https:\/\/alkotaskft.hu\/wp-content\/uploads\/2018\/10\/20181016_142141-1-1400x681.jpg 1400w, https:\/\/alkotaskft.hu\/wp-content\/uploads\/2018\/10\/20181016_142141-1.jpg 2048w\" sizes=\"auto, (max-width: 800px) 100vw, 800px\" \/>                                  <div class=\"overlay fill\"\n                      style=\"background-color: rgba(0,0,0,.15)\">\n                  <\/div>\n                                                              <\/div><!-- .image -->\n              <div class=\"box-text text-left\" >\n                 <p>Sz\u0151l\u0151pr\u00e9s bels\u0151 sz\u0171r\u0151je<\/p>\n              <\/div><!-- .text -->\n            <\/div><!-- .box -->\n            <\/a>          <\/div><!-- .col-inner -->\n         <\/div><!-- .col -->\n                 <div class=\"gallery-col col\" >\n          <div class=\"col-inner\">\n            <a class=\"image-lightbox lightbox-gallery\" href=\"https:\/\/alkotaskft.hu\/wp-content\/uploads\/2018\/10\/Resized_20181011_122130_1597-1-1067x800.jpeg\" title=\"Sz\u0151l\u0151pr\u00e9s bels\u0151 sz\u0171r\u0151je\">            <div class=\"box has-hover gallery-box box-overlay dark\">\n              <div class=\"box-image\" >\n                <img loading=\"lazy\" decoding=\"async\" width=\"533\" height=\"400\" src=\"https:\/\/alkotaskft.hu\/wp-content\/uploads\/2018\/10\/Resized_20181011_122130_1597-1-533x400.jpeg\" class=\"attachment-medium size-medium\" alt=\"\" ids=\"1781,1782,1783,1784,1785,1786,1787\" srcset=\"https:\/\/alkotaskft.hu\/wp-content\/uploads\/2018\/10\/Resized_20181011_122130_1597-1-533x400.jpeg 533w, https:\/\/alkotaskft.hu\/wp-content\/uploads\/2018\/10\/Resized_20181011_122130_1597-1-768x576.jpeg 768w, https:\/\/alkotaskft.hu\/wp-content\/uploads\/2018\/10\/Resized_20181011_122130_1597-1-1067x800.jpeg 1067w, https:\/\/alkotaskft.hu\/wp-content\/uploads\/2018\/10\/Resized_20181011_122130_1597-1.jpeg 1920w\" sizes=\"auto, (max-width: 533px) 100vw, 533px\" \/>                                  <div class=\"overlay fill\"\n                      style=\"background-color: rgba(0,0,0,.15)\">\n                  <\/div>\n                                                              <\/div><!-- .image -->\n              <div class=\"box-text text-left\" >\n                 <p>Sz\u0151l\u0151pr\u00e9s bels\u0151 sz\u0171r\u0151je<\/p>\n              <\/div><!-- .text -->\n            <\/div><!-- .box -->\n            <\/a>          <\/div><!-- .col-inner -->\n         <\/div><!-- .col -->\n         <\/div>","protected":false},"excerpt":{"rendered":"<div class='heateor_sss_sharing_container heateor_sss_vertical_sharing heateor_sss_bottom_sharing' style='width:29px;right: 0px;top: 220px;-webkit-box-shadow:none;box-shadow:none;' data-heateor-sss-href='https:\/\/alkotaskft.hu\/de\/wp-json\/wp\/v2\/pages\/1772'><div class=\"heateor_sss_sharing_ul\"><a aria-label=\"Facebook\" class=\"heateor_sss_facebook\" href=\"https:\/\/www.facebook.com\/sharer\/sharer.php?u=https%3A%2F%2Falkotaskft.hu%2Fde%2Fwp-json%2Fwp%2Fv2%2Fpages%2F1772\" title=\"Facebook\" rel=\"nofollow noopener\" target=\"_blank\" style=\"font-size:32px!important;box-shadow:none;display:inline-block;vertical-align:middle\"><span class=\"heateor_sss_svg\" style=\"background-color:#0765FE;width:25px;height:25px;margin:0;display:inline-block;opacity:1;float:left;font-size:32px;box-shadow:none;display:inline-block;font-size:16px;padding:0 4px;vertical-align:middle;background-repeat:repeat;overflow:hidden;padding:0;cursor:pointer;box-sizing:content-box\"><svg style=\"display:block;\" focusable=\"false\" aria-hidden=\"true\" xmlns=\"http:\/\/www.w3.org\/2000\/svg\" width=\"100%\" height=\"100%\" viewBox=\"0 0 32 32\"><path fill=\"#fff\" d=\"M28 16c0-6.627-5.373-12-12-12S4 9.373 4 16c0 5.628 3.875 10.35 9.101 11.647v-7.98h-2.474V16H13.1v-1.58c0-4.085 1.849-5.978 5.859-5.978.76 0 2.072.15 2.608.298v3.325c-.283-.03-.775-.045-1.386-.045-1.967 0-2.728.745-2.728 2.683V16h3.92l-.673 3.667h-3.247v8.245C23.395 27.195 28 22.135 28 16Z\"><\/path><\/svg><\/span><\/a><a aria-label=\"Twitter\" class=\"heateor_sss_button_twitter\" href=\"https:\/\/twitter.com\/intent\/tweet?text=Alkot%C3%A1s%20Kft.%20-%20&url=https%3A%2F%2Falkotaskft.hu%2Fde%2Fwp-json%2Fwp%2Fv2%2Fpages%2F1772\" title=\"Twitter\" rel=\"nofollow noopener\" target=\"_blank\" style=\"font-size:32px!important;box-shadow:none;display:inline-block;vertical-align:middle\"><span class=\"heateor_sss_svg heateor_sss_s__default heateor_sss_s_twitter\" style=\"background-color:#55acee;width:25px;height:25px;margin:0;display:inline-block;opacity:1;float:left;font-size:32px;box-shadow:none;display:inline-block;font-size:16px;padding:0 4px;vertical-align:middle;background-repeat:repeat;overflow:hidden;padding:0;cursor:pointer;box-sizing:content-box\"><svg style=\"display:block;\" focusable=\"false\" aria-hidden=\"true\" xmlns=\"http:\/\/www.w3.org\/2000\/svg\" width=\"100%\" height=\"100%\" viewBox=\"-4 -4 39 39\"><path d=\"M28 8.557a9.913 9.913 0 0 1-2.828.775 4.93 4.93 0 0 0 2.166-2.725 9.738 9.738 0 0 1-3.13 1.194 4.92 4.92 0 0 0-3.593-1.55 4.924 4.924 0 0 0-4.794 6.049c-4.09-.21-7.72-2.17-10.15-5.15a4.942 4.942 0 0 0-.665 2.477c0 1.71.87 3.214 2.19 4.1a4.968 4.968 0 0 1-2.23-.616v.06c0 2.39 1.7 4.38 3.952 4.83-.414.115-.85.174-1.297.174-.318 0-.626-.03-.928-.086a4.935 4.935 0 0 0 4.6 3.42 9.893 9.893 0 0 1-6.114 2.107c-.398 0-.79-.023-1.175-.068a13.953 13.953 0 0 0 7.55 2.213c9.056 0 14.01-7.507 14.01-14.013 0-.213-.005-.426-.015-.637.96-.695 1.795-1.56 2.455-2.55z\" fill=\"#fff\"><\/path><\/svg><\/span><\/a><a class=\"heateor_sss_more\" aria-label=\"More\" title=\"More\" rel=\"nofollow noopener\" style=\"font-size: 32px!important;border:0;box-shadow:none;display:inline-block!important;font-size:16px;padding:0 4px;vertical-align: middle;display:inline;\" href=\"https:\/\/alkotaskft.hu\/de\/wp-json\/wp\/v2\/pages\/1772\" onclick=\"event.preventDefault()\"><span class=\"heateor_sss_svg\" style=\"background-color:#ee8e2d;width:25px;height:25px;margin:0;display:inline-block!important;opacity:1;float:left;font-size:32px!important;box-shadow:none;display:inline-block;font-size:16px;padding:0 4px;vertical-align:middle;display:inline;background-repeat:repeat;overflow:hidden;padding:0;cursor:pointer;box-sizing:content-box;\" onclick=\"heateorSssMoreSharingPopup(this, 'https:\/\/alkotaskft.hu\/de\/wp-json\/wp\/v2\/pages\/1772', 'Alkot%C3%A1s%20Kft.%20-%20', '' )\"><svg xmlns=\"http:\/\/www.w3.org\/2000\/svg\" xmlns:xlink=\"http:\/\/www.w3.org\/1999\/xlink\" viewBox=\"-.3 0 32 32\" version=\"1.1\" width=\"100%\" height=\"100%\" style=\"display:block;\" xml:space=\"preserve\"><g><path fill=\"#fff\" d=\"M18 14V8h-4v6H8v4h6v6h4v-6h6v-4h-6z\" fill-rule=\"evenodd\"><\/path><\/g><\/svg><\/span><\/a><\/div><div class=\"heateorSssClear\"><\/div><\/div>","protected":false},"author":3,"featured_media":4496,"parent":1689,"menu_order":0,"comment_status":"closed","ping_status":"closed","template":"","meta":{"_acf_changed":false,"footnotes":""},"categories":[22],"tags":[],"class_list":["post-1772","page","type-page","status-publish","has-post-thumbnail","hentry","category-rostalemezek"],"yoast_head":"<!-- This site is optimized with the Yoast SEO plugin v27.4 - https:\/\/yoast.com\/product\/yoast-seo-wordpress\/ -->\n<title>Rozsdamentes lemezek \u00e9s rostabet\u00e9tek - Alkot\u00e1s Kft.<\/title>\n<meta name=\"robots\" content=\"index, follow, max-snippet:-1, max-image-preview:large, max-video-preview:-1\" \/>\n<link rel=\"canonical\" href=\"https:\/\/alkotaskft.hu\/rostalemezek\/rozsdamentes-lemezek-es-rostabetetek\/\" \/>\n<meta property=\"og:locale\" content=\"de_DE\" \/>\n<meta property=\"og:type\" content=\"article\" \/>\n<meta property=\"og:title\" content=\"Rozsdamentes lemezek \u00e9s rostabet\u00e9tek - Alkot\u00e1s Kft.\" \/>\n<meta property=\"og:url\" content=\"https:\/\/alkotaskft.hu\/rostalemezek\/rozsdamentes-lemezek-es-rostabetetek\/\" \/>\n<meta property=\"og:site_name\" content=\"Alkot\u00e1s Kft.\" \/>\n<meta property=\"article:modified_time\" content=\"2025-03-19T15:31:47+00:00\" \/>\n<meta property=\"og:image\" content=\"https:\/\/alkotaskft.hu\/wp-content\/uploads\/2023\/02\/image008-1.jpg\" \/>\n\t<meta property=\"og:image:width\" content=\"484\" \/>\n\t<meta property=\"og:image:height\" content=\"800\" \/>\n\t<meta property=\"og:image:type\" content=\"image\/jpeg\" \/>\n<meta name=\"twitter:card\" content=\"summary_large_image\" \/>\n<meta name=\"twitter:label1\" content=\"Gesch\u00e4tzte Lesezeit\" \/>\n\t<meta name=\"twitter:data1\" content=\"1\u00a0Minute\" \/>\n<script type=\"application\/ld+json\" class=\"yoast-schema-graph\">{\"@context\":\"https:\\\/\\\/schema.org\",\"@graph\":[{\"@type\":\"WebPage\",\"@id\":\"https:\\\/\\\/alkotaskft.hu\\\/rostalemezek\\\/rozsdamentes-lemezek-es-rostabetetek\\\/\",\"url\":\"https:\\\/\\\/alkotaskft.hu\\\/rostalemezek\\\/rozsdamentes-lemezek-es-rostabetetek\\\/\",\"name\":\"Rozsdamentes lemezek \u00e9s rostabet\u00e9tek - Alkot\u00e1s Kft.\",\"isPartOf\":{\"@id\":\"https:\\\/\\\/alkotaskft.hu\\\/#website\"},\"primaryImageOfPage\":{\"@id\":\"https:\\\/\\\/alkotaskft.hu\\\/rostalemezek\\\/rozsdamentes-lemezek-es-rostabetetek\\\/#primaryimage\"},\"image\":{\"@id\":\"https:\\\/\\\/alkotaskft.hu\\\/rostalemezek\\\/rozsdamentes-lemezek-es-rostabetetek\\\/#primaryimage\"},\"thumbnailUrl\":\"https:\\\/\\\/alkotaskft.hu\\\/wp-content\\\/uploads\\\/2023\\\/02\\\/image008-1.jpg\",\"datePublished\":\"2018-10-24T09:59:29+00:00\",\"dateModified\":\"2025-03-19T15:31:47+00:00\",\"breadcrumb\":{\"@id\":\"https:\\\/\\\/alkotaskft.hu\\\/rostalemezek\\\/rozsdamentes-lemezek-es-rostabetetek\\\/#breadcrumb\"},\"inLanguage\":\"de\",\"potentialAction\":[{\"@type\":\"ReadAction\",\"target\":[\"https:\\\/\\\/alkotaskft.hu\\\/rostalemezek\\\/rozsdamentes-lemezek-es-rostabetetek\\\/\"]}]},{\"@type\":\"ImageObject\",\"inLanguage\":\"de\",\"@id\":\"https:\\\/\\\/alkotaskft.hu\\\/rostalemezek\\\/rozsdamentes-lemezek-es-rostabetetek\\\/#primaryimage\",\"url\":\"https:\\\/\\\/alkotaskft.hu\\\/wp-content\\\/uploads\\\/2023\\\/02\\\/image008-1.jpg\",\"contentUrl\":\"https:\\\/\\\/alkotaskft.hu\\\/wp-content\\\/uploads\\\/2023\\\/02\\\/image008-1.jpg\",\"width\":484,\"height\":800,\"caption\":\"Megy magoz\u00f3 3 m\u00e9ret\u0171 sz\u0171r\u0151je\"},{\"@type\":\"BreadcrumbList\",\"@id\":\"https:\\\/\\\/alkotaskft.hu\\\/rostalemezek\\\/rozsdamentes-lemezek-es-rostabetetek\\\/#breadcrumb\",\"itemListElement\":[{\"@type\":\"ListItem\",\"position\":1,\"name\":\"Home\",\"item\":\"https:\\\/\\\/alkotaskft.hu\\\/\"},{\"@type\":\"ListItem\",\"position\":2,\"name\":\"Rostalemezek\",\"item\":\"https:\\\/\\\/alkotaskft.hu\\\/rostalemezek\\\/\"},{\"@type\":\"ListItem\",\"position\":3,\"name\":\"[:hu]Rozsdamentes lemezek \u00e9s rostabet\u00e9tek[:]\"}]},{\"@type\":\"WebSite\",\"@id\":\"https:\\\/\\\/alkotaskft.hu\\\/#website\",\"url\":\"https:\\\/\\\/alkotaskft.hu\\\/\",\"name\":\"Alkot\u00e1s Kft.\",\"description\":\"\",\"potentialAction\":[{\"@type\":\"SearchAction\",\"target\":{\"@type\":\"EntryPoint\",\"urlTemplate\":\"https:\\\/\\\/alkotaskft.hu\\\/?s={search_term_string}\"},\"query-input\":{\"@type\":\"PropertyValueSpecification\",\"valueRequired\":true,\"valueName\":\"search_term_string\"}}],\"inLanguage\":\"de\"}]}<\/script>\n<!-- \/ Yoast SEO plugin. -->","yoast_head_json":{"title":"Rozsdamentes lemezek \u00e9s rostabet\u00e9tek - Alkot\u00e1s Kft.","robots":{"index":"index","follow":"follow","max-snippet":"max-snippet:-1","max-image-preview":"max-image-preview:large","max-video-preview":"max-video-preview:-1"},"canonical":"https:\/\/alkotaskft.hu\/rostalemezek\/rozsdamentes-lemezek-es-rostabetetek\/","og_locale":"de_DE","og_type":"article","og_title":"Rozsdamentes lemezek \u00e9s rostabet\u00e9tek - Alkot\u00e1s Kft.","og_url":"https:\/\/alkotaskft.hu\/rostalemezek\/rozsdamentes-lemezek-es-rostabetetek\/","og_site_name":"Alkot\u00e1s Kft.","article_modified_time":"2025-03-19T15:31:47+00:00","og_image":[{"width":484,"height":800,"url":"https:\/\/alkotaskft.hu\/wp-content\/uploads\/2023\/02\/image008-1.jpg","type":"image\/jpeg"}],"twitter_card":"summary_large_image","twitter_misc":{"Gesch\u00e4tzte Lesezeit":"1\u00a0Minute"},"schema":{"@context":"https:\/\/schema.org","@graph":[{"@type":"WebPage","@id":"https:\/\/alkotaskft.hu\/rostalemezek\/rozsdamentes-lemezek-es-rostabetetek\/","url":"https:\/\/alkotaskft.hu\/rostalemezek\/rozsdamentes-lemezek-es-rostabetetek\/","name":"Rozsdamentes lemezek \u00e9s rostabet\u00e9tek - Alkot\u00e1s Kft.","isPartOf":{"@id":"https:\/\/alkotaskft.hu\/#website"},"primaryImageOfPage":{"@id":"https:\/\/alkotaskft.hu\/rostalemezek\/rozsdamentes-lemezek-es-rostabetetek\/#primaryimage"},"image":{"@id":"https:\/\/alkotaskft.hu\/rostalemezek\/rozsdamentes-lemezek-es-rostabetetek\/#primaryimage"},"thumbnailUrl":"https:\/\/alkotaskft.hu\/wp-content\/uploads\/2023\/02\/image008-1.jpg","datePublished":"2018-10-24T09:59:29+00:00","dateModified":"2025-03-19T15:31:47+00:00","breadcrumb":{"@id":"https:\/\/alkotaskft.hu\/rostalemezek\/rozsdamentes-lemezek-es-rostabetetek\/#breadcrumb"},"inLanguage":"de","potentialAction":[{"@type":"ReadAction","target":["https:\/\/alkotaskft.hu\/rostalemezek\/rozsdamentes-lemezek-es-rostabetetek\/"]}]},{"@type":"ImageObject","inLanguage":"de","@id":"https:\/\/alkotaskft.hu\/rostalemezek\/rozsdamentes-lemezek-es-rostabetetek\/#primaryimage","url":"https:\/\/alkotaskft.hu\/wp-content\/uploads\/2023\/02\/image008-1.jpg","contentUrl":"https:\/\/alkotaskft.hu\/wp-content\/uploads\/2023\/02\/image008-1.jpg","width":484,"height":800,"caption":"Megy magoz\u00f3 3 m\u00e9ret\u0171 sz\u0171r\u0151je"},{"@type":"BreadcrumbList","@id":"https:\/\/alkotaskft.hu\/rostalemezek\/rozsdamentes-lemezek-es-rostabetetek\/#breadcrumb","itemListElement":[{"@type":"ListItem","position":1,"name":"Home","item":"https:\/\/alkotaskft.hu\/"},{"@type":"ListItem","position":2,"name":"Rostalemezek","item":"https:\/\/alkotaskft.hu\/rostalemezek\/"},{"@type":"ListItem","position":3,"name":"[:hu]Rozsdamentes lemezek \u00e9s rostabet\u00e9tek[:]"}]},{"@type":"WebSite","@id":"https:\/\/alkotaskft.hu\/#website","url":"https:\/\/alkotaskft.hu\/","name":"Alkot\u00e1s Kft.","description":"","potentialAction":[{"@type":"SearchAction","target":{"@type":"EntryPoint","urlTemplate":"https:\/\/alkotaskft.hu\/?s={search_term_string}"},"query-input":{"@type":"PropertyValueSpecification","valueRequired":true,"valueName":"search_term_string"}}],"inLanguage":"de"}]}},"acf":[],"_links":{"self":[{"href":"https:\/\/alkotaskft.hu\/de\/wp-json\/wp\/v2\/pages\/1772","targetHints":{"allow":["GET"]}}],"collection":[{"href":"https:\/\/alkotaskft.hu\/de\/wp-json\/wp\/v2\/pages"}],"about":[{"href":"https:\/\/alkotaskft.hu\/de\/wp-json\/wp\/v2\/types\/page"}],"author":[{"embeddable":true,"href":"https:\/\/alkotaskft.hu\/de\/wp-json\/wp\/v2\/users\/3"}],"replies":[{"embeddable":true,"href":"https:\/\/alkotaskft.hu\/de\/wp-json\/wp\/v2\/comments?post=1772"}],"version-history":[{"count":16,"href":"https:\/\/alkotaskft.hu\/de\/wp-json\/wp\/v2\/pages\/1772\/revisions"}],"predecessor-version":[{"id":6292,"href":"https:\/\/alkotaskft.hu\/de\/wp-json\/wp\/v2\/pages\/1772\/revisions\/6292"}],"up":[{"embeddable":true,"href":"https:\/\/alkotaskft.hu\/de\/wp-json\/wp\/v2\/pages\/1689"}],"wp:featuredmedia":[{"embeddable":true,"href":"https:\/\/alkotaskft.hu\/de\/wp-json\/wp\/v2\/media\/4496"}],"wp:attachment":[{"href":"https:\/\/alkotaskft.hu\/de\/wp-json\/wp\/v2\/media?parent=1772"}],"wp:term":[{"taxonomy":"category","embeddable":true,"href":"https:\/\/alkotaskft.hu\/de\/wp-json\/wp\/v2\/categories?post=1772"},{"taxonomy":"post_tag","embeddable":true,"href":"https:\/\/alkotaskft.hu\/de\/wp-json\/wp\/v2\/tags?post=1772"}],"curies":[{"name":"wp","href":"https:\/\/api.w.org\/{rel}","templated":true}]}}