{"id":1241,"date":"2017-12-03T13:58:23","date_gmt":"2017-12-03T12:58:23","guid":{"rendered":"http:\/\/alkotaskft.kornyezetvedelmimegbizott.hu\/?page_id=1241"},"modified":"2019-03-01T22:23:51","modified_gmt":"2019-03-01T21:23:51","slug":"adatvedelmi-tajekoztato","status":"publish","type":"page","link":"https:\/\/alkotaskft.hu\/de\/adatvedelmi-tajekoztato\/","title":{"rendered":"Adatv\u00e9delmi t\u00e1j\u00e9koztat\u00f3 \u00e9s a Cookie-k (s\u00fctik) kezel\u00e9s\u00e9r\u0151l"},"content":{"rendered":"<p class=\"qtranxs-available-languages-message qtranxs-available-languages-message-de\">Leider ist der Eintrag nur auf <a href=\"https:\/\/alkotaskft.hu\/hu\/wp-json\/wp\/v2\/pages\/1241\" class=\"qtranxs-available-language-link qtranxs-available-language-link-hu\" title=\"Magyar\">Magyar<\/a> und <a href=\"https:\/\/alkotaskft.hu\/en\/wp-json\/wp\/v2\/pages\/1241\" class=\"qtranxs-available-language-link qtranxs-available-language-link-en\" title=\"English\">English<\/a> verf\u00fcgbar. Der Inhalt wird in der Standard-Sprache dieser Website angezeigt. Sie k\u00f6nnen einen Link anklicken, um zu einer anderen verf\u00fcgbaren Sprache zu wechseln.<\/p><div id=\"tananyag\">\n<h3>Adatv\u00e9delem<\/h3>\n<p>Az Alkot\u00e1s Kft. (tov\u00e1bbiakban: Adatkezel\u0151) online \u00e9rt\u00e9kes\u00edt\u00e9si tev\u00e9kenys\u00e9g\u00e9vel kapcsolatban kezeli a regisztr\u00e1lt felhaszn\u00e1l\u00f3k szem\u00e9lyes adatait, kiz\u00e1r\u00f3lag a h\u00edrlevelek teljes\u00edt\u00e9s\u00e9nek c\u00e9lj\u00e1b\u00f3l. Csak olyan szem\u00e9lyes adatot kezel, amely az adatkezel\u00e9s c\u00e9lj\u00e1nak megval\u00f3sul\u00e1s\u00e1hoz elengedhetetlen, \u00e9s a c\u00e9l el\u00e9r\u00e9s\u00e9re alkalmas. A szem\u00e9lyes adatokat csak a c\u00e9l megval\u00f3sul\u00e1s\u00e1hoz sz\u00fcks\u00e9ges m\u00e9rt\u00e9kben \u00e9s ideig kezeli.<\/p>\n<p>Az Adatkezel\u0151 minden elv\u00e1rhat\u00f3 m\u00f3don v\u00e9di a regisztr\u00e1lt felhaszn\u00e1l\u00f3k szem\u00e9lyes adatait.<\/p>\n<p>Az adatkezel\u0151 c\u00edme: 5630 B\u00e9k\u00e9s, Szent P\u00e1l sor 1.<br \/>\nAz adatkezel\u0151 el\u00e9rhet\u0151s\u00e9ge:\u00a0+36 66\/411-447, info@alkotaskft.hu<\/p>\n<p>Az adatkezel\u00e9s jogalapja: 2011. \u00e9vi CXII. t\u00f6rv\u00e9ny az inform\u00e1ci\u00f3s \u00f6nrendelkez\u00e9si jogr\u00f3l \u00e9s az inform\u00e1ci\u00f3szabads\u00e1gr\u00f3l 5. \u00a7 (1) bekezd\u00e9s a) Az \u00e9rintett hozz\u00e1j\u00e1rul\u00e1sa.<\/p>\n<p>Hozz\u00e1j\u00e1rul\u00e1s az adatkezel\u00e9shez: A felhaszn\u00e1l\u00f3 regisztr\u00e1ci\u00f3n\u00e1l kifejezetten hozz\u00e1j\u00e1rul\u00e1s\u00e1t adja az \u00e1ltala \u00f6nk\u00e9ntesen megadott szem\u00e9lyes adatainak kezel\u00e9s\u00e9hez.<\/p>\n<p>Az \u00e9rintettek k\u00f6re: a h\u00edrlev\u00e9lre regisztr\u00e1lt felhaszn\u00e1l\u00f3k<\/p>\n<p>A kezelt adatok k\u00f6re: a regisztr\u00e1lt felhaszn\u00e1l\u00f3k \u00e1ltal a regisztr\u00e1ci\u00f3 sor\u00e1n megadott a megrendel\u00e9s teljes\u00edt\u00e9s\u00e9hez sz\u00fcks\u00e9ges adatok: n\u00e9v, e-mail c\u00edm.<\/p>\n<p>Az adatgy\u0171jt\u00e9s c\u00e9lja: h\u00edrlev\u00e9l k\u00fcld\u00e9s.<\/p>\n<p>Az adatok megismer\u00e9s\u00e9re jogosult lehets\u00e9ges adatkezel\u0151k szem\u00e9lye:<br \/>\n&#8211; Az Alkot\u00e1s Kft. munkat\u00e1rsai.<\/p>\n<p>Az adatkezel\u00e9s id\u0151tartama: az elektronikusan t\u00e1rolt szem\u00e9lyes adatok a t\u00e1rol\u00e1sra ker\u00fclnek, am\u00edg a felhaszn\u00e1l\u00f3 nem k\u00e9ri azok t\u00f6rl\u00e9s\u00e9t.<\/p>\n<\/div>\n<div>A v\u00e1s\u00e1rl\u00f3 k\u00e9relmezheti az adatkezel\u0151n\u00e9l<br \/>\n&#8211; t\u00e1j\u00e9koztat\u00e1s\u00e1t szem\u00e9lyes adatai kezel\u00e9s\u00e9r\u0151l,<br \/>\n&#8211; szem\u00e9lyes adatainak helyesb\u00edt\u00e9s\u00e9t,<br \/>\n&#8211; szem\u00e9lyes adatainak t\u00f6rl\u00e9s\u00e9t vagy z\u00e1rol\u00e1s\u00e1t.Az adatkezel\u0151 a k\u00e9relem beny\u00fajt\u00e1s\u00e1t\u00f3l sz\u00e1m\u00edtott legr\u00f6videbb id\u0151 alatt, legfeljebb azonban 10 napon bel\u00fcl, k\u00f6z\u00e9rthet\u0151 form\u00e1ban, a regisztr\u00e1lt felhaszn\u00e1l\u00f3 erre ir\u00e1nyul\u00f3 k\u00e9relm\u00e9re \u00edr\u00e1sban megadja a t\u00e1j\u00e9koztat\u00e1st. Ha a regisztr\u00e1lt felhaszn\u00e1l\u00f3 k\u00e9relm\u00e9t jogosnak tal\u00e1lja, akkor halad\u00e9ktalanul int\u00e9zkedik a szem\u00e9lyes adatainak helyesb\u00edt\u00e9se vagy t\u00f6rl\u00e9se \u00e9rdek\u00e9ben.Ha a regisztr\u00e1lt felhaszn\u00e1l\u00f3 nem el\u00e9gedett az adatkezel\u0151 v\u00e1lasz\u00e1val, akkor szem\u00e9lyes adatai v\u00e9delm\u00e9hez val\u00f3 jog\u00e1t polg\u00e1ri b\u00edr\u00f3s\u00e1g el\u0151tt \u00e9rv\u00e9nyes\u00edtheti, tov\u00e1bb\u00e1 a Nemzeti Adatv\u00e9delmi \u00e9s Inform\u00e1ci\u00f3szabads\u00e1g Hat\u00f3s\u00e1ghoz (<a href=\"http:\/\/www.naih.hu\/kapcsolat.html\" target=\"_blank\" rel=\"noopener\">www.naih.hu\/kapcsolat.html<\/a>) fordulhat.A 2011. \u00e9vi CXII. t\u00f6rv\u00e9ny az inform\u00e1ci\u00f3s \u00f6nrendelkez\u00e9si jogr\u00f3l \u00e9s az inform\u00e1ci\u00f3szabads\u00e1gr\u00f3l itt olvashat\u00f3:\u00a0<a href=\"http:\/\/njt.hu\/cgi_bin\/njt_doc.cgi?docid=139257.243466\" target=\"_blank\" rel=\"noopener\">Nemzeti Jogszab\u00e1lyt\u00e1r (www.njt.hu)<\/a><\/div>\n<h3>Cookie-k (s\u00fctik) kezel\u00e9s\u00e9r\u0151l<\/h3>\n<div>Ahogy m\u00e1s c\u00e9gek, mi is haszn\u00e1lunk s\u00fctiket vagy m\u00e1s n\u00e9ven &#8222;cookie&#8220;-kat \u00a0(a sz\u00e1m\u00edt\u00f3g\u00e9p b\u00f6ng\u00e9sz\u0151j\u00e9ben elhelyezett r\u00f6vid sz\u00f6veges f\u00e1jlok) a weboldalunkon. Mi arra haszn\u00e1ljuk a keres\u0151- \u00e9s Flash cookie-kat, hogy p\u00e9ld\u00e1ul megmondja nek\u00fcnk, hogy \u00d6n j\u00e1rt-e m\u00e1r valaha az oldalunkon illetve seg\u00edt azonos\u00edtani azokat a funkci\u00f3kat\/szolg\u00e1ltat\u00e1sokat, amik \u00d6nt a legink\u00e1bb \u00e9rdekelhetik. A keres\u0151 \u00e9s a Flash cookie-k n\u00f6velik az online \u00e9lm\u00e9nyt az \u00e1ltal, hogy meg\u0151rzik az \u00d6n \u00e1ltal prefer\u00e1lt inform\u00e1ci\u00f3kat, am\u00edg egy adott oldalon tart\u00f3zkodik. Sem a keres\u0151 sem a Flash cookie-k nem tudj\u00e1k \u00d6nt szem\u00e9ly szerint beazonos\u00edtani. \u00d6n vissza tudja utas\u00edtani a b\u00f6ng\u00e9sz\u0151 cookie-kat a b\u00f6ng\u00e9sz\u0151 be\u00e1ll\u00edt\u00e1sain kereszt\u00fcl, azonban ilyen cookie-k n\u00e9lk\u00fcl nem tudja majd kihaszn\u00e1lni a website-unk minden szolg\u00e1ltat\u00e1s\u00e1t.<\/div>\n<div>\n<p>Amennyiben a s\u00fcti (cookie) elhelyez\u00e9s\u00e9hez \u00d6n nem j\u00e1rul hozz\u00e1, azt a saj\u00e1t b\u00f6ng\u00e9sz\u0151j\u00e9ben elv\u00e9gzett be\u00e1ll\u00edt\u00e1sok (tilt\u00e1s, visszavon\u00e1s) \u00fatj\u00e1n teheti meg. Ebben az esetben ez bizonyos szolg\u00e1ltat\u00e1sok ig\u00e9nybev\u00e9tel\u00e9t korl\u00e1tozhatja vagy megakad\u00e1lyozhatja.<\/p>\n<\/div>","protected":false},"excerpt":{"rendered":"<p>Leider ist der Eintrag nur auf Magyar und English verf\u00fcgbar. Der Inhalt wird in der Standard-Sprache dieser Website angezeigt. Sie k\u00f6nnen einen Link anklicken, um zu einer anderen verf\u00fcgbaren Sprache zu wechseln. Adatv\u00e9delem Az Alkot\u00e1s Kft. (tov\u00e1bbiakban: Adatkezel\u0151) online \u00e9rt\u00e9kes\u00edt\u00e9si tev\u00e9kenys\u00e9g\u00e9vel kapcsolatban kezeli a regisztr\u00e1lt felhaszn\u00e1l\u00f3k szem\u00e9lyes adatait, kiz\u00e1r\u00f3lag a h\u00edrlevelek teljes\u00edt\u00e9s\u00e9nek c\u00e9lj\u00e1b\u00f3l. Csak olyan [&hellip;]\n<div class='heateor_sss_sharing_container heateor_sss_vertical_sharing heateor_sss_bottom_sharing' style='width:29px;right: 0px;top: 220px;-webkit-box-shadow:none;box-shadow:none;' data-heateor-sss-href='https:\/\/alkotaskft.hu\/de\/wp-json\/wp\/v2\/pages\/1241'><div class=\"heateor_sss_sharing_ul\"><a aria-label=\"Facebook\" class=\"heateor_sss_facebook\" href=\"https:\/\/www.facebook.com\/sharer\/sharer.php?u=https%3A%2F%2Falkotaskft.hu%2Fde%2Fwp-json%2Fwp%2Fv2%2Fpages%2F1241\" title=\"Facebook\" rel=\"nofollow noopener\" target=\"_blank\" style=\"font-size:32px!important;box-shadow:none;display:inline-block;vertical-align:middle\"><span class=\"heateor_sss_svg\" style=\"background-color:#0765FE;width:25px;height:25px;margin:0;display:inline-block;opacity:1;float:left;font-size:32px;box-shadow:none;display:inline-block;font-size:16px;padding:0 4px;vertical-align:middle;background-repeat:repeat;overflow:hidden;padding:0;cursor:pointer;box-sizing:content-box\"><svg style=\"display:block;\" focusable=\"false\" aria-hidden=\"true\" xmlns=\"http:\/\/www.w3.org\/2000\/svg\" width=\"100%\" height=\"100%\" viewBox=\"0 0 32 32\"><path fill=\"#fff\" d=\"M28 16c0-6.627-5.373-12-12-12S4 9.373 4 16c0 5.628 3.875 10.35 9.101 11.647v-7.98h-2.474V16H13.1v-1.58c0-4.085 1.849-5.978 5.859-5.978.76 0 2.072.15 2.608.298v3.325c-.283-.03-.775-.045-1.386-.045-1.967 0-2.728.745-2.728 2.683V16h3.92l-.673 3.667h-3.247v8.245C23.395 27.195 28 22.135 28 16Z\"><\/path><\/svg><\/span><\/a><a aria-label=\"Twitter\" class=\"heateor_sss_button_twitter\" href=\"https:\/\/twitter.com\/intent\/tweet?text=Alkot%C3%A1s%20Kft.%20-%20&url=https%3A%2F%2Falkotaskft.hu%2Fde%2Fwp-json%2Fwp%2Fv2%2Fpages%2F1241\" title=\"Twitter\" rel=\"nofollow noopener\" target=\"_blank\" style=\"font-size:32px!important;box-shadow:none;display:inline-block;vertical-align:middle\"><span class=\"heateor_sss_svg heateor_sss_s__default heateor_sss_s_twitter\" style=\"background-color:#55acee;width:25px;height:25px;margin:0;display:inline-block;opacity:1;float:left;font-size:32px;box-shadow:none;display:inline-block;font-size:16px;padding:0 4px;vertical-align:middle;background-repeat:repeat;overflow:hidden;padding:0;cursor:pointer;box-sizing:content-box\"><svg style=\"display:block;\" focusable=\"false\" aria-hidden=\"true\" xmlns=\"http:\/\/www.w3.org\/2000\/svg\" width=\"100%\" height=\"100%\" viewBox=\"-4 -4 39 39\"><path d=\"M28 8.557a9.913 9.913 0 0 1-2.828.775 4.93 4.93 0 0 0 2.166-2.725 9.738 9.738 0 0 1-3.13 1.194 4.92 4.92 0 0 0-3.593-1.55 4.924 4.924 0 0 0-4.794 6.049c-4.09-.21-7.72-2.17-10.15-5.15a4.942 4.942 0 0 0-.665 2.477c0 1.71.87 3.214 2.19 4.1a4.968 4.968 0 0 1-2.23-.616v.06c0 2.39 1.7 4.38 3.952 4.83-.414.115-.85.174-1.297.174-.318 0-.626-.03-.928-.086a4.935 4.935 0 0 0 4.6 3.42 9.893 9.893 0 0 1-6.114 2.107c-.398 0-.79-.023-1.175-.068a13.953 13.953 0 0 0 7.55 2.213c9.056 0 14.01-7.507 14.01-14.013 0-.213-.005-.426-.015-.637.96-.695 1.795-1.56 2.455-2.55z\" fill=\"#fff\"><\/path><\/svg><\/span><\/a><a class=\"heateor_sss_more\" aria-label=\"More\" title=\"More\" rel=\"nofollow noopener\" style=\"font-size: 32px!important;border:0;box-shadow:none;display:inline-block!important;font-size:16px;padding:0 4px;vertical-align: middle;display:inline;\" href=\"https:\/\/alkotaskft.hu\/de\/wp-json\/wp\/v2\/pages\/1241\" onclick=\"event.preventDefault()\"><span class=\"heateor_sss_svg\" style=\"background-color:#ee8e2d;width:25px;height:25px;margin:0;display:inline-block!important;opacity:1;float:left;font-size:32px!important;box-shadow:none;display:inline-block;font-size:16px;padding:0 4px;vertical-align:middle;display:inline;background-repeat:repeat;overflow:hidden;padding:0;cursor:pointer;box-sizing:content-box;\" onclick=\"heateorSssMoreSharingPopup(this, 'https:\/\/alkotaskft.hu\/de\/wp-json\/wp\/v2\/pages\/1241', 'Alkot%C3%A1s%20Kft.%20-%20', '' )\"><svg xmlns=\"http:\/\/www.w3.org\/2000\/svg\" xmlns:xlink=\"http:\/\/www.w3.org\/1999\/xlink\" viewBox=\"-.3 0 32 32\" version=\"1.1\" width=\"100%\" height=\"100%\" style=\"display:block;\" xml:space=\"preserve\"><g><path fill=\"#fff\" d=\"M18 14V8h-4v6H8v4h6v6h4v-6h6v-4h-6z\" fill-rule=\"evenodd\"><\/path><\/g><\/svg><\/span><\/a><\/div><div class=\"heateorSssClear\"><\/div><\/div>","protected":false},"author":1,"featured_media":0,"parent":0,"menu_order":0,"comment_status":"closed","ping_status":"closed","template":"","meta":{"_acf_changed":false,"footnotes":""},"categories":[],"tags":[],"class_list":["post-1241","page","type-page","status-publish","hentry"],"yoast_head":"<!-- This site is optimized with the Yoast SEO plugin v27.5 - https:\/\/yoast.com\/product\/yoast-seo-wordpress\/ -->\n<title>Adatv\u00e9delmi t\u00e1j\u00e9koztat\u00f3 \u00e9s a Cookie-k (s\u00fctik) kezel\u00e9s\u00e9r\u0151l - Alkot\u00e1s Kft.<\/title>\n<meta name=\"robots\" content=\"index, follow, max-snippet:-1, max-image-preview:large, max-video-preview:-1\" \/>\n<link rel=\"canonical\" href=\"https:\/\/alkotaskft.hu\/adatvedelmi-tajekoztato\/\" \/>\n<meta property=\"og:locale\" content=\"de_DE\" \/>\n<meta property=\"og:type\" content=\"article\" \/>\n<meta property=\"og:title\" content=\"Adatv\u00e9delmi t\u00e1j\u00e9koztat\u00f3 \u00e9s a Cookie-k (s\u00fctik) kezel\u00e9s\u00e9r\u0151l - Alkot\u00e1s Kft.\" \/>\n<meta property=\"og:description\" content=\"Leider ist der Eintrag nur auf Magyar und English verf\u00fcgbar. Der Inhalt wird in der Standard-Sprache dieser Website angezeigt. Sie k\u00f6nnen einen Link anklicken, um zu einer anderen verf\u00fcgbaren Sprache zu wechseln. Adatv\u00e9delem Az Alkot\u00e1s Kft. (tov\u00e1bbiakban: Adatkezel\u0151) online \u00e9rt\u00e9kes\u00edt\u00e9si tev\u00e9kenys\u00e9g\u00e9vel kapcsolatban kezeli a regisztr\u00e1lt felhaszn\u00e1l\u00f3k szem\u00e9lyes adatait, kiz\u00e1r\u00f3lag a h\u00edrlevelek teljes\u00edt\u00e9s\u00e9nek c\u00e9lj\u00e1b\u00f3l. Csak olyan [&hellip;]\" \/>\n<meta property=\"og:url\" content=\"https:\/\/alkotaskft.hu\/adatvedelmi-tajekoztato\/\" \/>\n<meta property=\"og:site_name\" content=\"Alkot\u00e1s Kft.\" \/>\n<meta property=\"article:modified_time\" content=\"2019-03-01T21:23:51+00:00\" \/>\n<meta name=\"twitter:card\" content=\"summary_large_image\" \/>\n<meta name=\"twitter:label1\" content=\"Gesch\u00e4tzte Lesezeit\" \/>\n\t<meta name=\"twitter:data1\" content=\"6\u00a0Minuten\" \/>\n<script type=\"application\/ld+json\" class=\"yoast-schema-graph\">{\"@context\":\"https:\\\/\\\/schema.org\",\"@graph\":[{\"@type\":\"WebPage\",\"@id\":\"https:\\\/\\\/alkotaskft.hu\\\/adatvedelmi-tajekoztato\\\/\",\"url\":\"https:\\\/\\\/alkotaskft.hu\\\/adatvedelmi-tajekoztato\\\/\",\"name\":\"Adatv\u00e9delmi t\u00e1j\u00e9koztat\u00f3 \u00e9s a Cookie-k (s\u00fctik) kezel\u00e9s\u00e9r\u0151l - Alkot\u00e1s Kft.\",\"isPartOf\":{\"@id\":\"https:\\\/\\\/alkotaskft.hu\\\/#website\"},\"datePublished\":\"2017-12-03T12:58:23+00:00\",\"dateModified\":\"2019-03-01T21:23:51+00:00\",\"breadcrumb\":{\"@id\":\"https:\\\/\\\/alkotaskft.hu\\\/adatvedelmi-tajekoztato\\\/#breadcrumb\"},\"inLanguage\":\"de\",\"potentialAction\":[{\"@type\":\"ReadAction\",\"target\":[\"https:\\\/\\\/alkotaskft.hu\\\/adatvedelmi-tajekoztato\\\/\"]}]},{\"@type\":\"BreadcrumbList\",\"@id\":\"https:\\\/\\\/alkotaskft.hu\\\/adatvedelmi-tajekoztato\\\/#breadcrumb\",\"itemListElement\":[{\"@type\":\"ListItem\",\"position\":1,\"name\":\"Home\",\"item\":\"https:\\\/\\\/alkotaskft.hu\\\/\"},{\"@type\":\"ListItem\",\"position\":2,\"name\":\"Adatv\u00e9delmi t\u00e1j\u00e9koztat\u00f3 \u00e9s a Cookie-k (s\u00fctik) kezel\u00e9s\u00e9r\u0151l\"}]},{\"@type\":\"WebSite\",\"@id\":\"https:\\\/\\\/alkotaskft.hu\\\/#website\",\"url\":\"https:\\\/\\\/alkotaskft.hu\\\/\",\"name\":\"Alkot\u00e1s Kft.\",\"description\":\"\",\"potentialAction\":[{\"@type\":\"SearchAction\",\"target\":{\"@type\":\"EntryPoint\",\"urlTemplate\":\"https:\\\/\\\/alkotaskft.hu\\\/?s={search_term_string}\"},\"query-input\":{\"@type\":\"PropertyValueSpecification\",\"valueRequired\":true,\"valueName\":\"search_term_string\"}}],\"inLanguage\":\"de\"}]}<\/script>\n<!-- \/ Yoast SEO plugin. -->","yoast_head_json":{"title":"Adatv\u00e9delmi t\u00e1j\u00e9koztat\u00f3 \u00e9s a Cookie-k (s\u00fctik) kezel\u00e9s\u00e9r\u0151l - Alkot\u00e1s Kft.","robots":{"index":"index","follow":"follow","max-snippet":"max-snippet:-1","max-image-preview":"max-image-preview:large","max-video-preview":"max-video-preview:-1"},"canonical":"https:\/\/alkotaskft.hu\/adatvedelmi-tajekoztato\/","og_locale":"de_DE","og_type":"article","og_title":"Adatv\u00e9delmi t\u00e1j\u00e9koztat\u00f3 \u00e9s a Cookie-k (s\u00fctik) kezel\u00e9s\u00e9r\u0151l - Alkot\u00e1s Kft.","og_description":"Leider ist der Eintrag nur auf Magyar und English verf\u00fcgbar. Der Inhalt wird in der Standard-Sprache dieser Website angezeigt. Sie k\u00f6nnen einen Link anklicken, um zu einer anderen verf\u00fcgbaren Sprache zu wechseln. Adatv\u00e9delem Az Alkot\u00e1s Kft. (tov\u00e1bbiakban: Adatkezel\u0151) online \u00e9rt\u00e9kes\u00edt\u00e9si tev\u00e9kenys\u00e9g\u00e9vel kapcsolatban kezeli a regisztr\u00e1lt felhaszn\u00e1l\u00f3k szem\u00e9lyes adatait, kiz\u00e1r\u00f3lag a h\u00edrlevelek teljes\u00edt\u00e9s\u00e9nek c\u00e9lj\u00e1b\u00f3l. Csak olyan [&hellip;]","og_url":"https:\/\/alkotaskft.hu\/adatvedelmi-tajekoztato\/","og_site_name":"Alkot\u00e1s Kft.","article_modified_time":"2019-03-01T21:23:51+00:00","twitter_card":"summary_large_image","twitter_misc":{"Gesch\u00e4tzte Lesezeit":"6\u00a0Minuten"},"schema":{"@context":"https:\/\/schema.org","@graph":[{"@type":"WebPage","@id":"https:\/\/alkotaskft.hu\/adatvedelmi-tajekoztato\/","url":"https:\/\/alkotaskft.hu\/adatvedelmi-tajekoztato\/","name":"Adatv\u00e9delmi t\u00e1j\u00e9koztat\u00f3 \u00e9s a Cookie-k (s\u00fctik) kezel\u00e9s\u00e9r\u0151l - Alkot\u00e1s Kft.","isPartOf":{"@id":"https:\/\/alkotaskft.hu\/#website"},"datePublished":"2017-12-03T12:58:23+00:00","dateModified":"2019-03-01T21:23:51+00:00","breadcrumb":{"@id":"https:\/\/alkotaskft.hu\/adatvedelmi-tajekoztato\/#breadcrumb"},"inLanguage":"de","potentialAction":[{"@type":"ReadAction","target":["https:\/\/alkotaskft.hu\/adatvedelmi-tajekoztato\/"]}]},{"@type":"BreadcrumbList","@id":"https:\/\/alkotaskft.hu\/adatvedelmi-tajekoztato\/#breadcrumb","itemListElement":[{"@type":"ListItem","position":1,"name":"Home","item":"https:\/\/alkotaskft.hu\/"},{"@type":"ListItem","position":2,"name":"Adatv\u00e9delmi t\u00e1j\u00e9koztat\u00f3 \u00e9s a Cookie-k (s\u00fctik) kezel\u00e9s\u00e9r\u0151l"}]},{"@type":"WebSite","@id":"https:\/\/alkotaskft.hu\/#website","url":"https:\/\/alkotaskft.hu\/","name":"Alkot\u00e1s Kft.","description":"","potentialAction":[{"@type":"SearchAction","target":{"@type":"EntryPoint","urlTemplate":"https:\/\/alkotaskft.hu\/?s={search_term_string}"},"query-input":{"@type":"PropertyValueSpecification","valueRequired":true,"valueName":"search_term_string"}}],"inLanguage":"de"}]}},"acf":[],"_links":{"self":[{"href":"https:\/\/alkotaskft.hu\/de\/wp-json\/wp\/v2\/pages\/1241","targetHints":{"allow":["GET"]}}],"collection":[{"href":"https:\/\/alkotaskft.hu\/de\/wp-json\/wp\/v2\/pages"}],"about":[{"href":"https:\/\/alkotaskft.hu\/de\/wp-json\/wp\/v2\/types\/page"}],"author":[{"embeddable":true,"href":"https:\/\/alkotaskft.hu\/de\/wp-json\/wp\/v2\/users\/1"}],"replies":[{"embeddable":true,"href":"https:\/\/alkotaskft.hu\/de\/wp-json\/wp\/v2\/comments?post=1241"}],"version-history":[{"count":4,"href":"https:\/\/alkotaskft.hu\/de\/wp-json\/wp\/v2\/pages\/1241\/revisions"}],"predecessor-version":[{"id":1594,"href":"https:\/\/alkotaskft.hu\/de\/wp-json\/wp\/v2\/pages\/1241\/revisions\/1594"}],"wp:attachment":[{"href":"https:\/\/alkotaskft.hu\/de\/wp-json\/wp\/v2\/media?parent=1241"}],"wp:term":[{"taxonomy":"category","embeddable":true,"href":"https:\/\/alkotaskft.hu\/de\/wp-json\/wp\/v2\/categories?post=1241"},{"taxonomy":"post_tag","embeddable":true,"href":"https:\/\/alkotaskft.hu\/de\/wp-json\/wp\/v2\/tags?post=1241"}],"curies":[{"name":"wp","href":"https:\/\/api.w.org\/{rel}","templated":true}]}}